{"id":3374,"date":"2022-08-08T20:46:19","date_gmt":"2022-08-08T20:46:19","guid":{"rendered":"https:\/\/www.sunkaraoke.hu\/index.php\/termek\/l-amour-amor-nyila\/"},"modified":"2026-02-14T15:46:23","modified_gmt":"2026-02-14T13:46:23","slug":"l-amour-amor-nyila","status":"publish","type":"product","link":"https:\/\/www.sunkaraoke.hu\/index.php\/termek\/l-amour-amor-nyila\/","title":{"rendered":"<div class=\"wcmp-player-container product-3374\"><audio controlslist=\"nodownload\" data-product=\"3374\"  volume=\"1\"  preload=\"none\" data-lazyloading=\"none\" class=\"wcmp-player track mejs-classic\" data-duration=\"0:33\" data-estimated_duration=\"4\"><source src=\"https:\/\/www.sunkaraoke.hu\/wp-content\/uploads\/2022\/08\/Amor-nyila-kdemoo.mp3\" type=\"audio\/mp3\" \/><\/audio><\/div>L amour &#8211; \u00c1mor nyila (Original)"},"content":{"rendered":"<p><strong>04:45<\/strong> | <strong><img loading=\"lazy\" decoding=\"async\" class=\"alignnone size-full wp-image-467\" src=\"https:\/\/www.sunkaraoke.hu\/wp-content\/uploads\/2022\/07\/choir_2-copy.webp\" alt=\"\" width=\"30\" height=\"30\" \/> <\/strong><\/p>\n","protected":false},"excerpt":{"rendered":"<h6><strong>Bits\u0171r\u0171s\u00e9g: 320<\/strong>kb\/s<strong><br \/>\n<\/strong><strong>Hossz: <\/strong>04:45<strong><br \/>\n<\/strong><strong style=\"font-size: 16px;\">Vok\u00e1lt tartalmaz: <\/strong>Nem <img loading=\"lazy\" decoding=\"async\" class=\"alignnone size-full wp-image-467\" src=\"http:\/\/www.sunkaraoke.hu\/wp-content\/uploads\/2022\/07\/choir_2-copy.png\" alt=\"\" width=\"30\" height=\"30\" \/><strong style=\"font-size: 16px;\"><br \/>\n<\/strong><\/h6>\n<p>Sunkaraoke mp3 st\u00fadi\u00f3 \/ www.sunkaraoke.hu \/ Inf: Tel: 06 20 4275001<\/p>\n<p>&#8212;Intr\u00f3&#8212;<br \/>\nHol volt egyszer hol nem volt,t\u00f6rt\u00e9nt egy napon,<br \/>\n\u00e1mor nyila eltal\u00e1lt egy h\u0171v\u00f6s hajnalon.<br \/>\nAz\u00f3ta nincs \u00e9jszak\u00e1m \u00e9s nincsen nappalom,<br \/>\nmert minden \u00e9jjel , minden percben r\u00f3la \u00e1lmodom.<\/p>\n<p>\u00c1mor nyila sz\u00edvemben c\u00e9lt tal\u00e1lt,<br \/>\nadott szerelmes \u00e9jszak\u00e1n,<br \/>\nsok ezernyi sz\u00e9pet s azt a gy\u00f6ny\u00f6r\u0171 l\u00e1nyt.<br \/>\n\u00c1mor nyila sz\u00edvemben c\u00e9lt tal\u00e1lt,<br \/>\na nagy szerelmes \u00e9jszak\u00e1n,<br \/>\nsok ezernyi sz\u00e9pet s azt a gy\u00f6ny\u00f6r\u0171 l\u00e1nyt.<\/p>\n<p>Var\u00e1zslat vagy b\u0171v\u00f6let \u00e9n ezt nem tudom,<br \/>\nazt hittem hogy b\u00e1jital \u00e9s csak \u00e1lmodom.<br \/>\nVagy tal\u00e1n egy m\u00e1gia de most m\u00e1r j\u00f3l tudom,<br \/>\nhogy a sz\u00edvem \u00e9s a lelkem szerelmes nagyon.<\/p>\n<p>\u00c1mor nyila sz\u00edvemben c\u00e9lt tal\u00e1lt,<br \/>\nadott szerelmes \u00e9jszak\u00e1n,<br \/>\nsok ezernyi sz\u00e9pet s azt a gy\u00f6ny\u00f6r\u0171 l\u00e1nyt.<br \/>\n\u00c1mor nyila sz\u00edvemben c\u00e9lt tal\u00e1lt,<br \/>\na nagy szerelmes \u00e9jszak\u00e1n,<br \/>\nsok ezernyi sz\u00e9pet s azt a gy\u00f6ny\u00f6r\u0171 l\u00e1nyt.<br \/>\n&#8212;Sz\u00f3l\u00f3&#8212;<br \/>\nHol volt egyszer hol nem volt,t\u00f6rt\u00e9nt egy napon,<br \/>\n\u00c1mor nyila eltal\u00e1lt egy h\u0171v\u00f6s hajnalon.<br \/>\nAz\u00f3ta nincs \u00e9jszak\u00e1m \u00e9s nincsen nappalom,<br \/>\nmert minden \u00e9jjel , minden percben r\u00f3la \u00e1lmodom.<\/p>\n<p>\u00c1mor nyila sz\u00edvemben c\u00e9lt tal\u00e1lt,<br \/>\nadott szerelmes \u00e9jszak\u00e1n,<br \/>\nsok ezernyi sz\u00e9pet s azt a gy\u00f6ny\u00f6r\u0171 l\u00e1nyt.<br \/>\n\u00c1mor nyila sz\u00edvemben c\u00e9lt tal\u00e1lt,<br \/>\na nagy szerelmes \u00e9jszak\u00e1n,<br \/>\nsok ezernyi sz\u00e9pet s azt a gy\u00f6ny\u00f6r\u0171 l\u00e1nyt.<\/p>\n<p>Var\u00e1zslat vagy b\u0171v\u00f6let \u00e9n ezt nem tudom,<br \/>\nazt hittem hogy b\u00e1jital \u00e9s csak \u00e1lmodom.<br \/>\nVagy tal\u00e1n egy m\u00e1gia de most m\u00e1r j\u00f3l tudom,<br \/>\nhogy a sz\u00edvem \u00e9s a lelkem szerelmes nagyon.<\/p>\n<p>\u00c1mor nyila sz\u00edvemben c\u00e9lt tal\u00e1lt,<br \/>\nadott szerelmes \u00e9jszak\u00e1n,<br \/>\nsok ezernyi sz\u00e9pet s azt a gy\u00f6ny\u00f6r\u0171 l\u00e1nyt.<br \/>\n\u00c1mor nyila sz\u00edvemben c\u00e9lt tal\u00e1lt,<br \/>\na nagy szerelmes \u00e9jszak\u00e1n,<br \/>\nsok ezernyi sz\u00e9pet s azt a gy\u00f6ny\u00f6r\u0171 l\u00e1nyt.<\/p>\n<p>\u00c1mor nyila sz\u00edvemben c\u00e9lt tal\u00e1lt,<br \/>\nadott szerelmes \u00e9jszak\u00e1n,<br \/>\nsok ezernyi sz\u00e9pet s azt a gy\u00f6ny\u00f6r\u0171 l\u00e1nyt.<br \/>\n\u00c1mor nyila sz\u00edvemben c\u00e9lt tal\u00e1lt,<br \/>\na nagy szerelmes \u00e9jszak\u00e1n,<br \/>\nsok ezernyi sz\u00e9pet s azt a gy\u00f6ny\u00f6r\u0171 l\u00e1nyt.<\/p>\n","protected":false},"featured_media":17877,"template":"","meta":{"site-sidebar-layout":"default","site-content-layout":"default","ast-site-content-layout":"default","site-content-style":"default","site-sidebar-style":"default","ast-global-header-display":"","ast-banner-title-visibility":"","ast-main-header-display":"","ast-hfb-above-header-display":"","ast-hfb-below-header-display":"","ast-hfb-mobile-header-display":"","site-post-title":"","ast-breadcrumbs-content":"","ast-featured-img":"","footer-sml-layout":"","theme-transparent-header-meta":"default","adv-header-id-meta":"","stick-header-meta":"","header-above-stick-meta":"","header-main-stick-meta":"","header-below-stick-meta":"","astra-migrate-meta-layouts":"set","ast-page-background-enabled":"default","ast-page-background-meta":{"desktop":{"background-color":"var(--ast-global-color-4)","background-image":"","background-repeat":"repeat","background-position":"center center","background-size":"auto","background-attachment":"scroll","background-type":"","background-media":"","overlay-type":"","overlay-color":"","overlay-opacity":"","overlay-gradient":""},"tablet":{"background-color":"","background-image":"","background-repeat":"repeat","background-position":"center center","background-size":"auto","background-attachment":"scroll","background-type":"","background-media":"","overlay-type":"","overlay-color":"","overlay-opacity":"","overlay-gradient":""},"mobile":{"background-color":"","background-image":"","background-repeat":"repeat","background-position":"center center","background-size":"auto","background-attachment":"scroll","background-type":"","background-media":"","overlay-type":"","overlay-color":"","overlay-opacity":"","overlay-gradient":""}},"ast-content-background-meta":{"desktop":{"background-color":"var(--ast-global-color-5)","background-image":"","background-repeat":"repeat","background-position":"center center","background-size":"auto","background-attachment":"scroll","background-type":"","background-media":"","overlay-type":"","overlay-color":"","overlay-opacity":"","overlay-gradient":""},"tablet":{"background-color":"var(--ast-global-color-5)","background-image":"","background-repeat":"repeat","background-position":"center center","background-size":"auto","background-attachment":"scroll","background-type":"","background-media":"","overlay-type":"","overlay-color":"","overlay-opacity":"","overlay-gradient":""},"mobile":{"background-color":"var(--ast-global-color-5)","background-image":"","background-repeat":"repeat","background-position":"center center","background-size":"auto","background-attachment":"scroll","background-type":"","background-media":"","overlay-type":"","overlay-color":"","overlay-opacity":"","overlay-gradient":""}}},"product_cat":[48],"product_tag":[],"class_list":["post-3374","product","type-product","status-publish","has-post-thumbnail","hentry","product_cat-sunkaraoke-dalok","desktop-align-left","tablet-align-left","mobile-align-left"],"_links":{"self":[{"href":"https:\/\/www.sunkaraoke.hu\/index.php\/wp-json\/wp\/v2\/product\/3374","targetHints":{"allow":["GET"]}}],"collection":[{"href":"https:\/\/www.sunkaraoke.hu\/index.php\/wp-json\/wp\/v2\/product"}],"about":[{"href":"https:\/\/www.sunkaraoke.hu\/index.php\/wp-json\/wp\/v2\/types\/product"}],"wp:featuredmedia":[{"embeddable":true,"href":"https:\/\/www.sunkaraoke.hu\/index.php\/wp-json\/wp\/v2\/media\/17877"}],"wp:attachment":[{"href":"https:\/\/www.sunkaraoke.hu\/index.php\/wp-json\/wp\/v2\/media?parent=3374"}],"wp:term":[{"taxonomy":"product_cat","embeddable":true,"href":"https:\/\/www.sunkaraoke.hu\/index.php\/wp-json\/wp\/v2\/product_cat?post=3374"},{"taxonomy":"product_tag","embeddable":true,"href":"https:\/\/www.sunkaraoke.hu\/index.php\/wp-json\/wp\/v2\/product_tag?post=3374"}],"curies":[{"name":"wp","href":"https:\/\/api.w.org\/{rel}","templated":true}]}}