{"id":3370,"date":"2022-08-08T20:46:19","date_gmt":"2022-08-08T20:46:19","guid":{"rendered":"https:\/\/www.sunkaraoke.hu\/index.php\/termek\/slager-tibo-mesterharmas-egyveleg-02\/"},"modified":"2025-04-03T15:19:30","modified_gmt":"2025-04-03T15:19:30","slug":"slager-tibo-mesterharmas-egyveleg-02","status":"publish","type":"product","link":"https:\/\/www.sunkaraoke.hu\/index.php\/termek\/slager-tibo-mesterharmas-egyveleg-02\/","title":{"rendered":"<div class=\"wcmp-player-container product-3370\"><audio controlslist=\"nodownload\" data-product=\"3370\"  volume=\"1\"  preload=\"none\" data-lazyloading=\"none\" class=\"wcmp-player track mejs-classic\" data-duration=\"0:33\" data-estimated_duration=\"4\"><source src=\"https:\/\/www.sunkaraoke.hu\/wp-content\/uploads\/2022\/08\/Mesterharmas-egyveleg-demoo.mp3\" type=\"audio\/mp3\" \/><\/audio><\/div>Sl\u00e1ger Tib\u00f3 &#8211; Mesterh\u00e1rmas egyveleg 02. (Original)"},"content":{"rendered":"<p><strong>06:01<\/strong> | <strong><img loading=\"lazy\" decoding=\"async\" class=\"alignnone size-full wp-image-467\" src=\"https:\/\/www.sunkaraoke.hu\/wp-content\/uploads\/2022\/07\/choir_2-copy.webp\" alt=\"\" width=\"30\" height=\"30\" \/> <\/strong><\/p>\n","protected":false},"excerpt":{"rendered":"<h6><strong>Bits\u0171r\u0171s\u00e9g: 320<\/strong>kb\/s<strong><br \/>\n<\/strong><strong>Hossz: <\/strong>06:01<strong><br \/>\n<\/strong><strong style=\"font-size: 16px;\">Vok\u00e1lt tartalmaz: <\/strong>Nem <img loading=\"lazy\" decoding=\"async\" class=\"alignnone size-full wp-image-467\" src=\"http:\/\/www.sunkaraoke.hu\/wp-content\/uploads\/2022\/07\/choir_2-copy.png\" alt=\"\" width=\"30\" height=\"30\" \/><strong style=\"font-size: 16px;\"><br \/>\n<\/strong><\/h6>\n<p>Sunkaraoke mp3 st\u00fadi\u00f3 \/ www.sunkaraoke.hu \/ Inf: Tel: 06 20 4275001<\/p>\n<p>&#8212;Intr\u00f3&#8212;<br \/>\nCsak a zenesz\u00f3, meg a mulat\u00f3,<br \/>\nami nek\u00fcnk legink\u00e1bb val\u00f3,<br \/>\nhej de micsoda csoda, ha sz\u00f3l a muzsika.<br \/>\nEz a n\u00f3ta f\u00fcl\u00fcnkbe val\u00f3,<br \/>\nha elfogy a p\u00e9nz\u00fcnk, hitelbe iszunk.<br \/>\nNem fogy el a kedv\u00fcnk, mert mindig mulatunk,<br \/>\nmindig mulatunk.<br \/>\nMert ez a Mesterh\u00e1rmas t\u00e1ncra magyar,<br \/>\nsz\u00f3ljon az \u00e9nek \u00e9s zengjen a dal.<br \/>\nSl\u00e1ger Tib\u00f3 Buny\u00f3s Pityu egy\u00fctt vigad F\u00e1sy \u00c1d\u00e1mmal.<br \/>\nMert ez a Mesterh\u00e1rmas t\u00e1ncra magyar,<br \/>\nsz\u00f3ljon az \u00e9nek \u00e9s zengjen a dal,<br \/>\nSl\u00e1ger Tib\u00f3 Buny\u00f3s Pityu egy\u00fctt vigad F\u00e1sy \u00c1d\u00e1mmal.<\/p>\n<p>\u00c9l a faluv\u00e9gi kiskunyh\u00f3ban egy sug\u00e1r cig\u00e1nyl\u00e1ny,<br \/>\nrabja lettem nem felejtem a sz\u00edvem re\u00e1 v\u00e1r.<br \/>\nSzeretni m\u00e1st az\u00f3ta nem tudok,<br \/>\nde \u00e1lmaimban mindig csak r\u00e1 gondolok.<br \/>\nGyere t\u00e1ncolj cig\u00e1nyl\u00e1ny, nekem mindegy \u00fagyis m\u00e1r,<br \/>\nhej de eliszom az utols\u00f3 p\u00e9nzemet.<br \/>\nHej de nem b\u00e1nom hogy szerettelek t\u00e9gedet<br \/>\nGyere t\u00e1ncolj cig\u00e1nyl\u00e1ny, ez a t\u00e1nc m\u00e9g nek\u00fcnk j\u00e1r<br \/>\nFeledni a b\u00e1natot hisz \u00e1ll a b\u00e1l,<br \/>\nGyere t\u00e1ncolj cig\u00e1nyl\u00e1ny<\/p>\n<p>K\u00e9k a szeme, arca csupa der\u0171,<br \/>\nn\u00e1la sz\u00f6veg h\u00f3d\u00edt, ha meseszer\u0171,<br \/>\n\u00e9s a keze ha v\u00e1llamra ker\u00fcl, a szerelem nem ker\u00fcl.<br \/>\nJ\u00f3 a zene, t\u00e1ncold mindent bele,<br \/>\nnem is t\u00f6rt\u00e9nt m\u00e9g soha, soha ilyen,<br \/>\ncsak tudn\u00e1m, hol j\u00e1r az eszem,<br \/>\ntele van a sz\u00edvem veled.<\/p>\n<p>Csak egy j\u00e1t\u00e9k, egy j\u00e1t\u00e9k az \u00e9letem,<br \/>\nveled j\u00e1tszom, hogy mindig szeretni kell.<br \/>\nEgy l\u00e1nc f\u0171z hozz\u00e1 de gy\u00f6ny\u00f6r\u0171 l\u00e1nc, h\u00e1l\u00e1m a szeretet\u00e9,<br \/>\ncsak annyit k\u00e9rek soha ne szak\u00edtsd sz\u00e9t.<br \/>\nAmikor a sz\u00edvem \u00fagy dobog,<br \/>\ntudnod kell hogy hozz\u00e1d indulok.<br \/>\nGyere velem most ha kell,<br \/>\nha nem \u00e9n itt vagyok,<br \/>\nhej de rep\u00fcl\u00fcnk a m\u00e1t\u00f3l a holnapig,<br \/>\noda hol a boldogs\u00e1g lakik.<br \/>\nAdd nekem m\u00e9g ezt az \u00e9jszak\u00e1t \u00e9s menj tov\u00e1bb.<br \/>\nDe amikor a sz\u00edved \u00fagy dobog,<br \/>\ntudnod kell hogy hozz\u00e1d indulok,<br \/>\ngyere velem most ha kell, ha nem \u00e9n itt vagyok.<br \/>\nHej de rep\u00fcl\u00fcnk a m\u00e1t\u00f3l a holnapig,<br \/>\noda hol a boldogs\u00e1g lakik,<br \/>\nadd nekem m\u00e9g ezt az \u00e9jszak\u00e1t \u00e9s menj tov\u00e1bb.<\/p>\n<p>De cs\u00f3r\u00f3 lettem nincs kenyerem,<br \/>\nelvesztettem a munkahelyem,<br \/>\njaj Istenem most mi lesz velem.<br \/>\nHej de bet\u00f6rjek vagy guber\u00e1ljak,<br \/>\njaj Istenem mit csin\u00e1ljak,<br \/>\nmondj\u00e1tok meg, hogy most mit tegyek.<br \/>\nFelmegyek a hivatalba,<br \/>\nr\u00e1v\u00e1gok majd az asztalra,<br \/>\nelmondom hogy \u00e9hen fogok halni.<br \/>\nHej de polg\u00e1rmester \u00e9n csak azt k\u00e9rem,<br \/>\negy kis seg\u00e9lyt adjon n\u00e9kem,<br \/>\nhagy tudjak a kocsm\u00e1ba elmenni.<br \/>\nHej de hagy tudjak egy fr\u00f6ccs\u00f6t inni,<br \/>\na b\u00e1natomat elfeledni,<br \/>\nszeretn\u00e9k egy picit boldog lenni.<\/p>\n<p>Mert ez a Mesterh\u00e1rmas t\u00e1ncra magyar,<br \/>\nsz\u00f3ljon az \u00e9nek \u00e9s zengjen a dal,<br \/>\nSl\u00e1ger Tib\u00f3 Buny\u00f3s Pityu egy\u00fctt mulat F\u00e1sy \u00c1d\u00e1mmal.<br \/>\nMert ez a Mesterh\u00e1rmas t\u00e1ncra magyar,<br \/>\nsz\u00f3ljon az \u00e9nek \u00e9s zengjen a dal,<br \/>\nSl\u00e1ger Tib\u00f3 Buny\u00f3s Pityu egy\u00fctt mulat F\u00e1sy \u00c1d\u00e1mmal.<br \/>\nMert ez a Mesterh\u00e1rmas t\u00e1ncra magyar,<br \/>\nsz\u00f3ljon az \u00e9nek \u00e9s zengjen a dal.<br \/>\nSl\u00e1ger Tib\u00f3 Buny\u00f3s Pityu egy\u00fctt mulat F\u00e1sy \u00c1d\u00e1mmal.<br \/>\n&#8212;V\u00e9ge&#8212;<\/p>\n","protected":false},"featured_media":9289,"template":"","meta":{"site-sidebar-layout":"default","site-content-layout":"default","ast-site-content-layout":"default","site-content-style":"default","site-sidebar-style":"default","ast-global-header-display":"","ast-banner-title-visibility":"","ast-main-header-display":"","ast-hfb-above-header-display":"","ast-hfb-below-header-display":"","ast-hfb-mobile-header-display":"","site-post-title":"","ast-breadcrumbs-content":"","ast-featured-img":"","footer-sml-layout":"","theme-transparent-header-meta":"default","adv-header-id-meta":"","stick-header-meta":"","header-above-stick-meta":"","header-main-stick-meta":"","header-below-stick-meta":"","astra-migrate-meta-layouts":"set","ast-page-background-enabled":"default","ast-page-background-meta":{"desktop":{"background-color":"var(--ast-global-color-4)","background-image":"","background-repeat":"repeat","background-position":"center center","background-size":"auto","background-attachment":"scroll","background-type":"","background-media":"","overlay-type":"","overlay-color":"","overlay-opacity":"","overlay-gradient":""},"tablet":{"background-color":"","background-image":"","background-repeat":"repeat","background-position":"center center","background-size":"auto","background-attachment":"scroll","background-type":"","background-media":"","overlay-type":"","overlay-color":"","overlay-opacity":"","overlay-gradient":""},"mobile":{"background-color":"","background-image":"","background-repeat":"repeat","background-position":"center center","background-size":"auto","background-attachment":"scroll","background-type":"","background-media":"","overlay-type":"","overlay-color":"","overlay-opacity":"","overlay-gradient":""}},"ast-content-background-meta":{"desktop":{"background-color":"var(--ast-global-color-5)","background-image":"","background-repeat":"repeat","background-position":"center center","background-size":"auto","background-attachment":"scroll","background-type":"","background-media":"","overlay-type":"","overlay-color":"","overlay-opacity":"","overlay-gradient":""},"tablet":{"background-color":"var(--ast-global-color-5)","background-image":"","background-repeat":"repeat","background-position":"center center","background-size":"auto","background-attachment":"scroll","background-type":"","background-media":"","overlay-type":"","overlay-color":"","overlay-opacity":"","overlay-gradient":""},"mobile":{"background-color":"var(--ast-global-color-5)","background-image":"","background-repeat":"repeat","background-position":"center center","background-size":"auto","background-attachment":"scroll","background-type":"","background-media":"","overlay-type":"","overlay-color":"","overlay-opacity":"","overlay-gradient":""}}},"product_cat":[46],"product_tag":[],"class_list":["post-3370","product","type-product","status-publish","has-post-thumbnail","hentry","product_cat-eredeti-karaoke-dalok","desktop-align-left","tablet-align-left","mobile-align-left"],"_links":{"self":[{"href":"https:\/\/www.sunkaraoke.hu\/index.php\/wp-json\/wp\/v2\/product\/3370","targetHints":{"allow":["GET"]}}],"collection":[{"href":"https:\/\/www.sunkaraoke.hu\/index.php\/wp-json\/wp\/v2\/product"}],"about":[{"href":"https:\/\/www.sunkaraoke.hu\/index.php\/wp-json\/wp\/v2\/types\/product"}],"wp:featuredmedia":[{"embeddable":true,"href":"https:\/\/www.sunkaraoke.hu\/index.php\/wp-json\/wp\/v2\/media\/9289"}],"wp:attachment":[{"href":"https:\/\/www.sunkaraoke.hu\/index.php\/wp-json\/wp\/v2\/media?parent=3370"}],"wp:term":[{"taxonomy":"product_cat","embeddable":true,"href":"https:\/\/www.sunkaraoke.hu\/index.php\/wp-json\/wp\/v2\/product_cat?post=3370"},{"taxonomy":"product_tag","embeddable":true,"href":"https:\/\/www.sunkaraoke.hu\/index.php\/wp-json\/wp\/v2\/product_tag?post=3370"}],"curies":[{"name":"wp","href":"https:\/\/api.w.org\/{rel}","templated":true}]}}