{"id":3369,"date":"2022-08-08T20:46:19","date_gmt":"2022-08-08T20:46:19","guid":{"rendered":"https:\/\/www.sunkaraoke.hu\/index.php\/termek\/tajtiboy-a-szivem-hurjain\/"},"modified":"2025-04-05T09:07:01","modified_gmt":"2025-04-05T09:07:01","slug":"tajtiboy-a-szivem-hurjain","status":"publish","type":"product","link":"https:\/\/www.sunkaraoke.hu\/index.php\/termek\/tajtiboy-a-szivem-hurjain\/","title":{"rendered":"<div class=\"wcmp-player-container product-3369\"><audio controlslist=\"nodownload\" data-product=\"3369\"  volume=\"1\"  preload=\"none\" data-lazyloading=\"none\" class=\"wcmp-player track mejs-classic\" data-duration=\"0:32\" data-estimated_duration=\"4\"><source src=\"https:\/\/www.sunkaraoke.hu\/wp-content\/uploads\/2022\/08\/A-szivem-hurjain-Orig-Tajti-demoooo2.mp3\" type=\"audio\/mp3\" \/><\/audio><\/div>Tajtiboy &#8211; A sz\u00edvem h\u00farjain (Original)"},"content":{"rendered":"<p><strong>03:50<\/strong> | <strong><img loading=\"lazy\" decoding=\"async\" class=\"alignnone size-full wp-image-466\" src=\"https:\/\/www.sunkaraoke.hu\/wp-content\/uploads\/2022\/07\/choir_1-copy.webp\" alt=\"\" width=\"30\" height=\"30\" \/> <\/strong><\/p>\n","protected":false},"excerpt":{"rendered":"<h6><strong>Bits\u0171r\u0171s\u00e9g: 320<\/strong>kb\/s<strong><br \/>\n<\/strong><strong>Hossz: <\/strong>03:50<strong><br \/>\n<\/strong><strong style=\"font-size: 16px;\">Vok\u00e1lt tartalmaz: <\/strong>Igen <img loading=\"lazy\" decoding=\"async\" class=\"alignnone size-full wp-image-466\" src=\"http:\/\/www.sunkaraoke.hu\/wp-content\/uploads\/2022\/07\/choir_1-copy.png\" alt=\"\" width=\"30\" height=\"30\" \/><strong style=\"font-size: 16px;\"><br \/>\n<\/strong><\/h6>\n<p>Sunkaraoke mp3 st\u00fadi\u00f3 \/ www.sunkaraoke.hu \/ Inf: Tel: 06 20 4275001<\/p>\n<p>&#8212;Intr\u00f3&#8212;<br \/>\nEgyed\u00fcl a parton s\u00e9t\u00e1lok,<br \/>\na r\u00e9gi ny\u00e1rra gondolok.<br \/>\nMennyi boldog \u00f3ra elm\u00falt r\u00e9g,<br \/>\nnincs m\u00e1r, csak fak\u00f3 eml\u00e9k.<br \/>\nA tenger fel\u0151l l\u00e1gyan f\u00faj a sz\u00e9l,<br \/>\negy r\u00e9ges-r\u00e9gi dalt mes\u00e9l.<br \/>\nT\u00e1ncot j\u00e1r a sz\u00e9lben a hintasz\u00e9k,<br \/>\na v\u00e1gyam \u00fajra sz\u00e1rnyra k\u00e9l.<\/p>\n<p>A sz\u00edvem h\u00farjait, \u00e9vek \u00f3ta j\u00e1tszod,<br \/>\nha egyszer elpattan, t\u00f6bb\u00e9 nem b\u00e1nod.<br \/>\nAz \u00e9let megy tov\u00e1bb, ne hidd hogy v\u00e9ge,<br \/>\na sz\u00edved m\u00e1s\u00e9 m\u00e1r, de \u00edgy is meg\u00e9rte.<\/p>\n<p>Egyed\u00fcl a parton s\u00e9t\u00e1lok,<br \/>\na r\u00e9gi ny\u00e1rra gondolok.<br \/>\nMennyi boldog \u00f3ra elm\u00falt r\u00e9g,<br \/>\nnincs m\u00e1r, csak fak\u00f3 eml\u00e9k.<br \/>\nEml\u00e9kedet \u0151rz\u00f6m a sz\u00edvemben,<br \/>\nhangod hallom m\u00e9g a f\u00fclemben.<br \/>\nEgy f\u00e1j\u00f3 dalt d\u00fadolsz egy \u00e9jjen \u00e1t,<br \/>\negy elt\u0171nt szerelemre v\u00e1gysz.<br \/>\nA sz\u00edvem h\u00farjait, \u00e9vek \u00f3ta j\u00e1tszod,<br \/>\nha egyszer elpattan, t\u00f6bb\u00e9 nem b\u00e1nod.<br \/>\nAz \u00e9let megy tov\u00e1bb, ne hidd hogy v\u00e9ge,<br \/>\na sz\u00edved m\u00e1s\u00e9 m\u00e1r, de \u00edgy is meg\u00e9rte.<br \/>\n&#8212;Sz\u00f3l\u00f3&#8212;<br \/>\nA sz\u00edvem h\u00farjait, \u00e9vek \u00f3ta j\u00e1tszod,<br \/>\nha egyszer elpattan, t\u00f6bb\u00e9 nem b\u00e1nod.<br \/>\nAz \u00e9let megy tov\u00e1bb, ne hidd hogy v\u00e9ge,<br \/>\na sz\u00edved m\u00e1s\u00e9 m\u00e1r, de \u00edgy is meg\u00e9rte.<br \/>\nA sz\u00edvem h\u00farjait, \u00e9vek \u00f3ta j\u00e1tszod,<br \/>\nha egyszer elpattan, t\u00f6bb\u00e9 nem b\u00e1nod.<br \/>\nAz \u00e9let megy tov\u00e1bb, ne hidd hogy v\u00e9ge,<br \/>\na sz\u00edved m\u00e1s\u00e9 m\u00e1r, de \u00edgy is meg\u00e9rte.<br \/>\n&#8212;V\u00e9ge&#8212;<\/p>\n","protected":false},"featured_media":9020,"template":"","meta":{"site-sidebar-layout":"default","site-content-layout":"default","ast-site-content-layout":"default","site-content-style":"default","site-sidebar-style":"default","ast-global-header-display":"","ast-banner-title-visibility":"","ast-main-header-display":"","ast-hfb-above-header-display":"","ast-hfb-below-header-display":"","ast-hfb-mobile-header-display":"","site-post-title":"","ast-breadcrumbs-content":"","ast-featured-img":"","footer-sml-layout":"","theme-transparent-header-meta":"default","adv-header-id-meta":"","stick-header-meta":"","header-above-stick-meta":"","header-main-stick-meta":"","header-below-stick-meta":"","astra-migrate-meta-layouts":"set","ast-page-background-enabled":"default","ast-page-background-meta":{"desktop":{"background-color":"var(--ast-global-color-4)","background-image":"","background-repeat":"repeat","background-position":"center center","background-size":"auto","background-attachment":"scroll","background-type":"","background-media":"","overlay-type":"","overlay-color":"","overlay-opacity":"","overlay-gradient":""},"tablet":{"background-color":"","background-image":"","background-repeat":"repeat","background-position":"center center","background-size":"auto","background-attachment":"scroll","background-type":"","background-media":"","overlay-type":"","overlay-color":"","overlay-opacity":"","overlay-gradient":""},"mobile":{"background-color":"","background-image":"","background-repeat":"repeat","background-position":"center center","background-size":"auto","background-attachment":"scroll","background-type":"","background-media":"","overlay-type":"","overlay-color":"","overlay-opacity":"","overlay-gradient":""}},"ast-content-background-meta":{"desktop":{"background-color":"var(--ast-global-color-5)","background-image":"","background-repeat":"repeat","background-position":"center center","background-size":"auto","background-attachment":"scroll","background-type":"","background-media":"","overlay-type":"","overlay-color":"","overlay-opacity":"","overlay-gradient":""},"tablet":{"background-color":"var(--ast-global-color-5)","background-image":"","background-repeat":"repeat","background-position":"center center","background-size":"auto","background-attachment":"scroll","background-type":"","background-media":"","overlay-type":"","overlay-color":"","overlay-opacity":"","overlay-gradient":""},"mobile":{"background-color":"var(--ast-global-color-5)","background-image":"","background-repeat":"repeat","background-position":"center center","background-size":"auto","background-attachment":"scroll","background-type":"","background-media":"","overlay-type":"","overlay-color":"","overlay-opacity":"","overlay-gradient":""}}},"product_cat":[52],"product_tag":[],"class_list":["post-3369","product","type-product","status-publish","has-post-thumbnail","hentry","product_cat-tajtiboy","desktop-align-left","tablet-align-left","mobile-align-left"],"_links":{"self":[{"href":"https:\/\/www.sunkaraoke.hu\/index.php\/wp-json\/wp\/v2\/product\/3369","targetHints":{"allow":["GET"]}}],"collection":[{"href":"https:\/\/www.sunkaraoke.hu\/index.php\/wp-json\/wp\/v2\/product"}],"about":[{"href":"https:\/\/www.sunkaraoke.hu\/index.php\/wp-json\/wp\/v2\/types\/product"}],"wp:featuredmedia":[{"embeddable":true,"href":"https:\/\/www.sunkaraoke.hu\/index.php\/wp-json\/wp\/v2\/media\/9020"}],"wp:attachment":[{"href":"https:\/\/www.sunkaraoke.hu\/index.php\/wp-json\/wp\/v2\/media?parent=3369"}],"wp:term":[{"taxonomy":"product_cat","embeddable":true,"href":"https:\/\/www.sunkaraoke.hu\/index.php\/wp-json\/wp\/v2\/product_cat?post=3369"},{"taxonomy":"product_tag","embeddable":true,"href":"https:\/\/www.sunkaraoke.hu\/index.php\/wp-json\/wp\/v2\/product_tag?post=3369"}],"curies":[{"name":"wp","href":"https:\/\/api.w.org\/{rel}","templated":true}]}}