{"id":3368,"date":"2022-08-08T20:46:19","date_gmt":"2022-08-08T20:46:19","guid":{"rendered":"https:\/\/www.sunkaraoke.hu\/index.php\/termek\/32-eletemben-csak-ket-nt-szerettem\/"},"modified":"2023-10-04T12:36:33","modified_gmt":"2023-10-04T12:36:33","slug":"32-eletemben-csak-ket-nt-szerettem","status":"publish","type":"product","link":"https:\/\/www.sunkaraoke.hu\/index.php\/termek\/32-eletemben-csak-ket-nt-szerettem\/","title":{"rendered":"<div class=\"wcmp-player-container product-3368\"><audio controlslist=\"nodownload\" data-product=\"3368\"  volume=\"1\"  preload=\"none\" data-lazyloading=\"none\" class=\"wcmp-player track mejs-classic\" ><source src=\"https:\/\/www.sunkaraoke.hu\/wp-content\/uploads\/wcmp\/8a3d13a481981630bfbc99519c34366a.mp3\" type=\"audio\/mp3\" \/><\/audio><\/div>3+2 &#8211; \u00c9letemben csak k\u00e9t n&#337;t szerettem"},"content":{"rendered":"<p><strong>04:54<\/strong> | <strong><img loading=\"lazy\" decoding=\"async\" class=\"alignnone size-full wp-image-467\" src=\"https:\/\/www.sunkaraoke.hu\/wp-content\/uploads\/2022\/07\/choir_2-copy.webp\" alt=\"\" width=\"30\" height=\"30\" \/> <\/p>\n","protected":false},"excerpt":{"rendered":"<p><strong>Bits\u0171r\u0171s\u00e9g: <\/strong>196kb\/s<strong><br \/>\n<\/strong><strong>Hossz: <\/strong>04:54<strong><br \/>\n<\/strong><strong style=\"font-size: 16px;\">Vok\u00e1lt tartalmaz: <\/strong>Nem <img loading=\"lazy\" decoding=\"async\" class=\"alignnone size-full wp-image-467\" src=\"http:\/\/www.sunkaraoke.hu\/wp-content\/uploads\/2022\/07\/choir_2-copy.png\" alt=\"\" width=\"30\" height=\"30\" \/><strong style=\"font-size: 16px;\"><br \/>\n<\/strong><\/p>\n<p>&nbsp;<\/p>\n<p>\ufeff&#8212;Intr\u00f3&#8212;<br \/>\n\u00c9letemben csak k\u00e9t n\u0151t szerettem,<br \/>\negyik volt a dr\u00e1ga, j\u00f3 any\u00e1m.<br \/>\n\u00dagy szeretett, \u00e1polgatott engem,<br \/>\nIstenem, de vigy\u00e1zott re\u00e1m!<\/p>\n<p>\u00c9s amikor betegs\u00e9gbe estem,<br \/>\nf\u00e9lt\u0151 sz\u00edvvel \u00fagy im\u00e1dkozott.<br \/>\nDe annak is az ellen\u00e9t kerestem,<br \/>\nany\u00e1m s\u00edrt, de nem panaszkodott.<\/p>\n<p>\u00c9s amikor betegs\u00e9gbe estem,<br \/>\nf\u00e9lt\u0151 sz\u00edvvel \u00fagy im\u00e1dkozott.<br \/>\nDe annak is az ellen\u00e9t kerestem,<br \/>\nany\u00e1m s\u00edrt, de nem panaszkodott.<\/p>\n<p>\u00c9s egy csendes ny\u00e1ri d\u00e9lut\u00e1non,<br \/>\nj\u00f6tt fel\u00e9m egy csinos, barna l\u00e1ny.<br \/>\n\u00dagy j\u00f6tt, mint egy megval\u00f3sult \u00e1lom,<br \/>\naz\u00f3ta nincs nyugodt \u00e9jszak\u00e1m!<\/p>\n<p>M\u00e1sodszor csak azt a l\u00e1nyt szerettem,<br \/>\nsz\u00edvem, lelkem \u00fagy megv\u00e1ltozott.<br \/>\nDe annak is az ellen\u00e9t kerestem,<br \/>\na l\u00e1ny s\u00edrt, de nem panaszkodott.<br \/>\nM\u00e1sodszor csak azt a l\u00e1nyt szerettem,<br \/>\nsz\u00edvem, lelkem \u00fagy megv\u00e1ltozott.<br \/>\nDe annak is az ellen\u00e9t kerestem,<br \/>\na l\u00e1ny s\u00edrt, de nem panaszkodott.<\/p>\n<p>&#8212;Sz\u00f3l\u00f3&#8212;<br \/>\n\u00c9s a l\u00e1ny, hogy v\u00e1gyait k\u00f6vesse,<br \/>\nelment t\u0151lem, nem volt irgalom.<br \/>\nJ\u00f3 any\u00e1m is elhagyott \u00f6r\u00f6kre,<br \/>\nnem maradt m\u00e1s, csak egy s\u00edrhalom.<br \/>\n\u00c9n az\u00f3ta a temet\u0151t j\u00e1rom,<br \/>\nmit \u00e9r az \u00e9let,ha  minden elhagyott!<br \/>\nSz\u00e1zszor visszas\u00edrom azt az asszonyt,<br \/>\naki s\u00edrt, de nem panaszkodott!<br \/>\n\u00c9n az\u00f3ta a temet\u0151t j\u00e1rom,<br \/>\nmit \u00e9r az \u00e9let,ha minden elhagyott.<br \/>\nSz\u00e1zszor visszas\u00edrom azt az asszonyt,<br \/>\naki s\u00edrt, de nem panaszkodott!<br \/>\n&#8212;V\u00e9ge&#8212;<\/p>\n","protected":false},"featured_media":8958,"template":"","meta":{"site-sidebar-layout":"default","site-content-layout":"default","ast-site-content-layout":"","site-content-style":"default","site-sidebar-style":"default","ast-global-header-display":"","ast-banner-title-visibility":"","ast-main-header-display":"","ast-hfb-above-header-display":"","ast-hfb-below-header-display":"","ast-hfb-mobile-header-display":"","site-post-title":"","ast-breadcrumbs-content":"","ast-featured-img":"","footer-sml-layout":"","theme-transparent-header-meta":"default","adv-header-id-meta":"","stick-header-meta":"","header-above-stick-meta":"","header-main-stick-meta":"","header-below-stick-meta":"","astra-migrate-meta-layouts":"default","ast-page-background-enabled":"default","ast-page-background-meta":{"desktop":{"background-color":"var(--ast-global-color-4)","background-image":"","background-repeat":"repeat","background-position":"center center","background-size":"auto","background-attachment":"scroll","background-type":"","background-media":"","overlay-type":"","overlay-color":"","overlay-opacity":"","overlay-gradient":""},"tablet":{"background-color":"","background-image":"","background-repeat":"repeat","background-position":"center center","background-size":"auto","background-attachment":"scroll","background-type":"","background-media":"","overlay-type":"","overlay-color":"","overlay-opacity":"","overlay-gradient":""},"mobile":{"background-color":"","background-image":"","background-repeat":"repeat","background-position":"center center","background-size":"auto","background-attachment":"scroll","background-type":"","background-media":"","overlay-type":"","overlay-color":"","overlay-opacity":"","overlay-gradient":""}},"ast-content-background-meta":{"desktop":{"background-color":"var(--ast-global-color-5)","background-image":"","background-repeat":"repeat","background-position":"center center","background-size":"auto","background-attachment":"scroll","background-type":"","background-media":"","overlay-type":"","overlay-color":"","overlay-opacity":"","overlay-gradient":""},"tablet":{"background-color":"var(--ast-global-color-5)","background-image":"","background-repeat":"repeat","background-position":"center center","background-size":"auto","background-attachment":"scroll","background-type":"","background-media":"","overlay-type":"","overlay-color":"","overlay-opacity":"","overlay-gradient":""},"mobile":{"background-color":"var(--ast-global-color-5)","background-image":"","background-repeat":"repeat","background-position":"center center","background-size":"auto","background-attachment":"scroll","background-type":"","background-media":"","overlay-type":"","overlay-color":"","overlay-opacity":"","overlay-gradient":""}}},"product_cat":[48],"product_tag":[],"class_list":["post-3368","product","type-product","status-publish","has-post-thumbnail","hentry","product_cat-sunkaraoke-dalok","desktop-align-left","tablet-align-left","mobile-align-left"],"_links":{"self":[{"href":"https:\/\/www.sunkaraoke.hu\/index.php\/wp-json\/wp\/v2\/product\/3368","targetHints":{"allow":["GET"]}}],"collection":[{"href":"https:\/\/www.sunkaraoke.hu\/index.php\/wp-json\/wp\/v2\/product"}],"about":[{"href":"https:\/\/www.sunkaraoke.hu\/index.php\/wp-json\/wp\/v2\/types\/product"}],"wp:featuredmedia":[{"embeddable":true,"href":"https:\/\/www.sunkaraoke.hu\/index.php\/wp-json\/wp\/v2\/media\/8958"}],"wp:attachment":[{"href":"https:\/\/www.sunkaraoke.hu\/index.php\/wp-json\/wp\/v2\/media?parent=3368"}],"wp:term":[{"taxonomy":"product_cat","embeddable":true,"href":"https:\/\/www.sunkaraoke.hu\/index.php\/wp-json\/wp\/v2\/product_cat?post=3368"},{"taxonomy":"product_tag","embeddable":true,"href":"https:\/\/www.sunkaraoke.hu\/index.php\/wp-json\/wp\/v2\/product_tag?post=3368"}],"curies":[{"name":"wp","href":"https:\/\/api.w.org\/{rel}","templated":true}]}}