{"id":3362,"date":"2022-08-08T20:46:19","date_gmt":"2022-08-08T20:46:19","guid":{"rendered":"https:\/\/www.sunkaraoke.hu\/index.php\/termek\/slager-tibo-alom-vagy-valosag\/"},"modified":"2026-02-14T15:46:23","modified_gmt":"2026-02-14T13:46:23","slug":"slager-tibo-alom-vagy-valosag","status":"publish","type":"product","link":"https:\/\/www.sunkaraoke.hu\/index.php\/termek\/slager-tibo-alom-vagy-valosag\/","title":{"rendered":"<div class=\"wcmp-player-container product-3362\"><audio controlslist=\"nodownload\" data-product=\"3362\"  volume=\"1\"  preload=\"none\" data-lazyloading=\"none\" class=\"wcmp-player track mejs-classic\" data-duration=\"0:34\" data-estimated_duration=\"4\"><source src=\"https:\/\/www.sunkaraoke.hu\/wp-content\/uploads\/2022\/08\/Alom-vagy-valosag-demooo.mp3\" type=\"audio\/mp3\" \/><\/audio><\/div>Sl\u00e1ger Tib\u00f3 &#8211; \u00c1lom vagy val\u00f3s\u00e1g (Original)"},"content":{"rendered":"<p><strong>03:36<\/strong> | <strong><img loading=\"lazy\" decoding=\"async\" class=\"alignnone size-full wp-image-466\" src=\"https:\/\/www.sunkaraoke.hu\/wp-content\/uploads\/2022\/07\/choir_1-copy.webp\" alt=\"\" width=\"30\" height=\"30\" \/> <\/strong><\/p>\n","protected":false},"excerpt":{"rendered":"<h6><strong>Bits\u0171r\u0171s\u00e9g: 320<\/strong>kb\/s<strong><br \/>\n<\/strong><strong>Hossz: <\/strong>03:36<strong><br \/>\n<\/strong><strong style=\"font-size: 16px;\">Vok\u00e1lt tartalmaz: <\/strong>Igen <img loading=\"lazy\" decoding=\"async\" class=\"alignnone size-full wp-image-466\" src=\"http:\/\/www.sunkaraoke.hu\/wp-content\/uploads\/2022\/07\/choir_1-copy.png\" alt=\"\" width=\"30\" height=\"30\" \/><strong style=\"font-size: 16px;\"><br \/>\n<\/strong><\/h6>\n<p>Sunkaraoke mp3 st\u00fadi\u00f3 \/ www.sunkaraoke.hu \/ Inf: Tel: 06 20 4275001<\/p>\n<p>&#8212;Intr\u00f3&#8212;<br \/>\nFelettem \u00fagy ragyognak most a csillagok,<br \/>\nazt suttogj\u00e1k, azt besz\u00e9lik egyed\u00fcl vagyok.<br \/>\nElm\u00falt a boldogs\u00e1g, m\u00e1r messze j\u00e1r,<br \/>\nki tudja milyen lesz ha \u00fajra r\u00e1m tal\u00e1l.<\/p>\n<p>\u00c1lom vagy val\u00f3s\u00e1g az \u00e9let\u00fcnk,<br \/>\npokol vagy mennyorsz\u00e1g hov\u00e1 megy\u00fcnk.<br \/>\nNem tudom mi v\u00e1r, r\u00e1m koldus vagy kir\u00e1lyl\u00e1ny,<br \/>\nez csak egy mesebeli j\u00e1t\u00e9k a szerelem v\u00e1r m\u00e9g r\u00e1nk.<\/p>\n<p>K\u00e9t \u00fat van el\u0151ttem merre indulok,<br \/>\nhol van a szerencse, ez egy nagy titok.<br \/>\nNem tudom mi v\u00e1r r\u00e1m, t\u00fcnd\u00e9r vagy boszork\u00e1ny,<br \/>\nez csak egy mesebeli j\u00e1t\u00e9k a szerelem v\u00e1r m\u00e9g r\u00e1nk.<br \/>\n&#8212;Sz\u00f3l\u00f3&#8212;<br \/>\nFelettem \u00fagy ragyognak most a csillagok,<br \/>\nazt suttogj\u00e1k, azt besz\u00e9lik egyed\u00fcl vagyok.<br \/>\nElm\u00falt a boldogs\u00e1g, m\u00e1r messze j\u00e1r,<br \/>\nki tudja milyen lesz ha \u00fajra r\u00e1m tal\u00e1l.<\/p>\n<p>\u00c1lom vagy val\u00f3s\u00e1g az \u00e9let\u00fcnk,<br \/>\npokol vagy mennyorsz\u00e1g hov\u00e1 megy\u00fcnk.<br \/>\nNem tudom mi v\u00e1r, r\u00e1m koldus vagy kir\u00e1lyl\u00e1ny,<br \/>\nez csak egy mesebeli j\u00e1t\u00e9k a szerelem v\u00e1r m\u00e9g r\u00e1nk.<\/p>\n<p>K\u00e9t \u00fat van el\u0151ttem merre indulok,<br \/>\nhol van a szerencse, ez egy nagy titok.<br \/>\nNem tudom mi v\u00e1r r\u00e1m, t\u00fcnd\u00e9r vagy boszork\u00e1ny,<br \/>\nez csak egy mesebeli j\u00e1t\u00e9k a szerelem v\u00e1r m\u00e9g r\u00e1nk.<br \/>\n&#8212;Sz\u00f3l\u00f3&#8212;<br \/>\n\u00c1lom vagy val\u00f3s\u00e1g az \u00e9let\u00fcnk,<br \/>\npokol vagy mennyorsz\u00e1g hov\u00e1 megy\u00fcnk.<br \/>\nNem tudom mi v\u00e1r, r\u00e1m koldus vagy kir\u00e1lyl\u00e1ny,<br \/>\nez csak egy mesebeli j\u00e1t\u00e9k a szerelem v\u00e1r m\u00e9g r\u00e1nk.<\/p>\n<p>K\u00e9t \u00fat van el\u0151ttem merre indulok,<br \/>\nhol van a szerencse, ez egy nagy titok.<br \/>\nNem tudom mi v\u00e1r r\u00e1m, t\u00fcnd\u00e9r vagy boszork\u00e1ny,<br \/>\nez csak egy mesebeli j\u00e1t\u00e9k a szerelem v\u00e1r m\u00e9g r\u00e1nk.<br \/>\n&#8212;V\u00e9ge&#8212;<\/p>\n","protected":false},"featured_media":9289,"template":"","meta":{"site-sidebar-layout":"default","site-content-layout":"default","ast-site-content-layout":"default","site-content-style":"default","site-sidebar-style":"default","ast-global-header-display":"","ast-banner-title-visibility":"","ast-main-header-display":"","ast-hfb-above-header-display":"","ast-hfb-below-header-display":"","ast-hfb-mobile-header-display":"","site-post-title":"","ast-breadcrumbs-content":"","ast-featured-img":"","footer-sml-layout":"","theme-transparent-header-meta":"default","adv-header-id-meta":"","stick-header-meta":"","header-above-stick-meta":"","header-main-stick-meta":"","header-below-stick-meta":"","astra-migrate-meta-layouts":"set","ast-page-background-enabled":"default","ast-page-background-meta":{"desktop":{"background-color":"var(--ast-global-color-4)","background-image":"","background-repeat":"repeat","background-position":"center center","background-size":"auto","background-attachment":"scroll","background-type":"","background-media":"","overlay-type":"","overlay-color":"","overlay-opacity":"","overlay-gradient":""},"tablet":{"background-color":"","background-image":"","background-repeat":"repeat","background-position":"center center","background-size":"auto","background-attachment":"scroll","background-type":"","background-media":"","overlay-type":"","overlay-color":"","overlay-opacity":"","overlay-gradient":""},"mobile":{"background-color":"","background-image":"","background-repeat":"repeat","background-position":"center center","background-size":"auto","background-attachment":"scroll","background-type":"","background-media":"","overlay-type":"","overlay-color":"","overlay-opacity":"","overlay-gradient":""}},"ast-content-background-meta":{"desktop":{"background-color":"var(--ast-global-color-5)","background-image":"","background-repeat":"repeat","background-position":"center center","background-size":"auto","background-attachment":"scroll","background-type":"","background-media":"","overlay-type":"","overlay-color":"","overlay-opacity":"","overlay-gradient":""},"tablet":{"background-color":"var(--ast-global-color-5)","background-image":"","background-repeat":"repeat","background-position":"center center","background-size":"auto","background-attachment":"scroll","background-type":"","background-media":"","overlay-type":"","overlay-color":"","overlay-opacity":"","overlay-gradient":""},"mobile":{"background-color":"var(--ast-global-color-5)","background-image":"","background-repeat":"repeat","background-position":"center center","background-size":"auto","background-attachment":"scroll","background-type":"","background-media":"","overlay-type":"","overlay-color":"","overlay-opacity":"","overlay-gradient":""}}},"product_cat":[46],"product_tag":[],"class_list":["post-3362","product","type-product","status-publish","has-post-thumbnail","hentry","product_cat-eredeti-karaoke-dalok","desktop-align-left","tablet-align-left","mobile-align-left"],"_links":{"self":[{"href":"https:\/\/www.sunkaraoke.hu\/index.php\/wp-json\/wp\/v2\/product\/3362","targetHints":{"allow":["GET"]}}],"collection":[{"href":"https:\/\/www.sunkaraoke.hu\/index.php\/wp-json\/wp\/v2\/product"}],"about":[{"href":"https:\/\/www.sunkaraoke.hu\/index.php\/wp-json\/wp\/v2\/types\/product"}],"wp:featuredmedia":[{"embeddable":true,"href":"https:\/\/www.sunkaraoke.hu\/index.php\/wp-json\/wp\/v2\/media\/9289"}],"wp:attachment":[{"href":"https:\/\/www.sunkaraoke.hu\/index.php\/wp-json\/wp\/v2\/media?parent=3362"}],"wp:term":[{"taxonomy":"product_cat","embeddable":true,"href":"https:\/\/www.sunkaraoke.hu\/index.php\/wp-json\/wp\/v2\/product_cat?post=3362"},{"taxonomy":"product_tag","embeddable":true,"href":"https:\/\/www.sunkaraoke.hu\/index.php\/wp-json\/wp\/v2\/product_tag?post=3362"}],"curies":[{"name":"wp","href":"https:\/\/api.w.org\/{rel}","templated":true}]}}