{"id":3356,"date":"2022-08-08T20:46:18","date_gmt":"2022-08-08T20:46:18","guid":{"rendered":"https:\/\/www.sunkaraoke.hu\/index.php\/termek\/slager-tibo-szerelem-es-jokedv\/"},"modified":"2026-02-14T15:46:23","modified_gmt":"2026-02-14T13:46:23","slug":"slager-tibo-szerelem-es-jokedv","status":"publish","type":"product","link":"https:\/\/www.sunkaraoke.hu\/index.php\/termek\/slager-tibo-szerelem-es-jokedv\/","title":{"rendered":"<div class=\"wcmp-player-container product-3356\"><audio controlslist=\"nodownload\" data-product=\"3356\"  volume=\"1\"  preload=\"none\" data-lazyloading=\"none\" class=\"wcmp-player track mejs-classic\" data-duration=\"0:33\" data-estimated_duration=\"4\"><source src=\"https:\/\/www.sunkaraoke.hu\/wp-content\/uploads\/2022\/08\/Szerelem-es-jokedv-kdemooo.mp3\" type=\"audio\/mp3\" \/><\/audio><\/div>Sl\u00e1ger Tib\u00f3 &#8211; Szerelem \u00e9s j\u00f3kedv (Original)"},"content":{"rendered":"<p><strong>04:11<\/strong> | <strong><img loading=\"lazy\" decoding=\"async\" class=\"alignnone size-full wp-image-466\" src=\"https:\/\/www.sunkaraoke.hu\/wp-content\/uploads\/2022\/07\/choir_1-copy.webp\" alt=\"\" width=\"30\" height=\"30\" \/> <\/strong><\/p>\n","protected":false},"excerpt":{"rendered":"<h6><strong>Bits\u0171r\u0171s\u00e9g: 320<\/strong>kb\/s<strong><br \/>\n<\/strong><strong>Hossz: <\/strong>04:11<strong><br \/>\n<\/strong><strong style=\"font-size: 16px;\">Vok\u00e1lt tartalmaz: <\/strong>Igen <img loading=\"lazy\" decoding=\"async\" class=\"alignnone size-full wp-image-466\" src=\"http:\/\/www.sunkaraoke.hu\/wp-content\/uploads\/2022\/07\/choir_1-copy.png\" alt=\"\" width=\"30\" height=\"30\" \/><strong style=\"font-size: 16px;\"><br \/>\n<\/strong><\/h6>\n<p>Sunkaraoke mp3 st\u00fadi\u00f3 \/ www.sunkaraoke.hu \/ Inf: Tel: 06 20 4275001<\/p>\n<p>&#8212;Intr\u00f3&#8212;<br \/>\nNe s\u00edrj\u00e1l, hidd el hogy mindig van rem\u00e9ny,<br \/>\na b\u00e1nat messze tova sz\u00e1ll.<br \/>\nFigyelj r\u00e1m, nem baj ha egyszer\u0171en \u00e9lsz,<br \/>\ncsak \u00e9rezd a sz\u00edved dallam\u00e1t.<\/p>\n<p>Mert a szerelem a j\u00f3kedv \u00e9des\u00edti minden \u00e9jszak\u00e1nk,<br \/>\ncsak a szerelem a j\u00f3kedv d\u00f6nti el hogy meddig tart a ny\u00e1r.<br \/>\nEz a k\u00e9t dolog ami n\u00e9lk\u00fcl biztos nem l\u00e9tezhet\u00fcnk,<br \/>\nez a k\u00e9t dolog csak arra kell hogy boldogok legy\u00fcnk.<br \/>\n&#8212;Sz\u00f3l\u00f3&#8212;<br \/>\nNe s\u00edrj\u00e1l, hidd el hogy mindig van rem\u00e9ny,<br \/>\na b\u00e1nat messze tova sz\u00e1ll.<br \/>\nFigyelj r\u00e1m, nem baj ha egyszer\u0171en \u00e9lsz,<br \/>\ncsak \u00e9rezd a sz\u00edved dallam\u00e1t.<\/p>\n<p>Mert a szerelem a j\u00f3kedv \u00e9des\u00edti minden \u00e9jszak\u00e1nk,<br \/>\ncsak a szerelem a j\u00f3kedv d\u00f6nti el hogy meddig tart a ny\u00e1r.<br \/>\nEz a k\u00e9t dolog ami n\u00e9lk\u00fcl biztos nem l\u00e9tezhet\u00fcnk,<br \/>\nez a k\u00e9t dolog csak arra kell hogy boldogok legy\u00fcnk.<br \/>\n&#8212;Sz\u00f3l\u00f3&#8212;<br \/>\nFigyelj r\u00e1m, nem baj ha egyszer\u0171en \u00e9lsz,<br \/>\ncsak \u00e9rezd a sz\u00edved dallam\u00e1t.<\/p>\n<p>Mert a szerelem a j\u00f3kedv \u00e9des\u00edti minden \u00e9jszak\u00e1nk,<br \/>\ncsak a szerelem a j\u00f3kedv d\u00f6nti el hogy meddig tart a ny\u00e1r.<br \/>\nEz a k\u00e9t dolog ami n\u00e9lk\u00fcl biztos nem l\u00e9tezhet\u00fcnk,<br \/>\nez a k\u00e9t dolog csak arra kell hogy boldogok legy\u00fcnk.<br \/>\nMert a szerelem a j\u00f3kedv \u00e9des\u00edti minden \u00e9jszak\u00e1nk,<br \/>\ncsak a szerelem a j\u00f3kedv d\u00f6nti el hogy meddig tart a ny\u00e1r.<br \/>\nEz a k\u00e9t dolog ami n\u00e9lk\u00fcl biztos nem l\u00e9tezhet\u00fcnk,<br \/>\nez a k\u00e9t dolog csak arra kell hogy boldogok legy\u00fcnk.<br \/>\n&#8212;V\u00e9ge&#8212;<\/p>\n","protected":false},"featured_media":9289,"template":"","meta":{"site-sidebar-layout":"default","site-content-layout":"default","ast-site-content-layout":"default","site-content-style":"default","site-sidebar-style":"default","ast-global-header-display":"","ast-banner-title-visibility":"","ast-main-header-display":"","ast-hfb-above-header-display":"","ast-hfb-below-header-display":"","ast-hfb-mobile-header-display":"","site-post-title":"","ast-breadcrumbs-content":"","ast-featured-img":"","footer-sml-layout":"","theme-transparent-header-meta":"default","adv-header-id-meta":"","stick-header-meta":"","header-above-stick-meta":"","header-main-stick-meta":"","header-below-stick-meta":"","astra-migrate-meta-layouts":"set","ast-page-background-enabled":"default","ast-page-background-meta":{"desktop":{"background-color":"var(--ast-global-color-4)","background-image":"","background-repeat":"repeat","background-position":"center center","background-size":"auto","background-attachment":"scroll","background-type":"","background-media":"","overlay-type":"","overlay-color":"","overlay-opacity":"","overlay-gradient":""},"tablet":{"background-color":"","background-image":"","background-repeat":"repeat","background-position":"center center","background-size":"auto","background-attachment":"scroll","background-type":"","background-media":"","overlay-type":"","overlay-color":"","overlay-opacity":"","overlay-gradient":""},"mobile":{"background-color":"","background-image":"","background-repeat":"repeat","background-position":"center center","background-size":"auto","background-attachment":"scroll","background-type":"","background-media":"","overlay-type":"","overlay-color":"","overlay-opacity":"","overlay-gradient":""}},"ast-content-background-meta":{"desktop":{"background-color":"var(--ast-global-color-5)","background-image":"","background-repeat":"repeat","background-position":"center center","background-size":"auto","background-attachment":"scroll","background-type":"","background-media":"","overlay-type":"","overlay-color":"","overlay-opacity":"","overlay-gradient":""},"tablet":{"background-color":"var(--ast-global-color-5)","background-image":"","background-repeat":"repeat","background-position":"center center","background-size":"auto","background-attachment":"scroll","background-type":"","background-media":"","overlay-type":"","overlay-color":"","overlay-opacity":"","overlay-gradient":""},"mobile":{"background-color":"var(--ast-global-color-5)","background-image":"","background-repeat":"repeat","background-position":"center center","background-size":"auto","background-attachment":"scroll","background-type":"","background-media":"","overlay-type":"","overlay-color":"","overlay-opacity":"","overlay-gradient":""}}},"product_cat":[46],"product_tag":[],"class_list":["post-3356","product","type-product","status-publish","has-post-thumbnail","hentry","product_cat-eredeti-karaoke-dalok","desktop-align-left","tablet-align-left","mobile-align-left"],"_links":{"self":[{"href":"https:\/\/www.sunkaraoke.hu\/index.php\/wp-json\/wp\/v2\/product\/3356","targetHints":{"allow":["GET"]}}],"collection":[{"href":"https:\/\/www.sunkaraoke.hu\/index.php\/wp-json\/wp\/v2\/product"}],"about":[{"href":"https:\/\/www.sunkaraoke.hu\/index.php\/wp-json\/wp\/v2\/types\/product"}],"wp:featuredmedia":[{"embeddable":true,"href":"https:\/\/www.sunkaraoke.hu\/index.php\/wp-json\/wp\/v2\/media\/9289"}],"wp:attachment":[{"href":"https:\/\/www.sunkaraoke.hu\/index.php\/wp-json\/wp\/v2\/media?parent=3356"}],"wp:term":[{"taxonomy":"product_cat","embeddable":true,"href":"https:\/\/www.sunkaraoke.hu\/index.php\/wp-json\/wp\/v2\/product_cat?post=3356"},{"taxonomy":"product_tag","embeddable":true,"href":"https:\/\/www.sunkaraoke.hu\/index.php\/wp-json\/wp\/v2\/product_tag?post=3356"}],"curies":[{"name":"wp","href":"https:\/\/api.w.org\/{rel}","templated":true}]}}