{"id":3352,"date":"2022-08-08T20:46:18","date_gmt":"2022-08-08T20:46:18","guid":{"rendered":"https:\/\/www.sunkaraoke.hu\/index.php\/termek\/tajtiboy-en-a-teglagyarban-lakom\/"},"modified":"2025-04-05T04:29:36","modified_gmt":"2025-04-05T04:29:36","slug":"tajtiboy-en-a-teglagyarban-lakom","status":"publish","type":"product","link":"https:\/\/www.sunkaraoke.hu\/index.php\/termek\/tajtiboy-en-a-teglagyarban-lakom\/","title":{"rendered":"<div class=\"wcmp-player-container product-3352\"><audio controlslist=\"nodownload\" data-product=\"3352\"  volume=\"1\"  preload=\"none\" data-lazyloading=\"none\" class=\"wcmp-player track mejs-classic\" data-duration=\"0:32\" data-estimated_duration=\"4\"><source src=\"https:\/\/www.sunkaraoke.hu\/wp-content\/uploads\/2022\/08\/En-a-teglagyar_demooo.mp3\" type=\"audio\/mp3\" \/><\/audio><\/div>Tajtiboy &#8211; \u00c9n a t\u00e9glagy\u00e1rban lakom (Original)"},"content":{"rendered":"<p><strong>03:21<\/strong> | <strong><img loading=\"lazy\" decoding=\"async\" class=\"alignnone size-full wp-image-467\" src=\"https:\/\/www.sunkaraoke.hu\/wp-content\/uploads\/2022\/07\/choir_2-copy.webp\" alt=\"\" width=\"30\" height=\"30\" \/> <\/strong><\/p>\n","protected":false},"excerpt":{"rendered":"<h6><strong>Bits\u0171r\u0171s\u00e9g: 320<\/strong>kb\/s<strong><br \/>\n<\/strong><strong>Hossz: <\/strong>03:21<strong><br \/>\n<\/strong><strong style=\"font-size: 16px;\">Vok\u00e1lt tartalmaz: <\/strong>Nem <img loading=\"lazy\" decoding=\"async\" class=\"alignnone size-full wp-image-467\" src=\"http:\/\/www.sunkaraoke.hu\/wp-content\/uploads\/2022\/07\/choir_2-copy.png\" alt=\"\" width=\"30\" height=\"30\" \/><strong style=\"font-size: 16px;\"><br \/>\n<\/strong><\/h6>\n<p>Sunkaraoke mp3 st\u00fadi\u00f3 \/ www.sunkaraoke.hu \/ Inf: Tel: 06 20 4275001<\/p>\n<p>&#8212;Int\u00f3&#8212;<br \/>\nVan egy pip\u00e1m, egy kalapom,<br \/>\n\u00e9n a t\u00e9glagy\u00e1rban lakom.<br \/>\nOnnan tudj\u00e1k, hogy ott lakom,<br \/>\nt\u00e9glaporos a kalapom.<\/p>\n<p>V\u00e9get \u00e9rtek m\u00e9zes hetet,<br \/>\nasszony mit csin\u00e1ljak veled?<br \/>\nSzedd \u00f6ssze a s\u00e1torf\u00e1dat,<br \/>\nl\u00e1togasd meg az any\u00e1dat!<br \/>\n&#8212;Sz\u00f3l\u00f3&#8212;<br \/>\nNem kell a Mikit b\u00e1ntani,<br \/>\np\u00e1link\u00e1val kell k\u00edn\u00e1lni.<br \/>\nHa p\u00e1linka nem kell neki,<br \/>\nsz\u00e9p asszony kell neki.<\/p>\n<p>Van nekem egy cs\u00edkos gaty\u00e1m,<br \/>\nabba hordom a ceruz\u00e1m.<br \/>\nMinden este \u00edrok vele,<br \/>\nm\u00e9g se kopik el a hegye.<br \/>\n&#8212;Sz\u00f3l\u00f3&#8212;<br \/>\nNem tudj\u00e1tok hogy ki vagyok,<br \/>\nMukinak a Mukinak a fia vagyok,<br \/>\nr\u00e1n\u00e9zek a csillog\u00f3 szemedre,<br \/>\na sz\u00edvemet teszem \u00e9n a kezedbe.<\/p>\n<p>Gyere kisl\u00e1ny \u00f6lelj \u00e1t,<br \/>\nveszek neked veszek neked sz\u00e9p ruh\u00e1t.<br \/>\nElviszlek a cig\u00e1nyb\u00e1lba t\u00e9ged,<br \/>\n\u00e1tmulatjuk egy\u00fctt ezt az \u00e9jszak\u00e1t.<br \/>\n&#8212;Sz\u00f3l\u00f3&#8212;<br \/>\nT\u00e1ncolj t\u00e1ncolj cig\u00e1nyl\u00e1ny,<br \/>\nez az \u00e9let, ez az \u00e9let oly vid\u00e1m.<br \/>\nR\u00e1n\u00e9zek a csillog\u00f3 szemedre,<br \/>\n\u00e1tmulatjuk egy\u00fctt ezt az \u00e9jszak\u00e1t.<\/p>\n<p>Nem tudj\u00e1tok hogy ki vagyok,<br \/>\nMukinak a Mukinak a fia vagyok,<br \/>\nr\u00e1n\u00e9zek a csillog\u00f3 szemedre,<br \/>\na sz\u00edvemet teszem \u00e9n a kezedbe.<\/p>\n<p>Csin\u00e1ld csin\u00e1ld , j\u00f3l csin\u00e1ld,<br \/>\nveszek neked , veszek neked, p\u00e1link\u00e1t.<br \/>\nR\u00e1n\u00e9zek a csillog\u00f3 szemedre,<br \/>\n\u00e1tmulatjuk egy\u00fctt ezt az \u00e9jszak\u00e1t.<br \/>\nR\u00e1n\u00e9zek a csillog\u00f3 szemedre,<br \/>\n\u00e1tmulatjuk egy\u00fctt ezt az \u00e9jszak\u00e1t.<br \/>\n&#8212;V\u00e9ge&#8212;<\/p>\n","protected":false},"featured_media":9020,"template":"","meta":{"site-sidebar-layout":"default","site-content-layout":"default","ast-site-content-layout":"default","site-content-style":"default","site-sidebar-style":"default","ast-global-header-display":"","ast-banner-title-visibility":"","ast-main-header-display":"","ast-hfb-above-header-display":"","ast-hfb-below-header-display":"","ast-hfb-mobile-header-display":"","site-post-title":"","ast-breadcrumbs-content":"","ast-featured-img":"","footer-sml-layout":"","theme-transparent-header-meta":"default","adv-header-id-meta":"","stick-header-meta":"","header-above-stick-meta":"","header-main-stick-meta":"","header-below-stick-meta":"","astra-migrate-meta-layouts":"set","ast-page-background-enabled":"default","ast-page-background-meta":{"desktop":{"background-color":"var(--ast-global-color-4)","background-image":"","background-repeat":"repeat","background-position":"center center","background-size":"auto","background-attachment":"scroll","background-type":"","background-media":"","overlay-type":"","overlay-color":"","overlay-opacity":"","overlay-gradient":""},"tablet":{"background-color":"","background-image":"","background-repeat":"repeat","background-position":"center center","background-size":"auto","background-attachment":"scroll","background-type":"","background-media":"","overlay-type":"","overlay-color":"","overlay-opacity":"","overlay-gradient":""},"mobile":{"background-color":"","background-image":"","background-repeat":"repeat","background-position":"center center","background-size":"auto","background-attachment":"scroll","background-type":"","background-media":"","overlay-type":"","overlay-color":"","overlay-opacity":"","overlay-gradient":""}},"ast-content-background-meta":{"desktop":{"background-color":"var(--ast-global-color-5)","background-image":"","background-repeat":"repeat","background-position":"center center","background-size":"auto","background-attachment":"scroll","background-type":"","background-media":"","overlay-type":"","overlay-color":"","overlay-opacity":"","overlay-gradient":""},"tablet":{"background-color":"var(--ast-global-color-5)","background-image":"","background-repeat":"repeat","background-position":"center center","background-size":"auto","background-attachment":"scroll","background-type":"","background-media":"","overlay-type":"","overlay-color":"","overlay-opacity":"","overlay-gradient":""},"mobile":{"background-color":"var(--ast-global-color-5)","background-image":"","background-repeat":"repeat","background-position":"center center","background-size":"auto","background-attachment":"scroll","background-type":"","background-media":"","overlay-type":"","overlay-color":"","overlay-opacity":"","overlay-gradient":""}}},"product_cat":[52],"product_tag":[],"class_list":["post-3352","product","type-product","status-publish","has-post-thumbnail","hentry","product_cat-tajtiboy","desktop-align-left","tablet-align-left","mobile-align-left"],"_links":{"self":[{"href":"https:\/\/www.sunkaraoke.hu\/index.php\/wp-json\/wp\/v2\/product\/3352","targetHints":{"allow":["GET"]}}],"collection":[{"href":"https:\/\/www.sunkaraoke.hu\/index.php\/wp-json\/wp\/v2\/product"}],"about":[{"href":"https:\/\/www.sunkaraoke.hu\/index.php\/wp-json\/wp\/v2\/types\/product"}],"wp:featuredmedia":[{"embeddable":true,"href":"https:\/\/www.sunkaraoke.hu\/index.php\/wp-json\/wp\/v2\/media\/9020"}],"wp:attachment":[{"href":"https:\/\/www.sunkaraoke.hu\/index.php\/wp-json\/wp\/v2\/media?parent=3352"}],"wp:term":[{"taxonomy":"product_cat","embeddable":true,"href":"https:\/\/www.sunkaraoke.hu\/index.php\/wp-json\/wp\/v2\/product_cat?post=3352"},{"taxonomy":"product_tag","embeddable":true,"href":"https:\/\/www.sunkaraoke.hu\/index.php\/wp-json\/wp\/v2\/product_tag?post=3352"}],"curies":[{"name":"wp","href":"https:\/\/api.w.org\/{rel}","templated":true}]}}