{"id":3350,"date":"2022-08-08T20:46:18","date_gmt":"2022-08-08T20:46:18","guid":{"rendered":"https:\/\/www.sunkaraoke.hu\/index.php\/termek\/tajtiboy-celfoto\/"},"modified":"2025-04-05T04:22:43","modified_gmt":"2025-04-05T04:22:43","slug":"tajtiboy-celfoto","status":"publish","type":"product","link":"https:\/\/www.sunkaraoke.hu\/index.php\/termek\/tajtiboy-celfoto\/","title":{"rendered":"<div class=\"wcmp-player-container product-3350\"><audio controlslist=\"nodownload\" data-product=\"3350\"  volume=\"1\"  preload=\"none\" data-lazyloading=\"none\" class=\"wcmp-player track mejs-classic\" data-duration=\"0:32\" data-estimated_duration=\"4\"><source src=\"https:\/\/www.sunkaraoke.hu\/wp-content\/uploads\/2022\/08\/Celfoto-voc-Tajtydemooo.mp3\" type=\"audio\/mp3\" \/><\/audio><\/div>Tajtiboy &#8211; C\u00e9lfot\u00f3 (Original)"},"content":{"rendered":"<p><strong>04:22<\/strong> | <strong><img loading=\"lazy\" decoding=\"async\" class=\"alignnone size-full wp-image-466\" src=\"https:\/\/www.sunkaraoke.hu\/wp-content\/uploads\/2022\/07\/choir_1-copy.webp\" alt=\"\" width=\"30\" height=\"30\" \/> <\/strong><\/p>\n","protected":false},"excerpt":{"rendered":"<h6><strong>Bits\u0171r\u0171s\u00e9g: 320<\/strong>kb\/s<strong><br \/>\n<\/strong><strong>Hossz: <\/strong>04:22<strong><br \/>\n<\/strong><strong style=\"font-size: 16px;\">Vok\u00e1lt tartalmaz: <\/strong>Igen <img loading=\"lazy\" decoding=\"async\" class=\"alignnone size-full wp-image-466\" src=\"http:\/\/www.sunkaraoke.hu\/wp-content\/uploads\/2022\/07\/choir_1-copy.png\" alt=\"\" width=\"30\" height=\"30\" \/><strong style=\"font-size: 16px;\"><br \/>\n<\/strong><\/h6>\n<p>Sunkaraoke mp3 st\u00fadi\u00f3 \/ www.sunkaraoke.hu \/ Inf: Tel: 06 20 4275001<\/p>\n<p>&#8212;Intr\u00f3&#8212;<br \/>\nNem kell c\u00e9lfot\u00f3, nem kell c\u00e9lszalag,<br \/>\nhozz\u00e1d \u00e9rek \u00e9n, n\u00e9h\u00e1ny perc alatt.<br \/>\nNem kell c\u00e9lfot\u00f3, nincs sok versenyem,<br \/>\nnincs m\u00e1s indul\u00f3, biztos megnyerem.<\/p>\n<p>Az utca t\u00fals\u00f3 oldal\u00e1n egy l\u00e1ny szeret,<br \/>\n\u00e9s gyakran int az ablak\u00e1b\u00f3l,<br \/>\n\u00e9s f\u00e9lve azt mutatja, n\u00e1lunk nem lehet,<br \/>\nakkor majd tal\u00e1lkozunk m\u00e1shol.<\/p>\n<p>Nem kell c\u00e9lfot\u00f3, nem kell c\u00e9lszalag,<br \/>\nhozz\u00e1d \u00e9rek \u00e9n, n\u00e9h\u00e1ny perc alatt.<br \/>\nNem kell c\u00e9lfot\u00f3, nincs sok versenyem,<br \/>\nnincs m\u00e1s indul\u00f3, biztos megnyerem.<\/p>\n<p>Ha m\u00e9gis r\u00e1j\u00f6v\u00f6k, hogy nincs ellenfelem,<br \/>\na c\u00e9lt\u00f3l \u0151 sem lakik t\u00e1vol.<br \/>\nKi volt az els\u0151 \u00e9n m\u00e1r nem is eml\u00e9kszem,<br \/>\ntal\u00e1lok m\u00e1st a szomsz\u00e9d h\u00e1zb\u00f3l.<\/p>\n<p>Nem kell c\u00e9lfot\u00f3, nem kell c\u00e9lszalag,<br \/>\nhozz\u00e1d \u00e9rek \u00e9n, n\u00e9h\u00e1ny perc alatt.<br \/>\nNem kell c\u00e9lfot\u00f3, nincs sok versenyem,<br \/>\nnincs m\u00e1s indul\u00f3, biztos megnyerem.<\/p>\n<p>Az utca t\u00fals\u00f3 oldal\u00e1n egy l\u00e1ny szeret,<br \/>\n\u00e9s gyakran int az ablak\u00e1b\u00f3l,<br \/>\n\u00e9s f\u00e9lve azt mutatja, n\u00e1lunk nem lehet,<br \/>\nakkor majd tal\u00e1lkozunk m\u00e1shol.<br \/>\n&#8212;Sz\u00f3l\u00f3&#8212;<\/p>\n<p>Nem kell c\u00e9lfot\u00f3, nem kell c\u00e9lszalag,<br \/>\nhozz\u00e1d \u00e9rek \u00e9n, n\u00e9h\u00e1ny perc alatt.<br \/>\nNem kell c\u00e9lfot\u00f3, nincs sok versenyem,<br \/>\nnincs m\u00e1s indul\u00f3, biztos megnyerem.<br \/>\nNem kell c\u00e9lfot\u00f3, nem kell c\u00e9lszalag,<br \/>\nhozz\u00e1d \u00e9rek \u00e9n, n\u00e9h\u00e1ny perc alatt.<br \/>\nNem kell c\u00e9lfot\u00f3, nincs sok versenyem,<br \/>\nnincs m\u00e1s indul\u00f3, biztos megnyerem.<br \/>\n&#8212;V\u00e9ge&#8212;<\/p>\n","protected":false},"featured_media":9020,"template":"","meta":{"site-sidebar-layout":"default","site-content-layout":"default","ast-site-content-layout":"default","site-content-style":"default","site-sidebar-style":"default","ast-global-header-display":"","ast-banner-title-visibility":"","ast-main-header-display":"","ast-hfb-above-header-display":"","ast-hfb-below-header-display":"","ast-hfb-mobile-header-display":"","site-post-title":"","ast-breadcrumbs-content":"","ast-featured-img":"","footer-sml-layout":"","theme-transparent-header-meta":"default","adv-header-id-meta":"","stick-header-meta":"","header-above-stick-meta":"","header-main-stick-meta":"","header-below-stick-meta":"","astra-migrate-meta-layouts":"set","ast-page-background-enabled":"default","ast-page-background-meta":{"desktop":{"background-color":"var(--ast-global-color-4)","background-image":"","background-repeat":"repeat","background-position":"center center","background-size":"auto","background-attachment":"scroll","background-type":"","background-media":"","overlay-type":"","overlay-color":"","overlay-opacity":"","overlay-gradient":""},"tablet":{"background-color":"","background-image":"","background-repeat":"repeat","background-position":"center center","background-size":"auto","background-attachment":"scroll","background-type":"","background-media":"","overlay-type":"","overlay-color":"","overlay-opacity":"","overlay-gradient":""},"mobile":{"background-color":"","background-image":"","background-repeat":"repeat","background-position":"center center","background-size":"auto","background-attachment":"scroll","background-type":"","background-media":"","overlay-type":"","overlay-color":"","overlay-opacity":"","overlay-gradient":""}},"ast-content-background-meta":{"desktop":{"background-color":"var(--ast-global-color-5)","background-image":"","background-repeat":"repeat","background-position":"center center","background-size":"auto","background-attachment":"scroll","background-type":"","background-media":"","overlay-type":"","overlay-color":"","overlay-opacity":"","overlay-gradient":""},"tablet":{"background-color":"var(--ast-global-color-5)","background-image":"","background-repeat":"repeat","background-position":"center center","background-size":"auto","background-attachment":"scroll","background-type":"","background-media":"","overlay-type":"","overlay-color":"","overlay-opacity":"","overlay-gradient":""},"mobile":{"background-color":"var(--ast-global-color-5)","background-image":"","background-repeat":"repeat","background-position":"center center","background-size":"auto","background-attachment":"scroll","background-type":"","background-media":"","overlay-type":"","overlay-color":"","overlay-opacity":"","overlay-gradient":""}}},"product_cat":[52],"product_tag":[],"class_list":["post-3350","product","type-product","status-publish","has-post-thumbnail","hentry","product_cat-tajtiboy","desktop-align-left","tablet-align-left","mobile-align-left"],"_links":{"self":[{"href":"https:\/\/www.sunkaraoke.hu\/index.php\/wp-json\/wp\/v2\/product\/3350","targetHints":{"allow":["GET"]}}],"collection":[{"href":"https:\/\/www.sunkaraoke.hu\/index.php\/wp-json\/wp\/v2\/product"}],"about":[{"href":"https:\/\/www.sunkaraoke.hu\/index.php\/wp-json\/wp\/v2\/types\/product"}],"wp:featuredmedia":[{"embeddable":true,"href":"https:\/\/www.sunkaraoke.hu\/index.php\/wp-json\/wp\/v2\/media\/9020"}],"wp:attachment":[{"href":"https:\/\/www.sunkaraoke.hu\/index.php\/wp-json\/wp\/v2\/media?parent=3350"}],"wp:term":[{"taxonomy":"product_cat","embeddable":true,"href":"https:\/\/www.sunkaraoke.hu\/index.php\/wp-json\/wp\/v2\/product_cat?post=3350"},{"taxonomy":"product_tag","embeddable":true,"href":"https:\/\/www.sunkaraoke.hu\/index.php\/wp-json\/wp\/v2\/product_tag?post=3350"}],"curies":[{"name":"wp","href":"https:\/\/api.w.org\/{rel}","templated":true}]}}