{"id":3347,"date":"2022-08-08T20:46:18","date_gmt":"2022-08-08T20:46:18","guid":{"rendered":"https:\/\/www.sunkaraoke.hu\/index.php\/termek\/slager-tibo-csavargo-zenesz\/"},"modified":"2025-04-03T15:08:15","modified_gmt":"2025-04-03T15:08:15","slug":"slager-tibo-csavargo-zenesz","status":"publish","type":"product","link":"https:\/\/www.sunkaraoke.hu\/index.php\/termek\/slager-tibo-csavargo-zenesz\/","title":{"rendered":"<div class=\"wcmp-player-container product-3347\"><audio controlslist=\"nodownload\" data-product=\"3347\"  volume=\"1\"  preload=\"none\" data-lazyloading=\"none\" class=\"wcmp-player track mejs-classic\" data-duration=\"0:32\" data-estimated_duration=\"4\"><source src=\"https:\/\/www.sunkaraoke.hu\/wp-content\/uploads\/2022\/08\/Csavargo-zenesz-kdemoo.mp3\" type=\"audio\/mp3\" \/><\/audio><\/div>Sl\u00e1ger Tib\u00f3 &#8211; Csavarg\u00f3 zen\u00e9sz (Original)"},"content":{"rendered":"<p><strong>03:31<\/strong> | <strong><img loading=\"lazy\" decoding=\"async\" class=\"alignnone size-full wp-image-466\" src=\"https:\/\/www.sunkaraoke.hu\/wp-content\/uploads\/2022\/07\/choir_1-copy.webp\" alt=\"\" width=\"30\" height=\"30\" \/> <\/strong><\/p>\n","protected":false},"excerpt":{"rendered":"<h6><strong>Bits\u0171r\u0171s\u00e9g: 320k<\/strong>b\/s<strong><br \/>\n<\/strong><strong>Hossz: <\/strong>03:31<strong><br \/>\n<\/strong><strong style=\"font-size: 16px;\">Vok\u00e1lt tartalmaz: <\/strong>Igen <img loading=\"lazy\" decoding=\"async\" class=\"alignnone size-full wp-image-466\" src=\"http:\/\/www.sunkaraoke.hu\/wp-content\/uploads\/2022\/07\/choir_1-copy.png\" alt=\"\" width=\"30\" height=\"30\" \/><strong style=\"font-size: 16px;\"><br \/>\n<\/strong><\/h6>\n<p>Sunkaraoke mp3 st\u00fadi\u00f3 \/ www.sunkaraoke.hu \/ Inf: Tel: 06 20 4275001<\/p>\n<p>&#8212;Intr\u00f3&#8212;<br \/>\nCsavarg\u00f3 zen\u00e9szk\u00e9nt \u00e9lek,<br \/>\nnekem a sz\u00e9l muzsik\u00e1l,<br \/>\ncsillog a k\u00e9t szemem,nevetek mindenen,<br \/>\nsz\u00edvem a sz\u00edvedre v\u00e1r.<br \/>\nCsillog a k\u00e9t szemem,\u00fcres a k\u00e9t zsebem,<br \/>\nmulatunk egy\u00fctt bab\u00e1m.<\/p>\n<p>Ma v\u00e9gre vid\u00e1m a kedvem,<br \/>\nzend\u00fcl a zene a t\u00e1nc,<br \/>\nam\u00edg a n\u00f3ta sz\u00e1ll, addig a sz\u00edv se f\u00e1j,<br \/>\nmulatunk egy\u00fctt bab\u00e1m.<br \/>\nAm\u00edg a n\u00f3ta sz\u00e1ll, addig a sz\u00edv se f\u00e1j,<br \/>\nmulatunk egy\u00fctt bab\u00e1m.<br \/>\n&#8212;Sz\u00f3l\u00f3&#8212;<br \/>\nCsak veled j\u00e1rom a t\u00e1ncot,<br \/>\nhaza m\u00e1r senki se v\u00e1r,<br \/>\na vonat nem hagy itt, maradok hajnalig,<br \/>\nmulatunk egy\u00fctt bab\u00e1m.<br \/>\nA vonat nem hagy itt, maradok hajnalig,<br \/>\nmulatunk egy\u00fctt bab\u00e1m.<\/p>\n<p>Ma v\u00e9gre vid\u00e1m a kedvem,<br \/>\nzend\u00fcl a zene a t\u00e1nc,<br \/>\nam\u00edg a n\u00f3ta sz\u00e1ll, addig a sz\u00edv se f\u00e1j,<br \/>\nmulatunk egy\u00fctt bab\u00e1m.<br \/>\nAm\u00edg a n\u00f3ta sz\u00e1ll, addig a sz\u00edv se f\u00e1j,<br \/>\nmulatunk egy\u00fctt bab\u00e1m.<br \/>\n&#8212;Sz\u00f3l\u00f3&#8212;<\/p>\n<p>Csavarg\u00f3 zen\u00e9szk\u00e9nt \u00e9lek,<br \/>\nnekem a sz\u00e9l muzsik\u00e1l,<br \/>\ncsillog a k\u00e9t szemem,nevetek mindenen,<br \/>\nsz\u00edvem a sz\u00edvedre v\u00e1r.<br \/>\nCsillog a k\u00e9t szemem,\u00fcres a k\u00e9t zsebem,<br \/>\nmulatunk egy\u00fctt bab\u00e1m.<\/p>\n<p>Ma v\u00e9gre vid\u00e1m a kedvem,<br \/>\nzend\u00fcl a zene a t\u00e1nc,<br \/>\nam\u00edg a n\u00f3ta sz\u00e1ll, addig a sz\u00edv se f\u00e1j,<br \/>\nmulatunk egy\u00fctt bab\u00e1m.<br \/>\nAm\u00edg a n\u00f3ta sz\u00e1ll, addig a sz\u00edv se f\u00e1j,<br \/>\nmulatunk egy\u00fctt bab\u00e1m.<br \/>\n&#8212;Sz\u00f3l\u00f3&#8212;<br \/>\nCsak veled j\u00e1rom a t\u00e1ncot,<br \/>\nhaza m\u00e1r senki se v\u00e1r,<br \/>\na vonat nem hagy itt, maradok hajnalig,<br \/>\nmulatunk egy\u00fctt bab\u00e1m.<br \/>\nA vonat nem hagy itt, maradok hajnalig,<br \/>\nmulatunk egy\u00fctt bab\u00e1m.<\/p>\n<p>Ma v\u00e9gre vid\u00e1m a kedvem,<br \/>\nzend\u00fcl a zene a t\u00e1nc,<br \/>\nam\u00edg a n\u00f3ta sz\u00e1ll, addig a sz\u00edv se f\u00e1j,<br \/>\nmulatunk egy\u00fctt bab\u00e1m.<br \/>\nAm\u00edg a n\u00f3ta sz\u00e1ll, addig a sz\u00edv se f\u00e1j,<br \/>\nmulatunk egy\u00fctt bab\u00e1m.<br \/>\n&#8212;V\u00e9ge&#8212;<\/p>\n","protected":false},"featured_media":9289,"template":"","meta":{"site-sidebar-layout":"default","site-content-layout":"default","ast-site-content-layout":"default","site-content-style":"default","site-sidebar-style":"default","ast-global-header-display":"","ast-banner-title-visibility":"","ast-main-header-display":"","ast-hfb-above-header-display":"","ast-hfb-below-header-display":"","ast-hfb-mobile-header-display":"","site-post-title":"","ast-breadcrumbs-content":"","ast-featured-img":"","footer-sml-layout":"","theme-transparent-header-meta":"default","adv-header-id-meta":"","stick-header-meta":"","header-above-stick-meta":"","header-main-stick-meta":"","header-below-stick-meta":"","astra-migrate-meta-layouts":"set","ast-page-background-enabled":"default","ast-page-background-meta":{"desktop":{"background-color":"var(--ast-global-color-4)","background-image":"","background-repeat":"repeat","background-position":"center center","background-size":"auto","background-attachment":"scroll","background-type":"","background-media":"","overlay-type":"","overlay-color":"","overlay-opacity":"","overlay-gradient":""},"tablet":{"background-color":"","background-image":"","background-repeat":"repeat","background-position":"center center","background-size":"auto","background-attachment":"scroll","background-type":"","background-media":"","overlay-type":"","overlay-color":"","overlay-opacity":"","overlay-gradient":""},"mobile":{"background-color":"","background-image":"","background-repeat":"repeat","background-position":"center center","background-size":"auto","background-attachment":"scroll","background-type":"","background-media":"","overlay-type":"","overlay-color":"","overlay-opacity":"","overlay-gradient":""}},"ast-content-background-meta":{"desktop":{"background-color":"var(--ast-global-color-5)","background-image":"","background-repeat":"repeat","background-position":"center center","background-size":"auto","background-attachment":"scroll","background-type":"","background-media":"","overlay-type":"","overlay-color":"","overlay-opacity":"","overlay-gradient":""},"tablet":{"background-color":"var(--ast-global-color-5)","background-image":"","background-repeat":"repeat","background-position":"center center","background-size":"auto","background-attachment":"scroll","background-type":"","background-media":"","overlay-type":"","overlay-color":"","overlay-opacity":"","overlay-gradient":""},"mobile":{"background-color":"var(--ast-global-color-5)","background-image":"","background-repeat":"repeat","background-position":"center center","background-size":"auto","background-attachment":"scroll","background-type":"","background-media":"","overlay-type":"","overlay-color":"","overlay-opacity":"","overlay-gradient":""}}},"product_cat":[46],"product_tag":[],"class_list":["post-3347","product","type-product","status-publish","has-post-thumbnail","hentry","product_cat-eredeti-karaoke-dalok","desktop-align-left","tablet-align-left","mobile-align-left"],"_links":{"self":[{"href":"https:\/\/www.sunkaraoke.hu\/index.php\/wp-json\/wp\/v2\/product\/3347","targetHints":{"allow":["GET"]}}],"collection":[{"href":"https:\/\/www.sunkaraoke.hu\/index.php\/wp-json\/wp\/v2\/product"}],"about":[{"href":"https:\/\/www.sunkaraoke.hu\/index.php\/wp-json\/wp\/v2\/types\/product"}],"wp:featuredmedia":[{"embeddable":true,"href":"https:\/\/www.sunkaraoke.hu\/index.php\/wp-json\/wp\/v2\/media\/9289"}],"wp:attachment":[{"href":"https:\/\/www.sunkaraoke.hu\/index.php\/wp-json\/wp\/v2\/media?parent=3347"}],"wp:term":[{"taxonomy":"product_cat","embeddable":true,"href":"https:\/\/www.sunkaraoke.hu\/index.php\/wp-json\/wp\/v2\/product_cat?post=3347"},{"taxonomy":"product_tag","embeddable":true,"href":"https:\/\/www.sunkaraoke.hu\/index.php\/wp-json\/wp\/v2\/product_tag?post=3347"}],"curies":[{"name":"wp","href":"https:\/\/api.w.org\/{rel}","templated":true}]}}