{"id":3319,"date":"2022-08-08T20:46:16","date_gmt":"2022-08-08T20:46:16","guid":{"rendered":"https:\/\/www.sunkaraoke.hu\/index.php\/termek\/slager-tibo-nem-nem\/"},"modified":"2025-04-08T05:17:07","modified_gmt":"2025-04-08T05:17:07","slug":"slager-tibo-nem-nem","status":"publish","type":"product","link":"https:\/\/www.sunkaraoke.hu\/index.php\/termek\/slager-tibo-nem-nem\/","title":{"rendered":"<div class=\"wcmp-player-container product-3319\"><audio controlslist=\"nodownload\" data-product=\"3319\"  volume=\"1\"  preload=\"none\" data-lazyloading=\"none\" class=\"wcmp-player track mejs-classic\" data-duration=\"0:34\" data-estimated_duration=\"4\"><source src=\"https:\/\/www.sunkaraoke.hu\/wp-content\/uploads\/2022\/08\/Nem-nem-Slager-T-demoo.mp3\" type=\"audio\/mp3\" \/><\/audio><\/div>Sl\u00e1ger Tib\u00f3 &#8211; Nem nem (Original)"},"content":{"rendered":"<p><strong>03:15<\/strong> | <strong><img loading=\"lazy\" decoding=\"async\" class=\"alignnone size-full wp-image-466\" src=\"https:\/\/www.sunkaraoke.hu\/wp-content\/uploads\/2022\/07\/choir_1-copy.webp\" alt=\"\" width=\"30\" height=\"30\" \/> <\/strong><\/p>\n","protected":false},"excerpt":{"rendered":"<h6><strong>Bits\u0171r\u0171s\u00e9g: 320<\/strong>kb\/s<strong><br \/>\n<\/strong><strong>Hossz: <\/strong>03:15<strong><br \/>\n<\/strong><strong style=\"font-size: 16px;\">Vok\u00e1lt tartalmaz: <\/strong>Igen <img loading=\"lazy\" decoding=\"async\" class=\"alignnone size-full wp-image-466\" src=\"http:\/\/www.sunkaraoke.hu\/wp-content\/uploads\/2022\/07\/choir_1-copy.png\" alt=\"\" width=\"30\" height=\"30\" \/><strong style=\"font-size: 16px;\"><br \/>\n<\/strong><\/h6>\n<p>Sunkaraoke mp3 st\u00fadi\u00f3 \/ www.sunkaraoke.hu \/ Inf: Tel: 06 20 4275001<\/p>\n<p>&#8212;Intr\u00f3&#8212;<br \/>\nRohan az \u00e9let\u00fcnk, elm\u00falnak \u00e9veink,<br \/>\nsemmire nincs id\u0151,<br \/>\n\u00f6sszemos\u00f3dik a szem\u00fcnk el\u0151tt,<br \/>\nm\u00falt, jelen, j\u00f6v\u0151!<br \/>\nOly gyorsan v\u00e1ltozik ez a vil\u00e1g,<br \/>\nsemmi sem \u00e1lland\u00f3,<br \/>\ncsak te maradt\u00e1l aki v\u00edgasztal,<br \/>\nmert hozz\u00e1d b\u00fajni j\u00f3.<\/p>\n<p>Ez\u00e9rt h\u00e1t nem-nem, nem tudlak elfeledni!<br \/>\nNem-nem, nem tudn\u00e9k m\u00e1st szeretni,<br \/>\nhisz n\u00e9ked jutott az \u00e9letemb\u0151l, minden boldogs\u00e1g.<br \/>\nHa tudn\u00e1d h\u00e1nyszor j\u00e1rtam \u00e1lmomban n\u00e1lad,<br \/>\nk\u00e9rdezd meg az orgon\u00e1kat,<br \/>\naki szeret, mindig megbocs\u00e1jt.<br \/>\nHa tudn\u00e1d h\u00e1nyszor s\u00edrtam \u00e1t \u00e9jszak\u00e1kat,<br \/>\nk\u00e9rdezd meg az orgon\u00e1kat,<br \/>\naki szeret, mindig megbocs\u00e1jt.<br \/>\n&#8212;Sz\u00f3l\u00f3&#8212;<br \/>\nRohan az \u00e9let\u00fcnk, elm\u00falnak \u00e9veink,<br \/>\nsemmire nincs id\u0151,<br \/>\n\u00f6sszemos\u00f3dik a szem\u00fcnk el\u0151tt,<br \/>\nm\u00falt, jelen, j\u00f6v\u0151!<br \/>\nOly gyorsan v\u00e1ltozik ez a vil\u00e1g,<br \/>\nsemmi sem \u00e1lland\u00f3,<br \/>\ncsak te maradt\u00e1l aki v\u00edgasztal,<br \/>\nmert hozz\u00e1d b\u00fajni j\u00f3.<\/p>\n<p>Ez\u00e9rt h\u00e1t nem-nem, nem tudlak elfeledni!<br \/>\nNem-nem, nem tudn\u00e9k m\u00e1st szeretni,<br \/>\nhisz n\u00e9ked jutott az \u00e9letemb\u0151l, minden boldogs\u00e1g.<br \/>\nHa tudn\u00e1d h\u00e1nyszor j\u00e1rtam \u00e1lmomban n\u00e1lad,<br \/>\nk\u00e9rdezd meg az orgon\u00e1kat,<br \/>\naki szeret, mindig megbocs\u00e1jt.<br \/>\nHa tudn\u00e1d h\u00e1nyszor s\u00edrtam \u00e1t \u00e9jszak\u00e1kat,<br \/>\nk\u00e9rdezd meg az orgon\u00e1kat,<br \/>\naki szeret, mindig megbocs\u00e1jt.<br \/>\nEz\u00e9rt h\u00e1t nem-nem, nem tudlak elfeledni!<br \/>\nNem-nem, nem tudn\u00e9k m\u00e1st szeretni,<br \/>\nhisz n\u00e9ked jutott az \u00e9letemb\u0151l, minden boldogs\u00e1g.<br \/>\nHa tudn\u00e1d h\u00e1nyszor j\u00e1rtam \u00e1lmomban n\u00e1lad,<br \/>\nk\u00e9rdezd meg az orgon\u00e1kat,<br \/>\naki szeret, mindig megbocs\u00e1jt.<br \/>\nHa tudn\u00e1d h\u00e1nyszor s\u00edrtam \u00e1t \u00e9jszak\u00e1kat,<br \/>\nk\u00e9rdezd meg az orgon\u00e1kat,<br \/>\naki szeret, mindig megbocs\u00e1jt.<br \/>\n&#8212;V\u00e9ge&#8212;<\/p>\n","protected":false},"featured_media":9289,"template":"","meta":{"site-sidebar-layout":"default","site-content-layout":"default","ast-site-content-layout":"default","site-content-style":"default","site-sidebar-style":"default","ast-global-header-display":"","ast-banner-title-visibility":"","ast-main-header-display":"","ast-hfb-above-header-display":"","ast-hfb-below-header-display":"","ast-hfb-mobile-header-display":"","site-post-title":"","ast-breadcrumbs-content":"","ast-featured-img":"","footer-sml-layout":"","theme-transparent-header-meta":"default","adv-header-id-meta":"","stick-header-meta":"","header-above-stick-meta":"","header-main-stick-meta":"","header-below-stick-meta":"","astra-migrate-meta-layouts":"set","ast-page-background-enabled":"default","ast-page-background-meta":{"desktop":{"background-color":"var(--ast-global-color-4)","background-image":"","background-repeat":"repeat","background-position":"center center","background-size":"auto","background-attachment":"scroll","background-type":"","background-media":"","overlay-type":"","overlay-color":"","overlay-opacity":"","overlay-gradient":""},"tablet":{"background-color":"","background-image":"","background-repeat":"repeat","background-position":"center center","background-size":"auto","background-attachment":"scroll","background-type":"","background-media":"","overlay-type":"","overlay-color":"","overlay-opacity":"","overlay-gradient":""},"mobile":{"background-color":"","background-image":"","background-repeat":"repeat","background-position":"center center","background-size":"auto","background-attachment":"scroll","background-type":"","background-media":"","overlay-type":"","overlay-color":"","overlay-opacity":"","overlay-gradient":""}},"ast-content-background-meta":{"desktop":{"background-color":"var(--ast-global-color-5)","background-image":"","background-repeat":"repeat","background-position":"center center","background-size":"auto","background-attachment":"scroll","background-type":"","background-media":"","overlay-type":"","overlay-color":"","overlay-opacity":"","overlay-gradient":""},"tablet":{"background-color":"var(--ast-global-color-5)","background-image":"","background-repeat":"repeat","background-position":"center center","background-size":"auto","background-attachment":"scroll","background-type":"","background-media":"","overlay-type":"","overlay-color":"","overlay-opacity":"","overlay-gradient":""},"mobile":{"background-color":"var(--ast-global-color-5)","background-image":"","background-repeat":"repeat","background-position":"center center","background-size":"auto","background-attachment":"scroll","background-type":"","background-media":"","overlay-type":"","overlay-color":"","overlay-opacity":"","overlay-gradient":""}}},"product_cat":[46],"product_tag":[],"class_list":["post-3319","product","type-product","status-publish","has-post-thumbnail","hentry","product_cat-eredeti-karaoke-dalok","desktop-align-left","tablet-align-left","mobile-align-left"],"_links":{"self":[{"href":"https:\/\/www.sunkaraoke.hu\/index.php\/wp-json\/wp\/v2\/product\/3319","targetHints":{"allow":["GET"]}}],"collection":[{"href":"https:\/\/www.sunkaraoke.hu\/index.php\/wp-json\/wp\/v2\/product"}],"about":[{"href":"https:\/\/www.sunkaraoke.hu\/index.php\/wp-json\/wp\/v2\/types\/product"}],"wp:featuredmedia":[{"embeddable":true,"href":"https:\/\/www.sunkaraoke.hu\/index.php\/wp-json\/wp\/v2\/media\/9289"}],"wp:attachment":[{"href":"https:\/\/www.sunkaraoke.hu\/index.php\/wp-json\/wp\/v2\/media?parent=3319"}],"wp:term":[{"taxonomy":"product_cat","embeddable":true,"href":"https:\/\/www.sunkaraoke.hu\/index.php\/wp-json\/wp\/v2\/product_cat?post=3319"},{"taxonomy":"product_tag","embeddable":true,"href":"https:\/\/www.sunkaraoke.hu\/index.php\/wp-json\/wp\/v2\/product_tag?post=3319"}],"curies":[{"name":"wp","href":"https:\/\/api.w.org\/{rel}","templated":true}]}}