{"id":3315,"date":"2022-08-08T20:46:16","date_gmt":"2022-08-08T20:46:16","guid":{"rendered":"https:\/\/www.sunkaraoke.hu\/index.php\/termek\/suzy-jolly-hofeher-orgonak\/"},"modified":"2026-02-14T15:46:24","modified_gmt":"2026-02-14T13:46:24","slug":"suzy-jolly-hofeher-orgonak","status":"publish","type":"product","link":"https:\/\/www.sunkaraoke.hu\/index.php\/termek\/suzy-jolly-hofeher-orgonak\/","title":{"rendered":"<div class=\"wcmp-player-container product-3315\"><audio controlslist=\"nodownload\" data-product=\"3315\"  volume=\"1\"  preload=\"none\" data-lazyloading=\"none\" class=\"wcmp-player track mejs-classic\" data-duration=\"0:33\" data-estimated_duration=\"4\"><source src=\"https:\/\/www.sunkaraoke.hu\/wp-content\/uploads\/2022\/08\/Hofeher-orgonak_demo.mp3\" type=\"audio\/mp3\" \/><\/audio><\/div>Suzy &#038; Jolly &#8211; H\u00f3feh\u00e9r orgon\u00e1k (Original)"},"content":{"rendered":"<p><strong>03:26<\/strong> | <strong><img loading=\"lazy\" decoding=\"async\" class=\"alignnone size-full wp-image-467\" src=\"https:\/\/www.sunkaraoke.hu\/wp-content\/uploads\/2022\/07\/choir_2-copy.webp\" alt=\"\" width=\"30\" height=\"30\" \/> <\/strong><\/p>\n","protected":false},"excerpt":{"rendered":"<h5>Bits\u0171r\u0171s\u00e9g: 196kb\/s<br \/>\nHossz: 03:26<br \/>\nVok\u00e1lt tartalmaz: Nem <img loading=\"lazy\" decoding=\"async\" class=\"alignnone size-full wp-image-467\" src=\"http:\/\/www.sunkaraoke.hu\/wp-content\/uploads\/2022\/07\/choir_2-copy.png\" alt=\"\" width=\"30\" height=\"30\" \/><strong style=\"font-size: 16px;\"><br \/>\n<\/strong><\/h5>\n<p>Sunkaraoke mp3 st\u00fadi\u00f3 \/ www.sunkaraoke.hu \/ Inf: Tel: 06 20 4275001<br \/>\n&#8212;Intr\u00f3&#8212;<br \/>\nL\u00e1j, l\u00e1 l\u00e1j, l\u00e1j, l\u00e1, l\u00e1, l\u00e1j, l\u00e1, l\u00e1j\u2026.<br \/>\nL\u00e1j, l\u00e1 l\u00e1j, l\u00e1j, l\u00e9, l\u00e9, l\u00e9j, l\u00e9, l\u00e9, l\u00e9j\u2026.<br \/>\nL\u00e1j, l\u00e1 l\u00e1j, l\u00e1j, l\u00e1, l\u00e1, l\u00e1j, l\u00e1, l\u00e1j\u2026.<br \/>\nL\u00e9j, l\u00e9j, l\u00e9, l\u00e9, l\u00e9j\u2026.<\/p>\n<p>H\u00f3feh\u00e9r orgon\u00e1k illatozzatok,<br \/>\nsz\u00edvembe boldogs\u00e1got mindig hozzatok!<br \/>\nHozd el a szerelmet, gy\u00f3gy\u00edtsd meg sz\u00edvemet,<br \/>\nhad legyen \u00fajra boldog az \u00e9n \u00e9letem.<\/p>\n<p>L\u00e1dilom-l\u00e1dilom, \u00e9jjelem sem nappalom,<br \/>\nmert \u00e9n csak r\u00e1d gondolok, s t\u00e9ged szeretlek nagyon.<br \/>\nL\u00e1dilom-l\u00e1dilom, cs\u00f3kjaiddal \u00e1lmodom,<br \/>\n\u00e9n a sz\u00edved akarom, t\u00e9ged szeretlek nagyon.<br \/>\nL\u00e1j, l\u00e1 l\u00e1j, l\u00e1j, l\u00e1, l\u00e1, l\u00e1j, l\u00e1, l\u00e1j\u2026.<br \/>\nL\u00e1j, l\u00e1 l\u00e1j, l\u00e1j, l\u00e9, l\u00e9, l\u00e9j, l\u00e9, l\u00e9, l\u00e9j\u2026.<br \/>\nL\u00e1j, l\u00e1 l\u00e1j, l\u00e1j, l\u00e1, l\u00e1, l\u00e1j, l\u00e1, l\u00e1j\u2026.<br \/>\nL\u00e9j, l\u00e9j, l\u00e9, l\u00e9, l\u00e9j\u2026.<\/p>\n<p>\u00c1lmatlan \u00e9jszak\u00e1k t\u00e9pik sz\u00edvemet,<br \/>\neszembe jutsz nekem, de mi\u00e9rt nem vagy velem?<br \/>\nBoldogs\u00e1g merre j\u00e1rsz, tudom, hogy r\u00e1m tal\u00e1lsz,<br \/>\nleszek m\u00e9g \u00fajra boldog k\u00e9t karodba t\u00e1n.<\/p>\n<p>L\u00e1dilom-l\u00e1dilom, \u00e9jjelem sem nappalom,<br \/>\nmert \u00e9n csak r\u00e1d gondolok, t\u00e9ged szeretlek nagyon.<br \/>\nL\u00e1dilom-l\u00e1dilom, cs\u00f3kjaiddal \u00e1lmodom,<br \/>\nhogy most hol j\u00e1rsz nem tudom, de kam\u00e1zlak nagyon.<br \/>\nL\u00e1j, l\u00e1 l\u00e1j, l\u00e1j, l\u00e1, l\u00e1, l\u00e1j, l\u00e1, l\u00e1j\u2026.<br \/>\nL\u00e1j, l\u00e1 l\u00e1j, l\u00e1j, l\u00e9, l\u00e9, l\u00e9j, l\u00e9, l\u00e9, l\u00e9j\u2026.<br \/>\nL\u00e1j, l\u00e1 l\u00e1j, l\u00e1j, l\u00e1, l\u00e1, l\u00e1j, l\u00e1, l\u00e1j\u2026.<br \/>\nL\u00e9j, l\u00e9j, l\u00e9, l\u00e9, l\u00e9j\u2026.<br \/>\n&#8212;Sz\u00f3l\u00f3&#8212;<br \/>\nL\u00e1j, l\u00e1 l\u00e1j, l\u00e1j, l\u00e1, l\u00e1, l\u00e1j, l\u00e1, l\u00e1j\u2026.<br \/>\nL\u00e1j, l\u00e1 l\u00e1j, l\u00e1j, l\u00e9, l\u00e9, l\u00e9j, l\u00e9, l\u00e9, l\u00e9j\u2026.<br \/>\nL\u00e1j, l\u00e1 l\u00e1j, l\u00e1j, l\u00e1, l\u00e1, l\u00e1j, l\u00e1, l\u00e1j\u2026.<br \/>\nL\u00e9j, l\u00e9j, l\u00e9, l\u00e9, l\u00e9j\u2026.<br \/>\nL\u00e1dilom-l\u00e1dilom, \u00e9jjelem sem nappalom,<br \/>\nmert \u00e9n csak r\u00e1d gondolok, s t\u00e9ged szeretlek nagyon.<br \/>\nL\u00e1dilom-l\u00e1dilom, cs\u00f3kjaiddal \u00e1lmodom,<br \/>\n\u00e9n a sz\u00edved akarom, t\u00e9ged szeretlek nagyon.<br \/>\nL\u00e1dilom-l\u00e1dilom, \u00e9jjelem sem nappalom,<br \/>\nmert \u00e9n csak r\u00e1d gondolok, s t\u00e9ged szeretlek nagyon.<br \/>\nL\u00e1dilom-l\u00e1dilom, cs\u00f3kjaiddal \u00e1lmodom,<br \/>\n\u00e9n a sz\u00edved akarom, t\u00e9ged szeretlek nagyon.<br \/>\n\u00c9n a sz\u00edved akarom, t\u00e9ged szeretlek nagyon.<br \/>\n\u00c9n a sz\u00edved akarom, t\u00e9ged szeretlek nagyon.<br \/>\n&#8212;V\u00e9ge&#8212;<\/p>\n","protected":false},"featured_media":9007,"template":"","meta":{"site-sidebar-layout":"default","site-content-layout":"default","ast-site-content-layout":"default","site-content-style":"default","site-sidebar-style":"default","ast-global-header-display":"","ast-banner-title-visibility":"","ast-main-header-display":"","ast-hfb-above-header-display":"","ast-hfb-below-header-display":"","ast-hfb-mobile-header-display":"","site-post-title":"","ast-breadcrumbs-content":"","ast-featured-img":"","footer-sml-layout":"","theme-transparent-header-meta":"default","adv-header-id-meta":"","stick-header-meta":"","header-above-stick-meta":"","header-main-stick-meta":"","header-below-stick-meta":"","astra-migrate-meta-layouts":"set","ast-page-background-enabled":"default","ast-page-background-meta":{"desktop":{"background-color":"var(--ast-global-color-4)","background-image":"","background-repeat":"repeat","background-position":"center center","background-size":"auto","background-attachment":"scroll","background-type":"","background-media":"","overlay-type":"","overlay-color":"","overlay-opacity":"","overlay-gradient":""},"tablet":{"background-color":"","background-image":"","background-repeat":"repeat","background-position":"center center","background-size":"auto","background-attachment":"scroll","background-type":"","background-media":"","overlay-type":"","overlay-color":"","overlay-opacity":"","overlay-gradient":""},"mobile":{"background-color":"","background-image":"","background-repeat":"repeat","background-position":"center center","background-size":"auto","background-attachment":"scroll","background-type":"","background-media":"","overlay-type":"","overlay-color":"","overlay-opacity":"","overlay-gradient":""}},"ast-content-background-meta":{"desktop":{"background-color":"var(--ast-global-color-5)","background-image":"","background-repeat":"repeat","background-position":"center center","background-size":"auto","background-attachment":"scroll","background-type":"","background-media":"","overlay-type":"","overlay-color":"","overlay-opacity":"","overlay-gradient":""},"tablet":{"background-color":"var(--ast-global-color-5)","background-image":"","background-repeat":"repeat","background-position":"center center","background-size":"auto","background-attachment":"scroll","background-type":"","background-media":"","overlay-type":"","overlay-color":"","overlay-opacity":"","overlay-gradient":""},"mobile":{"background-color":"var(--ast-global-color-5)","background-image":"","background-repeat":"repeat","background-position":"center center","background-size":"auto","background-attachment":"scroll","background-type":"","background-media":"","overlay-type":"","overlay-color":"","overlay-opacity":"","overlay-gradient":""}}},"product_cat":[48],"product_tag":[],"class_list":["post-3315","product","type-product","status-publish","has-post-thumbnail","hentry","product_cat-sunkaraoke-dalok","desktop-align-left","tablet-align-left","mobile-align-left"],"_links":{"self":[{"href":"https:\/\/www.sunkaraoke.hu\/index.php\/wp-json\/wp\/v2\/product\/3315","targetHints":{"allow":["GET"]}}],"collection":[{"href":"https:\/\/www.sunkaraoke.hu\/index.php\/wp-json\/wp\/v2\/product"}],"about":[{"href":"https:\/\/www.sunkaraoke.hu\/index.php\/wp-json\/wp\/v2\/types\/product"}],"wp:featuredmedia":[{"embeddable":true,"href":"https:\/\/www.sunkaraoke.hu\/index.php\/wp-json\/wp\/v2\/media\/9007"}],"wp:attachment":[{"href":"https:\/\/www.sunkaraoke.hu\/index.php\/wp-json\/wp\/v2\/media?parent=3315"}],"wp:term":[{"taxonomy":"product_cat","embeddable":true,"href":"https:\/\/www.sunkaraoke.hu\/index.php\/wp-json\/wp\/v2\/product_cat?post=3315"},{"taxonomy":"product_tag","embeddable":true,"href":"https:\/\/www.sunkaraoke.hu\/index.php\/wp-json\/wp\/v2\/product_tag?post=3315"}],"curies":[{"name":"wp","href":"https:\/\/api.w.org\/{rel}","templated":true}]}}