{"id":3314,"date":"2022-08-08T20:46:15","date_gmt":"2022-08-08T20:46:15","guid":{"rendered":"https:\/\/www.sunkaraoke.hu\/index.php\/termek\/slager-tibo-ravasz-ez-a-tavasz\/"},"modified":"2025-04-03T14:19:16","modified_gmt":"2025-04-03T14:19:16","slug":"slager-tibo-ravasz-ez-a-tavasz","status":"publish","type":"product","link":"https:\/\/www.sunkaraoke.hu\/index.php\/termek\/slager-tibo-ravasz-ez-a-tavasz\/","title":{"rendered":"<div class=\"wcmp-player-container product-3314\"><audio controlslist=\"nodownload\" data-product=\"3314\"  volume=\"1\"  preload=\"none\" data-lazyloading=\"none\" class=\"wcmp-player track mejs-classic\" data-duration=\"0:34\" data-estimated_duration=\"4\"><source src=\"https:\/\/www.sunkaraoke.hu\/wp-content\/uploads\/2022\/08\/Ravasz-kademooo.mp3\" type=\"audio\/mp3\" \/><\/audio><\/div>Sl\u00e1ger Tib\u00f3 &#8211; Ravasz ez a tavasz (Original)"},"content":{"rendered":"<p><strong>04:00<\/strong> | <strong><img loading=\"lazy\" decoding=\"async\" class=\"alignnone size-full wp-image-466\" src=\"https:\/\/www.sunkaraoke.hu\/wp-content\/uploads\/2022\/07\/choir_1-copy.webp\" alt=\"\" width=\"30\" height=\"30\" \/> <\/strong><\/p>\n","protected":false},"excerpt":{"rendered":"<h6>Bits\u0171r\u0171s\u00e9g: 320kb\/s<br \/>\nHossz: 04:00<br \/>\nVok\u00e1lt tartalmaz: Igen <img loading=\"lazy\" decoding=\"async\" class=\"alignnone size-full wp-image-466\" src=\"http:\/\/www.sunkaraoke.hu\/wp-content\/uploads\/2022\/07\/choir_1-copy.png\" alt=\"\" width=\"30\" height=\"30\" \/><strong style=\"font-size: 16px;\"><br \/>\n<\/strong><\/h6>\n<p>Sunkaraoke mp3 st\u00fadi\u00f3 \/ www.sunkaraoke.hu \/ Inf: Tel: 06 20 4275001<\/p>\n<p>&#8212;Intr\u00f3&#8212;<br \/>\nT\u00f6r\u00f6ld le arcodr\u00f3l a k\u00f6nnyeket,<br \/>\nmost s\u00edrni nem szabad,<br \/>\negy ilyen \u00e9jszaka csod\u00e1t tartogat.<br \/>\nPr\u00f3b\u00e1ld meg elfeledni, eltemetni f\u00e1j\u00f3 m\u00faltadat,<br \/>\naz kell hogy j\u00f6jj\u00f6n, sok vid\u00e1m pillanat.<\/p>\n<p>K\u00e9sz\u00fclj a boldogs\u00e1gra, egy \u00faj vil\u00e1gra,<br \/>\nhozza m\u00e1r a sz\u00e9l,<br \/>\ns a v\u00e1lasz elt\u0171nik messzebb, mint az \u00e9j.<br \/>\nNem szabad f\u00e9l\u00faton feladni,<br \/>\na harcot k\u00f6nnyed\u00e9n,<br \/>\nmert egyszer minden hossz\u00fa t\u00e9r v\u00e9get \u00e9r.<\/p>\n<p>Tudom, hogy ravasz ez a tavasz,<br \/>\nde \u00fagy \u00e9rzem, hogy lesz m\u00e9g ny\u00e1r,<br \/>\nhozz\u00e1m is elj\u00f6n t\u00e1n a boldogs\u00e1g.<br \/>\nDe ravasz ez a tavasz \u00e9s,<br \/>\nnem tudom, hogy meddig f\u00e1j,<br \/>\na sz\u00edved azt s\u00fagja, indulj tov\u00e1bb.<\/p>\n<p>Tudom, hogy ravasz ez a tavasz,<br \/>\nde \u00fagy \u00e9rzem, hogy lesz m\u00e9g ny\u00e1r,<br \/>\nhozz\u00e1m is elj\u00f6n t\u00e1n a boldogs\u00e1g.<br \/>\nDe ravasz ez a tavasz \u00e9s,<br \/>\nnem tudom, hogy meddig f\u00e1j,<br \/>\na sz\u00edved azt s\u00fagja, indulj tov\u00e1bb.<br \/>\n&#8212;Sz\u00f3l\u00f3&#8212;<br \/>\nK\u00e9sz\u00fclj a boldogs\u00e1gra, egy \u00faj vil\u00e1gra,<br \/>\nhozza m\u00e1r a sz\u00e9l,<br \/>\ns a v\u00e1lasz elt\u0171nik messzebb, mint az \u00e9j.<br \/>\nNem szabad f\u00e9l\u00faton feladni,<br \/>\na harcot k\u00f6nnyed\u00e9n,<br \/>\nmert egyszer minden hossz\u00fa t\u00e9r v\u00e9get \u00e9r.<\/p>\n<p>Tudom, hogy ravasz ez a tavasz,<br \/>\nde \u00fagy \u00e9rzem, hogy lesz m\u00e9g ny\u00e1r,<br \/>\nhozz\u00e1m is elj\u00f6n t\u00e1n a boldogs\u00e1g.<br \/>\nDe ravasz ez a tavasz \u00e9s,<br \/>\nnem tudom, hogy meddig f\u00e1j,<br \/>\na sz\u00edved azt s\u00fagja, indulj tov\u00e1bb.<br \/>\nTudom, hogy ravasz ez a tavasz,<br \/>\nde \u00fagy \u00e9rzem, hogy lesz m\u00e9g ny\u00e1r,<br \/>\nhozz\u00e1m is elj\u00f6n t\u00e1n a boldogs\u00e1g.<br \/>\nDe ravasz ez a tavasz \u00e9s,<br \/>\nnem tudom, hogy meddig f\u00e1j,<br \/>\na sz\u00edved azt s\u00fagja, indulj tov\u00e1bb.<br \/>\n&#8212;Sz\u00f3l\u00f3&#8212;<br \/>\nTudom, hogy ravasz ez a tavasz,<br \/>\nde \u00fagy \u00e9rzem, hogy lesz m\u00e9g ny\u00e1r,<br \/>\nhozz\u00e1m is elj\u00f6n t\u00e1n a boldogs\u00e1g.<br \/>\nDe ravasz ez a tavasz \u00e9s,<br \/>\nnem tudom hogy meddig f\u00e1j,<br \/>\na sz\u00edved azt s\u00fagja, indulj tov\u00e1bb.<br \/>\nTudom hogy ravasz ez a tavasz,<br \/>\nde \u00fagy \u00e9rzem, hogy lesz m\u00e9g ny\u00e1r,<br \/>\nhozz\u00e1m is elj\u00f6n t\u00e1n a boldogs\u00e1g.<br \/>\nDe ravasz ez a tavasz \u00e9s,<br \/>\nnem tudom hogy meddig f\u00e1j,<br \/>\na sz\u00edved azt s\u00fagja, indulj tov\u00e1bb.<br \/>\n&#8212;V\u00e9ge&#8212;<\/p>\n<p>Ravasz ez a tavasz2.<\/p>\n","protected":false},"featured_media":9289,"template":"","meta":{"site-sidebar-layout":"default","site-content-layout":"default","ast-site-content-layout":"default","site-content-style":"default","site-sidebar-style":"default","ast-global-header-display":"","ast-banner-title-visibility":"","ast-main-header-display":"","ast-hfb-above-header-display":"","ast-hfb-below-header-display":"","ast-hfb-mobile-header-display":"","site-post-title":"","ast-breadcrumbs-content":"","ast-featured-img":"","footer-sml-layout":"","theme-transparent-header-meta":"default","adv-header-id-meta":"","stick-header-meta":"","header-above-stick-meta":"","header-main-stick-meta":"","header-below-stick-meta":"","astra-migrate-meta-layouts":"set","ast-page-background-enabled":"default","ast-page-background-meta":{"desktop":{"background-color":"var(--ast-global-color-4)","background-image":"","background-repeat":"repeat","background-position":"center center","background-size":"auto","background-attachment":"scroll","background-type":"","background-media":"","overlay-type":"","overlay-color":"","overlay-opacity":"","overlay-gradient":""},"tablet":{"background-color":"","background-image":"","background-repeat":"repeat","background-position":"center center","background-size":"auto","background-attachment":"scroll","background-type":"","background-media":"","overlay-type":"","overlay-color":"","overlay-opacity":"","overlay-gradient":""},"mobile":{"background-color":"","background-image":"","background-repeat":"repeat","background-position":"center center","background-size":"auto","background-attachment":"scroll","background-type":"","background-media":"","overlay-type":"","overlay-color":"","overlay-opacity":"","overlay-gradient":""}},"ast-content-background-meta":{"desktop":{"background-color":"var(--ast-global-color-5)","background-image":"","background-repeat":"repeat","background-position":"center center","background-size":"auto","background-attachment":"scroll","background-type":"","background-media":"","overlay-type":"","overlay-color":"","overlay-opacity":"","overlay-gradient":""},"tablet":{"background-color":"var(--ast-global-color-5)","background-image":"","background-repeat":"repeat","background-position":"center center","background-size":"auto","background-attachment":"scroll","background-type":"","background-media":"","overlay-type":"","overlay-color":"","overlay-opacity":"","overlay-gradient":""},"mobile":{"background-color":"var(--ast-global-color-5)","background-image":"","background-repeat":"repeat","background-position":"center center","background-size":"auto","background-attachment":"scroll","background-type":"","background-media":"","overlay-type":"","overlay-color":"","overlay-opacity":"","overlay-gradient":""}}},"product_cat":[46],"product_tag":[],"class_list":["post-3314","product","type-product","status-publish","has-post-thumbnail","hentry","product_cat-eredeti-karaoke-dalok","desktop-align-left","tablet-align-left","mobile-align-left"],"_links":{"self":[{"href":"https:\/\/www.sunkaraoke.hu\/index.php\/wp-json\/wp\/v2\/product\/3314","targetHints":{"allow":["GET"]}}],"collection":[{"href":"https:\/\/www.sunkaraoke.hu\/index.php\/wp-json\/wp\/v2\/product"}],"about":[{"href":"https:\/\/www.sunkaraoke.hu\/index.php\/wp-json\/wp\/v2\/types\/product"}],"wp:featuredmedia":[{"embeddable":true,"href":"https:\/\/www.sunkaraoke.hu\/index.php\/wp-json\/wp\/v2\/media\/9289"}],"wp:attachment":[{"href":"https:\/\/www.sunkaraoke.hu\/index.php\/wp-json\/wp\/v2\/media?parent=3314"}],"wp:term":[{"taxonomy":"product_cat","embeddable":true,"href":"https:\/\/www.sunkaraoke.hu\/index.php\/wp-json\/wp\/v2\/product_cat?post=3314"},{"taxonomy":"product_tag","embeddable":true,"href":"https:\/\/www.sunkaraoke.hu\/index.php\/wp-json\/wp\/v2\/product_tag?post=3314"}],"curies":[{"name":"wp","href":"https:\/\/api.w.org\/{rel}","templated":true}]}}