{"id":3313,"date":"2022-08-08T20:46:15","date_gmt":"2022-08-08T20:46:15","guid":{"rendered":"https:\/\/www.sunkaraoke.hu\/index.php\/termek\/hofi-geza-probalj-meg-lazitani\/"},"modified":"2025-04-07T16:53:23","modified_gmt":"2025-04-07T16:53:23","slug":"hofi-geza-probalj-meg-lazitani","status":"publish","type":"product","link":"https:\/\/www.sunkaraoke.hu\/index.php\/termek\/hofi-geza-probalj-meg-lazitani\/","title":{"rendered":"<div class=\"wcmp-player-container product-3313\"><audio controlslist=\"nodownload\" data-product=\"3313\"  volume=\"1\"  preload=\"none\" data-lazyloading=\"none\" class=\"wcmp-player track mejs-classic\" data-duration=\"0:33\" data-estimated_duration=\"4\"><source src=\"https:\/\/www.sunkaraoke.hu\/wp-content\/uploads\/2022\/08\/Probalj-meg-lazitani-kdemoo.mp3\" type=\"audio\/mp3\" \/><\/audio><\/div>Hofi G\u00e9za &#8211; Pr\u00f3b\u00e1lj meg laz\u00edtani (Original)"},"content":{"rendered":"<p><strong>03:26<\/strong> | <strong><img loading=\"lazy\" decoding=\"async\" class=\"alignnone size-full wp-image-467\" src=\"https:\/\/www.sunkaraoke.hu\/wp-content\/uploads\/2022\/07\/choir_2-copy.webp\" alt=\"\" width=\"30\" height=\"30\" \/> <\/strong><\/p>\n","protected":false},"excerpt":{"rendered":"<h6><strong>Bits\u0171r\u0171s\u00e9g: 320kb\/s<\/strong><br \/>\n<strong>Hossz: 03:26<\/strong><br \/>\n<strong>Vok\u00e1lt tartalmaz: Nem <img loading=\"lazy\" decoding=\"async\" class=\"alignnone size-full wp-image-467\" src=\"http:\/\/www.sunkaraoke.hu\/wp-content\/uploads\/2022\/07\/choir_2-copy.png\" alt=\"\" width=\"30\" height=\"30\" \/><\/strong><strong style=\"font-size: 16px;\"><br \/>\n<\/strong><\/h6>\n<p>Sunkaraoke mp3 st\u00fadi\u00f3 \/ www.sunkaraoke.hu \/ Inf: Tel: 06 20 4275001<\/p>\n<p>&#8212;Intr\u00f3&#8212;<br \/>\nMit l\u00e1tsz a t\u00e9ren,ki \u00e1ll kev\u00e9lyen,<br \/>\ntalapzat\u00e1n egy k\u0151szobor!<br \/>\nKez\u00e9vel b\u0151szen szor\u00edtja \u00edj\u00e1t, bikam\u00f3d komor.<\/p>\n<p>H\u00e9! H\u00e9! H\u00e9! \u00d6reg harcos!<br \/>\nNe fesz\u00edtsd t\u00fal az \u00edjadat!<br \/>\nH\u00e9! H\u00e9! H\u00e9! A k\u0151sz\u00edved megszakad.<br \/>\nLaz\u00edtani! Pr\u00f3b\u00e1lj meg laz\u00edtani!<br \/>\nNem gy\u0151zlek tan\u00edtani, hogyan csin\u00e1ld.<br \/>\nKell egy kis \u00e1ramsz\u00fcnet, id\u0151nk\u00e9nt mindenkinek,<br \/>\n\u00e9s azt\u00e1n megint mehet, minden tov\u00e1bb.<\/p>\n<p>F\u00e1raszt\u00f3 sport\u00e1g a p\u00e9nzvad\u00e1szat,<br \/>\npihenni k\u00f6zben nem lehet.<br \/>\nEz is kell hozz\u00e1, az is kell hozz\u00e1, ugye, emberek?<\/p>\n<p>H\u00e9! H\u00e9! H\u00e9! \u00d6reg harcos! Ne fesz\u00edtsd t\u00fal az \u00edjadat!<br \/>\nH\u00e9! H\u00e9! H\u00e9! A k\u0151sz\u00edved megszakad.<br \/>\nLaz\u00edtani! Pr\u00f3b\u00e1lj meg laz\u00edtani,<br \/>\nnem gy\u0151zlek tan\u00edtani, hogyan csin\u00e1ld.<br \/>\nKell egy kis \u00e1ramsz\u00fcnet id\u0151nk\u00e9nt mindenkinek,<br \/>\n\u00e9s azt\u00e1n megint mehet minden tov\u00e1bb.<\/p>\n<p>Szeretlek \u00e9des, amire k\u00e9pes vagyok, azt mindig megteszem.<br \/>\nDe m\u00e1r a temp\u00f3, amit te dikt\u00e1lsz nem val\u00f3 nekem.<\/p>\n<p>Sz\u00e9p, sz\u00e9p, sz\u00e9p, mikor \u00e9jjel,<br \/>\nhozz\u00e1m b\u00fajsz oly lelkesen.<br \/>\nS \u00e9neklem a kedvenc sl\u00e1gerem,<br \/>\nlaz\u00edtani, pr\u00f3b\u00e1lj meg laz\u00edtani!<br \/>\nNem gy\u0151zlek tan\u00edtani, hogyan csin\u00e1ld.<br \/>\nKell egy kis \u00e1ramsz\u00fcnet, id\u0151nk\u00e9nt mindenkinek,<br \/>\n\u00e9s azt\u00e1n megint mehet minden tov\u00e1bb.<br \/>\nKell egy kis \u00e1ramsz\u00fcnet, id\u0151nk\u00e9nt mindenkinek,<br \/>\n\u00e9s azt\u00e1n megint mehet minden tov\u00e1bb.<br \/>\nKell egy kis \u00e1ramsz\u00fcnet, id\u0151nk\u00e9nt mindenkinek,<br \/>\n\u00e9s azt\u00e1n megint mehet minden tov\u00e1bb.<br \/>\n&#8212;V\u00e9ge&#8212;<\/p>\n","protected":false},"featured_media":9326,"template":"","meta":{"site-sidebar-layout":"default","site-content-layout":"default","ast-site-content-layout":"default","site-content-style":"default","site-sidebar-style":"default","ast-global-header-display":"","ast-banner-title-visibility":"","ast-main-header-display":"","ast-hfb-above-header-display":"","ast-hfb-below-header-display":"","ast-hfb-mobile-header-display":"","site-post-title":"","ast-breadcrumbs-content":"","ast-featured-img":"","footer-sml-layout":"","theme-transparent-header-meta":"default","adv-header-id-meta":"","stick-header-meta":"","header-above-stick-meta":"","header-main-stick-meta":"","header-below-stick-meta":"","astra-migrate-meta-layouts":"set","ast-page-background-enabled":"default","ast-page-background-meta":{"desktop":{"background-color":"var(--ast-global-color-4)","background-image":"","background-repeat":"repeat","background-position":"center center","background-size":"auto","background-attachment":"scroll","background-type":"","background-media":"","overlay-type":"","overlay-color":"","overlay-opacity":"","overlay-gradient":""},"tablet":{"background-color":"","background-image":"","background-repeat":"repeat","background-position":"center center","background-size":"auto","background-attachment":"scroll","background-type":"","background-media":"","overlay-type":"","overlay-color":"","overlay-opacity":"","overlay-gradient":""},"mobile":{"background-color":"","background-image":"","background-repeat":"repeat","background-position":"center center","background-size":"auto","background-attachment":"scroll","background-type":"","background-media":"","overlay-type":"","overlay-color":"","overlay-opacity":"","overlay-gradient":""}},"ast-content-background-meta":{"desktop":{"background-color":"var(--ast-global-color-5)","background-image":"","background-repeat":"repeat","background-position":"center center","background-size":"auto","background-attachment":"scroll","background-type":"","background-media":"","overlay-type":"","overlay-color":"","overlay-opacity":"","overlay-gradient":""},"tablet":{"background-color":"var(--ast-global-color-5)","background-image":"","background-repeat":"repeat","background-position":"center center","background-size":"auto","background-attachment":"scroll","background-type":"","background-media":"","overlay-type":"","overlay-color":"","overlay-opacity":"","overlay-gradient":""},"mobile":{"background-color":"var(--ast-global-color-5)","background-image":"","background-repeat":"repeat","background-position":"center center","background-size":"auto","background-attachment":"scroll","background-type":"","background-media":"","overlay-type":"","overlay-color":"","overlay-opacity":"","overlay-gradient":""}}},"product_cat":[48],"product_tag":[],"class_list":["post-3313","product","type-product","status-publish","has-post-thumbnail","hentry","product_cat-sunkaraoke-dalok","desktop-align-left","tablet-align-left","mobile-align-left"],"_links":{"self":[{"href":"https:\/\/www.sunkaraoke.hu\/index.php\/wp-json\/wp\/v2\/product\/3313","targetHints":{"allow":["GET"]}}],"collection":[{"href":"https:\/\/www.sunkaraoke.hu\/index.php\/wp-json\/wp\/v2\/product"}],"about":[{"href":"https:\/\/www.sunkaraoke.hu\/index.php\/wp-json\/wp\/v2\/types\/product"}],"wp:featuredmedia":[{"embeddable":true,"href":"https:\/\/www.sunkaraoke.hu\/index.php\/wp-json\/wp\/v2\/media\/9326"}],"wp:attachment":[{"href":"https:\/\/www.sunkaraoke.hu\/index.php\/wp-json\/wp\/v2\/media?parent=3313"}],"wp:term":[{"taxonomy":"product_cat","embeddable":true,"href":"https:\/\/www.sunkaraoke.hu\/index.php\/wp-json\/wp\/v2\/product_cat?post=3313"},{"taxonomy":"product_tag","embeddable":true,"href":"https:\/\/www.sunkaraoke.hu\/index.php\/wp-json\/wp\/v2\/product_tag?post=3313"}],"curies":[{"name":"wp","href":"https:\/\/api.w.org\/{rel}","templated":true}]}}