{"id":3310,"date":"2022-08-08T20:46:15","date_gmt":"2022-08-08T20:46:15","guid":{"rendered":"https:\/\/www.sunkaraoke.hu\/index.php\/termek\/slager-tibo-pille-pille\/"},"modified":"2025-04-03T14:22:17","modified_gmt":"2025-04-03T14:22:17","slug":"slager-tibo-pille-pille","status":"publish","type":"product","link":"https:\/\/www.sunkaraoke.hu\/index.php\/termek\/slager-tibo-pille-pille\/","title":{"rendered":"<div class=\"wcmp-player-container product-3310\"><audio controlslist=\"nodownload\" data-product=\"3310\"  volume=\"1\"  preload=\"none\" data-lazyloading=\"none\" class=\"wcmp-player track mejs-classic\" data-duration=\"0:33\" data-estimated_duration=\"4\"><source src=\"https:\/\/www.sunkaraoke.hu\/wp-content\/uploads\/2022\/08\/Pille-kdemooo.mp3\" type=\"audio\/mp3\" \/><\/audio><\/div>Sl\u00e1ger Tib\u00f3 &#8211; Pille , pille (Original)"},"content":{"rendered":"<p><strong>03:57<\/strong> | <strong><img loading=\"lazy\" decoding=\"async\" class=\"alignnone size-full wp-image-466\" src=\"https:\/\/www.sunkaraoke.hu\/wp-content\/uploads\/2022\/07\/choir_1-copy.webp\" alt=\"\" width=\"30\" height=\"30\" \/> <\/strong><\/p>\n","protected":false},"excerpt":{"rendered":"<h6><strong>Bits\u0171r\u0171s\u00e9g: 320<\/strong>kb\/s<strong><br \/>\n<\/strong><strong>Hossz: <\/strong>03:57<strong><br \/>\n<\/strong><strong style=\"font-size: 16px;\">Vok\u00e1lt tartalmaz: <\/strong>Igen <img loading=\"lazy\" decoding=\"async\" class=\"alignnone size-full wp-image-466\" src=\"http:\/\/www.sunkaraoke.hu\/wp-content\/uploads\/2022\/07\/choir_1-copy.png\" alt=\"\" width=\"30\" height=\"30\" \/><strong style=\"font-size: 16px;\"><br \/>\n<\/strong><\/h6>\n<p>Sunkaraoke mp3 st\u00fadi\u00f3 \/ www.sunkaraoke.hu \/ Inf: Tel: 06 20 4275001<\/p>\n<p>&#8212;Intr\u00f3&#8212;<br \/>\nPille, pille, pille, z\u00fcll\u00f6k minden \u00e9jjel,<br \/>\nr\u00e9szegen csavargok, jaj dr\u00e1g\u00e1m ne l\u00e1ss most.<br \/>\nPille, pille, pille, z\u00fcll\u00f6k minden \u00e9jjel,<br \/>\nr\u00e9szegen csavargok, jaj dr\u00e1g\u00e1m ne l\u00e1ss most.<br \/>\nPille, pille,pille,pille,<br \/>\nszebb a vil\u00e1g r\u00f3zsasz\u00ednben,<br \/>\ngyere kisl\u00e1ny j\u00f6jj velem,<br \/>\ngy\u00f3gy\u00edtsd meg a sz\u00edvemet.<br \/>\nPille, pille,pille,pille,<br \/>\nszebb a vil\u00e1g r\u00f3zsasz\u00ednben,<br \/>\negy sz\u00e9d\u00fclt forr\u00f3 \u00e9jszak\u00e1n,<br \/>\ntudom egyszer r\u00e1m tal\u00e1lsz.<br \/>\n&#8212;Sz\u00f3l\u00f3&#8212;<br \/>\nGyertek h\u00e1t l\u00e1nyok,j\u00e1rjuk most a t\u00e1ncot,<br \/>\nnekem t\u00e1ncolj kis le\u00e1ny,ti\u00e9d lesz az \u00e9jszak\u00e1m.<br \/>\nGyertek h\u00e1t l\u00e1nyok, j\u00e1rjuk most a t\u00e1ncot,<br \/>\naludni \u00e9n nem tudok, mindig rosszat \u00e1lmodok.<br \/>\nPille, pille,pille,pille,<br \/>\nszebb a vil\u00e1g r\u00f3zsasz\u00ednben,<br \/>\ngyere kisl\u00e1ny j\u00f6jj velem,<br \/>\ngy\u00f3gy\u00edtsd meg a sz\u00edvemet.<br \/>\nPille, pille,pille,pille,<br \/>\nszebb a vil\u00e1g r\u00f3zsasz\u00ednben,<br \/>\negy sz\u00e9d\u00fclt forr\u00f3 \u00e9jszak\u00e1n,<br \/>\ntudom egyszer r\u00e1m tal\u00e1lsz.<br \/>\nPille, pille, pille, z\u00fcll\u00f6k minden \u00e9jjel,<br \/>\nr\u00e9szegen csavargok, jaj dr\u00e1g\u00e1m ne l\u00e1ss most.<br \/>\nPille, pille, pille, z\u00fcll\u00f6k minden \u00e9jjel,<br \/>\nr\u00e9szegen csavargok, jaj dr\u00e1g\u00e1m ne l\u00e1ss most.<br \/>\nPille, pille,pille,pille,<br \/>\nszebb a vil\u00e1g r\u00f3zsasz\u00ednben,<br \/>\ngyere kisl\u00e1ny j\u00f6jj velem,<br \/>\ngy\u00f3gy\u00edtsd meg a sz\u00edvemet.<br \/>\nPille, pille,pille,pille,<br \/>\nszebb a vil\u00e1g r\u00f3zsasz\u00ednben,<br \/>\negy sz\u00e9d\u00fclt forr\u00f3 \u00e9jszak\u00e1n,<br \/>\ntudom egyszer r\u00e1m tal\u00e1lsz.<br \/>\nPille, pille,pille,pille,<br \/>\nszebb a vil\u00e1g r\u00f3zsasz\u00ednben,<br \/>\ngyere kisl\u00e1ny j\u00f6jj velem,<br \/>\ngy\u00f3gy\u00edtsd meg a sz\u00edvemet.<br \/>\nPille, pille,pille,pille,<br \/>\nszebb a vil\u00e1g r\u00f3zsasz\u00ednben,<br \/>\negy sz\u00e9d\u00fclt forr\u00f3 \u00e9jszak\u00e1n,<br \/>\ntudom egyszer r\u00e1m tal\u00e1lsz.<br \/>\n&#8212;V\u00e9ge&#8212;<\/p>\n","protected":false},"featured_media":9289,"template":"","meta":{"site-sidebar-layout":"default","site-content-layout":"default","ast-site-content-layout":"default","site-content-style":"default","site-sidebar-style":"default","ast-global-header-display":"","ast-banner-title-visibility":"","ast-main-header-display":"","ast-hfb-above-header-display":"","ast-hfb-below-header-display":"","ast-hfb-mobile-header-display":"","site-post-title":"","ast-breadcrumbs-content":"","ast-featured-img":"","footer-sml-layout":"","theme-transparent-header-meta":"default","adv-header-id-meta":"","stick-header-meta":"","header-above-stick-meta":"","header-main-stick-meta":"","header-below-stick-meta":"","astra-migrate-meta-layouts":"set","ast-page-background-enabled":"default","ast-page-background-meta":{"desktop":{"background-color":"var(--ast-global-color-4)","background-image":"","background-repeat":"repeat","background-position":"center center","background-size":"auto","background-attachment":"scroll","background-type":"","background-media":"","overlay-type":"","overlay-color":"","overlay-opacity":"","overlay-gradient":""},"tablet":{"background-color":"","background-image":"","background-repeat":"repeat","background-position":"center center","background-size":"auto","background-attachment":"scroll","background-type":"","background-media":"","overlay-type":"","overlay-color":"","overlay-opacity":"","overlay-gradient":""},"mobile":{"background-color":"","background-image":"","background-repeat":"repeat","background-position":"center center","background-size":"auto","background-attachment":"scroll","background-type":"","background-media":"","overlay-type":"","overlay-color":"","overlay-opacity":"","overlay-gradient":""}},"ast-content-background-meta":{"desktop":{"background-color":"var(--ast-global-color-5)","background-image":"","background-repeat":"repeat","background-position":"center center","background-size":"auto","background-attachment":"scroll","background-type":"","background-media":"","overlay-type":"","overlay-color":"","overlay-opacity":"","overlay-gradient":""},"tablet":{"background-color":"var(--ast-global-color-5)","background-image":"","background-repeat":"repeat","background-position":"center center","background-size":"auto","background-attachment":"scroll","background-type":"","background-media":"","overlay-type":"","overlay-color":"","overlay-opacity":"","overlay-gradient":""},"mobile":{"background-color":"var(--ast-global-color-5)","background-image":"","background-repeat":"repeat","background-position":"center center","background-size":"auto","background-attachment":"scroll","background-type":"","background-media":"","overlay-type":"","overlay-color":"","overlay-opacity":"","overlay-gradient":""}}},"product_cat":[46],"product_tag":[],"class_list":["post-3310","product","type-product","status-publish","has-post-thumbnail","hentry","product_cat-eredeti-karaoke-dalok","desktop-align-left","tablet-align-left","mobile-align-left"],"_links":{"self":[{"href":"https:\/\/www.sunkaraoke.hu\/index.php\/wp-json\/wp\/v2\/product\/3310","targetHints":{"allow":["GET"]}}],"collection":[{"href":"https:\/\/www.sunkaraoke.hu\/index.php\/wp-json\/wp\/v2\/product"}],"about":[{"href":"https:\/\/www.sunkaraoke.hu\/index.php\/wp-json\/wp\/v2\/types\/product"}],"wp:featuredmedia":[{"embeddable":true,"href":"https:\/\/www.sunkaraoke.hu\/index.php\/wp-json\/wp\/v2\/media\/9289"}],"wp:attachment":[{"href":"https:\/\/www.sunkaraoke.hu\/index.php\/wp-json\/wp\/v2\/media?parent=3310"}],"wp:term":[{"taxonomy":"product_cat","embeddable":true,"href":"https:\/\/www.sunkaraoke.hu\/index.php\/wp-json\/wp\/v2\/product_cat?post=3310"},{"taxonomy":"product_tag","embeddable":true,"href":"https:\/\/www.sunkaraoke.hu\/index.php\/wp-json\/wp\/v2\/product_tag?post=3310"}],"curies":[{"name":"wp","href":"https:\/\/api.w.org\/{rel}","templated":true}]}}