{"id":3307,"date":"2022-08-08T20:46:15","date_gmt":"2022-08-08T20:46:15","guid":{"rendered":"https:\/\/www.sunkaraoke.hu\/index.php\/termek\/slager-tibo-balatoni-nyar\/"},"modified":"2025-04-03T14:25:47","modified_gmt":"2025-04-03T14:25:47","slug":"slager-tibo-balatoni-nyar","status":"publish","type":"product","link":"https:\/\/www.sunkaraoke.hu\/index.php\/termek\/slager-tibo-balatoni-nyar\/","title":{"rendered":"<div class=\"wcmp-player-container product-3307\"><audio controlslist=\"nodownload\" data-product=\"3307\"  volume=\"1\"  preload=\"none\" data-lazyloading=\"none\" class=\"wcmp-player track mejs-classic\" data-duration=\"0:33\" data-estimated_duration=\"4\"><source src=\"https:\/\/www.sunkaraoke.hu\/wp-content\/uploads\/2022\/08\/Balatoni-nyar-kdemooo.mp3\" type=\"audio\/mp3\" \/><\/audio><\/div>Sl\u00e1ger Tib\u00f3 &#8211; Balatoni ny\u00e1r (Original)"},"content":{"rendered":"<p><strong>03:53<\/strong> | <strong><img loading=\"lazy\" decoding=\"async\" class=\"alignnone size-full wp-image-466\" src=\"https:\/\/www.sunkaraoke.hu\/wp-content\/uploads\/2022\/07\/choir_1-copy.webp\" alt=\"\" width=\"30\" height=\"30\" \/> <\/strong><\/p>\n","protected":false},"excerpt":{"rendered":"<h6><strong>Bits\u0171r\u0171s\u00e9g: 320<\/strong>kb\/s<strong><br \/>\n<\/strong><strong>Hossz: <\/strong>03:53<strong><br \/>\n<\/strong><strong style=\"font-size: 16px;\">Vok\u00e1lt tartalmaz: <\/strong>Igen <img loading=\"lazy\" decoding=\"async\" class=\"alignnone size-full wp-image-466\" src=\"http:\/\/www.sunkaraoke.hu\/wp-content\/uploads\/2022\/07\/choir_1-copy.png\" alt=\"\" width=\"30\" height=\"30\" \/><strong style=\"font-size: 16px;\"><br \/>\n<\/strong><\/h6>\n<p>Sunkaraoke mp3 st\u00fadi\u00f3 \/ www.sunkaraoke.hu \/ Inf: Tel: 06 20 4275001<\/p>\n<p>&#8212;Intr\u00f3&#8212;<br \/>\nFogom a kezed,\u00e9s csak arra gondolok,<br \/>\nboldog sz\u00e9p napok v\u00e1rnak.<br \/>\nAz \u00e9let csupa f\u00e9ny,j\u00f6het a haliday,<br \/>\n\u00f6r\u00fcl\u00f6k most a vil\u00e1gnak.<br \/>\nSzerelem a magyar tengeren,<br \/>\na balatoni ny\u00e1r a mindenem.<br \/>\n\u00c1lmaimban \u00fagy is tudom,ott leszel velem.<\/p>\n<p>Ha \u00fajra v\u00e1r,a Balatoni ny\u00e1r,<br \/>\nrep\u00fcl a sir\u00e1ly majd,fent az \u00e9gen.<br \/>\nNek\u00fcnk j\u00e1r,a Balatoni ny\u00e1r,<br \/>\nnon stop,bulizunk minden \u00e9jjel.<br \/>\n\u00dajra v\u00e1r,a Balatoni ny\u00e1r,<br \/>\nha sz\u00f3l a git\u00e1r majd,<br \/>\nlent a st\u00e9gen.<br \/>\nNek\u00fcnk j\u00e1r,a Balatoni ny\u00e1r,<br \/>\nnon stop,bulizunk minden \u00e9jjel.<br \/>\n&#8212;Sz\u00f3l\u00f3&#8212;<br \/>\nFogom a kezed,<br \/>\n\u00e9s csak arra gondolok,<br \/>\nboldog sz\u00e9p napok v\u00e1rnak.<br \/>\nAz \u00e9let csupa f\u00e9ny,j\u00f6het a haliday,<br \/>\n\u00f6r\u00fcl\u00f6k most a vil\u00e1gnak.<br \/>\nSzerelem a magyar tengeren,<br \/>\na balatoni ny\u00e1r a mindenem.<br \/>\n\u00c1lmaimban \u00fagy is tudom,ott leszel velem.<\/p>\n<p>Ha \u00fajra v\u00e1r,a Balatoni ny\u00e1r,rep\u00fcl a sir\u00e1ly majd,fent az \u00e9gen.<br \/>\nNek\u00fcnk j\u00e1r,a Balatoni ny\u00e1r,non stop,bulizunk minden \u00e9jjel.<br \/>\n\u00dajra v\u00e1r,a Balatoni ny\u00e1r,<br \/>\nha sz\u00f3l a git\u00e1r majd,lent a st\u00e9gen.<br \/>\nNek\u00fcnk j\u00e1r,a Balatoni ny\u00e1r,non stop,bulizunk minden \u00e9jjel.<br \/>\n&#8212;Sz\u00f3l\u00f3&#8212;<br \/>\nSzerelem a magyar tengeren,a balatoni ny\u00e1r a mindenem.<br \/>\n\u00c1lmaimban \u00fagy is tudom,ott leszel velem.<\/p>\n<p>Ha \u00fajra v\u00e1r,a Balatoni ny\u00e1r,rep\u00fcl a sir\u00e1ly majd,fent az \u00e9gen.<br \/>\nNek\u00fcnk j\u00e1r,a Balatoni ny\u00e1r,non stop,bulizunk minden \u00e9jjel.<br \/>\n\u00dajra v\u00e1r,a Balatoni ny\u00e1r,ha sz\u00f3l a git\u00e1r majd,lent a st\u00e9gen.<br \/>\nNek\u00fcnk j\u00e1r,a Balatoni ny\u00e1r,non stop,bulizunk minden \u00e9jjel.<br \/>\nHa \u00fajra v\u00e1r,a Balatoni ny\u00e1r,rep\u00fcl a sir\u00e1ly majd,fent az \u00e9gen.<br \/>\nNek\u00fcnk j\u00e1r,a Balatoni ny\u00e1r,non stop,bulizunk minden \u00e9jjel.<br \/>\n\u00dajra v\u00e1r,a Balatoni ny\u00e1r,ha sz\u00f3l a git\u00e1r majd,lent a st\u00e9gen.<br \/>\nNek\u00fcnk j\u00e1r,a Balatoni ny\u00e1r,non stop,bulizunk minden \u00e9jjel.<br \/>\n\u00dajra v\u00e1r,a Balatoni ny\u00e1r,ha sz\u00f3l a git\u00e1r majd,lent a st\u00e9gen.<br \/>\nNek\u00fcnk j\u00e1r,a Balatoni ny\u00e1r,non stop,bulizunk minden \u00e9jjel.<br \/>\n&#8212;V\u00e9ge&#8212;<\/p>\n","protected":false},"featured_media":9289,"template":"","meta":{"site-sidebar-layout":"default","site-content-layout":"default","ast-site-content-layout":"default","site-content-style":"default","site-sidebar-style":"default","ast-global-header-display":"","ast-banner-title-visibility":"","ast-main-header-display":"","ast-hfb-above-header-display":"","ast-hfb-below-header-display":"","ast-hfb-mobile-header-display":"","site-post-title":"","ast-breadcrumbs-content":"","ast-featured-img":"","footer-sml-layout":"","theme-transparent-header-meta":"default","adv-header-id-meta":"","stick-header-meta":"","header-above-stick-meta":"","header-main-stick-meta":"","header-below-stick-meta":"","astra-migrate-meta-layouts":"set","ast-page-background-enabled":"default","ast-page-background-meta":{"desktop":{"background-color":"var(--ast-global-color-4)","background-image":"","background-repeat":"repeat","background-position":"center center","background-size":"auto","background-attachment":"scroll","background-type":"","background-media":"","overlay-type":"","overlay-color":"","overlay-opacity":"","overlay-gradient":""},"tablet":{"background-color":"","background-image":"","background-repeat":"repeat","background-position":"center center","background-size":"auto","background-attachment":"scroll","background-type":"","background-media":"","overlay-type":"","overlay-color":"","overlay-opacity":"","overlay-gradient":""},"mobile":{"background-color":"","background-image":"","background-repeat":"repeat","background-position":"center center","background-size":"auto","background-attachment":"scroll","background-type":"","background-media":"","overlay-type":"","overlay-color":"","overlay-opacity":"","overlay-gradient":""}},"ast-content-background-meta":{"desktop":{"background-color":"var(--ast-global-color-5)","background-image":"","background-repeat":"repeat","background-position":"center center","background-size":"auto","background-attachment":"scroll","background-type":"","background-media":"","overlay-type":"","overlay-color":"","overlay-opacity":"","overlay-gradient":""},"tablet":{"background-color":"var(--ast-global-color-5)","background-image":"","background-repeat":"repeat","background-position":"center center","background-size":"auto","background-attachment":"scroll","background-type":"","background-media":"","overlay-type":"","overlay-color":"","overlay-opacity":"","overlay-gradient":""},"mobile":{"background-color":"var(--ast-global-color-5)","background-image":"","background-repeat":"repeat","background-position":"center center","background-size":"auto","background-attachment":"scroll","background-type":"","background-media":"","overlay-type":"","overlay-color":"","overlay-opacity":"","overlay-gradient":""}}},"product_cat":[46],"product_tag":[],"class_list":["post-3307","product","type-product","status-publish","has-post-thumbnail","hentry","product_cat-eredeti-karaoke-dalok","desktop-align-left","tablet-align-left","mobile-align-left"],"_links":{"self":[{"href":"https:\/\/www.sunkaraoke.hu\/index.php\/wp-json\/wp\/v2\/product\/3307","targetHints":{"allow":["GET"]}}],"collection":[{"href":"https:\/\/www.sunkaraoke.hu\/index.php\/wp-json\/wp\/v2\/product"}],"about":[{"href":"https:\/\/www.sunkaraoke.hu\/index.php\/wp-json\/wp\/v2\/types\/product"}],"wp:featuredmedia":[{"embeddable":true,"href":"https:\/\/www.sunkaraoke.hu\/index.php\/wp-json\/wp\/v2\/media\/9289"}],"wp:attachment":[{"href":"https:\/\/www.sunkaraoke.hu\/index.php\/wp-json\/wp\/v2\/media?parent=3307"}],"wp:term":[{"taxonomy":"product_cat","embeddable":true,"href":"https:\/\/www.sunkaraoke.hu\/index.php\/wp-json\/wp\/v2\/product_cat?post=3307"},{"taxonomy":"product_tag","embeddable":true,"href":"https:\/\/www.sunkaraoke.hu\/index.php\/wp-json\/wp\/v2\/product_tag?post=3307"}],"curies":[{"name":"wp","href":"https:\/\/api.w.org\/{rel}","templated":true}]}}