{"id":3304,"date":"2022-08-08T20:46:15","date_gmt":"2022-08-08T20:46:15","guid":{"rendered":"https:\/\/www.sunkaraoke.hu\/index.php\/termek\/tesok-bevallom-a-manak-elek\/"},"modified":"2026-02-14T15:46:24","modified_gmt":"2026-02-14T13:46:24","slug":"tesok-bevallom-a-manak-elek","status":"publish","type":"product","link":"https:\/\/www.sunkaraoke.hu\/index.php\/termek\/tesok-bevallom-a-manak-elek\/","title":{"rendered":"<div class=\"wcmp-player-container product-3304\"><audio controlslist=\"nodownload\" data-product=\"3304\"  volume=\"1\"  preload=\"none\" data-lazyloading=\"none\" class=\"wcmp-player track mejs-classic\" data-duration=\"0:32\" data-estimated_duration=\"4\"><source src=\"https:\/\/www.sunkaraoke.hu\/wp-content\/uploads\/2022\/08\/Bevallom-a-manak-elel_demo.mp3\" type=\"audio\/mp3\" \/><\/audio><\/div>Tes\u00f3k &#8211; Bevallom a m\u00e1nak \u00e9lek (Original)"},"content":{"rendered":"<p><strong>03:24<\/strong> | <strong><img loading=\"lazy\" decoding=\"async\" class=\"alignnone size-full wp-image-467\" src=\"https:\/\/www.sunkaraoke.hu\/wp-content\/uploads\/2022\/07\/choir_2-copy.webp\" alt=\"\" width=\"30\" height=\"30\" \/> <\/strong><\/p>\n","protected":false},"excerpt":{"rendered":"<h6>Bits\u0171r\u0171s\u00e9g: 320kb\/s<br \/>\nHossz: 03:24<br \/>\nVok\u00e1lt tartalmaz: Nem <img loading=\"lazy\" decoding=\"async\" class=\"alignnone size-full wp-image-467\" src=\"http:\/\/www.sunkaraoke.hu\/wp-content\/uploads\/2022\/07\/choir_2-copy.png\" alt=\"\" width=\"30\" height=\"30\" \/><strong style=\"font-size: 16px;\"><br \/>\n<\/strong><\/h6>\n<p>Sunkaraoke mp3 st\u00fadi\u00f3 \/ www.sunkaraoke.hu \/ Inf: Tel: 06 20 4275001<\/p>\n<p>&#8212;Intr\u00f3&#8212;<br \/>\nM\u00e1r\u00f3l a holnapra \u00e9lek,<br \/>\nde h\u00e9tv\u00e9g\u00e9n \u00fagyis zen\u00e9lek,<br \/>\nel\u00e9neklem n\u00f3t\u00e1mat a vil\u00e1gnak,<br \/>\nmegp\u00f6rgetem cs\u00f3kolom a bab\u00e1mat,<br \/>\n\u00edgy keresem meg a p\u00e9nzt,<br \/>\negy k\u00e9t napra majd a csal\u00e1dnak.<br \/>\nEl\u00e9neklem n\u00f3t\u00e1mat a vil\u00e1gnak,<br \/>\nmegp\u00f6rgetem cs\u00f3kolom a bab\u00e1mat,<br \/>\n\u00edgy keresem meg a p\u00e9nzt,<br \/>\negy k\u00e9t napra majd a csal\u00e1dnak.<\/p>\n<p>Bevallom a m\u00e1nak \u00e9lek,<br \/>\nm\u00edg tart a p\u00e9nzem \u00fatra k\u00e9lek,<br \/>\n\u00e1tmulatok minden \u00e9vet,<br \/>\n\u00edgy harminc felett sz\u00e9p az \u00e9let.<br \/>\nBevallom a m\u00e1nak \u00e9lek,<br \/>\nm\u00edg tart a p\u00e9nzem \u00fatra k\u00e9lek,<br \/>\n\u00e1tmulatok minden \u00e9vet,<br \/>\n\u00edgy harminc felett sz\u00e9p az \u00e9let.<\/p>\n<p>Elsz\u00e1lltak a gyermek\u00e9vek,<br \/>\nde nem b\u00e1nom am\u00edg csak \u00e9lek,<br \/>\nzen\u00e9lek \u00e9s bej\u00e1rom a vil\u00e1got,<br \/>\neszem iszom \u00e9s nagyokat pi\u00e1lok,<br \/>\nde hazafel\u00e9 let\u00e9pek,<br \/>\negy k\u00e9t j\u00f3 nagy csokor vir\u00e1got!<br \/>\nZen\u00e9lek \u00e9s bej\u00e1rom a vil\u00e1got,<br \/>\neszem iszom \u00e9s nagyokat pi\u00e1lok,<br \/>\nde hazafel\u00e9 let\u00e9pek,<br \/>\negy k\u00e9t j\u00f3 nagy csokor vir\u00e1got!<\/p>\n<p>Bevallom a m\u00e1nak \u00e9lek,<br \/>\nm\u00edg tart a p\u00e9nzem \u00fatra k\u00e9lek,<br \/>\n\u00e1tmulatok minden \u00e9vet,<br \/>\n\u00edgy harminc felett sz\u00e9p az \u00e9let.<br \/>\nBevallom a m\u00e1nak \u00e9lek,<br \/>\nm\u00edg tart a p\u00e9nzem \u00fatra k\u00e9lek,<br \/>\n\u00e1tmulatok minden \u00e9vet,<br \/>\n\u00edgy harminc felett sz\u00e9p az \u00e9let.<\/p>\n<p>&#8212;Sz\u00f3l\u00f3&#8212;<\/p>\n<p>Holnapt\u00f3l j\u00f3 \u00fatra t\u00e9rek,<br \/>\n\u00e9s csakis a csal\u00e1dnak \u00e9lek,<br \/>\nelfelejtek minden sz\u00e9p l\u00e1nyt \u00f6r\u00f6kre,<br \/>\nbedobom a fizet\u00e9st a k\u00f6z\u00f6sbe.<br \/>\nEbb\u0151l viszem nyaralni,<br \/>\negy k\u00e9t h\u00e9tre \u0151ket T\u00f6r\u00f6kbe.<br \/>\nElfelejtek minden sz\u00e9p l\u00e1nyt \u00f6r\u00f6kre,<br \/>\nbedobom a fizet\u00e9st a k\u00f6z\u00f6sbe,<br \/>\nebb\u0151l viszem nyaralni,<br \/>\negy k\u00e9t h\u00e9tre \u0151ket T\u00f6r\u00f6kbe.<br \/>\nBevallom a m\u00e1nak \u00e9lek,<br \/>\nm\u00edg tart a p\u00e9nzem \u00fatra k\u00e9lek,<br \/>\n\u00e1tmulatok minden \u00e9vet,<br \/>\n\u00edgy harminc felett sz\u00e9p az \u00e9let.<br \/>\nBevallom a m\u00e1nak \u00e9lek,<br \/>\nm\u00edg tart a p\u00e9nzem \u00fatra k\u00e9lek,<br \/>\n\u00e1tmulatok minden \u00e9vet,<br \/>\n\u00edgy harminc felett sz\u00e9p az \u00e9let.<\/p>\n<p>&#8212;V\u00e9ge&#8212;<\/p>\n","protected":false},"featured_media":8715,"template":"","meta":{"site-sidebar-layout":"default","site-content-layout":"default","ast-site-content-layout":"default","site-content-style":"default","site-sidebar-style":"default","ast-global-header-display":"","ast-banner-title-visibility":"","ast-main-header-display":"","ast-hfb-above-header-display":"","ast-hfb-below-header-display":"","ast-hfb-mobile-header-display":"","site-post-title":"","ast-breadcrumbs-content":"","ast-featured-img":"","footer-sml-layout":"","theme-transparent-header-meta":"default","adv-header-id-meta":"","stick-header-meta":"","header-above-stick-meta":"","header-main-stick-meta":"","header-below-stick-meta":"","astra-migrate-meta-layouts":"set","ast-page-background-enabled":"default","ast-page-background-meta":{"desktop":{"background-color":"var(--ast-global-color-4)","background-image":"","background-repeat":"repeat","background-position":"center center","background-size":"auto","background-attachment":"scroll","background-type":"","background-media":"","overlay-type":"","overlay-color":"","overlay-opacity":"","overlay-gradient":""},"tablet":{"background-color":"","background-image":"","background-repeat":"repeat","background-position":"center center","background-size":"auto","background-attachment":"scroll","background-type":"","background-media":"","overlay-type":"","overlay-color":"","overlay-opacity":"","overlay-gradient":""},"mobile":{"background-color":"","background-image":"","background-repeat":"repeat","background-position":"center center","background-size":"auto","background-attachment":"scroll","background-type":"","background-media":"","overlay-type":"","overlay-color":"","overlay-opacity":"","overlay-gradient":""}},"ast-content-background-meta":{"desktop":{"background-color":"var(--ast-global-color-5)","background-image":"","background-repeat":"repeat","background-position":"center center","background-size":"auto","background-attachment":"scroll","background-type":"","background-media":"","overlay-type":"","overlay-color":"","overlay-opacity":"","overlay-gradient":""},"tablet":{"background-color":"var(--ast-global-color-5)","background-image":"","background-repeat":"repeat","background-position":"center center","background-size":"auto","background-attachment":"scroll","background-type":"","background-media":"","overlay-type":"","overlay-color":"","overlay-opacity":"","overlay-gradient":""},"mobile":{"background-color":"var(--ast-global-color-5)","background-image":"","background-repeat":"repeat","background-position":"center center","background-size":"auto","background-attachment":"scroll","background-type":"","background-media":"","overlay-type":"","overlay-color":"","overlay-opacity":"","overlay-gradient":""}}},"product_cat":[48],"product_tag":[],"class_list":["post-3304","product","type-product","status-publish","has-post-thumbnail","hentry","product_cat-sunkaraoke-dalok","desktop-align-left","tablet-align-left","mobile-align-left"],"_links":{"self":[{"href":"https:\/\/www.sunkaraoke.hu\/index.php\/wp-json\/wp\/v2\/product\/3304","targetHints":{"allow":["GET"]}}],"collection":[{"href":"https:\/\/www.sunkaraoke.hu\/index.php\/wp-json\/wp\/v2\/product"}],"about":[{"href":"https:\/\/www.sunkaraoke.hu\/index.php\/wp-json\/wp\/v2\/types\/product"}],"wp:featuredmedia":[{"embeddable":true,"href":"https:\/\/www.sunkaraoke.hu\/index.php\/wp-json\/wp\/v2\/media\/8715"}],"wp:attachment":[{"href":"https:\/\/www.sunkaraoke.hu\/index.php\/wp-json\/wp\/v2\/media?parent=3304"}],"wp:term":[{"taxonomy":"product_cat","embeddable":true,"href":"https:\/\/www.sunkaraoke.hu\/index.php\/wp-json\/wp\/v2\/product_cat?post=3304"},{"taxonomy":"product_tag","embeddable":true,"href":"https:\/\/www.sunkaraoke.hu\/index.php\/wp-json\/wp\/v2\/product_tag?post=3304"}],"curies":[{"name":"wp","href":"https:\/\/api.w.org\/{rel}","templated":true}]}}