{"id":3303,"date":"2022-08-08T20:46:15","date_gmt":"2022-08-08T20:46:15","guid":{"rendered":"https:\/\/www.sunkaraoke.hu\/index.php\/termek\/tajtiboy-kek-csillag\/"},"modified":"2025-04-05T04:14:01","modified_gmt":"2025-04-05T04:14:01","slug":"tajtiboy-kek-csillag","status":"publish","type":"product","link":"https:\/\/www.sunkaraoke.hu\/index.php\/termek\/tajtiboy-kek-csillag\/","title":{"rendered":"<div class=\"wcmp-player-container product-3303\"><audio controlslist=\"nodownload\" data-product=\"3303\"  volume=\"1\"  preload=\"none\" data-lazyloading=\"none\" class=\"wcmp-player track mejs-classic\" data-duration=\"0:33\" data-estimated_duration=\"4\"><source src=\"https:\/\/www.sunkaraoke.hu\/wp-content\/uploads\/2022\/08\/Kek-csillag-kdemooo.mp3\" type=\"audio\/mp3\" \/><\/audio><\/div>Tajtiboy &#8211; K\u00e9k csillag (Original)"},"content":{"rendered":"<p><strong>03:56<\/strong> | <strong><img loading=\"lazy\" decoding=\"async\" class=\"alignnone size-full wp-image-467\" src=\"https:\/\/www.sunkaraoke.hu\/wp-content\/uploads\/2022\/07\/choir_2-copy.webp\" alt=\"\" width=\"30\" height=\"30\" \/> <\/strong><\/p>\n","protected":false},"excerpt":{"rendered":"<h6><strong>Bits\u0171r\u0171s\u00e9g: <\/strong>320kb\/s<strong><br \/>\n<\/strong><strong>Hossz: <\/strong>03:56<strong><br \/>\n<\/strong><strong style=\"font-size: 16px;\">Vok\u00e1lt tartalmaz: <\/strong>Nem <img loading=\"lazy\" decoding=\"async\" class=\"alignnone size-full wp-image-467\" src=\"http:\/\/www.sunkaraoke.hu\/wp-content\/uploads\/2022\/07\/choir_2-copy.png\" alt=\"\" width=\"30\" height=\"30\" \/><strong style=\"font-size: 16px;\"><br \/>\n<\/strong><\/h6>\n<p>Sunkaraoke mp3 st\u00fadi\u00f3 \/ www.sunkaraoke.hu \/ Inf: Tel: 06 20 4275001<\/p>\n<p>&#8212;Intr\u00f3&#8212;<br \/>\nK\u00e9k csillag fenn az \u00e9gen,<br \/>\nk\u00e9rlek r\u00f3la mes\u00e9lj n\u00e9kem,<br \/>\nhol l\u00e1ttad \u0151t, merre j\u00e1r?<\/p>\n<p>Ismerted j\u00f3l azt a l\u00e1nyt,<br \/>\negy\u00fctt j\u00e1rtunk sok, sok \u00e9ven \u00e1t,<br \/>\nl\u00e1tod m\u00e9gis elment, m\u00e1sra v\u00e1r.<\/p>\n<p>Hozz\u00e1m val\u00f3 nincs a f\u00f6ld\u00f6n,<br \/>\ncsak \u0151 volt, csak \u0151 volt, csak \u0151!<br \/>\nHozz\u00e1m ki j\u00f3 volt az egyed\u00fcl, \u0151 csak \u0151 csak \u0151!<\/p>\n<p>K\u00e9k csillag k\u00e9rlek t\u00e9ged,<br \/>\nragyogjon r\u00e9gi f\u00e9nyed,<br \/>\nk\u00eds\u00e9rjen minket, majd \u00fajra tov\u00e1bb!<br \/>\n&#8212;Sz\u00f3l\u00f3&#8212;<br \/>\nK\u00e9k csillag fenn az \u00e9gen,<br \/>\nk\u00e9rlek r\u00f3la mes\u00e9lj n\u00e9kem,<br \/>\nhol l\u00e1ttad \u0151t, merre j\u00e1r?<\/p>\n<p>Ismerted j\u00f3l azt a l\u00e1nyt,<br \/>\negy\u00fctt j\u00e1rtunk sok, sok \u00e9ven \u00e1t,<br \/>\nl\u00e1tod m\u00e9gis elment, m\u00e1sra v\u00e1r.<\/p>\n<p>Hozz\u00e1m val\u00f3 nincs a f\u00f6ld\u00f6n,<br \/>\ncsak \u0151 volt, csak \u0151 volt, csak \u0151!<br \/>\nHozz\u00e1m ki j\u00f3 volt az egyed\u00fcl, \u0151 csak \u0151 csak \u0151!<\/p>\n<p>K\u00e9k csillag k\u00e9rlek t\u00e9ged,<br \/>\nragyogjon r\u00e9gi f\u00e9nyed,<br \/>\nk\u00eds\u00e9rjen minket, majd \u00fajra tov\u00e1bb!<br \/>\n&#8212;Sz\u00f3l\u00f3&#8212;<br \/>\nHozz\u00e1m val\u00f3 nincs a f\u00f6ld\u00f6n,<br \/>\ncsak \u0151 volt, csak \u0151 volt, csak \u0151!<br \/>\nHozz\u00e1m ki j\u00f3 volt az egyed\u00fcl, \u0151 csak \u0151 csak \u0151!<\/p>\n<p>K\u00e9k csillag k\u00e9rlek t\u00e9ged,<br \/>\nragyogjon r\u00e9gi f\u00e9nyed,<br \/>\nk\u00eds\u00e9rjen minket, majd \u00fajra tov\u00e1bb!<br \/>\nHozz\u00e1m val\u00f3 nincs a f\u00f6ld\u00f6n,<br \/>\ncsak \u0151 volt, csak \u0151 volt, csak \u0151!<br \/>\nHozz\u00e1m ki j\u00f3 volt az egyed\u00fcl, \u0151 csak \u0151 csak \u0151!<\/p>\n<p>K\u00e9k csillag k\u00e9rlek t\u00e9ged,<br \/>\nragyogjon r\u00e9gi f\u00e9nyed,<br \/>\nk\u00eds\u00e9rjen minket, majd \u00fajra tov\u00e1bb!<br \/>\n&#8212;V\u00e9ge&#8212;<\/p>\n","protected":false},"featured_media":9020,"template":"","meta":{"site-sidebar-layout":"default","site-content-layout":"default","ast-site-content-layout":"default","site-content-style":"default","site-sidebar-style":"default","ast-global-header-display":"","ast-banner-title-visibility":"","ast-main-header-display":"","ast-hfb-above-header-display":"","ast-hfb-below-header-display":"","ast-hfb-mobile-header-display":"","site-post-title":"","ast-breadcrumbs-content":"","ast-featured-img":"","footer-sml-layout":"","theme-transparent-header-meta":"default","adv-header-id-meta":"","stick-header-meta":"","header-above-stick-meta":"","header-main-stick-meta":"","header-below-stick-meta":"","astra-migrate-meta-layouts":"set","ast-page-background-enabled":"default","ast-page-background-meta":{"desktop":{"background-color":"var(--ast-global-color-4)","background-image":"","background-repeat":"repeat","background-position":"center center","background-size":"auto","background-attachment":"scroll","background-type":"","background-media":"","overlay-type":"","overlay-color":"","overlay-opacity":"","overlay-gradient":""},"tablet":{"background-color":"","background-image":"","background-repeat":"repeat","background-position":"center center","background-size":"auto","background-attachment":"scroll","background-type":"","background-media":"","overlay-type":"","overlay-color":"","overlay-opacity":"","overlay-gradient":""},"mobile":{"background-color":"","background-image":"","background-repeat":"repeat","background-position":"center center","background-size":"auto","background-attachment":"scroll","background-type":"","background-media":"","overlay-type":"","overlay-color":"","overlay-opacity":"","overlay-gradient":""}},"ast-content-background-meta":{"desktop":{"background-color":"var(--ast-global-color-5)","background-image":"","background-repeat":"repeat","background-position":"center center","background-size":"auto","background-attachment":"scroll","background-type":"","background-media":"","overlay-type":"","overlay-color":"","overlay-opacity":"","overlay-gradient":""},"tablet":{"background-color":"var(--ast-global-color-5)","background-image":"","background-repeat":"repeat","background-position":"center center","background-size":"auto","background-attachment":"scroll","background-type":"","background-media":"","overlay-type":"","overlay-color":"","overlay-opacity":"","overlay-gradient":""},"mobile":{"background-color":"var(--ast-global-color-5)","background-image":"","background-repeat":"repeat","background-position":"center center","background-size":"auto","background-attachment":"scroll","background-type":"","background-media":"","overlay-type":"","overlay-color":"","overlay-opacity":"","overlay-gradient":""}}},"product_cat":[52],"product_tag":[],"class_list":["post-3303","product","type-product","status-publish","has-post-thumbnail","hentry","product_cat-tajtiboy","desktop-align-left","tablet-align-left","mobile-align-left"],"_links":{"self":[{"href":"https:\/\/www.sunkaraoke.hu\/index.php\/wp-json\/wp\/v2\/product\/3303","targetHints":{"allow":["GET"]}}],"collection":[{"href":"https:\/\/www.sunkaraoke.hu\/index.php\/wp-json\/wp\/v2\/product"}],"about":[{"href":"https:\/\/www.sunkaraoke.hu\/index.php\/wp-json\/wp\/v2\/types\/product"}],"wp:featuredmedia":[{"embeddable":true,"href":"https:\/\/www.sunkaraoke.hu\/index.php\/wp-json\/wp\/v2\/media\/9020"}],"wp:attachment":[{"href":"https:\/\/www.sunkaraoke.hu\/index.php\/wp-json\/wp\/v2\/media?parent=3303"}],"wp:term":[{"taxonomy":"product_cat","embeddable":true,"href":"https:\/\/www.sunkaraoke.hu\/index.php\/wp-json\/wp\/v2\/product_cat?post=3303"},{"taxonomy":"product_tag","embeddable":true,"href":"https:\/\/www.sunkaraoke.hu\/index.php\/wp-json\/wp\/v2\/product_tag?post=3303"}],"curies":[{"name":"wp","href":"https:\/\/api.w.org\/{rel}","templated":true}]}}