{"id":3301,"date":"2022-08-08T20:46:15","date_gmt":"2022-08-08T20:46:15","guid":{"rendered":"https:\/\/www.sunkaraoke.hu\/index.php\/termek\/delta-csillog-a-feny\/"},"modified":"2025-03-31T07:37:41","modified_gmt":"2025-03-31T07:37:41","slug":"delta-csillog-a-feny","status":"publish","type":"product","link":"https:\/\/www.sunkaraoke.hu\/index.php\/termek\/delta-csillog-a-feny\/","title":{"rendered":"<div class=\"wcmp-player-container product-3301\"><audio controlslist=\"nodownload\" data-product=\"3301\"  volume=\"1\"  preload=\"none\" data-lazyloading=\"none\" class=\"wcmp-player track mejs-classic\" data-duration=\"0:32\" data-estimated_duration=\"4\"><source src=\"https:\/\/www.sunkaraoke.hu\/wp-content\/uploads\/2022\/08\/Csillog-a-feny-demo.mp3\" type=\"audio\/mp3\" \/><\/audio><\/div>Delta &#8211; Csillog a f\u00e9ny (Original)"},"content":{"rendered":"<p><strong>04:54<\/strong> | <strong><img loading=\"lazy\" decoding=\"async\" class=\"alignnone size-full wp-image-467\" src=\"https:\/\/www.sunkaraoke.hu\/wp-content\/uploads\/2022\/07\/choir_2-copy.webp\" alt=\"\" width=\"30\" height=\"30\" \/> <\/strong><\/p>\n","protected":false},"excerpt":{"rendered":"<h6><strong>Bits\u0171r\u0171s\u00e9g: 320<\/strong>kb\/s<strong><br \/>\n<\/strong><strong>Hossz: <\/strong>04:54<strong><br \/>\n<\/strong><strong style=\"font-size: 16px;\">Vok\u00e1lt tartalmaz: <\/strong>Nem <img loading=\"lazy\" decoding=\"async\" class=\"alignnone size-full wp-image-467\" src=\"http:\/\/www.sunkaraoke.hu\/wp-content\/uploads\/2022\/07\/choir_2-copy.png\" alt=\"\" width=\"30\" height=\"30\" \/><strong style=\"font-size: 16px;\"><br \/>\n<\/strong><\/h6>\n<p>Sunkaraoke mp3 st\u00fadi\u00f3 \/ www.sunkaraoke.hu \/ Inf: Tel: 06 20 4275001<\/p>\n<p>&#8212;Intr\u00f3&#8212;<br \/>\nH\u00e1t \u00fajra elj\u00f6tt az a nap, amire v\u00e1rt\u00e1l,<br \/>\nl\u00e1tod minden teljes\u00fcl.<br \/>\nAmit csak \u00e1lmaidban l\u00e1tt\u00e1l,<br \/>\nkar\u00e1csonykor b\u00e9ke vesz k\u00f6r\u00fcl.<\/p>\n<p>Ma az se sz\u00e1m\u00edt ha f\u00faj a sz\u00e9l,<br \/>\nvagy kicsit f\u00e1zol.<br \/>\nHa h\u00f3 fedi el a ruh\u00e1d,<br \/>\naz ellens\u00e9g bar\u00e1tt\u00e1 v\u00e1ljon,<br \/>\nezt k\u00e9rem \u00e9n, hallgasd meg a foh\u00e1szt!<\/p>\n<p>N\u00e9zd hogy csillog megint a f\u00e9ny,<br \/>\na szeretet \u00fcnnep\u00e9n, v\u00e1rt r\u00e1nk, minden ami sz\u00e9p.<br \/>\nJ\u00f3 lenne majd \u00e9rezni m\u00e9g,<br \/>\nha a gyertya m\u00e1r nem \u00e9g, mint r\u00e9g,<br \/>\na sz\u00edved meleg\u00e9n, szeretet\u00e9t!<\/p>\n<p>Az utca csendj\u00e9vel a h\u00f3es\u00e9sben s\u00e9t\u00e1lsz,<br \/>\nkezedben apr\u00f3 aj\u00e1nd\u00e9k.<br \/>\nHozz\u00e1 indulsz aki \u00fagy v\u00e1r r\u00e1d,<br \/>\nhisz n\u00e9lk\u00fcle mit sem \u00e9r az eg\u00e9sz.<br \/>\n\u00c9s v\u00e9gre elj\u00f6tt az a perc, amit \u00fagy v\u00e1rt\u00e1l,<br \/>\naz \u00f6r\u00f6mk\u00f6nny sz\u00fcl sz\u00e1z mosolyt.<br \/>\nSz\u00edvesen \u00e1t\u00f6leln\u00e9d a nagyvil\u00e1got,<br \/>\n\u00e9s k\u00edv\u00e1nn\u00e1l, Boldog Kar\u00e1csonyt!<br \/>\nN\u00e9zd hogy csillog megint a f\u00e9ny,<br \/>\na szeretet \u00fcnnep\u00e9n, v\u00e1rt r\u00e1nk, minden ami sz\u00e9p.<br \/>\nJ\u00f3 lenne majd \u00e9rezni m\u00e9g,<br \/>\nha a gyertya m\u00e1r nem \u00e9g, mint r\u00e9g,<br \/>\na sz\u00edved meleg\u00e9n, szeretet\u00e9t!<br \/>\nHa b\u00e1rmi f\u00e1jt legyen boldog most a sz\u00edved,<br \/>\n\u00e9ld \u00e1t velem,\u00e1h, \u00e1h,\u00e1h\u2026..<br \/>\n&#8212;Sz\u00f3l\u00f3&#8212;<br \/>\nN\u00e9zd hogy csillog megint a f\u00e9ny,<br \/>\na szeretet \u00fcnnep\u00e9n, v\u00e1rt r\u00e1nk, minden ami sz\u00e9p.<br \/>\nJ\u00f3 lenne majd \u00e9rezni m\u00e9g,<br \/>\nha a gyertya m\u00e1r nem \u00e9g, mint r\u00e9g,<br \/>\na sz\u00edved meleg\u00e9n, szeretet\u00e9t!<br \/>\n&#8212;V\u00e9ge&#8212;<\/p>\n","protected":false},"featured_media":9005,"template":"","meta":{"site-sidebar-layout":"default","site-content-layout":"default","ast-site-content-layout":"default","site-content-style":"default","site-sidebar-style":"default","ast-global-header-display":"","ast-banner-title-visibility":"","ast-main-header-display":"","ast-hfb-above-header-display":"","ast-hfb-below-header-display":"","ast-hfb-mobile-header-display":"","site-post-title":"","ast-breadcrumbs-content":"","ast-featured-img":"","footer-sml-layout":"","theme-transparent-header-meta":"default","adv-header-id-meta":"","stick-header-meta":"","header-above-stick-meta":"","header-main-stick-meta":"","header-below-stick-meta":"","astra-migrate-meta-layouts":"set","ast-page-background-enabled":"default","ast-page-background-meta":{"desktop":{"background-color":"var(--ast-global-color-4)","background-image":"","background-repeat":"repeat","background-position":"center center","background-size":"auto","background-attachment":"scroll","background-type":"","background-media":"","overlay-type":"","overlay-color":"","overlay-opacity":"","overlay-gradient":""},"tablet":{"background-color":"","background-image":"","background-repeat":"repeat","background-position":"center center","background-size":"auto","background-attachment":"scroll","background-type":"","background-media":"","overlay-type":"","overlay-color":"","overlay-opacity":"","overlay-gradient":""},"mobile":{"background-color":"","background-image":"","background-repeat":"repeat","background-position":"center center","background-size":"auto","background-attachment":"scroll","background-type":"","background-media":"","overlay-type":"","overlay-color":"","overlay-opacity":"","overlay-gradient":""}},"ast-content-background-meta":{"desktop":{"background-color":"var(--ast-global-color-5)","background-image":"","background-repeat":"repeat","background-position":"center center","background-size":"auto","background-attachment":"scroll","background-type":"","background-media":"","overlay-type":"","overlay-color":"","overlay-opacity":"","overlay-gradient":""},"tablet":{"background-color":"var(--ast-global-color-5)","background-image":"","background-repeat":"repeat","background-position":"center center","background-size":"auto","background-attachment":"scroll","background-type":"","background-media":"","overlay-type":"","overlay-color":"","overlay-opacity":"","overlay-gradient":""},"mobile":{"background-color":"var(--ast-global-color-5)","background-image":"","background-repeat":"repeat","background-position":"center center","background-size":"auto","background-attachment":"scroll","background-type":"","background-media":"","overlay-type":"","overlay-color":"","overlay-opacity":"","overlay-gradient":""}}},"product_cat":[48],"product_tag":[],"class_list":["post-3301","product","type-product","status-publish","has-post-thumbnail","hentry","product_cat-sunkaraoke-dalok","desktop-align-left","tablet-align-left","mobile-align-left"],"_links":{"self":[{"href":"https:\/\/www.sunkaraoke.hu\/index.php\/wp-json\/wp\/v2\/product\/3301","targetHints":{"allow":["GET"]}}],"collection":[{"href":"https:\/\/www.sunkaraoke.hu\/index.php\/wp-json\/wp\/v2\/product"}],"about":[{"href":"https:\/\/www.sunkaraoke.hu\/index.php\/wp-json\/wp\/v2\/types\/product"}],"wp:featuredmedia":[{"embeddable":true,"href":"https:\/\/www.sunkaraoke.hu\/index.php\/wp-json\/wp\/v2\/media\/9005"}],"wp:attachment":[{"href":"https:\/\/www.sunkaraoke.hu\/index.php\/wp-json\/wp\/v2\/media?parent=3301"}],"wp:term":[{"taxonomy":"product_cat","embeddable":true,"href":"https:\/\/www.sunkaraoke.hu\/index.php\/wp-json\/wp\/v2\/product_cat?post=3301"},{"taxonomy":"product_tag","embeddable":true,"href":"https:\/\/www.sunkaraoke.hu\/index.php\/wp-json\/wp\/v2\/product_tag?post=3301"}],"curies":[{"name":"wp","href":"https:\/\/api.w.org\/{rel}","templated":true}]}}