{"id":3293,"date":"2022-08-08T20:46:14","date_gmt":"2022-08-08T20:46:14","guid":{"rendered":"https:\/\/www.sunkaraoke.hu\/index.php\/termek\/slager-tibo-tancolj-babam\/"},"modified":"2025-04-03T14:14:56","modified_gmt":"2025-04-03T14:14:56","slug":"slager-tibo-tancolj-babam","status":"publish","type":"product","link":"https:\/\/www.sunkaraoke.hu\/index.php\/termek\/slager-tibo-tancolj-babam\/","title":{"rendered":"<div class=\"wcmp-player-container product-3293\"><audio controlslist=\"nodownload\" data-product=\"3293\"  volume=\"1\"  preload=\"none\" data-lazyloading=\"none\" class=\"wcmp-player track mejs-classic\" data-duration=\"0:32\" data-estimated_duration=\"4\"><source src=\"https:\/\/www.sunkaraoke.hu\/wp-content\/uploads\/2022\/08\/Tancolj-babam-demooo.mp3\" type=\"audio\/mp3\" \/><\/audio><\/div>Sl\u00e1ger Tib\u00f3 &#8211; T\u00e1ncolj bab\u00e1m (Original)"},"content":{"rendered":"<p><strong>03:31<\/strong> |<\/p>\n","protected":false},"excerpt":{"rendered":"<h6><strong>Bits\u0171r\u0171s\u00e9g: 320<\/strong>kb\/s<strong><br \/>\n<\/strong><strong>Hossz: <\/strong>03:31<strong><br \/>\n<\/strong><strong style=\"font-size: 16px;\">Vok\u00e1lt tartalmaz: NEM<\/strong><strong style=\"font-size: 16px;\"><br \/>\n<\/strong><\/h6>\n<p>Sunkaraoke mp3 st\u00fadi\u00f3 \/ www.sunkaraoke.hu \/ Inf: Tel: 06 20 4275001<\/p>\n<p>&#8212;Intr\u00f3&#8212;<br \/>\nElfogyott a p\u00e9nzem,r\u00fagja meg a l\u00f3,<br \/>\nmi\u00e9rt van az utamba ez a fogad\u00f3,<br \/>\n\u00e1j\u00e1j\u00e1j\u00e1j,<br \/>\ncsak ne n\u00e9zz\u00e9l a szemembe a s\u00f6t\u00e9tbe.<br \/>\nMegint itt a szombat, megint mulatok,<br \/>\npedig megfogadtam soha nem iszok,<br \/>\n\u00e1j\u00e1j\u00e1j\u00e1j,<br \/>\ncsak ne n\u00e9zz\u00e9l a szemembe a s\u00f6t\u00e9tbe.<\/p>\n<p>T\u00e1ncolj bab\u00e1m, cs\u00f3kold a sz\u00e1m,<br \/>\nma \u00e9jszaka mulatok a kedvemre.<br \/>\nH\u00fazd r\u00e1 cig\u00e1ny, pengesd git\u00e1r,<br \/>\nhogy nem f\u00e9rek a, nem f\u00e9rek a b\u0151r\u00f6mbe.<br \/>\nT\u00e1ncolj bab\u00e1m, cs\u00f3kold a sz\u00e1m,<br \/>\nma \u00e9jszaka mulatok a kedvemre.<br \/>\nH\u00fazd r\u00e1 cig\u00e1ny, pengesd git\u00e1r,<br \/>\nhogy nem f\u00e9rek a, nem f\u00e9rek a b\u0151r\u00f6mbe.<\/p>\n<p>Megn\u00e9zz\u00fck, hogy mi maradt az \u00fcvegbe,<br \/>\nr\u00e1b\u00edzzuk a lelk\u00fcnket az \u00f6rd\u00f6gre,<br \/>\n\u00e1j\u00e1j\u00e1j\u00e1j,<br \/>\ncsak ne n\u00e9zz\u00e9l a szemembe a s\u00f6t\u00e9tbe.<br \/>\nMegint itt a szombat, megint mulatok,<br \/>\nPedig megfogadtam soha nem iszok,<br \/>\n\u00e1j\u00e1j\u00e1j\u00e1j,<br \/>\ncsak ne n\u00e9zz\u00e9l a szemembe a s\u00f6t\u00e9tbe.<br \/>\nT\u00e1ncolj bab\u00e1m, cs\u00f3kold a sz\u00e1m,<br \/>\nma \u00e9jszaka mulatok a kedvemre.<br \/>\nH\u00fazd r\u00e1 cig\u00e1ny, pengesd git\u00e1r,<br \/>\nhogy nem f\u00e9rek a, nem f\u00e9rek a b\u0151r\u00f6mbe.<br \/>\nT\u00e1ncolj bab\u00e1m, cs\u00f3kold a sz\u00e1m,<br \/>\nma \u00e9jszaka mulatok a kedvemre.<br \/>\nH\u00fazd r\u00e1 cig\u00e1ny, pengesd git\u00e1r,<br \/>\nhogy nem f\u00e9rek a, nem f\u00e9rek a b\u0151r\u00f6mbe.<br \/>\n&#8212;Sz\u00f3l\u00f3&#8212;<br \/>\nElfogyott a p\u00e9nzem,r\u00fagja meg a l\u00f3,<br \/>\nmi\u00e9rt van az utamba ez a fogad\u00f3,<br \/>\n\u00e1j\u00e1j\u00e1j\u00e1j,<br \/>\ncsak ne n\u00e9zz\u00e9l a szemembe a s\u00f6t\u00e9tbe.<br \/>\nMegint itt a szombat, megint mulatok,<br \/>\npedig megfogadtam soha nem iszok,<br \/>\n\u00e1j\u00e1j\u00e1j\u00e1j,<br \/>\ncsak ne n\u00e9zz\u00e9l a szemembe a s\u00f6t\u00e9tbe.<br \/>\nT\u00e1ncolj bab\u00e1m, cs\u00f3kold a sz\u00e1m,<br \/>\nma \u00e9jszaka mulatok a kedvemre.<br \/>\nH\u00fazd r\u00e1 cig\u00e1ny, pengesd git\u00e1r,<br \/>\nhogy nem f\u00e9rek a, nem f\u00e9rek a b\u0151r\u00f6mbe.<br \/>\nT\u00e1ncolj bab\u00e1m, cs\u00f3kold a sz\u00e1m,<br \/>\nma \u00e9jszaka mulatok a kedvemre.<br \/>\nH\u00fazd r\u00e1 cig\u00e1ny, pengesd git\u00e1r,<br \/>\nhogy nem f\u00e9rek a, nem f\u00e9rek a b\u0151r\u00f6mbe.<br \/>\nT\u00e1ncolj bab\u00e1m, cs\u00f3kold a sz\u00e1m,<br \/>\nma \u00e9jszaka mulatok a kedvemre.<br \/>\nH\u00fazd r\u00e1 cig\u00e1ny, pengesd git\u00e1r,<br \/>\nhogy nem f\u00e9rek a, nem f\u00e9rek a b\u0151r\u00f6mbe.<br \/>\nT\u00e1ncolj bab\u00e1m, cs\u00f3kold a sz\u00e1m,<br \/>\nma \u00e9jszaka mulatok a kedvemre.<br \/>\nH\u00fazd r\u00e1 cig\u00e1ny, pengesd git\u00e1r,<br \/>\nhogy nem f\u00e9rek a, nem f\u00e9rek a b\u0151r\u00f6mbe.<br \/>\nT\u00e1ncolj bab\u00e1m, cs\u00f3kold a sz\u00e1m,<br \/>\nma \u00e9jszaka mulatok a kedvemre.<br \/>\nH\u00fazd r\u00e1 cig\u00e1ny, pengesd git\u00e1r,<br \/>\nhogy nem f\u00e9rek a, nem f\u00e9rek a b\u0151r\u00f6mbe.<br \/>\n&#8212;V\u00e9ge&#8212;<\/p>\n","protected":false},"featured_media":9289,"template":"","meta":{"site-sidebar-layout":"default","site-content-layout":"default","ast-site-content-layout":"default","site-content-style":"default","site-sidebar-style":"default","ast-global-header-display":"","ast-banner-title-visibility":"","ast-main-header-display":"","ast-hfb-above-header-display":"","ast-hfb-below-header-display":"","ast-hfb-mobile-header-display":"","site-post-title":"","ast-breadcrumbs-content":"","ast-featured-img":"","footer-sml-layout":"","theme-transparent-header-meta":"default","adv-header-id-meta":"","stick-header-meta":"","header-above-stick-meta":"","header-main-stick-meta":"","header-below-stick-meta":"","astra-migrate-meta-layouts":"set","ast-page-background-enabled":"default","ast-page-background-meta":{"desktop":{"background-color":"var(--ast-global-color-4)","background-image":"","background-repeat":"repeat","background-position":"center center","background-size":"auto","background-attachment":"scroll","background-type":"","background-media":"","overlay-type":"","overlay-color":"","overlay-opacity":"","overlay-gradient":""},"tablet":{"background-color":"","background-image":"","background-repeat":"repeat","background-position":"center center","background-size":"auto","background-attachment":"scroll","background-type":"","background-media":"","overlay-type":"","overlay-color":"","overlay-opacity":"","overlay-gradient":""},"mobile":{"background-color":"","background-image":"","background-repeat":"repeat","background-position":"center center","background-size":"auto","background-attachment":"scroll","background-type":"","background-media":"","overlay-type":"","overlay-color":"","overlay-opacity":"","overlay-gradient":""}},"ast-content-background-meta":{"desktop":{"background-color":"var(--ast-global-color-5)","background-image":"","background-repeat":"repeat","background-position":"center center","background-size":"auto","background-attachment":"scroll","background-type":"","background-media":"","overlay-type":"","overlay-color":"","overlay-opacity":"","overlay-gradient":""},"tablet":{"background-color":"var(--ast-global-color-5)","background-image":"","background-repeat":"repeat","background-position":"center center","background-size":"auto","background-attachment":"scroll","background-type":"","background-media":"","overlay-type":"","overlay-color":"","overlay-opacity":"","overlay-gradient":""},"mobile":{"background-color":"var(--ast-global-color-5)","background-image":"","background-repeat":"repeat","background-position":"center center","background-size":"auto","background-attachment":"scroll","background-type":"","background-media":"","overlay-type":"","overlay-color":"","overlay-opacity":"","overlay-gradient":""}}},"product_cat":[46],"product_tag":[],"class_list":["post-3293","product","type-product","status-publish","has-post-thumbnail","hentry","product_cat-eredeti-karaoke-dalok","desktop-align-left","tablet-align-left","mobile-align-left"],"_links":{"self":[{"href":"https:\/\/www.sunkaraoke.hu\/index.php\/wp-json\/wp\/v2\/product\/3293","targetHints":{"allow":["GET"]}}],"collection":[{"href":"https:\/\/www.sunkaraoke.hu\/index.php\/wp-json\/wp\/v2\/product"}],"about":[{"href":"https:\/\/www.sunkaraoke.hu\/index.php\/wp-json\/wp\/v2\/types\/product"}],"wp:featuredmedia":[{"embeddable":true,"href":"https:\/\/www.sunkaraoke.hu\/index.php\/wp-json\/wp\/v2\/media\/9289"}],"wp:attachment":[{"href":"https:\/\/www.sunkaraoke.hu\/index.php\/wp-json\/wp\/v2\/media?parent=3293"}],"wp:term":[{"taxonomy":"product_cat","embeddable":true,"href":"https:\/\/www.sunkaraoke.hu\/index.php\/wp-json\/wp\/v2\/product_cat?post=3293"},{"taxonomy":"product_tag","embeddable":true,"href":"https:\/\/www.sunkaraoke.hu\/index.php\/wp-json\/wp\/v2\/product_tag?post=3293"}],"curies":[{"name":"wp","href":"https:\/\/api.w.org\/{rel}","templated":true}]}}