{"id":3285,"date":"2022-08-08T20:46:14","date_gmt":"2022-08-08T20:46:14","guid":{"rendered":"https:\/\/www.sunkaraoke.hu\/index.php\/termek\/tesok-kinek-a-szive-faj\/"},"modified":"2026-02-14T15:46:25","modified_gmt":"2026-02-14T13:46:25","slug":"tesok-kinek-a-szive-faj","status":"publish","type":"product","link":"https:\/\/www.sunkaraoke.hu\/index.php\/termek\/tesok-kinek-a-szive-faj\/","title":{"rendered":"<div class=\"wcmp-player-container product-3285\"><audio controlslist=\"nodownload\" data-product=\"3285\"  volume=\"1\"  preload=\"none\" data-lazyloading=\"none\" class=\"wcmp-player track mejs-classic\" data-duration=\"0:31\" data-estimated_duration=\"4\"><source src=\"https:\/\/www.sunkaraoke.hu\/wp-content\/uploads\/2022\/08\/Kinek-a-szive-faj-Tesok._demo.mp3\" type=\"audio\/mp3\" \/><\/audio><\/div>Tes\u00f3k &#8211; Kinek a sz\u00edve f\u00e1j (Original Edit)"},"content":{"rendered":"<p><strong>03:53<\/strong> | <strong><img loading=\"lazy\" decoding=\"async\" class=\"alignnone size-full wp-image-467\" src=\"https:\/\/www.sunkaraoke.hu\/wp-content\/uploads\/2022\/07\/choir_2-copy.webp\" alt=\"\" width=\"30\" height=\"30\" \/> <\/strong><\/p>\n","protected":false},"excerpt":{"rendered":"<h6>Bits\u0171r\u0171s\u00e9g: 320 kb\/s<br \/>\nHossz: 03:53<br \/>\nVok\u00e1lt tartalmaz: Nem <img loading=\"lazy\" decoding=\"async\" class=\"alignnone size-full wp-image-467\" src=\"http:\/\/www.sunkaraoke.hu\/wp-content\/uploads\/2022\/07\/choir_2-copy.png\" alt=\"\" width=\"30\" height=\"30\" \/><strong style=\"font-size: 16px;\"><br \/>\n<\/strong><\/h6>\n<p>Sunkaraoke mp3 st\u00fadi\u00f3 \/ www.sunkaraoke.hu \/ Inf: Tel: 06 20 4275001<\/p>\n<p>&#8212;Intr\u00f3&#8212;<br \/>\nElt\u0171nt\u00e9l az \u00e9letemb\u0151l, mi\u00e9rt tetted velem,<br \/>\nminden sz\u00e9pet, j\u00f3t \u00edg\u00e9rt\u00e9l, cs\u00f3kos \u00e9jjelen.<br \/>\nMerre j\u00e1r, ki el\u00e1rulja, lesz m\u00e9g alkalom,<br \/>\nhogy k\u00e9z a k\u00e9zben \u00e1lmodozzunk sok-sok hajnalon.<\/p>\n<p>Kinek a sz\u00edve f\u00e1j, nem baj, ha egyed\u00fcl j\u00e1r,<br \/>\nnyugtassa meg majd az \u00e9g,<br \/>\nvagy b\u00fcntesse meg minden\u00e9rt.<br \/>\nKinek a sz\u00edve f\u00e1j, nem baj, ha egyed\u00fcl j\u00e1r,<br \/>\nnyugtassa meg majd az \u00e9g,<br \/>\nvagy b\u00fcntesse meg minden\u00e9rt, minden\u00e9rt.<br \/>\n&#8212;Sz\u00f3l\u00f3&#8212;<br \/>\nMinden r\u00e9gi titkos v\u00e1gyad elmondtad nekem,<br \/>\negyszer tal\u00e1n meg\u00e9rtem, ezt mi\u00e9rt tetted velem.<br \/>\nMerre j\u00e1r, ki el\u00e1rulja, lesz m\u00e9g alkalom,<br \/>\nhogy k\u00e9z a k\u00e9zben \u00e1lmodozzunk sok-sok hajnalon.<br \/>\nKinek a sz\u00edve f\u00e1j, nem baj, ha egyed\u00fcl j\u00e1r,<br \/>\nnyugtassa meg majd az \u00e9g,<br \/>\nvagy b\u00fcntesse meg minden\u00e9rt.<br \/>\nKinek a sz\u00edve f\u00e1j, nem baj, ha egyed\u00fcl j\u00e1r,<br \/>\nnyugtassa meg majd az \u00e9g,<br \/>\nvagy b\u00fcntesse meg minden\u00e9rt, minden\u00e9rt.<br \/>\n&#8212;Sz\u00f3l\u00f3&#8212;<br \/>\nKinek a sz\u00edve f\u00e1j, nem baj, ha egyed\u00fcl j\u00e1r,<br \/>\nnyugtassa meg majd az \u00e9g,<br \/>\nvagy b\u00fcntesse meg minden\u00e9rt.<br \/>\nKinek a sz\u00edve f\u00e1j, nem baj, ha egyed\u00fcl j\u00e1r,<br \/>\nnyugtassa meg majd az \u00e9g,<br \/>\nvagy b\u00fcntesse meg minden\u00e9rt, minden\u00e9rt.<br \/>\n&#8212;V\u00e9ge&#8212;<\/p>\n","protected":false},"featured_media":8715,"template":"","meta":{"site-sidebar-layout":"default","site-content-layout":"default","ast-site-content-layout":"default","site-content-style":"default","site-sidebar-style":"default","ast-global-header-display":"","ast-banner-title-visibility":"","ast-main-header-display":"","ast-hfb-above-header-display":"","ast-hfb-below-header-display":"","ast-hfb-mobile-header-display":"","site-post-title":"","ast-breadcrumbs-content":"","ast-featured-img":"","footer-sml-layout":"","theme-transparent-header-meta":"default","adv-header-id-meta":"","stick-header-meta":"","header-above-stick-meta":"","header-main-stick-meta":"","header-below-stick-meta":"","astra-migrate-meta-layouts":"set","ast-page-background-enabled":"default","ast-page-background-meta":{"desktop":{"background-color":"var(--ast-global-color-4)","background-image":"","background-repeat":"repeat","background-position":"center center","background-size":"auto","background-attachment":"scroll","background-type":"","background-media":"","overlay-type":"","overlay-color":"","overlay-opacity":"","overlay-gradient":""},"tablet":{"background-color":"","background-image":"","background-repeat":"repeat","background-position":"center center","background-size":"auto","background-attachment":"scroll","background-type":"","background-media":"","overlay-type":"","overlay-color":"","overlay-opacity":"","overlay-gradient":""},"mobile":{"background-color":"","background-image":"","background-repeat":"repeat","background-position":"center center","background-size":"auto","background-attachment":"scroll","background-type":"","background-media":"","overlay-type":"","overlay-color":"","overlay-opacity":"","overlay-gradient":""}},"ast-content-background-meta":{"desktop":{"background-color":"var(--ast-global-color-5)","background-image":"","background-repeat":"repeat","background-position":"center center","background-size":"auto","background-attachment":"scroll","background-type":"","background-media":"","overlay-type":"","overlay-color":"","overlay-opacity":"","overlay-gradient":""},"tablet":{"background-color":"var(--ast-global-color-5)","background-image":"","background-repeat":"repeat","background-position":"center center","background-size":"auto","background-attachment":"scroll","background-type":"","background-media":"","overlay-type":"","overlay-color":"","overlay-opacity":"","overlay-gradient":""},"mobile":{"background-color":"var(--ast-global-color-5)","background-image":"","background-repeat":"repeat","background-position":"center center","background-size":"auto","background-attachment":"scroll","background-type":"","background-media":"","overlay-type":"","overlay-color":"","overlay-opacity":"","overlay-gradient":""}}},"product_cat":[48],"product_tag":[],"class_list":["post-3285","product","type-product","status-publish","has-post-thumbnail","hentry","product_cat-sunkaraoke-dalok","desktop-align-left","tablet-align-left","mobile-align-left"],"_links":{"self":[{"href":"https:\/\/www.sunkaraoke.hu\/index.php\/wp-json\/wp\/v2\/product\/3285","targetHints":{"allow":["GET"]}}],"collection":[{"href":"https:\/\/www.sunkaraoke.hu\/index.php\/wp-json\/wp\/v2\/product"}],"about":[{"href":"https:\/\/www.sunkaraoke.hu\/index.php\/wp-json\/wp\/v2\/types\/product"}],"wp:featuredmedia":[{"embeddable":true,"href":"https:\/\/www.sunkaraoke.hu\/index.php\/wp-json\/wp\/v2\/media\/8715"}],"wp:attachment":[{"href":"https:\/\/www.sunkaraoke.hu\/index.php\/wp-json\/wp\/v2\/media?parent=3285"}],"wp:term":[{"taxonomy":"product_cat","embeddable":true,"href":"https:\/\/www.sunkaraoke.hu\/index.php\/wp-json\/wp\/v2\/product_cat?post=3285"},{"taxonomy":"product_tag","embeddable":true,"href":"https:\/\/www.sunkaraoke.hu\/index.php\/wp-json\/wp\/v2\/product_tag?post=3285"}],"curies":[{"name":"wp","href":"https:\/\/api.w.org\/{rel}","templated":true}]}}