{"id":3279,"date":"2022-08-08T20:46:13","date_gmt":"2022-08-08T20:46:13","guid":{"rendered":"https:\/\/www.sunkaraoke.hu\/index.php\/termek\/horvat-dal-freya-band-szep-szemed-dao-tam-ti-dusu\/"},"modified":"2024-09-17T14:14:57","modified_gmt":"2024-09-17T14:14:57","slug":"horvat-dal-freya-band-szep-szemed-dao-tam-ti-dusu","status":"publish","type":"product","link":"https:\/\/www.sunkaraoke.hu\/index.php\/termek\/horvat-dal-freya-band-szep-szemed-dao-tam-ti-dusu\/","title":{"rendered":"<div class=\"wcmp-player-container product-3279\"><audio controlslist=\"nodownload\" data-product=\"3279\"  volume=\"1\"  preload=\"none\" data-lazyloading=\"none\" class=\"wcmp-player track mejs-classic\" ><source src=\"https:\/\/www.sunkaraoke.hu\/wp-content\/uploads\/wcmp\/61a2b35963b0d73a4aa92b16678faa22.mp3\" type=\"audio\/mp3\" \/><\/audio><\/div>Horv\u00e1t dal  (Freya Band) &#8211; Sz\u00e9p szemed  (Dao tam ti Dusu)"},"content":{"rendered":"<p><strong>03:22<\/strong> | <strong><img loading=\"lazy\" decoding=\"async\" class=\"alignnone size-full wp-image-467\" src=\"https:\/\/www.sunkaraoke.hu\/wp-content\/uploads\/2022\/07\/choir_2-copy.webp\" alt=\"\" width=\"30\" height=\"30\" \/> <\/strong><\/p>\n","protected":false},"excerpt":{"rendered":"<p><strong>Bits\u0171r\u0171s\u00e9g: 196kb\/s<\/strong><br \/>\n<strong>Hossz: 03:22<\/strong><br \/>\n<strong>Vok\u00e1lt tartalmaz: Nem <img loading=\"lazy\" decoding=\"async\" class=\"alignnone size-full wp-image-467\" src=\"http:\/\/www.sunkaraoke.hu\/wp-content\/uploads\/2022\/07\/choir_2-copy.png\" alt=\"\" width=\"30\" height=\"30\" \/><\/strong><strong style=\"font-size: 16px;\"><br \/>\n<\/strong><\/p>\n<p>&#8212;Intr\u00f3&#8212;<br \/>\nSz\u00e9p szemed, ha r\u00e1m ragyog, l\u00e1tom benne a holnapot.<br \/>\nFogom csendben a k\u00e9t kezed, \u00e9s \u00e9n oly boldog vagyok.<br \/>\nFogom csendben a k\u00e9t kezed, \u00e9s \u00e9n oly boldog vagyok.<\/p>\n<p>\u00c9l\u00fcnk majd csendesen,ketten sz\u00e9p szerelmesen.<br \/>\nFogom csendben a k\u00e9t kezd,te \u00e9s \u00e9n kedvesem.<br \/>\nFogom csendben a k\u00e9t kezd,te \u00e9s \u00e9n kedvesem.<\/p>\n<p>H\u00f3feh\u00e9r kis kezed,\u00e9n soha el nem engedem.<br \/>\nJ\u00f3ban rosszban \u00f6sszetart,benn\u00fcnket a szerelem.<br \/>\nH\u00f3feh\u00e9r kis kezed,\u00e9n soha el nem engedem.<br \/>\nJ\u00f3ban rosszban \u00f6sszetart,benn\u00fcnket a szerelem.<br \/>\n&#8212;Sz\u00f3l\u00f3&#8212;<br \/>\nSz\u00e9p szemed, ha r\u00e1m ragyog, l\u00e1tom benne a holnapot.<br \/>\nFogom csendben a k\u00e9t kezed, \u00e9s \u00e9n oly boldog vagyok.<br \/>\nFogom csendben a k\u00e9t kezed, \u00e9s \u00e9n oly boldog vagyok.<\/p>\n<p>\u00c9l\u00fcnk majd csendesen,ketten sz\u00e9p szerelmesen.<br \/>\nFogom csendben a k\u00e9t kezd,te \u00e9s \u00e9n kedvesem.<br \/>\nFogom csendben a k\u00e9t kezd,te \u00e9s \u00e9n kedvesem.<\/p>\n<p>H\u00f3feh\u00e9r kis kezed,\u00e9n soha el nem engedem.<br \/>\nJ\u00f3ban rosszban \u00f6sszetart,benn\u00fcnket a szerelem.<br \/>\nH\u00f3feh\u00e9r kis kezed,\u00e9n soha el nem engedem.<br \/>\nJ\u00f3ban rosszban \u00f6sszetart,benn\u00fcnket a szerelem.<br \/>\n&#8212;Sz\u00f3l\u00f3&#8212;<br \/>\nH\u00f3feh\u00e9r kis kezed,\u00e9n soha el nem engedem.<br \/>\nJ\u00f3ban rosszban \u00f6sszetart,benn\u00fcnket a szerelem.<br \/>\nH\u00f3feh\u00e9r kis kezed,\u00e9n soha el nem engedem.<br \/>\nJ\u00f3ban rosszban \u00f6sszetart,benn\u00fcnket a szerelem.<br \/>\n&#8212;V\u00e9ge&#8212;<\/p>\n","protected":false},"featured_media":288,"template":"","meta":{"site-sidebar-layout":"default","site-content-layout":"default","ast-site-content-layout":"","site-content-style":"default","site-sidebar-style":"default","ast-global-header-display":"","ast-banner-title-visibility":"","ast-main-header-display":"","ast-hfb-above-header-display":"","ast-hfb-below-header-display":"","ast-hfb-mobile-header-display":"","site-post-title":"","ast-breadcrumbs-content":"","ast-featured-img":"","footer-sml-layout":"","theme-transparent-header-meta":"default","adv-header-id-meta":"","stick-header-meta":"","header-above-stick-meta":"","header-main-stick-meta":"","header-below-stick-meta":"","astra-migrate-meta-layouts":"default","ast-page-background-enabled":"default","ast-page-background-meta":{"desktop":{"background-color":"var(--ast-global-color-4)","background-image":"","background-repeat":"repeat","background-position":"center center","background-size":"auto","background-attachment":"scroll","background-type":"","background-media":"","overlay-type":"","overlay-color":"","overlay-opacity":"","overlay-gradient":""},"tablet":{"background-color":"","background-image":"","background-repeat":"repeat","background-position":"center center","background-size":"auto","background-attachment":"scroll","background-type":"","background-media":"","overlay-type":"","overlay-color":"","overlay-opacity":"","overlay-gradient":""},"mobile":{"background-color":"","background-image":"","background-repeat":"repeat","background-position":"center center","background-size":"auto","background-attachment":"scroll","background-type":"","background-media":"","overlay-type":"","overlay-color":"","overlay-opacity":"","overlay-gradient":""}},"ast-content-background-meta":{"desktop":{"background-color":"var(--ast-global-color-5)","background-image":"","background-repeat":"repeat","background-position":"center center","background-size":"auto","background-attachment":"scroll","background-type":"","background-media":"","overlay-type":"","overlay-color":"","overlay-opacity":"","overlay-gradient":""},"tablet":{"background-color":"var(--ast-global-color-5)","background-image":"","background-repeat":"repeat","background-position":"center center","background-size":"auto","background-attachment":"scroll","background-type":"","background-media":"","overlay-type":"","overlay-color":"","overlay-opacity":"","overlay-gradient":""},"mobile":{"background-color":"var(--ast-global-color-5)","background-image":"","background-repeat":"repeat","background-position":"center center","background-size":"auto","background-attachment":"scroll","background-type":"","background-media":"","overlay-type":"","overlay-color":"","overlay-opacity":"","overlay-gradient":""}}},"product_cat":[48],"product_tag":[],"class_list":["post-3279","product","type-product","status-publish","has-post-thumbnail","hentry","product_cat-sunkaraoke-dalok","desktop-align-left","tablet-align-left","mobile-align-left"],"_links":{"self":[{"href":"https:\/\/www.sunkaraoke.hu\/index.php\/wp-json\/wp\/v2\/product\/3279","targetHints":{"allow":["GET"]}}],"collection":[{"href":"https:\/\/www.sunkaraoke.hu\/index.php\/wp-json\/wp\/v2\/product"}],"about":[{"href":"https:\/\/www.sunkaraoke.hu\/index.php\/wp-json\/wp\/v2\/types\/product"}],"wp:featuredmedia":[{"embeddable":true,"href":"https:\/\/www.sunkaraoke.hu\/index.php\/wp-json\/wp\/v2\/media\/288"}],"wp:attachment":[{"href":"https:\/\/www.sunkaraoke.hu\/index.php\/wp-json\/wp\/v2\/media?parent=3279"}],"wp:term":[{"taxonomy":"product_cat","embeddable":true,"href":"https:\/\/www.sunkaraoke.hu\/index.php\/wp-json\/wp\/v2\/product_cat?post=3279"},{"taxonomy":"product_tag","embeddable":true,"href":"https:\/\/www.sunkaraoke.hu\/index.php\/wp-json\/wp\/v2\/product_tag?post=3279"}],"curies":[{"name":"wp","href":"https:\/\/api.w.org\/{rel}","templated":true}]}}