{"id":3278,"date":"2022-08-08T20:46:13","date_gmt":"2022-08-08T20:46:13","guid":{"rendered":"https:\/\/www.sunkaraoke.hu\/index.php\/termek\/delta-jegsziv\/"},"modified":"2025-03-31T07:33:35","modified_gmt":"2025-03-31T07:33:35","slug":"delta-jegsziv","status":"publish","type":"product","link":"https:\/\/www.sunkaraoke.hu\/index.php\/termek\/delta-jegsziv\/","title":{"rendered":"<div class=\"wcmp-player-container product-3278\"><audio controlslist=\"nodownload\" data-product=\"3278\"  volume=\"1\"  preload=\"none\" data-lazyloading=\"none\" class=\"wcmp-player track mejs-classic\" data-duration=\"0:33\" data-estimated_duration=\"4\"><source src=\"https:\/\/www.sunkaraoke.hu\/wp-content\/uploads\/2022\/08\/Jegszivdemo.mp3\" type=\"audio\/mp3\" \/><\/audio><\/div>Delta &#8211; J\u00e9gsz\u00edv (Original)"},"content":{"rendered":"<p><strong>04:29<\/strong> | <strong><img loading=\"lazy\" decoding=\"async\" class=\"alignnone size-full wp-image-467\" src=\"https:\/\/www.sunkaraoke.hu\/wp-content\/uploads\/2022\/07\/choir_2-copy.webp\" alt=\"\" width=\"30\" height=\"30\" \/> <\/strong><\/p>\n","protected":false},"excerpt":{"rendered":"<p><strong>Bits\u0171r\u0171s\u00e9g: 320kb\/s<\/strong><br \/>\n<strong>Hossz: 04:29<\/strong><br \/>\n<strong>Vok\u00e1lt tartalmaz: Nem <img loading=\"lazy\" decoding=\"async\" class=\"alignnone size-full wp-image-467\" src=\"http:\/\/www.sunkaraoke.hu\/wp-content\/uploads\/2022\/07\/choir_2-copy.png\" alt=\"\" width=\"30\" height=\"30\" \/><\/strong><\/p>\n<p>Sunkaraoke mp3 st\u00fadi\u00f3 \/ www.sunkaraoke.hu \/ Inf: Tel: 06 20 4275001<\/p>\n<p>&#8212;Intr\u00f3&#8212;<br \/>\nCs\u00e1b\u00edt egy \u00e9j, egy sejtelmes l\u00e1tom\u00e1s,<br \/>\ncs\u00e1b\u00edt egy arc, mit egyszer kell, hogy l\u00e1ss,<br \/>\n\u00e9s a szem, mit l\u00e1ttam m\u00e1r valahol,<br \/>\n\u00e9s k\u00e9k, \u00e9s olyan sz\u00e9p,<br \/>\n\u00e9s egy sz\u00e1j, mi most m\u00e1s sz\u00edv\u00e9hez sz\u00f3l,<br \/>\nti\u00e9d volt az arc, tudom most m\u00e1r j\u00f3l, \u00e9s az\u00f3ta.<\/p>\n<p>J\u00e9gb\u0151l vagyok, tal\u00e1n fel sem olvadok.<br \/>\nNy\u00fajtsd k\u00e9t kezed, olvaszd fel j\u00e9g sz\u00edvemet!<br \/>\nJ\u00e9gb\u0151l vagyok, tal\u00e1n fel sem olvadok.<br \/>\nNy\u00fajtsd k\u00e9t kezed, olvaszd fel j\u00e9g sz\u00edvemet!<br \/>\n&#8212;Sz\u00f3l\u00f3&#8212;<br \/>\nHa valami f\u00e1j, nem \u00e9rzem r\u00e9gen m\u00e1r,<br \/>\n\u00e9s az a l\u00e1z csak \u00e1lmodban \u00e9get t\u00e1n,<br \/>\n\u00e9s az arc, tudd meg, hogy ti\u00e9d.<br \/>\nH\u00edvj,nekem ennyi el\u00e9g,<br \/>\n\u00e9s a sz\u00e1d, ha hozz\u00e1m sz\u00f3l majd m\u00e9g,<br \/>\nmeg kell \u00e9rtsed h\u00e1t, ennyi \u00e9pp el\u00e9g,<br \/>\nbiztosan l\u00e1tod.<\/p>\n<p>J\u00e9gb\u0151l vagyok, tal\u00e1n fel sem olvadok.<br \/>\nNy\u00fajtsd k\u00e9t kezed, olvaszd fel j\u00e9g sz\u00edvemet!<br \/>\nJ\u00e9gb\u0151l vagyok, tal\u00e1n fel sem olvadok.<br \/>\nNy\u00fajtsd k\u00e9t kezed, olvaszd fel j\u00e9g sz\u00edvemet!<br \/>\n&#8212;Sz\u00f3l\u00f3&#8212;<br \/>\nJ\u00e9gb\u0151l vagyok, tal\u00e1n fel sem olvadok.<br \/>\nNy\u00fajtsd k\u00e9t kezed, olvaszd fel j\u00e9g sz\u00edvemet!<br \/>\nJ\u00e9g sz\u00edvemet!<br \/>\n&#8212;V\u00e9ge&#8212;<\/p>\n","protected":false},"featured_media":9005,"template":"","meta":{"site-sidebar-layout":"default","site-content-layout":"default","ast-site-content-layout":"default","site-content-style":"default","site-sidebar-style":"default","ast-global-header-display":"","ast-banner-title-visibility":"","ast-main-header-display":"","ast-hfb-above-header-display":"","ast-hfb-below-header-display":"","ast-hfb-mobile-header-display":"","site-post-title":"","ast-breadcrumbs-content":"","ast-featured-img":"","footer-sml-layout":"","theme-transparent-header-meta":"default","adv-header-id-meta":"","stick-header-meta":"","header-above-stick-meta":"","header-main-stick-meta":"","header-below-stick-meta":"","astra-migrate-meta-layouts":"set","ast-page-background-enabled":"default","ast-page-background-meta":{"desktop":{"background-color":"var(--ast-global-color-4)","background-image":"","background-repeat":"repeat","background-position":"center center","background-size":"auto","background-attachment":"scroll","background-type":"","background-media":"","overlay-type":"","overlay-color":"","overlay-opacity":"","overlay-gradient":""},"tablet":{"background-color":"","background-image":"","background-repeat":"repeat","background-position":"center center","background-size":"auto","background-attachment":"scroll","background-type":"","background-media":"","overlay-type":"","overlay-color":"","overlay-opacity":"","overlay-gradient":""},"mobile":{"background-color":"","background-image":"","background-repeat":"repeat","background-position":"center center","background-size":"auto","background-attachment":"scroll","background-type":"","background-media":"","overlay-type":"","overlay-color":"","overlay-opacity":"","overlay-gradient":""}},"ast-content-background-meta":{"desktop":{"background-color":"var(--ast-global-color-5)","background-image":"","background-repeat":"repeat","background-position":"center center","background-size":"auto","background-attachment":"scroll","background-type":"","background-media":"","overlay-type":"","overlay-color":"","overlay-opacity":"","overlay-gradient":""},"tablet":{"background-color":"var(--ast-global-color-5)","background-image":"","background-repeat":"repeat","background-position":"center center","background-size":"auto","background-attachment":"scroll","background-type":"","background-media":"","overlay-type":"","overlay-color":"","overlay-opacity":"","overlay-gradient":""},"mobile":{"background-color":"var(--ast-global-color-5)","background-image":"","background-repeat":"repeat","background-position":"center center","background-size":"auto","background-attachment":"scroll","background-type":"","background-media":"","overlay-type":"","overlay-color":"","overlay-opacity":"","overlay-gradient":""}}},"product_cat":[48],"product_tag":[],"class_list":["post-3278","product","type-product","status-publish","has-post-thumbnail","hentry","product_cat-sunkaraoke-dalok","desktop-align-left","tablet-align-left","mobile-align-left"],"_links":{"self":[{"href":"https:\/\/www.sunkaraoke.hu\/index.php\/wp-json\/wp\/v2\/product\/3278","targetHints":{"allow":["GET"]}}],"collection":[{"href":"https:\/\/www.sunkaraoke.hu\/index.php\/wp-json\/wp\/v2\/product"}],"about":[{"href":"https:\/\/www.sunkaraoke.hu\/index.php\/wp-json\/wp\/v2\/types\/product"}],"wp:featuredmedia":[{"embeddable":true,"href":"https:\/\/www.sunkaraoke.hu\/index.php\/wp-json\/wp\/v2\/media\/9005"}],"wp:attachment":[{"href":"https:\/\/www.sunkaraoke.hu\/index.php\/wp-json\/wp\/v2\/media?parent=3278"}],"wp:term":[{"taxonomy":"product_cat","embeddable":true,"href":"https:\/\/www.sunkaraoke.hu\/index.php\/wp-json\/wp\/v2\/product_cat?post=3278"},{"taxonomy":"product_tag","embeddable":true,"href":"https:\/\/www.sunkaraoke.hu\/index.php\/wp-json\/wp\/v2\/product_tag?post=3278"}],"curies":[{"name":"wp","href":"https:\/\/api.w.org\/{rel}","templated":true}]}}