{"id":3276,"date":"2022-08-08T20:46:13","date_gmt":"2022-08-08T20:46:13","guid":{"rendered":"https:\/\/www.sunkaraoke.hu\/index.php\/termek\/tesok-csoro-vagyok\/"},"modified":"2026-02-14T15:46:26","modified_gmt":"2026-02-14T13:46:26","slug":"tesok-csoro-vagyok","status":"publish","type":"product","link":"https:\/\/www.sunkaraoke.hu\/index.php\/termek\/tesok-csoro-vagyok\/","title":{"rendered":"<div class=\"wcmp-player-container product-3276\"><audio controlslist=\"nodownload\" data-product=\"3276\"  volume=\"1\"  preload=\"none\" data-lazyloading=\"none\" class=\"wcmp-player track mejs-classic\" data-duration=\"0:31\" data-estimated_duration=\"4\"><source src=\"https:\/\/www.sunkaraoke.hu\/wp-content\/uploads\/2022\/08\/Csoro-vagyok_demo.mp3\" type=\"audio\/mp3\" \/><\/audio><\/div>Tes\u00f3k &#8211; Cs\u00f3r\u00f3 vagyok (Original)"},"content":{"rendered":"<p><strong>03:34<\/strong> | <strong><img loading=\"lazy\" decoding=\"async\" class=\"alignnone size-full wp-image-467\" src=\"https:\/\/www.sunkaraoke.hu\/wp-content\/uploads\/2022\/07\/choir_2-copy.webp\" alt=\"\" width=\"30\" height=\"30\" \/> <\/strong><\/p>\n","protected":false},"excerpt":{"rendered":"<h6><strong>Bits\u0171r\u0171s\u00e9g: 320 kb\/s<\/strong><br \/>\n<strong>Hossz: 03:34<\/strong><br \/>\n<strong>Vok\u00e1lt tartalmaz: Nem <img loading=\"lazy\" decoding=\"async\" class=\"alignnone size-full wp-image-467\" src=\"http:\/\/www.sunkaraoke.hu\/wp-content\/uploads\/2022\/07\/choir_2-copy.png\" alt=\"\" width=\"30\" height=\"30\" \/><\/strong><\/h6>\n<p>Sunkaraoke mp3 st\u00fadi\u00f3 \/ www.sunkaraoke.hu \/ Inf: Tel: 06 20 4275001<\/p>\n<p>&#8212;Intr\u00f3&#8212;<br \/>\nAzt \u00e1lmodtam \u00e9n az \u00e9jjel milliomos lettem,<br \/>\nfogtam magam, azon nyomban Florid\u00e1ba mentem.<br \/>\nB\u00e1rba j\u00e1rtam, nem kocsm\u00e1ba, lakkcip\u0151be, nem csizm\u00e1ba,<br \/>\n\u00edgy mulattam a vil\u00e1gba.<br \/>\nCsak amikor fel\u00e9bredtem,v\u00e9kony buksz\u00e1m \u00e9szrevettem,<br \/>\nazt sem tudtam, hol \u00e1ll a fejem.<br \/>\nCs\u00f3r\u00f3 vagyok, de sohasem f\u00e1jt,<br \/>\nsok-sok sz\u00e9pl\u00e1ny nekem is j\u00e1r.<br \/>\nB\u00e1rmerre j\u00e1rtam, v\u00e1rtak a n\u0151csk\u00e9k,<br \/>\na v\u00f6r\u00f6sek, barn\u00e1k, feket\u00e9k, sz\u0151k\u00e9k,<br \/>\nCs\u00f3r\u00f3 vagyok, de sohasem f\u00e1jt,<br \/>\nsok-sok sz\u00e9pl\u00e1ny nekem is j\u00e1rt.<br \/>\nKancs\u00f3b\u00f3l iszom, am\u00edg van l\u00f3v\u00e9m,<br \/>\nam\u00edg tart a csal\u00e1di p\u00f3tl\u00e9k.<br \/>\n&#8212;Sz\u00f3l\u00f3&#8212;<br \/>\nAzt \u00e1lmodtam \u00e9n az \u00e9jjel milliomos lettem,<br \/>\nsz\u00f3rtam a p\u00e9nzt, \u00e9jjel-nappal kir\u00e1ntott h\u00fast ettem.<br \/>\nKir\u00e1ntott h\u00fast sal\u00e1t\u00e1val, nem szalonn\u00e1t, z\u00f6ldhagym\u00e1val,<br \/>\nnem t\u00f6r\u0151dtem a vil\u00e1ggal.<br \/>\nCsak amikor fel\u00e9bredtem, korg\u00f3 gyomrom meg\u00e9reztem,<br \/>\nr\u00f6gt\u00f6n tudtam hol az \u00e9n helyem.<br \/>\nCs\u00f3r\u00f3 vagyok, de sohasem f\u00e1jt,<br \/>\nsok-sok sz\u00e9pl\u00e1ny nekem is j\u00e1r.<br \/>\nB\u00e1rmerre j\u00e1rtam, v\u00e1rtak a n\u0151csk\u00e9k,<br \/>\na v\u00f6r\u00f6sek, barn\u00e1k, feket\u00e9k, sz\u0151k\u00e9k,<br \/>\nCs\u00f3r\u00f3 vagyok, de sohasem f\u00e1jt,<br \/>\nsok-sok sz\u00e9pl\u00e1ny nekem is j\u00e1rt.<br \/>\nKancs\u00f3b\u00f3l iszom, am\u00edg van l\u00f3v\u00e9m,<br \/>\nam\u00edg tart a csal\u00e1di p\u00f3tl\u00e9k.<br \/>\n&#8212;Sz\u00f3l\u00f3&#8212;<br \/>\nCs\u00f3r\u00f3 vagyok, de sohasem f\u00e1jt,<br \/>\nsok-sok sz\u00e9pl\u00e1ny nekem is j\u00e1r.<br \/>\nB\u00e1rmerre j\u00e1rtam, v\u00e1rtak a n\u0151csk\u00e9k,<br \/>\na v\u00f6r\u00f6sek, barn\u00e1k, feket\u00e9k, sz\u0151k\u00e9k,<br \/>\nCs\u00f3r\u00f3 vagyok, de sohasem f\u00e1jt,<br \/>\nsok-sok sz\u00e9pl\u00e1ny nekem is j\u00e1rt.<br \/>\nKancs\u00f3b\u00f3l iszom, am\u00edg van l\u00f3v\u00e9m,<br \/>\nam\u00edg tart a csal\u00e1di p\u00f3tl\u00e9k.<br \/>\nCs\u00f3r\u00f3 vagyok, de sohasem f\u00e1jt,<br \/>\nsok-sok sz\u00e9pl\u00e1ny nekem is j\u00e1r.<br \/>\nB\u00e1rmerre j\u00e1rtam, v\u00e1rtak a n\u0151csk\u00e9k,<br \/>\na v\u00f6r\u00f6sek, barn\u00e1k, feket\u00e9k, sz\u0151k\u00e9k,<br \/>\n&#8212;V\u00e9ge&#8212;<\/p>\n","protected":false},"featured_media":8715,"template":"","meta":{"site-sidebar-layout":"default","site-content-layout":"default","ast-site-content-layout":"default","site-content-style":"default","site-sidebar-style":"default","ast-global-header-display":"","ast-banner-title-visibility":"","ast-main-header-display":"","ast-hfb-above-header-display":"","ast-hfb-below-header-display":"","ast-hfb-mobile-header-display":"","site-post-title":"","ast-breadcrumbs-content":"","ast-featured-img":"","footer-sml-layout":"","theme-transparent-header-meta":"default","adv-header-id-meta":"","stick-header-meta":"","header-above-stick-meta":"","header-main-stick-meta":"","header-below-stick-meta":"","astra-migrate-meta-layouts":"set","ast-page-background-enabled":"default","ast-page-background-meta":{"desktop":{"background-color":"var(--ast-global-color-4)","background-image":"","background-repeat":"repeat","background-position":"center center","background-size":"auto","background-attachment":"scroll","background-type":"","background-media":"","overlay-type":"","overlay-color":"","overlay-opacity":"","overlay-gradient":""},"tablet":{"background-color":"","background-image":"","background-repeat":"repeat","background-position":"center center","background-size":"auto","background-attachment":"scroll","background-type":"","background-media":"","overlay-type":"","overlay-color":"","overlay-opacity":"","overlay-gradient":""},"mobile":{"background-color":"","background-image":"","background-repeat":"repeat","background-position":"center center","background-size":"auto","background-attachment":"scroll","background-type":"","background-media":"","overlay-type":"","overlay-color":"","overlay-opacity":"","overlay-gradient":""}},"ast-content-background-meta":{"desktop":{"background-color":"var(--ast-global-color-5)","background-image":"","background-repeat":"repeat","background-position":"center center","background-size":"auto","background-attachment":"scroll","background-type":"","background-media":"","overlay-type":"","overlay-color":"","overlay-opacity":"","overlay-gradient":""},"tablet":{"background-color":"var(--ast-global-color-5)","background-image":"","background-repeat":"repeat","background-position":"center center","background-size":"auto","background-attachment":"scroll","background-type":"","background-media":"","overlay-type":"","overlay-color":"","overlay-opacity":"","overlay-gradient":""},"mobile":{"background-color":"var(--ast-global-color-5)","background-image":"","background-repeat":"repeat","background-position":"center center","background-size":"auto","background-attachment":"scroll","background-type":"","background-media":"","overlay-type":"","overlay-color":"","overlay-opacity":"","overlay-gradient":""}}},"product_cat":[48],"product_tag":[],"class_list":["post-3276","product","type-product","status-publish","has-post-thumbnail","hentry","product_cat-sunkaraoke-dalok","desktop-align-left","tablet-align-left","mobile-align-left"],"_links":{"self":[{"href":"https:\/\/www.sunkaraoke.hu\/index.php\/wp-json\/wp\/v2\/product\/3276","targetHints":{"allow":["GET"]}}],"collection":[{"href":"https:\/\/www.sunkaraoke.hu\/index.php\/wp-json\/wp\/v2\/product"}],"about":[{"href":"https:\/\/www.sunkaraoke.hu\/index.php\/wp-json\/wp\/v2\/types\/product"}],"wp:featuredmedia":[{"embeddable":true,"href":"https:\/\/www.sunkaraoke.hu\/index.php\/wp-json\/wp\/v2\/media\/8715"}],"wp:attachment":[{"href":"https:\/\/www.sunkaraoke.hu\/index.php\/wp-json\/wp\/v2\/media?parent=3276"}],"wp:term":[{"taxonomy":"product_cat","embeddable":true,"href":"https:\/\/www.sunkaraoke.hu\/index.php\/wp-json\/wp\/v2\/product_cat?post=3276"},{"taxonomy":"product_tag","embeddable":true,"href":"https:\/\/www.sunkaraoke.hu\/index.php\/wp-json\/wp\/v2\/product_tag?post=3276"}],"curies":[{"name":"wp","href":"https:\/\/api.w.org\/{rel}","templated":true}]}}