{"id":3273,"date":"2022-08-08T20:46:13","date_gmt":"2022-08-08T20:46:13","guid":{"rendered":"https:\/\/www.sunkaraoke.hu\/index.php\/termek\/slager-tibo-amikor-a-rozsak-ujra-nyilnak\/"},"modified":"2025-04-03T13:56:54","modified_gmt":"2025-04-03T13:56:54","slug":"slager-tibo-amikor-a-rozsak-ujra-nyilnak","status":"publish","type":"product","link":"https:\/\/www.sunkaraoke.hu\/index.php\/termek\/slager-tibo-amikor-a-rozsak-ujra-nyilnak\/","title":{"rendered":"<div class=\"wcmp-player-container product-3273\"><audio controlslist=\"nodownload\" data-product=\"3273\"  volume=\"1\"  preload=\"none\" data-lazyloading=\"none\" class=\"wcmp-player track mejs-classic\" data-duration=\"0:34\" data-estimated_duration=\"4\"><source src=\"https:\/\/www.sunkaraoke.hu\/wp-content\/uploads\/2022\/08\/Amikor-a-rozsak2-demooo-1.mp3\" type=\"audio\/mp3\" \/><\/audio><\/div>Sl\u00e1ger Tib\u00f3 &#8211; Amikor a r\u00f3zs\u00e1k \u00fajra (Original)"},"content":{"rendered":"<p><strong>03:55<\/strong> | <strong><img loading=\"lazy\" decoding=\"async\" class=\"alignnone size-full wp-image-466\" src=\"https:\/\/www.sunkaraoke.hu\/wp-content\/uploads\/2022\/07\/choir_1-copy.webp\" alt=\"\" width=\"30\" height=\"30\" \/> <\/strong><\/p>\n","protected":false},"excerpt":{"rendered":"<h6><strong>Bits\u0171r\u0171s\u00e9g: 320<\/strong>kb\/s<strong><br \/>\n<\/strong><strong>Hossz: <\/strong>03:55<strong><br \/>\n<\/strong><strong style=\"font-size: 16px;\">Vok\u00e1lt tartalmaz: <\/strong>Igen <img loading=\"lazy\" decoding=\"async\" class=\"alignnone size-full wp-image-466\" src=\"http:\/\/www.sunkaraoke.hu\/wp-content\/uploads\/2022\/07\/choir_1-copy.png\" alt=\"\" width=\"30\" height=\"30\" \/><strong style=\"font-size: 16px;\"><br \/>\n<\/strong><\/h6>\n<p>Sunkaraoke mp3 st\u00fadi\u00f3 \/ www.sunkaraoke.hu \/ Inf: Tel: 06 20 4275001<\/p>\n<p>&#8212;Intr\u00f3&#8212;<br \/>\nAmikor a r\u00f3zs\u00e1k \u00fajra ny\u00edlnak,<br \/>\namikor a kertek illatoznak,<br \/>\ntudom, hogy a sz\u00edved \u00fajra r\u00e1m tal\u00e1l.<\/p>\n<p>Keresed-e m\u00e9g a r\u00e9gi \u00e1lmot,<br \/>\nakarod-e m\u00e9g a boldogs\u00e1got,<br \/>\namikor a sz\u00edvem \u00fajra r\u00e1d tal\u00e1l?<\/p>\n<p>\u00c1lmaimban, karjaidban, mindig j\u00f3 nekem,<br \/>\naj\u00e1nd\u00e9k volt minden perc\u00fcnk, \u0151rizd kedvesem.<\/p>\n<p>Amikor a r\u00f3zs\u00e1k \u00fajra ny\u00edlnak,<br \/>\namikor a felh\u0151k elvonulnak,<br \/>\ntudom, hogy a sz\u00edved \u00fajra r\u00e1m tal\u00e1l.<\/p>\n<p>Amikor a r\u00f3zs\u00e1k \u00fajra ny\u00edlnak,<br \/>\namikor a kertek illatoznak,<br \/>\ntudom, hogy a sz\u00edved \u00fajra r\u00e1m tal\u00e1l.<\/p>\n<p>Keresed-e m\u00e9g a r\u00e9gi \u00e1lmot,<br \/>\nakarod-e m\u00e9g a boldogs\u00e1got,<br \/>\namikor a sz\u00edvem \u00fajra r\u00e1d tal\u00e1l?<\/p>\n<p>\u00c1lmaimban, karjaidban, mindig j\u00f3 nekem,<br \/>\naj\u00e1nd\u00e9k volt minden perc\u00fcnk, \u0151rizd kedvesem.<\/p>\n<p>Amikor a r\u00f3zs\u00e1k \u00fajra ny\u00edlnak,<br \/>\namikor a felh\u0151k elvonulnak,<br \/>\ntudom, hogy a sz\u00edved \u00fajra r\u00e1m tal\u00e1l.<\/p>\n<p>\u00c1lmaimban, karjaidban mindig j\u00f3 nekem,<br \/>\naj\u00e1nd\u00e9k volt minden perc\u00fcnk, \u0151rizd kedvesem.<\/p>\n<p>Amikor a r\u00f3zs\u00e1k \u00fajra ny\u00edlnak,<br \/>\namikor a felh\u0151k elvonulnak,<br \/>\ntudom, hogy a sz\u00edved \u00fajra r\u00e1m tal\u00e1l.<\/p>\n<p>Amikor a r\u00f3zs\u00e1k \u00fajra ny\u00edlnak,<br \/>\namikor a kertek illatoznak,<br \/>\ntudom, hogy a sz\u00edved \u00fajra r\u00e1m tal\u00e1l.<\/p>\n<p>Keresed-e m\u00e9g a r\u00e9gi \u00e1lmot,<br \/>\nakarod-e m\u00e9g a boldogs\u00e1got,<br \/>\namikor a sz\u00edvem \u00fajra r\u00e1d tal\u00e1l?<\/p>\n<p>Amikor a r\u00f3zs\u00e1k \u00fajra ny\u00edlnak,<br \/>\namikor a kertek illatoznak,<br \/>\ntudom, hogy a sz\u00edved \u00fajra r\u00e1m tal\u00e1l.<\/p>\n<p>Keresed-e m\u00e9g a r\u00e9gi \u00e1lmot,<br \/>\nakarod-e m\u00e9g a boldogs\u00e1got,<br \/>\namikor a sz\u00edvem \u00fajra r\u00e1d tal\u00e1l,<br \/>\namikor a sz\u00edvem \u00fajra r\u00e1d tal\u00e1l?<br \/>\n&#8212;V\u00e9ge&#8212;<\/p>\n","protected":false},"featured_media":9289,"template":"","meta":{"site-sidebar-layout":"default","site-content-layout":"default","ast-site-content-layout":"default","site-content-style":"default","site-sidebar-style":"default","ast-global-header-display":"","ast-banner-title-visibility":"","ast-main-header-display":"","ast-hfb-above-header-display":"","ast-hfb-below-header-display":"","ast-hfb-mobile-header-display":"","site-post-title":"","ast-breadcrumbs-content":"","ast-featured-img":"","footer-sml-layout":"","theme-transparent-header-meta":"default","adv-header-id-meta":"","stick-header-meta":"","header-above-stick-meta":"","header-main-stick-meta":"","header-below-stick-meta":"","astra-migrate-meta-layouts":"set","ast-page-background-enabled":"default","ast-page-background-meta":{"desktop":{"background-color":"var(--ast-global-color-4)","background-image":"","background-repeat":"repeat","background-position":"center center","background-size":"auto","background-attachment":"scroll","background-type":"","background-media":"","overlay-type":"","overlay-color":"","overlay-opacity":"","overlay-gradient":""},"tablet":{"background-color":"","background-image":"","background-repeat":"repeat","background-position":"center center","background-size":"auto","background-attachment":"scroll","background-type":"","background-media":"","overlay-type":"","overlay-color":"","overlay-opacity":"","overlay-gradient":""},"mobile":{"background-color":"","background-image":"","background-repeat":"repeat","background-position":"center center","background-size":"auto","background-attachment":"scroll","background-type":"","background-media":"","overlay-type":"","overlay-color":"","overlay-opacity":"","overlay-gradient":""}},"ast-content-background-meta":{"desktop":{"background-color":"var(--ast-global-color-5)","background-image":"","background-repeat":"repeat","background-position":"center center","background-size":"auto","background-attachment":"scroll","background-type":"","background-media":"","overlay-type":"","overlay-color":"","overlay-opacity":"","overlay-gradient":""},"tablet":{"background-color":"var(--ast-global-color-5)","background-image":"","background-repeat":"repeat","background-position":"center center","background-size":"auto","background-attachment":"scroll","background-type":"","background-media":"","overlay-type":"","overlay-color":"","overlay-opacity":"","overlay-gradient":""},"mobile":{"background-color":"var(--ast-global-color-5)","background-image":"","background-repeat":"repeat","background-position":"center center","background-size":"auto","background-attachment":"scroll","background-type":"","background-media":"","overlay-type":"","overlay-color":"","overlay-opacity":"","overlay-gradient":""}}},"product_cat":[46],"product_tag":[],"class_list":["post-3273","product","type-product","status-publish","has-post-thumbnail","hentry","product_cat-eredeti-karaoke-dalok","desktop-align-left","tablet-align-left","mobile-align-left"],"_links":{"self":[{"href":"https:\/\/www.sunkaraoke.hu\/index.php\/wp-json\/wp\/v2\/product\/3273","targetHints":{"allow":["GET"]}}],"collection":[{"href":"https:\/\/www.sunkaraoke.hu\/index.php\/wp-json\/wp\/v2\/product"}],"about":[{"href":"https:\/\/www.sunkaraoke.hu\/index.php\/wp-json\/wp\/v2\/types\/product"}],"wp:featuredmedia":[{"embeddable":true,"href":"https:\/\/www.sunkaraoke.hu\/index.php\/wp-json\/wp\/v2\/media\/9289"}],"wp:attachment":[{"href":"https:\/\/www.sunkaraoke.hu\/index.php\/wp-json\/wp\/v2\/media?parent=3273"}],"wp:term":[{"taxonomy":"product_cat","embeddable":true,"href":"https:\/\/www.sunkaraoke.hu\/index.php\/wp-json\/wp\/v2\/product_cat?post=3273"},{"taxonomy":"product_tag","embeddable":true,"href":"https:\/\/www.sunkaraoke.hu\/index.php\/wp-json\/wp\/v2\/product_tag?post=3273"}],"curies":[{"name":"wp","href":"https:\/\/api.w.org\/{rel}","templated":true}]}}