{"id":3272,"date":"2022-08-08T20:46:13","date_gmt":"2022-08-08T20:46:13","guid":{"rendered":"https:\/\/www.sunkaraoke.hu\/index.php\/termek\/slager-tibo-rossz-fiu\/"},"modified":"2025-04-03T14:01:16","modified_gmt":"2025-04-03T14:01:16","slug":"slager-tibo-rossz-fiu","status":"publish","type":"product","link":"https:\/\/www.sunkaraoke.hu\/index.php\/termek\/slager-tibo-rossz-fiu\/","title":{"rendered":"<div class=\"wcmp-player-container product-3272\"><audio controlslist=\"nodownload\" data-product=\"3272\"  volume=\"1\"  preload=\"none\" data-lazyloading=\"none\" class=\"wcmp-player track mejs-classic\" data-duration=\"0:37\" data-estimated_duration=\"4\"><source src=\"https:\/\/www.sunkaraoke.hu\/wp-content\/uploads\/2022\/08\/Rossz-fiu-demooo.mp3\" type=\"audio\/mp3\" \/><\/audio><\/div>Sl\u00e1ger Tib\u00f3 &#8211; Rossz fi\u00fa (Original)"},"content":{"rendered":"<p><strong>04:30<\/strong> | <strong><img loading=\"lazy\" decoding=\"async\" class=\"alignnone size-full wp-image-466\" src=\"https:\/\/www.sunkaraoke.hu\/wp-content\/uploads\/2022\/07\/choir_1-copy.webp\" alt=\"\" width=\"30\" height=\"30\" \/> <\/strong><\/p>\n","protected":false},"excerpt":{"rendered":"<h6><strong>Bits\u0171r\u0171s\u00e9g: 320<\/strong>kb\/s<strong><br \/>\n<\/strong><strong>Hossz: <\/strong>04:30<strong><br \/>\n<\/strong><strong style=\"font-size: 16px;\">Vok\u00e1lt tartalmaz: <\/strong>Igen <img loading=\"lazy\" decoding=\"async\" class=\"alignnone size-full wp-image-466\" src=\"http:\/\/www.sunkaraoke.hu\/wp-content\/uploads\/2022\/07\/choir_1-copy.png\" alt=\"\" width=\"30\" height=\"30\" \/><strong style=\"font-size: 16px;\"><br \/>\n<\/strong><\/h6>\n<p>Sunkaraoke mp3 st\u00fadi\u00f3 \/ www.sunkaraoke.hu \/ Inf: Tel: 06 20 4275001<\/p>\n<p>&#8212;Intr\u00f3&#8212;<br \/>\nMerre j\u00e1r most a sz\u00edved,<br \/>\nkeresem nem \u00e9rem el,<br \/>\nmindig olyanra v\u00e1gytam,<br \/>\naki meg\u00e9rt ha kell.<br \/>\nElvesztettem a csillagom,<br \/>\nnem tal\u00e1lom f\u00e1j nagyon,<br \/>\negyszer \u00e9n is elt\u0171n\u00f6k,<br \/>\nde ha v\u00e1rsz majd visszaj\u00f6v\u00f6k,<br \/>\nvisszaj\u00f6v\u00f6k.<br \/>\nNem vagyok m\u00e1s csak egy rossz fi\u00fa,<br \/>\n\u00e9rtem soha ne l\u00e9gy szomor\u00fa,<br \/>\nTe vagy a l\u00e1ny aki\u00e9rt meghalok,<br \/>\nmindig a sz\u00edvemre hallgatok.<br \/>\n\u00c1tkozott h\u0171tlen \u00e9jszak\u00e1k,<br \/>\ntudom hogy \u00e9rtem s\u00edrtad \u00e1t,<br \/>\n\u00edg\u00e9rem egyszer megjavulok,<br \/>\nde addig is \u00e9lni csak \u00edgy tudok.<br \/>\nNem vagyok m\u00e1s csak egy rossz fi\u00fa,<br \/>\n\u00e9rtem soha ne l\u00e9gy szomor\u00fa.<br \/>\nTe vagy a l\u00e1ny aki\u00e9rt meghalok,<br \/>\nakit\u0151l szerelmet kapok.<br \/>\n&#8212;Sz\u00f3l\u00f3&#8212;<br \/>\nTe is egyed\u00fcl \u00e9bredsz,<br \/>\nugyan \u00fagy ahogy \u00e9n,<br \/>\nmindig arr\u00f3l \u00e1lmodsz,aki csak \u00e9rted \u00e9l.<br \/>\nElvesztettem a csillagom,<br \/>\nnem tal\u00e1lom f\u00e1j nagyon,<br \/>\negyszer \u00e9n is elt\u0171n\u00f6k,<br \/>\nde ha v\u00e1rsz majd visszaj\u00f6v\u00f6k,<br \/>\nvisszaj\u00f6v\u00f6k.<br \/>\nNem vagyok m\u00e1s csak egy rossz fi\u00fa,<br \/>\n\u00e9rtem soha ne l\u00e9gy szomor\u00fa,<br \/>\nTe vagy a l\u00e1ny aki\u00e9rt meghalok,<br \/>\nmindig a sz\u00edvemre hallgatok.<br \/>\n\u00c1tkozott h\u0171tlen \u00e9jszak\u00e1k,<br \/>\ntudom hogy \u00e9rtem s\u00edrtad \u00e1t,<br \/>\n\u00edg\u00e9rem egyszer megjavulok,<br \/>\nde addig is \u00e9lni csak \u00edgy tudok.<br \/>\nNem vagyok m\u00e1s csak egy rossz fi\u00fa,<br \/>\n\u00e9rtem soha ne l\u00e9gy szomor\u00fa.<br \/>\nTe vagy a l\u00e1ny aki\u00e9rt meghalok,<br \/>\nakit\u0151l szerelmet kapok.<br \/>\n&#8212;Sz\u00f3l\u00f3&#8212;<br \/>\nNem vagyok m\u00e1s csak egy rossz fi\u00fa,<br \/>\n\u00e9rtem soha ne l\u00e9gy szomor\u00fa,<br \/>\nTe vagy a l\u00e1ny aki\u00e9rt meghalok,<br \/>\nmindig a sz\u00edvemre hallgatok.<br \/>\n\u00c1tkozott h\u0171tlen \u00e9jszak\u00e1k,<br \/>\ntudom hogy \u00e9rtem s\u00edrtad \u00e1t,<br \/>\n\u00edg\u00e9rem egyszer megjavulok,<br \/>\nde addig is \u00e9lni csak \u00edgy tudok.<br \/>\nNem vagyok m\u00e1s csak egy rossz fi\u00fa,<br \/>\n\u00e9rtem soha ne l\u00e9gy szomor\u00fa.<br \/>\nTe vagy a l\u00e1ny aki\u00e9rt meghalok,<br \/>\nakit\u0151l szerelmet kapok.<br \/>\n&#8212;V\u00e9ge&#8212;<\/p>\n","protected":false},"featured_media":9289,"template":"","meta":{"site-sidebar-layout":"default","site-content-layout":"default","ast-site-content-layout":"default","site-content-style":"default","site-sidebar-style":"default","ast-global-header-display":"","ast-banner-title-visibility":"","ast-main-header-display":"","ast-hfb-above-header-display":"","ast-hfb-below-header-display":"","ast-hfb-mobile-header-display":"","site-post-title":"","ast-breadcrumbs-content":"","ast-featured-img":"","footer-sml-layout":"","theme-transparent-header-meta":"default","adv-header-id-meta":"","stick-header-meta":"","header-above-stick-meta":"","header-main-stick-meta":"","header-below-stick-meta":"","astra-migrate-meta-layouts":"set","ast-page-background-enabled":"default","ast-page-background-meta":{"desktop":{"background-color":"var(--ast-global-color-4)","background-image":"","background-repeat":"repeat","background-position":"center center","background-size":"auto","background-attachment":"scroll","background-type":"","background-media":"","overlay-type":"","overlay-color":"","overlay-opacity":"","overlay-gradient":""},"tablet":{"background-color":"","background-image":"","background-repeat":"repeat","background-position":"center center","background-size":"auto","background-attachment":"scroll","background-type":"","background-media":"","overlay-type":"","overlay-color":"","overlay-opacity":"","overlay-gradient":""},"mobile":{"background-color":"","background-image":"","background-repeat":"repeat","background-position":"center center","background-size":"auto","background-attachment":"scroll","background-type":"","background-media":"","overlay-type":"","overlay-color":"","overlay-opacity":"","overlay-gradient":""}},"ast-content-background-meta":{"desktop":{"background-color":"var(--ast-global-color-5)","background-image":"","background-repeat":"repeat","background-position":"center center","background-size":"auto","background-attachment":"scroll","background-type":"","background-media":"","overlay-type":"","overlay-color":"","overlay-opacity":"","overlay-gradient":""},"tablet":{"background-color":"var(--ast-global-color-5)","background-image":"","background-repeat":"repeat","background-position":"center center","background-size":"auto","background-attachment":"scroll","background-type":"","background-media":"","overlay-type":"","overlay-color":"","overlay-opacity":"","overlay-gradient":""},"mobile":{"background-color":"var(--ast-global-color-5)","background-image":"","background-repeat":"repeat","background-position":"center center","background-size":"auto","background-attachment":"scroll","background-type":"","background-media":"","overlay-type":"","overlay-color":"","overlay-opacity":"","overlay-gradient":""}}},"product_cat":[46],"product_tag":[],"class_list":["post-3272","product","type-product","status-publish","has-post-thumbnail","hentry","product_cat-eredeti-karaoke-dalok","desktop-align-left","tablet-align-left","mobile-align-left"],"_links":{"self":[{"href":"https:\/\/www.sunkaraoke.hu\/index.php\/wp-json\/wp\/v2\/product\/3272","targetHints":{"allow":["GET"]}}],"collection":[{"href":"https:\/\/www.sunkaraoke.hu\/index.php\/wp-json\/wp\/v2\/product"}],"about":[{"href":"https:\/\/www.sunkaraoke.hu\/index.php\/wp-json\/wp\/v2\/types\/product"}],"wp:featuredmedia":[{"embeddable":true,"href":"https:\/\/www.sunkaraoke.hu\/index.php\/wp-json\/wp\/v2\/media\/9289"}],"wp:attachment":[{"href":"https:\/\/www.sunkaraoke.hu\/index.php\/wp-json\/wp\/v2\/media?parent=3272"}],"wp:term":[{"taxonomy":"product_cat","embeddable":true,"href":"https:\/\/www.sunkaraoke.hu\/index.php\/wp-json\/wp\/v2\/product_cat?post=3272"},{"taxonomy":"product_tag","embeddable":true,"href":"https:\/\/www.sunkaraoke.hu\/index.php\/wp-json\/wp\/v2\/product_tag?post=3272"}],"curies":[{"name":"wp","href":"https:\/\/api.w.org\/{rel}","templated":true}]}}