{"id":3271,"date":"2022-08-08T20:46:13","date_gmt":"2022-08-08T20:46:13","guid":{"rendered":"https:\/\/www.sunkaraoke.hu\/index.php\/termek\/slager-tibo-hol-a-szerelem\/"},"modified":"2025-04-03T14:05:04","modified_gmt":"2025-04-03T14:05:04","slug":"slager-tibo-hol-a-szerelem","status":"publish","type":"product","link":"https:\/\/www.sunkaraoke.hu\/index.php\/termek\/slager-tibo-hol-a-szerelem\/","title":{"rendered":"<div class=\"wcmp-player-container product-3271\"><audio controlslist=\"nodownload\" data-product=\"3271\"  volume=\"1\"  preload=\"none\" data-lazyloading=\"none\" class=\"wcmp-player track mejs-classic\" data-duration=\"0:32\" data-estimated_duration=\"4\"><source src=\"https:\/\/www.sunkaraoke.hu\/wp-content\/uploads\/2022\/08\/Hol-a-szerelem-kdemooo.mp3\" type=\"audio\/mp3\" \/><\/audio><\/div>Sl\u00e1ger Tib\u00f3 &#8211; Hol a szerelem (Original)"},"content":{"rendered":"<p><strong>03:53<\/strong> | <strong><img loading=\"lazy\" decoding=\"async\" class=\"alignnone size-full wp-image-466\" src=\"https:\/\/www.sunkaraoke.hu\/wp-content\/uploads\/2022\/07\/choir_1-copy.webp\" alt=\"\" width=\"30\" height=\"30\" \/> <\/strong><\/p>\n","protected":false},"excerpt":{"rendered":"<h6><strong>Bits\u0171r\u0171s\u00e9g: 320<\/strong>kb\/s<strong><br \/>\n<\/strong><strong>Hossz: <\/strong>03:53<strong><br \/>\n<\/strong><strong style=\"font-size: 16px;\">Vok\u00e1lt tartalmaz: <\/strong>Igen <img loading=\"lazy\" decoding=\"async\" class=\"alignnone size-full wp-image-466\" src=\"http:\/\/www.sunkaraoke.hu\/wp-content\/uploads\/2022\/07\/choir_1-copy.png\" alt=\"\" width=\"30\" height=\"30\" \/><strong style=\"font-size: 16px;\"><br \/>\n<\/strong><\/h6>\n<p>Sunkaraoke mp3 st\u00fadi\u00f3 \/ www.sunkaraoke.hu \/ Inf: Tel: 06 20 4275001<\/p>\n<p>&#8212;Intr\u00f3&#8212;<br \/>\nEgy szombat esti l\u00e1z volt, a sz\u00edvembe g\u00e1zolt,<br \/>\n\u00e9s nem j\u00f6tt vissza m\u00e1r.<br \/>\nElt\u0171nt az a l\u00e1ny, elt\u00f6rt a poh\u00e1r,<br \/>\ncs\u00f3kja \u00e9gve f\u00e1j!<br \/>\n\u00c9n az \u00e9jszak\u00e1kat, oly egyed\u00fcl j\u00e1rom,<br \/>\negy sz\u00f3 sz\u00edvedbe z\u00e1r.<br \/>\nAzt s\u00fagja a csend, nincs m\u00e1r idebenn,<br \/>\nelt\u0171nt messze j\u00e1r.<\/p>\n<p>Az\u00f3ta nem tudom, hol a szerelem,<br \/>\nn\u00e9ha j\u00f3, ha n\u00e1lad keresem.<br \/>\nT\u00e1rd ki t\u00e1gra sz\u00edved kapuj\u00e1t,<br \/>\na t\u0171z had j\u00e1rja \u00e1t!<br \/>\n\u00c9n m\u00e9g nem tudom, hol a szerelem,<br \/>\nn\u00e9ha j\u00f3, ha n\u00e1lad keresem.<br \/>\nT\u00e1rd ki t\u00e1gra sz\u00edved kapuj\u00e1t,<br \/>\nha kell egy j\u00f3 bar\u00e1t.<br \/>\n&#8212;Sz\u00f3l\u00f3&#8212;<br \/>\nB\u00facs\u00fazik a ny\u00e1r,a s\u00f3haj messze sz\u00e1ll,<br \/>\n\u00e9s \u00e9n csak r\u00e1d, gondolok.<br \/>\nAz egyik szemem s\u00edr,<br \/>\na m\u00e1sik mosolyog, hozz\u00e1d indulok.<br \/>\n\u00c9n az \u00e9jszak\u00e1kat, oly egyed\u00fcl j\u00e1rom,<br \/>\negy sz\u00f3 sz\u00edvedbe z\u00e1r.<br \/>\nAzt s\u00fagja a csend, nincs m\u00e1r idebenn,<br \/>\nelt\u0171nt messze j\u00e1r.<br \/>\nAz\u00f3ta nem tudom, hol a szerelem,<br \/>\nn\u00e9ha j\u00f3, ha n\u00e1lad keresem.<br \/>\nT\u00e1rd ki t\u00e1gra sz\u00edved kapuj\u00e1t,<br \/>\na t\u0171z had j\u00e1rja \u00e1t!<br \/>\n\u00c9n m\u00e9g nem tudom, hol a szerelem,<br \/>\nn\u00e9ha j\u00f3, ha n\u00e1lad keresem.<br \/>\nT\u00e1rd ki t\u00e1gra sz\u00edved kapuj\u00e1t,<br \/>\nha kell egy j\u00f3 bar\u00e1t.<br \/>\n&#8212;Sz\u00f3l\u00f3&#8212;<br \/>\nAz\u00f3ta nem tudom, hol a szerelem,<br \/>\nn\u00e9ha j\u00f3, ha n\u00e1lad keresem.<br \/>\nT\u00e1rd ki t\u00e1gra sz\u00edved kapuj\u00e1t,<br \/>\na t\u0171z had j\u00e1rja \u00e1t!<br \/>\n\u00c9n m\u00e9g nem tudom, hol a szerelem,<br \/>\nn\u00e9ha j\u00f3, ha n\u00e1lad keresem.<br \/>\nT\u00e1rd ki t\u00e1gra sz\u00edved kapuj\u00e1t,<br \/>\nha kell egy j\u00f3 bar\u00e1t.<br \/>\nAz\u00f3ta nem tudom, hol a szerelem,<br \/>\nn\u00e9ha j\u00f3, ha n\u00e1lad keresem.<br \/>\nT\u00e1rd ki t\u00e1gra sz\u00edved kapuj\u00e1t,<br \/>\na t\u0171z had j\u00e1rja \u00e1t!<br \/>\n\u00c9n m\u00e9g nem tudom, hol a szerelem,<br \/>\nn\u00e9ha j\u00f3, ha n\u00e1lad keresem.<br \/>\nT\u00e1rd ki t\u00e1gra sz\u00edved kapuj\u00e1t,<br \/>\nha kell egy j\u00f3 bar\u00e1t.<br \/>\nAz\u00f3ta nem tudom, hol a szerelem,<br \/>\nn\u00e9ha j\u00f3, ha n\u00e1lad keresem.<br \/>\nT\u00e1rd ki t\u00e1gra sz\u00edved kapuj\u00e1t,<br \/>\na t\u0171z had j\u00e1rja \u00e1t!<br \/>\n\u00c9n m\u00e9g nem tudom, hol a szerelem,<br \/>\nn\u00e9ha j\u00f3, ha n\u00e1lad keresem.<br \/>\nT\u00e1rd ki t\u00e1gra sz\u00edved kapuj\u00e1t,<br \/>\nha kell egy j\u00f3 bar\u00e1t!<br \/>\n&#8212;V\u00e9ge&#8212;<\/p>\n","protected":false},"featured_media":9289,"template":"","meta":{"site-sidebar-layout":"default","site-content-layout":"default","ast-site-content-layout":"default","site-content-style":"default","site-sidebar-style":"default","ast-global-header-display":"","ast-banner-title-visibility":"","ast-main-header-display":"","ast-hfb-above-header-display":"","ast-hfb-below-header-display":"","ast-hfb-mobile-header-display":"","site-post-title":"","ast-breadcrumbs-content":"","ast-featured-img":"","footer-sml-layout":"","theme-transparent-header-meta":"default","adv-header-id-meta":"","stick-header-meta":"","header-above-stick-meta":"","header-main-stick-meta":"","header-below-stick-meta":"","astra-migrate-meta-layouts":"set","ast-page-background-enabled":"default","ast-page-background-meta":{"desktop":{"background-color":"var(--ast-global-color-4)","background-image":"","background-repeat":"repeat","background-position":"center center","background-size":"auto","background-attachment":"scroll","background-type":"","background-media":"","overlay-type":"","overlay-color":"","overlay-opacity":"","overlay-gradient":""},"tablet":{"background-color":"","background-image":"","background-repeat":"repeat","background-position":"center center","background-size":"auto","background-attachment":"scroll","background-type":"","background-media":"","overlay-type":"","overlay-color":"","overlay-opacity":"","overlay-gradient":""},"mobile":{"background-color":"","background-image":"","background-repeat":"repeat","background-position":"center center","background-size":"auto","background-attachment":"scroll","background-type":"","background-media":"","overlay-type":"","overlay-color":"","overlay-opacity":"","overlay-gradient":""}},"ast-content-background-meta":{"desktop":{"background-color":"var(--ast-global-color-5)","background-image":"","background-repeat":"repeat","background-position":"center center","background-size":"auto","background-attachment":"scroll","background-type":"","background-media":"","overlay-type":"","overlay-color":"","overlay-opacity":"","overlay-gradient":""},"tablet":{"background-color":"var(--ast-global-color-5)","background-image":"","background-repeat":"repeat","background-position":"center center","background-size":"auto","background-attachment":"scroll","background-type":"","background-media":"","overlay-type":"","overlay-color":"","overlay-opacity":"","overlay-gradient":""},"mobile":{"background-color":"var(--ast-global-color-5)","background-image":"","background-repeat":"repeat","background-position":"center center","background-size":"auto","background-attachment":"scroll","background-type":"","background-media":"","overlay-type":"","overlay-color":"","overlay-opacity":"","overlay-gradient":""}}},"product_cat":[46],"product_tag":[],"class_list":["post-3271","product","type-product","status-publish","has-post-thumbnail","hentry","product_cat-eredeti-karaoke-dalok","desktop-align-left","tablet-align-left","mobile-align-left"],"_links":{"self":[{"href":"https:\/\/www.sunkaraoke.hu\/index.php\/wp-json\/wp\/v2\/product\/3271","targetHints":{"allow":["GET"]}}],"collection":[{"href":"https:\/\/www.sunkaraoke.hu\/index.php\/wp-json\/wp\/v2\/product"}],"about":[{"href":"https:\/\/www.sunkaraoke.hu\/index.php\/wp-json\/wp\/v2\/types\/product"}],"wp:featuredmedia":[{"embeddable":true,"href":"https:\/\/www.sunkaraoke.hu\/index.php\/wp-json\/wp\/v2\/media\/9289"}],"wp:attachment":[{"href":"https:\/\/www.sunkaraoke.hu\/index.php\/wp-json\/wp\/v2\/media?parent=3271"}],"wp:term":[{"taxonomy":"product_cat","embeddable":true,"href":"https:\/\/www.sunkaraoke.hu\/index.php\/wp-json\/wp\/v2\/product_cat?post=3271"},{"taxonomy":"product_tag","embeddable":true,"href":"https:\/\/www.sunkaraoke.hu\/index.php\/wp-json\/wp\/v2\/product_tag?post=3271"}],"curies":[{"name":"wp","href":"https:\/\/api.w.org\/{rel}","templated":true}]}}