{"id":3267,"date":"2022-08-08T20:46:12","date_gmt":"2022-08-08T20:46:12","guid":{"rendered":"https:\/\/www.sunkaraoke.hu\/index.php\/termek\/tajtiboy-gondolj-majd-ram\/"},"modified":"2025-04-05T03:50:05","modified_gmt":"2025-04-05T03:50:05","slug":"tajtiboy-gondolj-majd-ram","status":"publish","type":"product","link":"https:\/\/www.sunkaraoke.hu\/index.php\/termek\/tajtiboy-gondolj-majd-ram\/","title":{"rendered":"<div class=\"wcmp-player-container product-3267\"><audio controlslist=\"nodownload\" data-product=\"3267\"  volume=\"1\"  preload=\"none\" data-lazyloading=\"none\" class=\"wcmp-player track mejs-classic\" data-duration=\"0:33\" data-estimated_duration=\"4\"><source src=\"https:\/\/www.sunkaraoke.hu\/wp-content\/uploads\/2022\/08\/Gondolj-majd_demoo.mp3\" type=\"audio\/mp3\" \/><\/audio><\/div>Tajtiboy &#8211; Gondolj majd r\u00e1m (Original)"},"content":{"rendered":"<p><strong>03:26<\/strong> | <strong><img loading=\"lazy\" decoding=\"async\" class=\"alignnone size-full wp-image-467\" src=\"https:\/\/www.sunkaraoke.hu\/wp-content\/uploads\/2022\/07\/choir_2-copy.webp\" alt=\"\" width=\"30\" height=\"30\" \/> <\/strong><\/p>\n","protected":false},"excerpt":{"rendered":"<h6><strong>Bits\u0171r\u0171s\u00e9g: 320kb\/s<\/strong><br \/>\n<strong>Hossz: 03:26<\/strong><br \/>\n<strong>Vok\u00e1lt tartalmaz: Nem <img loading=\"lazy\" decoding=\"async\" class=\"alignnone size-full wp-image-467\" src=\"http:\/\/www.sunkaraoke.hu\/wp-content\/uploads\/2022\/07\/choir_2-copy.png\" alt=\"\" width=\"30\" height=\"30\" \/><\/strong><strong style=\"font-size: 16px;\"><br \/>\n<\/strong><\/h6>\n<p>Sunkaraoke mp3 st\u00fadi\u00f3 \/ www.sunkaraoke.hu \/ Inf: Tel: 06 20 4275001<\/p>\n<p>&#8212;Intr\u00f3&#8212;<br \/>\nEgy szemvillan\u00e1s,<br \/>\nmegbabon\u00e1zott, egy \u00faj var\u00e1zs.<br \/>\nMert sok \u00e9jszak\u00e1n,<br \/>\nv\u00e1rtam, hogy v\u00e9gre majd r\u00e1m tal\u00e1lsz.<br \/>\n\u00dagy akartam de nem sz\u00f3lhattam,<br \/>\ns \u00e9rzem majd meg\u00e9rte,<br \/>\ncsak b\u00fajj, csak sz\u00f3lj,<br \/>\ns ma \u00e9jjel veled leszek.<\/p>\n<p>Gondolj majd r\u00e1m,<br \/>\n\u00e9s b\u00fajj hozz\u00e1m,<br \/>\ngyere \u00e9s szeress m\u00e9g,<br \/>\nma \u00fajra v\u00e1rok r\u00e1d.<br \/>\nSz\u00edv dobban\u00e1s,<br \/>\ns\u00fagja hogy te is v\u00e1rsz,<br \/>\nnem kell hogy f\u00e9lj,<br \/>\naz \u00e9g vigy\u00e1z r\u00e1m.<\/p>\n<p>Egy f\u00e9ktelen \u00e9j,<br \/>\negy f\u00e9ktelen, nem m\u00fal\u00f3 szenved\u00e9ly.<br \/>\nA vil\u00e1g tetej\u00e9n,<br \/>\nsz\u00e1rnyalhat, elm\u00falt egy ny\u00e1ri \u00e9j.<br \/>\nAznap \u00e9jjel \u00fagy \u00f6lelt\u00e9l,<br \/>\nahogy m\u00e9g senki m\u00e1s,<br \/>\naznap \u00e9jjel karj\u00e1ba z\u00e1rt a var\u00e1zs.<\/p>\n<p>Gondolj majd r\u00e1m,<br \/>\n\u00e9s b\u00fajj hozz\u00e1m,<br \/>\ngyere \u00e9s szeress m\u00e9g,<br \/>\nma \u00fajra v\u00e1rok r\u00e1d.<br \/>\nSz\u00edv dobban\u00e1s,<br \/>\ns\u00fagja hogy te is v\u00e1rsz,<br \/>\nnem kell hogy f\u00e9lj,<br \/>\naz \u00e9g vigy\u00e1z r\u00e1m.<br \/>\n&#8212;Sz\u00f3l\u00f3&#8212;<\/p>\n<p>Gondolj majd r\u00e1m,<br \/>\n\u00e9s b\u00fajj hozz\u00e1m,<br \/>\ngyere \u00e9s szeress m\u00e9g,<br \/>\nma \u00fajra v\u00e1rok r\u00e1d.<br \/>\nSz\u00edv dobban\u00e1s,<br \/>\ns\u00fagja hogy te is v\u00e1rsz,<br \/>\nnem kell hogy f\u00e9lj,<br \/>\naz \u00e9g vigy\u00e1z r\u00e1m.<br \/>\nGondolj majd r\u00e1m,<br \/>\n\u00e9s b\u00fajj hozz\u00e1m,<br \/>\ngyere \u00e9s szeress m\u00e9g,<br \/>\nma \u00fajra v\u00e1rok r\u00e1d.<br \/>\nSz\u00edv dobban\u00e1s,<br \/>\ns\u00fagja hogy te is v\u00e1rsz,<br \/>\nnem kell hogy f\u00e9lj,<br \/>\naz \u00e9g vigy\u00e1z r\u00e1m.<br \/>\n&#8212;V\u00e9ge&#8212;<\/p>\n","protected":false},"featured_media":9020,"template":"","meta":{"site-sidebar-layout":"default","site-content-layout":"default","ast-site-content-layout":"default","site-content-style":"default","site-sidebar-style":"default","ast-global-header-display":"","ast-banner-title-visibility":"","ast-main-header-display":"","ast-hfb-above-header-display":"","ast-hfb-below-header-display":"","ast-hfb-mobile-header-display":"","site-post-title":"","ast-breadcrumbs-content":"","ast-featured-img":"","footer-sml-layout":"","theme-transparent-header-meta":"default","adv-header-id-meta":"","stick-header-meta":"","header-above-stick-meta":"","header-main-stick-meta":"","header-below-stick-meta":"","astra-migrate-meta-layouts":"set","ast-page-background-enabled":"default","ast-page-background-meta":{"desktop":{"background-color":"var(--ast-global-color-4)","background-image":"","background-repeat":"repeat","background-position":"center center","background-size":"auto","background-attachment":"scroll","background-type":"","background-media":"","overlay-type":"","overlay-color":"","overlay-opacity":"","overlay-gradient":""},"tablet":{"background-color":"","background-image":"","background-repeat":"repeat","background-position":"center center","background-size":"auto","background-attachment":"scroll","background-type":"","background-media":"","overlay-type":"","overlay-color":"","overlay-opacity":"","overlay-gradient":""},"mobile":{"background-color":"","background-image":"","background-repeat":"repeat","background-position":"center center","background-size":"auto","background-attachment":"scroll","background-type":"","background-media":"","overlay-type":"","overlay-color":"","overlay-opacity":"","overlay-gradient":""}},"ast-content-background-meta":{"desktop":{"background-color":"var(--ast-global-color-5)","background-image":"","background-repeat":"repeat","background-position":"center center","background-size":"auto","background-attachment":"scroll","background-type":"","background-media":"","overlay-type":"","overlay-color":"","overlay-opacity":"","overlay-gradient":""},"tablet":{"background-color":"var(--ast-global-color-5)","background-image":"","background-repeat":"repeat","background-position":"center center","background-size":"auto","background-attachment":"scroll","background-type":"","background-media":"","overlay-type":"","overlay-color":"","overlay-opacity":"","overlay-gradient":""},"mobile":{"background-color":"var(--ast-global-color-5)","background-image":"","background-repeat":"repeat","background-position":"center center","background-size":"auto","background-attachment":"scroll","background-type":"","background-media":"","overlay-type":"","overlay-color":"","overlay-opacity":"","overlay-gradient":""}}},"product_cat":[52],"product_tag":[],"class_list":["post-3267","product","type-product","status-publish","has-post-thumbnail","hentry","product_cat-tajtiboy","desktop-align-left","tablet-align-left","mobile-align-left"],"_links":{"self":[{"href":"https:\/\/www.sunkaraoke.hu\/index.php\/wp-json\/wp\/v2\/product\/3267","targetHints":{"allow":["GET"]}}],"collection":[{"href":"https:\/\/www.sunkaraoke.hu\/index.php\/wp-json\/wp\/v2\/product"}],"about":[{"href":"https:\/\/www.sunkaraoke.hu\/index.php\/wp-json\/wp\/v2\/types\/product"}],"wp:featuredmedia":[{"embeddable":true,"href":"https:\/\/www.sunkaraoke.hu\/index.php\/wp-json\/wp\/v2\/media\/9020"}],"wp:attachment":[{"href":"https:\/\/www.sunkaraoke.hu\/index.php\/wp-json\/wp\/v2\/media?parent=3267"}],"wp:term":[{"taxonomy":"product_cat","embeddable":true,"href":"https:\/\/www.sunkaraoke.hu\/index.php\/wp-json\/wp\/v2\/product_cat?post=3267"},{"taxonomy":"product_tag","embeddable":true,"href":"https:\/\/www.sunkaraoke.hu\/index.php\/wp-json\/wp\/v2\/product_tag?post=3267"}],"curies":[{"name":"wp","href":"https:\/\/api.w.org\/{rel}","templated":true}]}}