{"id":3263,"date":"2022-08-08T20:46:12","date_gmt":"2022-08-08T20:46:12","guid":{"rendered":"https:\/\/www.sunkaraoke.hu\/index.php\/termek\/csore-duo-ez-a-dal-mit-dudolok\/"},"modified":"2025-04-07T16:21:47","modified_gmt":"2025-04-07T16:21:47","slug":"csore-duo-ez-a-dal-mit-dudolok","status":"publish","type":"product","link":"https:\/\/www.sunkaraoke.hu\/index.php\/termek\/csore-duo-ez-a-dal-mit-dudolok\/","title":{"rendered":"<div class=\"wcmp-player-container product-3263\"><audio controlslist=\"nodownload\" data-product=\"3263\"  volume=\"1\"  preload=\"none\" data-lazyloading=\"none\" class=\"wcmp-player track mejs-classic\" data-duration=\"0:32\" data-estimated_duration=\"4\"><source src=\"https:\/\/www.sunkaraoke.hu\/wp-content\/uploads\/2022\/08\/Ez-a-dal-mit-dudolok-karaoke-demooo.mp3\" type=\"audio\/mp3\" \/><\/audio><\/div>Cs\u00f3r\u00e9 Du\u00f3  &#8211; Ez a dal mit dudolok (Original Tommy Edition)"},"content":{"rendered":"<p><strong>03:48<\/strong> | <strong><img loading=\"lazy\" decoding=\"async\" class=\"alignnone size-full wp-image-467\" src=\"https:\/\/www.sunkaraoke.hu\/wp-content\/uploads\/2022\/07\/choir_2-copy.webp\" alt=\"\" width=\"30\" height=\"30\" \/> <\/strong><\/p>\n","protected":false},"excerpt":{"rendered":"<h5><strong>Bits\u0171r\u0171s\u00e9g: 320kb\/s<\/strong><br \/>\n<strong>Hossz: 03:48<\/strong><br \/>\n<strong>Vok\u00e1lt tartalmaz: Nem <img loading=\"lazy\" decoding=\"async\" class=\"alignnone size-full wp-image-467\" src=\"http:\/\/www.sunkaraoke.hu\/wp-content\/uploads\/2022\/07\/choir_2-copy.png\" alt=\"\" width=\"30\" height=\"30\" \/><\/strong><strong style=\"font-size: 16px;\"><br \/>\n<\/strong><\/h5>\n<p>Sunkaraoke mp3 st\u00fadi\u00f3 \/ www.sunkaraoke.hu \/ Inf: Tel: 06 20 4275001<\/p>\n<p>&#8212;Intr\u00f3&#8212;<br \/>\nEz a dal, mit d\u00fadolok,<br \/>\nneked sz\u00f3l, hallgasd j\u00f3l,<br \/>\nugye nem csak \u00e1lom volt,<br \/>\nhogy \u00e9lsz \u00e9s v\u00e1rsz.<br \/>\nR\u00f3zsa ny\u00edlik \u00e9s a k\u00f6nny,<br \/>\ncsordul ki a szememb\u0151l,<br \/>\nugye nem csak \u00e1lom volt,<br \/>\nhogy \u00e9lsz \u00e9s v\u00e1rsz.<br \/>\nHozz\u00e1d oly szomor\u00fa sz\u00edvvel j\u00f6ttem,<br \/>\nez egy boldogtalan bolond ny\u00e1r.<br \/>\nSz\u00edvem fanatikus \u0151r\u00fclt m\u00f3don,<br \/>\nv\u00e1r r\u00e1d \u00e9s r\u00e1m.<br \/>\nHozz\u00e1d oly szomor\u00fa sz\u00edvvel j\u00f6ttem,<br \/>\nez egy boldogtalan bolond ny\u00e1r.<br \/>\nSz\u00edvem fanatikus \u0151r\u00fclt m\u00f3don,<br \/>\nv\u00e1r r\u00e1d \u00e9s r\u00e1m.<br \/>\nEz a dal, mit d\u00fadolok,<br \/>\nneked sz\u00f3l hallgasd j\u00f3l,<br \/>\nugye nem csak \u00e1lom volt,<br \/>\nhogy \u00e9lsz \u00e9s v\u00e1rsz.<br \/>\nR\u00f3zsa ny\u00edlik \u00e9s a k\u00f6nny,<br \/>\ncsordul ki a szememb\u0151l,<br \/>\nugye nem csak \u00e1lom volt,<br \/>\nhogy \u00e9lsz \u00e9s v\u00e1rsz.<br \/>\nHozz\u00e1d oly szomor\u00fa sz\u00edvvel j\u00f6ttem,<br \/>\nez egy boldogtalan bolond ny\u00e1r.<br \/>\nSz\u00edvem fanatikus \u0151r\u00fclt m\u00f3don,<br \/>\nv\u00e1r r\u00e1d \u00e9s r\u00e1m.<br \/>\nHozz\u00e1d oly szomor\u00fa sz\u00edvvel j\u00f6ttem,<br \/>\nez egy boldogtalan bolond ny\u00e1r.<br \/>\nSz\u00edvem fanatikus \u0151r\u00fclt m\u00f3don,<br \/>\nv\u00e1r r\u00e1d \u00e9s r\u00e1m.<br \/>\n&#8212; Sz\u00f3l\u00f3&#8212;<br \/>\nHozz\u00e1d oly szomor\u00fa sz\u00edvvel j\u00f6ttem,<br \/>\nez egy boldogtalan bolond ny\u00e1r.<br \/>\nSz\u00edvem fanatikus \u0151r\u00fclt m\u00f3don,<br \/>\nv\u00e1r r\u00e1d \u00e9s r\u00e1m.<br \/>\nHozz\u00e1d oly szomor\u00fa sz\u00edvvel j\u00f6ttem,<br \/>\nez egy boldogtalan bolond ny\u00e1r.<br \/>\nSz\u00edvem fanatikus \u0151r\u00fclt m\u00f3don,<br \/>\nv\u00e1r r\u00e1d \u00e9s r\u00e1m.<br \/>\nHozz\u00e1d oly szomor\u00fa sz\u00edvvel j\u00f6ttem,<br \/>\nez egy boldogtalan bolond ny\u00e1r.<br \/>\nSz\u00edvem fanatikus \u0151r\u00fclt m\u00f3don,<br \/>\nv\u00e1r r\u00e1d \u00e9s r\u00e1m.<br \/>\nHozz\u00e1d oly szomor\u00fa sz\u00edvvel j\u00f6ttem,<br \/>\nez egy boldogtalan bolond ny\u00e1r.<br \/>\nSz\u00edvem fanatikus \u0151r\u00fclt m\u00f3don,<br \/>\nv\u00e1r r\u00e1d \u00e9s r\u00e1m.<br \/>\n&#8212;V\u00e9ge&#8212;<\/p>\n","protected":false},"featured_media":8991,"template":"","meta":{"site-sidebar-layout":"default","site-content-layout":"default","ast-site-content-layout":"default","site-content-style":"default","site-sidebar-style":"default","ast-global-header-display":"","ast-banner-title-visibility":"","ast-main-header-display":"","ast-hfb-above-header-display":"","ast-hfb-below-header-display":"","ast-hfb-mobile-header-display":"","site-post-title":"","ast-breadcrumbs-content":"","ast-featured-img":"","footer-sml-layout":"","theme-transparent-header-meta":"default","adv-header-id-meta":"","stick-header-meta":"","header-above-stick-meta":"","header-main-stick-meta":"","header-below-stick-meta":"","astra-migrate-meta-layouts":"set","ast-page-background-enabled":"default","ast-page-background-meta":{"desktop":{"background-color":"var(--ast-global-color-4)","background-image":"","background-repeat":"repeat","background-position":"center center","background-size":"auto","background-attachment":"scroll","background-type":"","background-media":"","overlay-type":"","overlay-color":"","overlay-opacity":"","overlay-gradient":""},"tablet":{"background-color":"","background-image":"","background-repeat":"repeat","background-position":"center center","background-size":"auto","background-attachment":"scroll","background-type":"","background-media":"","overlay-type":"","overlay-color":"","overlay-opacity":"","overlay-gradient":""},"mobile":{"background-color":"","background-image":"","background-repeat":"repeat","background-position":"center center","background-size":"auto","background-attachment":"scroll","background-type":"","background-media":"","overlay-type":"","overlay-color":"","overlay-opacity":"","overlay-gradient":""}},"ast-content-background-meta":{"desktop":{"background-color":"var(--ast-global-color-5)","background-image":"","background-repeat":"repeat","background-position":"center center","background-size":"auto","background-attachment":"scroll","background-type":"","background-media":"","overlay-type":"","overlay-color":"","overlay-opacity":"","overlay-gradient":""},"tablet":{"background-color":"var(--ast-global-color-5)","background-image":"","background-repeat":"repeat","background-position":"center center","background-size":"auto","background-attachment":"scroll","background-type":"","background-media":"","overlay-type":"","overlay-color":"","overlay-opacity":"","overlay-gradient":""},"mobile":{"background-color":"var(--ast-global-color-5)","background-image":"","background-repeat":"repeat","background-position":"center center","background-size":"auto","background-attachment":"scroll","background-type":"","background-media":"","overlay-type":"","overlay-color":"","overlay-opacity":"","overlay-gradient":""}}},"product_cat":[48],"product_tag":[],"class_list":["post-3263","product","type-product","status-publish","has-post-thumbnail","hentry","product_cat-sunkaraoke-dalok","desktop-align-left","tablet-align-left","mobile-align-left"],"_links":{"self":[{"href":"https:\/\/www.sunkaraoke.hu\/index.php\/wp-json\/wp\/v2\/product\/3263","targetHints":{"allow":["GET"]}}],"collection":[{"href":"https:\/\/www.sunkaraoke.hu\/index.php\/wp-json\/wp\/v2\/product"}],"about":[{"href":"https:\/\/www.sunkaraoke.hu\/index.php\/wp-json\/wp\/v2\/types\/product"}],"wp:featuredmedia":[{"embeddable":true,"href":"https:\/\/www.sunkaraoke.hu\/index.php\/wp-json\/wp\/v2\/media\/8991"}],"wp:attachment":[{"href":"https:\/\/www.sunkaraoke.hu\/index.php\/wp-json\/wp\/v2\/media?parent=3263"}],"wp:term":[{"taxonomy":"product_cat","embeddable":true,"href":"https:\/\/www.sunkaraoke.hu\/index.php\/wp-json\/wp\/v2\/product_cat?post=3263"},{"taxonomy":"product_tag","embeddable":true,"href":"https:\/\/www.sunkaraoke.hu\/index.php\/wp-json\/wp\/v2\/product_tag?post=3263"}],"curies":[{"name":"wp","href":"https:\/\/api.w.org\/{rel}","templated":true}]}}