{"id":3262,"date":"2022-08-08T20:46:12","date_gmt":"2022-08-08T20:46:12","guid":{"rendered":"https:\/\/www.sunkaraoke.hu\/index.php\/termek\/notar-mary-azt-suttogja-a-szel\/"},"modified":"2026-02-14T15:46:26","modified_gmt":"2026-02-14T13:46:26","slug":"notar-mary-azt-suttogja-a-szel","status":"publish","type":"product","link":"https:\/\/www.sunkaraoke.hu\/index.php\/termek\/notar-mary-azt-suttogja-a-szel\/","title":{"rendered":"<div class=\"wcmp-player-container product-3262\"><audio controlslist=\"nodownload\" data-product=\"3262\"  volume=\"1\"  preload=\"none\" data-lazyloading=\"none\" class=\"wcmp-player track mejs-classic\" data-duration=\"0:31\" data-estimated_duration=\"4\"><source src=\"https:\/\/www.sunkaraoke.hu\/wp-content\/uploads\/2022\/08\/Azt-suttogja-a-szel_demo.mp3\" type=\"audio\/mp3\" \/><\/audio><\/div>Notar Mary  &#8211; Azt suttogja a sz\u00e9l (Original)"},"content":{"rendered":"<p><strong>03:14<\/strong> | <strong><img loading=\"lazy\" decoding=\"async\" class=\"alignnone size-full wp-image-467\" src=\"https:\/\/www.sunkaraoke.hu\/wp-content\/uploads\/2022\/07\/choir_2-copy.webp\" alt=\"\" width=\"30\" height=\"30\" \/> <\/strong><\/p>\n","protected":false},"excerpt":{"rendered":"<h6><strong>Bits\u0171r\u0171s\u00e9g: 320 kb\/s<\/strong><br \/>\n<strong>Hossz: 03:14<\/strong><br \/>\n<strong>Vok\u00e1lt tartalmaz: Nem <img loading=\"lazy\" decoding=\"async\" class=\"alignnone size-full wp-image-467\" src=\"http:\/\/www.sunkaraoke.hu\/wp-content\/uploads\/2022\/07\/choir_2-copy.png\" alt=\"\" width=\"30\" height=\"30\" \/><\/strong><strong style=\"font-size: 16px;\"><br \/>\n<\/strong><\/h6>\n<p>Sunkaraoke mp3 st\u00fadi\u00f3 \/ www.sunkaraoke.hu \/ Inf: Tel: 06 20 4275001<\/p>\n<p>&#8212;Intr\u00f3&#8212;<br \/>\nAzt suttogja a sz\u00e9l,<br \/>\na hercegem lesz a p\u00e1rom,<br \/>\nmert \u00fagy szeretem \u0151t,<br \/>\nmint senki m\u00e1st a vil\u00e1gon.<br \/>\nCsak legyek az \u00f6v\u00e9,<br \/>\n\u00e9n semmi m\u00e1st nem k\u00edv\u00e1nok,<br \/>\n\u00e9s cs\u00f3kjait \u00e9rezzem a sz\u00e1mon.<\/p>\n<p>Egy sz\u00e9p napon,<br \/>\nmegk\u00e9rn\u00e9 a kezem,<br \/>\n\u00e9s boldogan mondan\u00e9k igent,<br \/>\nmert egyed\u00fcl \u0151t szeretem.<\/p>\n<p>Azt suttogja a sz\u00e9l,<br \/>\nhogy megval\u00f3sult az \u00e1lmom,<br \/>\nmert f\u00e9rj \u00e9s feles\u00e9g,<br \/>\nlett ez a szerelmi p\u00e1ros.<br \/>\nNem m\u00falik soha el,<br \/>\n\u00edgy marad ez \u00f6r\u00f6kre,<br \/>\nsz\u00edve rabja lett \u00e9n sz\u00edvem.<br \/>\nEgy sz\u00e9p napon,<br \/>\nmegk\u00e9rn\u00e9 a kezem,<br \/>\n\u00e9s boldogan mondan\u00e9k igent,<br \/>\nmert egyed\u00fcl \u0150t szeretem.<br \/>\n&#8212;Sz\u00f3l\u00f3&#8212;<br \/>\nEgy sz\u00e9p napon,<br \/>\nmegk\u00e9rn\u00e9 a kezem,<br \/>\n\u00e9s boldogan mondan\u00e9k igent,<br \/>\nmert egyed\u00fcl \u0150t szeretem.<br \/>\nAzt suttogja a sz\u00e9l,<br \/>\na hercegem lesz a p\u00e1rom,<br \/>\nmert \u00fagy szeretem \u0151t,<br \/>\nmint senki m\u00e1st a vil\u00e1gon.<br \/>\nCsak legyek az \u00f6v\u00e9,<br \/>\n\u00e9n semmi m\u00e1st nem k\u00edv\u00e1nok,<br \/>\n\u00e9s cs\u00f3kjait \u00e9rezzem a sz\u00e1mon.<br \/>\nEgy sz\u00e9p napon,<br \/>\nmegk\u00e9rn\u00e9 a kezem,<br \/>\n\u00e9s boldogan mondan\u00e9k igent,<br \/>\nmert egyed\u00fcl \u0150t szeretem.<br \/>\nAzt suttogja a sz\u00e9l,<br \/>\nhogy megval\u00f3sult az \u00e1lmom,<br \/>\nmert f\u00e9rj \u00e9s feles\u00e9g,<br \/>\nlett ez a szerelmi p\u00e1ros.<br \/>\nNem m\u00falik soha el,<br \/>\n\u00edgy marad ez \u00f6r\u00f6kre,<br \/>\nsz\u00edve rabja lett \u00e9n sz\u00edvem.<br \/>\n&#8212;V\u00e9ge&#8212;<\/p>\n","protected":false},"featured_media":8740,"template":"","meta":{"site-sidebar-layout":"default","site-content-layout":"default","ast-site-content-layout":"default","site-content-style":"default","site-sidebar-style":"default","ast-global-header-display":"","ast-banner-title-visibility":"","ast-main-header-display":"","ast-hfb-above-header-display":"","ast-hfb-below-header-display":"","ast-hfb-mobile-header-display":"","site-post-title":"","ast-breadcrumbs-content":"","ast-featured-img":"","footer-sml-layout":"","theme-transparent-header-meta":"default","adv-header-id-meta":"","stick-header-meta":"","header-above-stick-meta":"","header-main-stick-meta":"","header-below-stick-meta":"","astra-migrate-meta-layouts":"set","ast-page-background-enabled":"default","ast-page-background-meta":{"desktop":{"background-color":"var(--ast-global-color-4)","background-image":"","background-repeat":"repeat","background-position":"center center","background-size":"auto","background-attachment":"scroll","background-type":"","background-media":"","overlay-type":"","overlay-color":"","overlay-opacity":"","overlay-gradient":""},"tablet":{"background-color":"","background-image":"","background-repeat":"repeat","background-position":"center center","background-size":"auto","background-attachment":"scroll","background-type":"","background-media":"","overlay-type":"","overlay-color":"","overlay-opacity":"","overlay-gradient":""},"mobile":{"background-color":"","background-image":"","background-repeat":"repeat","background-position":"center center","background-size":"auto","background-attachment":"scroll","background-type":"","background-media":"","overlay-type":"","overlay-color":"","overlay-opacity":"","overlay-gradient":""}},"ast-content-background-meta":{"desktop":{"background-color":"var(--ast-global-color-5)","background-image":"","background-repeat":"repeat","background-position":"center center","background-size":"auto","background-attachment":"scroll","background-type":"","background-media":"","overlay-type":"","overlay-color":"","overlay-opacity":"","overlay-gradient":""},"tablet":{"background-color":"var(--ast-global-color-5)","background-image":"","background-repeat":"repeat","background-position":"center center","background-size":"auto","background-attachment":"scroll","background-type":"","background-media":"","overlay-type":"","overlay-color":"","overlay-opacity":"","overlay-gradient":""},"mobile":{"background-color":"var(--ast-global-color-5)","background-image":"","background-repeat":"repeat","background-position":"center center","background-size":"auto","background-attachment":"scroll","background-type":"","background-media":"","overlay-type":"","overlay-color":"","overlay-opacity":"","overlay-gradient":""}}},"product_cat":[48],"product_tag":[],"class_list":["post-3262","product","type-product","status-publish","has-post-thumbnail","hentry","product_cat-sunkaraoke-dalok","desktop-align-left","tablet-align-left","mobile-align-left"],"_links":{"self":[{"href":"https:\/\/www.sunkaraoke.hu\/index.php\/wp-json\/wp\/v2\/product\/3262","targetHints":{"allow":["GET"]}}],"collection":[{"href":"https:\/\/www.sunkaraoke.hu\/index.php\/wp-json\/wp\/v2\/product"}],"about":[{"href":"https:\/\/www.sunkaraoke.hu\/index.php\/wp-json\/wp\/v2\/types\/product"}],"wp:featuredmedia":[{"embeddable":true,"href":"https:\/\/www.sunkaraoke.hu\/index.php\/wp-json\/wp\/v2\/media\/8740"}],"wp:attachment":[{"href":"https:\/\/www.sunkaraoke.hu\/index.php\/wp-json\/wp\/v2\/media?parent=3262"}],"wp:term":[{"taxonomy":"product_cat","embeddable":true,"href":"https:\/\/www.sunkaraoke.hu\/index.php\/wp-json\/wp\/v2\/product_cat?post=3262"},{"taxonomy":"product_tag","embeddable":true,"href":"https:\/\/www.sunkaraoke.hu\/index.php\/wp-json\/wp\/v2\/product_tag?post=3262"}],"curies":[{"name":"wp","href":"https:\/\/api.w.org\/{rel}","templated":true}]}}