{"id":3254,"date":"2022-08-08T20:46:12","date_gmt":"2022-08-08T20:46:12","guid":{"rendered":"https:\/\/www.sunkaraoke.hu\/index.php\/termek\/szecsi-pal-gedeon-bacsi\/"},"modified":"2025-07-03T09:32:31","modified_gmt":"2025-07-03T07:32:31","slug":"szecsi-pal-gedeon-bacsi","status":"publish","type":"product","link":"https:\/\/www.sunkaraoke.hu\/index.php\/termek\/szecsi-pal-gedeon-bacsi\/","title":{"rendered":"<div class=\"wcmp-player-container product-3254\"><audio controlslist=\"nodownload\" data-product=\"3254\"  volume=\"1\"  preload=\"none\" data-lazyloading=\"none\" class=\"wcmp-player track mejs-classic\" ><source src=\"https:\/\/www.sunkaraoke.hu\/wp-content\/uploads\/wcmp\/0f24c6d5652123db50b530eeb4ee6a3a.mp3\" type=\"audio\/mp3\" \/><\/audio><\/div>Sz\u00e9csi P\u00e1l &#8211; Gedeon b\u00e1csi"},"content":{"rendered":"<p><strong>04:38<\/strong> | <strong><img loading=\"lazy\" decoding=\"async\" class=\"alignnone size-full wp-image-467\" src=\"https:\/\/www.sunkaraoke.hu\/wp-content\/uploads\/2022\/07\/choir_2-copy.webp\" alt=\"\" width=\"30\" height=\"30\" \/> <\/p>\n","protected":false},"excerpt":{"rendered":"<p><strong>Bits\u0171r\u0171s\u00e9g: <\/strong>196kb\/s<strong><br \/>\n<\/strong><strong>Hossz: <\/strong>04:38<strong><br \/>\n<\/strong><strong style=\"font-size: 16px;\">Vok\u00e1lt tartalmaz: <\/strong>Nem <img loading=\"lazy\" decoding=\"async\" class=\"alignnone size-full wp-image-467\" src=\"http:\/\/www.sunkaraoke.hu\/wp-content\/uploads\/2022\/07\/choir_2-copy.png\" alt=\"\" width=\"30\" height=\"30\" \/><strong style=\"font-size: 16px;\"><br \/>\n<\/strong><\/p>\n<p>&nbsp;<\/p>\n<p>\ufeff&#8212;Intr\u00f3&#8211;<br \/>\nFodr\u00e1sz \u00fczlet, pletyka,<br \/>\nhangos n\u0151i csacsog\u00e1s, locsog\u00e1s lotyog\u00e1s.<br \/>\nTart\u00f3s hull\u00e1m, tup\u00edr,<br \/>\nhajfest\u00e9sre v\u00e1rakoz\u00e1s.<br \/>\nElvar\u00e1zsolt meseorsz\u00e1g az eg\u00e9sz,<br \/>\nmeseorsz\u00e1g kir\u00e1lya egy \u0151szes \u00far,<br \/>\nkit mindenki bec\u00e9z.<br \/>\nGedeon b\u00e1csi, a n\u0151k b\u00e1lv\u00e1nya,<br \/>\n\u0151t minden h\u00f6lgyvend\u00e9g \u00fagy im\u00e1dja,<br \/>\nminden asszony keresi a kegy\u00e9t.<br \/>\nGedeon b\u00e1csi, a n\u0151i fodr\u00e1sz,<br \/>\nnagy m\u0171v\u00e9sz \u0151, a f\u0151 hajszobr\u00e1sz,<br \/>\nmegsz\u00e9p\u00edti a p\u00e1ciens fej\u00e9t.<br \/>\nNem tudom, hogy amit mondok,<br \/>\nv\u00e9g\u00fcl hiszik-e.<br \/>\nH\u00e1zi bort visz n\u00e9ki,<br \/>\nminden h\u00e9ten Gizike, picike Micike.<br \/>\nSalgov\u00e1cn\u00e9 t\u00far\u00f3s bukt\u00e1t s\u00fct\u00f6get,<br \/>\nazzal akar kedveskedni,<br \/>\na mesternek \u0151 egy keveset.<br \/>\nGedeon b\u00e1csi, a n\u0151k b\u00e1lv\u00e1nya,<br \/>\n\u0151t minden h\u00f6lgyvend\u00e9g \u00fagy im\u00e1dja,<br \/>\nminden asszony keresi a kegy\u00e9t.<br \/>\nGedeon b\u00e1csi, a n\u0151i fodr\u00e1sz,<br \/>\nnagy m\u0171v\u00e9sz \u0151, a f\u0151 hajszobr\u00e1sz,<br \/>\nmegsz\u00e9p\u00edti a p\u00e1ciens fej\u00e9t.<br \/>\n\u00d6sszevesznek \u00e9rte,<br \/>\nnaponta a csacsi n\u0151k.<br \/>\nK\u00e9nyes d\u00e1m\u00e1k, nyomban,<br \/>\nafrikai emberev\u0151k.<br \/>\nTejben-vajban f\u00fcrdetik az \u00f6reget,<br \/>\nmeseorsz\u00e1g kir\u00e1lya,<br \/>\negy \u0151szes \u00far, kit mindenki szeret.<\/p>\n<p>Gedeon b\u00e1csi, a n\u0151k b\u00e1lv\u00e1nya,<br \/>\n\u0151t minden h\u00f6lgyvend\u00e9g \u00fagy im\u00e1dja,<br \/>\nminden asszony keresi a kegy\u00e9t.<br \/>\nGedeon b\u00e1csi, a n\u0151i fodr\u00e1sz,<br \/>\nnagy m\u0171v\u00e9sz \u0151, a f\u0151 hajszobr\u00e1sz,<br \/>\nmegsz\u00e9p\u00edti a p\u00e1ciens fej\u00e9t.<br \/>\n&#8212;Sz\u00f3l\u00f3&#8212;<\/p>\n<p>Gedeon b\u00e1csi, a n\u0151k b\u00e1lv\u00e1nya,<br \/>\nde otthon \u0151t is az asszony v\u00e1rja,<br \/>\ns ett\u0151l szinte elveszti a fej\u00e9t.<br \/>\nGedeon b\u00e1csi egy s\u00e1mlin reszket,<br \/>\n\u00e9s csendben \u00e1tkozza azt a percet,<br \/>\namikor megismerte a nej\u00e9t.<br \/>\nGedeon b\u00e1csi, a n\u0151k b\u00e1lv\u00e1nya,<br \/>\nde otthon \u0151t is az asszony v\u00e1rja,<br \/>\ns ett\u0151l szinte elveszti a fej\u00e9t.<br \/>\nGedeon b\u00e1csi egy s\u00e1mlin reszket,<br \/>\n\u00e9s csendben \u00e1tkozza azt a percet,<br \/>\namikor megismerte a nej\u00e9t.<br \/>\n&#8212;V\u00e9ge&#8212;<\/p>\n","protected":false},"featured_media":8736,"template":"","meta":{"site-sidebar-layout":"default","site-content-layout":"default","ast-site-content-layout":"","site-content-style":"default","site-sidebar-style":"default","ast-global-header-display":"","ast-banner-title-visibility":"","ast-main-header-display":"","ast-hfb-above-header-display":"","ast-hfb-below-header-display":"","ast-hfb-mobile-header-display":"","site-post-title":"","ast-breadcrumbs-content":"","ast-featured-img":"","footer-sml-layout":"","theme-transparent-header-meta":"default","adv-header-id-meta":"","stick-header-meta":"","header-above-stick-meta":"","header-main-stick-meta":"","header-below-stick-meta":"","astra-migrate-meta-layouts":"default","ast-page-background-enabled":"default","ast-page-background-meta":{"desktop":{"background-color":"var(--ast-global-color-4)","background-image":"","background-repeat":"repeat","background-position":"center center","background-size":"auto","background-attachment":"scroll","background-type":"","background-media":"","overlay-type":"","overlay-color":"","overlay-opacity":"","overlay-gradient":""},"tablet":{"background-color":"","background-image":"","background-repeat":"repeat","background-position":"center center","background-size":"auto","background-attachment":"scroll","background-type":"","background-media":"","overlay-type":"","overlay-color":"","overlay-opacity":"","overlay-gradient":""},"mobile":{"background-color":"","background-image":"","background-repeat":"repeat","background-position":"center center","background-size":"auto","background-attachment":"scroll","background-type":"","background-media":"","overlay-type":"","overlay-color":"","overlay-opacity":"","overlay-gradient":""}},"ast-content-background-meta":{"desktop":{"background-color":"var(--ast-global-color-5)","background-image":"","background-repeat":"repeat","background-position":"center center","background-size":"auto","background-attachment":"scroll","background-type":"","background-media":"","overlay-type":"","overlay-color":"","overlay-opacity":"","overlay-gradient":""},"tablet":{"background-color":"var(--ast-global-color-5)","background-image":"","background-repeat":"repeat","background-position":"center center","background-size":"auto","background-attachment":"scroll","background-type":"","background-media":"","overlay-type":"","overlay-color":"","overlay-opacity":"","overlay-gradient":""},"mobile":{"background-color":"var(--ast-global-color-5)","background-image":"","background-repeat":"repeat","background-position":"center center","background-size":"auto","background-attachment":"scroll","background-type":"","background-media":"","overlay-type":"","overlay-color":"","overlay-opacity":"","overlay-gradient":""}}},"product_cat":[48],"product_tag":[],"class_list":["post-3254","product","type-product","status-publish","has-post-thumbnail","hentry","product_cat-sunkaraoke-dalok","desktop-align-left","tablet-align-left","mobile-align-left"],"_links":{"self":[{"href":"https:\/\/www.sunkaraoke.hu\/index.php\/wp-json\/wp\/v2\/product\/3254","targetHints":{"allow":["GET"]}}],"collection":[{"href":"https:\/\/www.sunkaraoke.hu\/index.php\/wp-json\/wp\/v2\/product"}],"about":[{"href":"https:\/\/www.sunkaraoke.hu\/index.php\/wp-json\/wp\/v2\/types\/product"}],"wp:featuredmedia":[{"embeddable":true,"href":"https:\/\/www.sunkaraoke.hu\/index.php\/wp-json\/wp\/v2\/media\/8736"}],"wp:attachment":[{"href":"https:\/\/www.sunkaraoke.hu\/index.php\/wp-json\/wp\/v2\/media?parent=3254"}],"wp:term":[{"taxonomy":"product_cat","embeddable":true,"href":"https:\/\/www.sunkaraoke.hu\/index.php\/wp-json\/wp\/v2\/product_cat?post=3254"},{"taxonomy":"product_tag","embeddable":true,"href":"https:\/\/www.sunkaraoke.hu\/index.php\/wp-json\/wp\/v2\/product_tag?post=3254"}],"curies":[{"name":"wp","href":"https:\/\/api.w.org\/{rel}","templated":true}]}}