{"id":3253,"date":"2022-08-08T20:46:12","date_gmt":"2022-08-08T20:46:12","guid":{"rendered":"https:\/\/www.sunkaraoke.hu\/index.php\/termek\/roma-dalok-tommy-roma-mix\/"},"modified":"2025-04-07T16:35:14","modified_gmt":"2025-04-07T16:35:14","slug":"roma-dalok-tommy-roma-mix","status":"publish","type":"product","link":"https:\/\/www.sunkaraoke.hu\/index.php\/termek\/roma-dalok-tommy-roma-mix\/","title":{"rendered":"<div class=\"wcmp-player-container product-3253\"><audio controlslist=\"nodownload\" data-product=\"3253\"  volume=\"1\"  preload=\"none\" data-lazyloading=\"none\" class=\"wcmp-player track mejs-classic\" data-duration=\"0:35\" data-estimated_duration=\"4\"><source src=\"https:\/\/www.sunkaraoke.hu\/wp-content\/uploads\/2022\/08\/Tommy-Roma-Mix-demooo.mp3\" type=\"audio\/mp3\" \/><\/audio><\/div>Roma dalok &#8211; Tommy Roma Mix 01. (Original Tommy Edition)"},"content":{"rendered":"<p><strong>08:52<\/strong> | <strong><img loading=\"lazy\" decoding=\"async\" class=\"alignnone size-full wp-image-467\" src=\"https:\/\/www.sunkaraoke.hu\/wp-content\/uploads\/2022\/07\/choir_2-copy.webp\" alt=\"\" width=\"30\" height=\"30\" \/> <\/strong><\/p>\n","protected":false},"excerpt":{"rendered":"<h6><strong>Bits\u0171r\u0171s\u00e9g: 320kb\/s<\/strong><br \/>\n<strong>Hossz: 08:52<\/strong><br \/>\n<strong>Vok\u00e1lt tartalmaz: Nem <img loading=\"lazy\" decoding=\"async\" class=\"alignnone size-full wp-image-467\" src=\"http:\/\/www.sunkaraoke.hu\/wp-content\/uploads\/2022\/07\/choir_2-copy.png\" alt=\"\" width=\"30\" height=\"30\" \/><\/strong><strong style=\"font-size: 16px;\"><br \/>\n<\/strong><\/h6>\n<p>Sunkaraoke mp3 st\u00fadi\u00f3 \/ www.sunkaraoke.hu \/ Inf: Tel: 06 20 4275001<\/p>\n<p>&#8212;Intr\u00f3&#8212;<br \/>\nHossz\u00fa, fekete haj,de suk\u00e1r ez a csaj,<br \/>\nde t\u00fals\u00e1gosan gizda,a l\u00f3v\u00e9ja meg nyista.<br \/>\nHossz\u00fa, fekete haj,de suk\u00e1r ez a csaj,<br \/>\nde t\u00fals\u00e1gosan gizda,a l\u00f3v\u00e9ja meg nyista!<br \/>\nMert olyan kamel\u00f3s a bar\u00e1tom,<br \/>\nolyan suk\u00e1r cs\u00e1v\u00f3 bel\u00e1tom,Olyan sunel\u00f3s a cs\u00e1v\u00f3,<br \/>\nminden csajn\u00e1l l\u00e1cs\u00f3.Mert olyan kamel\u00f3s a bar\u00e1tom,<br \/>\nolyan suk\u00e1r cs\u00e1v\u00f3 bel\u00e1tom,<br \/>\nOlyan sunel\u00f3s a cs\u00e1v\u00f3,minden csajn\u00e1l l\u00e1cs\u00f3.<br \/>\n&#8212;Sz\u00f3l\u00f3&#8212;<br \/>\nHossz\u00fa, fekete haj,<br \/>\nde suk\u00e1r ez a csaj,de t\u00fals\u00e1gosan gizda,a l\u00f3v\u00e9ja meg nyista.<br \/>\nHossz\u00fa, fekete haj,de suk\u00e1r ez a csaj,<br \/>\nde t\u00fals\u00e1gosan gizda,a l\u00f3v\u00e9ja meg nyista!<br \/>\nMert olyan kamel\u00f3s a bar\u00e1tom,olyan suk\u00e1r cs\u00e1v\u00f3 bel\u00e1tom.<br \/>\nOlyan sunel\u00f3s a cs\u00e1v\u00f3,minden csajn\u00e1l l\u00e1cs\u00f3.<br \/>\nMert olyan kamel\u00f3s a bar\u00e1tom,olyan suk\u00e1r cs\u00e1v\u00f3 bel\u00e1tom.<br \/>\nOlyan sunel\u00f3s a cs\u00e1v\u00f3,minden csajn\u00e1l l\u00e1cs\u00f3.<br \/>\n&#8212;Sz\u00f3l\u00f3&#8212;<br \/>\n\u00c9n is r\u00e9szeg,te is r\u00e9szeg,mind r\u00e9szegek vagyunk.<br \/>\nCsin\u00e1lom a kedvet,csin\u00e1lom a kedvet,j\u00f3l \u00e9rzem magam!<br \/>\n\u00c9n is r\u00e9szeg,te is r\u00e9szeg,mind r\u00e9szegek vagyunk,<br \/>\nA bab\u00e1m szeme,k\u00e9t sz\u00e9p szeme,csak re\u00e1m ragyog!<br \/>\n\u00c9n is r\u00e9szeg,te is r\u00e9szeg,mind r\u00e9szegek vagyunk.<br \/>\nCsin\u00e1lom a kedvet,csin\u00e1lom a kedvet,j\u00f3l \u00e9rzem magam!<br \/>\n\u00c9n is r\u00e9szeg,te is r\u00e9szeg,mind r\u00e9szegek vagyunk,<br \/>\nA bab\u00e1m szeme,k\u00e9t sz\u00e9p szeme,csak re\u00e1m ragyog!<br \/>\n&#8212;Sz\u00f3l\u00f3&#8212;<br \/>\n\u00c9n is r\u00e9szeg,te is r\u00e9szeg,mind r\u00e9szegek vagyunk.<br \/>\nCsin\u00e1lom a kedvet,csin\u00e1lom a kedvet,j\u00f3l \u00e9rzem magam!<br \/>\n\u00c9n is r\u00e9szeg,te is r\u00e9szeg,mind r\u00e9szegek vagyunk,<br \/>\nA bab\u00e1m szeme,k\u00e9t sz\u00e9p szeme,csak re\u00e1m ragyog!<br \/>\n&#8211;Sz\u00f3l\u00f3&#8212;<br \/>\nM\u00e9g az \u00e9jjel,\u00fagy ber\u00fagok bab\u00e1m.<br \/>\nA sz\u00edvem is, meggy\u00f3gyul majd tal\u00e1n,<br \/>\nhogy ha iszom,nem \u00e9rzem, hogy mi f\u00e1j,<br \/>\nh\u00fazd, r\u00e1 cig\u00e1ny,hadd sz\u00f3ljon a git\u00e1r,<br \/>\nHogy ha iszom, nem \u00e9rzem,hogy mi f\u00e1j,<br \/>\nh\u00fazd r\u00e1 cig\u00e1ny,hadd sz\u00f3ljon a git\u00e1r.<br \/>\nM\u00e9g az \u00e9jjel,\u00fagy ber\u00fagok bab\u00e1m.<br \/>\nA sz\u00edvem is, meggy\u00f3gyul majd tal\u00e1n,<br \/>\nhogy ha iszom,nem \u00e9rzem, hogy mi f\u00e1j,<br \/>\nh\u00fazd, r\u00e1 cig\u00e1ny,hadd sz\u00f3ljon a git\u00e1r,<br \/>\nHogy ha iszom, nem \u00e9rzem,hogy mi f\u00e1j,<br \/>\nh\u00fazd r\u00e1 cig\u00e1ny,had sz\u00f3ljon a git\u00e1r.<br \/>\n&#8212;Sz\u00f3l\u00f3&#8212;<br \/>\nM\u00e9g az \u00e9jjel,\u00fagy ber\u00fagok bab\u00e1m.<br \/>\nA sz\u00edvem is, meggy\u00f3gyul majd tal\u00e1n,<br \/>\nhogy ha iszom,nem \u00e9rzem, hogy mi f\u00e1j,<br \/>\nh\u00fazd, r\u00e1 cig\u00e1ny,hadd sz\u00f3ljon a git\u00e1r,<br \/>\nHogy ha iszom, nem \u00e9rzem,hogy mi f\u00e1j,<br \/>\nh\u00fazd r\u00e1 cig\u00e1ny,hadd sz\u00f3ljon a git\u00e1r.<br \/>\nM\u00e9g az \u00e9jjel,\u00fagy ber\u00fagok bab\u00e1m.<br \/>\nA sz\u00edvem is, meggy\u00f3gyul majd tal\u00e1n,hogy ha iszom,<br \/>\nnem \u00e9rzem, hogy mi f\u00e1j,h\u00fazd, r\u00e1 cig\u00e1ny,hadd sz\u00f3ljon a git\u00e1r,<br \/>\nHogy ha iszom, nem \u00e9rzem,hogy mi f\u00e1j,<br \/>\nh\u00fazd r\u00e1 cig\u00e1ny,hadd sz\u00f3ljon a git\u00e1r.<br \/>\n&#8212;V\u00e9ge&#8212;<\/p>\n","protected":false},"featured_media":8758,"template":"","meta":{"site-sidebar-layout":"default","site-content-layout":"default","ast-site-content-layout":"default","site-content-style":"default","site-sidebar-style":"default","ast-global-header-display":"","ast-banner-title-visibility":"","ast-main-header-display":"","ast-hfb-above-header-display":"","ast-hfb-below-header-display":"","ast-hfb-mobile-header-display":"","site-post-title":"","ast-breadcrumbs-content":"","ast-featured-img":"","footer-sml-layout":"","theme-transparent-header-meta":"default","adv-header-id-meta":"","stick-header-meta":"","header-above-stick-meta":"","header-main-stick-meta":"","header-below-stick-meta":"","astra-migrate-meta-layouts":"set","ast-page-background-enabled":"default","ast-page-background-meta":{"desktop":{"background-color":"var(--ast-global-color-4)","background-image":"","background-repeat":"repeat","background-position":"center center","background-size":"auto","background-attachment":"scroll","background-type":"","background-media":"","overlay-type":"","overlay-color":"","overlay-opacity":"","overlay-gradient":""},"tablet":{"background-color":"","background-image":"","background-repeat":"repeat","background-position":"center center","background-size":"auto","background-attachment":"scroll","background-type":"","background-media":"","overlay-type":"","overlay-color":"","overlay-opacity":"","overlay-gradient":""},"mobile":{"background-color":"","background-image":"","background-repeat":"repeat","background-position":"center center","background-size":"auto","background-attachment":"scroll","background-type":"","background-media":"","overlay-type":"","overlay-color":"","overlay-opacity":"","overlay-gradient":""}},"ast-content-background-meta":{"desktop":{"background-color":"var(--ast-global-color-5)","background-image":"","background-repeat":"repeat","background-position":"center center","background-size":"auto","background-attachment":"scroll","background-type":"","background-media":"","overlay-type":"","overlay-color":"","overlay-opacity":"","overlay-gradient":""},"tablet":{"background-color":"var(--ast-global-color-5)","background-image":"","background-repeat":"repeat","background-position":"center center","background-size":"auto","background-attachment":"scroll","background-type":"","background-media":"","overlay-type":"","overlay-color":"","overlay-opacity":"","overlay-gradient":""},"mobile":{"background-color":"var(--ast-global-color-5)","background-image":"","background-repeat":"repeat","background-position":"center center","background-size":"auto","background-attachment":"scroll","background-type":"","background-media":"","overlay-type":"","overlay-color":"","overlay-opacity":"","overlay-gradient":""}}},"product_cat":[48],"product_tag":[],"class_list":["post-3253","product","type-product","status-publish","has-post-thumbnail","hentry","product_cat-sunkaraoke-dalok","desktop-align-left","tablet-align-left","mobile-align-left"],"_links":{"self":[{"href":"https:\/\/www.sunkaraoke.hu\/index.php\/wp-json\/wp\/v2\/product\/3253","targetHints":{"allow":["GET"]}}],"collection":[{"href":"https:\/\/www.sunkaraoke.hu\/index.php\/wp-json\/wp\/v2\/product"}],"about":[{"href":"https:\/\/www.sunkaraoke.hu\/index.php\/wp-json\/wp\/v2\/types\/product"}],"wp:featuredmedia":[{"embeddable":true,"href":"https:\/\/www.sunkaraoke.hu\/index.php\/wp-json\/wp\/v2\/media\/8758"}],"wp:attachment":[{"href":"https:\/\/www.sunkaraoke.hu\/index.php\/wp-json\/wp\/v2\/media?parent=3253"}],"wp:term":[{"taxonomy":"product_cat","embeddable":true,"href":"https:\/\/www.sunkaraoke.hu\/index.php\/wp-json\/wp\/v2\/product_cat?post=3253"},{"taxonomy":"product_tag","embeddable":true,"href":"https:\/\/www.sunkaraoke.hu\/index.php\/wp-json\/wp\/v2\/product_tag?post=3253"}],"curies":[{"name":"wp","href":"https:\/\/api.w.org\/{rel}","templated":true}]}}