{"id":3250,"date":"2022-08-08T20:46:12","date_gmt":"2022-08-08T20:46:12","guid":{"rendered":"https:\/\/www.sunkaraoke.hu\/index.php\/termek\/mulatos-tommy-mulatos-mix-02\/"},"modified":"2025-04-06T12:51:54","modified_gmt":"2025-04-06T12:51:54","slug":"mulatos-tommy-mulatos-mix-02","status":"publish","type":"product","link":"https:\/\/www.sunkaraoke.hu\/index.php\/termek\/mulatos-tommy-mulatos-mix-02\/","title":{"rendered":"<div class=\"wcmp-player-container product-3250\"><audio controlslist=\"nodownload\" data-product=\"3250\"  volume=\"1\"  preload=\"none\" data-lazyloading=\"none\" class=\"wcmp-player track mejs-classic\" data-duration=\"0:36\" data-estimated_duration=\"4\"><source src=\"https:\/\/www.sunkaraoke.hu\/wp-content\/uploads\/2022\/08\/Tommy-Mulatos-mix-2.-demoo.mp3\" type=\"audio\/mp3\" \/><\/audio><\/div>Mulat\u00f3s &#8211; Tommy Mulat\u00f3s Mix 02. (Original)"},"content":{"rendered":"<p><strong>08:10<\/strong> | <strong><img loading=\"lazy\" decoding=\"async\" class=\"alignnone size-full wp-image-467\" src=\"https:\/\/www.sunkaraoke.hu\/wp-content\/uploads\/2022\/07\/choir_2-copy.webp\" alt=\"\" width=\"30\" height=\"30\" \/> <\/strong><\/p>\n","protected":false},"excerpt":{"rendered":"<h6><strong>Bits\u0171r\u0171s\u00e9g: 320<\/strong>kb\/s<strong><br \/>\n<\/strong><strong>Hossz: <\/strong>08:10<strong><br \/>\n<\/strong><strong style=\"font-size: 16px;\">Vok\u00e1lt tartalmaz: <\/strong>Nem <img loading=\"lazy\" decoding=\"async\" class=\"alignnone size-full wp-image-467\" src=\"http:\/\/www.sunkaraoke.hu\/wp-content\/uploads\/2022\/07\/choir_2-copy.png\" alt=\"\" width=\"30\" height=\"30\" \/><strong style=\"font-size: 16px;\"><br \/>\n<\/strong><\/h6>\n<p>Sunkaraoke mp3 st\u00fadi\u00f3 \/ www.sunkaraoke.hu \/ Inf: Tel: 06 20 4275001<\/p>\n<p>&#8212;Intr\u00f3&#8212;<br \/>\nNem szeretem \u00e9n a babot s\u00fclve, f\u0151ve<br \/>\natt\u00f3l f\u00e9lek megdagad a hasam t\u0151le.<br \/>\nHa megdagad, megdagad, ez a fura daganat,<br \/>\nm\u00e9g az \u00e9jjel kimulatom magamat.<br \/>\nHa megdagad, megdagad,<br \/>\nez a fura daganat,<br \/>\nm\u00e9g az \u00e9jjel kimulatom magamat.<br \/>\nCig\u00e1nypr\u00edm\u00e1s asszony\u00e1nak j\u00f3l megy dolga,<br \/>\neg\u00e9sz h\u00e9ten szovelgat a kocsm\u00e1ba.<br \/>\nAmit keres megissza,<br \/>\nnem gondol a rajk\u00f3kra,<br \/>\nverje meg a h\u00e1rom napos nyavaja.<br \/>\nAmit keres megissza,<br \/>\nnem gondol a rajk\u00f3kra,<br \/>\nverje meg a h\u00e1rom napos nyavaja.<br \/>\n&#8211;Sz\u00f3l\u00f3&#8212;<br \/>\nSz\u00e1zados \u00far ha fel\u00fcl a lov\u00e1ra,<br \/>\nki v\u00e1gtat a kukorica t\u00e1bl\u00e1ra.<br \/>\nH\u00e1tra teszi a kez\u00e9t<br \/>\nazt a mocskos k\u00e9t kez\u00e9t,<br \/>\ndolgozzatok az any\u00e1tok minden\u00e9t.<br \/>\nH\u00e1tra teszi a kez\u00e9t<br \/>\nazt a mocskos k\u00e9t kez\u00e9t,<br \/>\ndolgozzatok az any\u00e1tok minden\u00e9t.<br \/>\n&#8212;Sz\u00f3l\u00f3&#8212;<br \/>\n\u00c9n vagyok a falu rossza egyed\u00fcl,<br \/>\ncsak n\u00e9kem heged\u00fcl a v\u00e9n cig\u00e1ny.<br \/>\n\u00c9n vagyok a falu rossza egyed\u00fcl,<br \/>\ncsak n\u00e9kem heged\u00fcl a v\u00e9n cig\u00e1ny.<br \/>\nHa nincsen p\u00e9nzem iszom hitelbe,<br \/>\neny\u00e9m a legszebb le\u00e1ny szerelme.<br \/>\n\u00c9n vagyok a falu rossza egyed\u00fcl,<br \/>\ncsak n\u00e9kem heged\u00fcl a v\u00e9n cig\u00e1ny.<br \/>\nHa nincsen p\u00e9nzem iszom hitelbe,<br \/>\neny\u00e9m a legszebb le\u00e1ny szerelme.<br \/>\n\u00c9n vagyok a falu rossza egyed\u00fcl,<br \/>\ncsak n\u00e9kem heged\u00fcl a v\u00e9n cig\u00e1ny.<br \/>\n&#8212;Sz\u00f3l\u00f3&#8212;<br \/>\n\u00c9n vagyok a falu rossza egyed\u00fcl,<br \/>\ncsak n\u00e9kem heged\u00fcl a v\u00e9n cig\u00e1ny.<br \/>\n\u00c9n vagyok a falu rossza egyed\u00fcl,<br \/>\ncsak n\u00e9kem heged\u00fcl a v\u00e9n cig\u00e1ny.<br \/>\nHa nincsen p\u00e9nzem iszom hitelbe,<br \/>\neny\u00e9m a legszebb le\u00e1ny szerelme.<br \/>\n\u00c9n vagyok a falu rossza egyed\u00fcl,<br \/>\ncsak n\u00e9kem heged\u00fcl a v\u00e9n cig\u00e1ny.<br \/>\nHa nincsen p\u00e9nzem iszom hitelbe,<br \/>\neny\u00e9m a legszebb le\u00e1ny szerelme.<br \/>\n\u00c9n vagyok a falu rossza egyed\u00fcl,<br \/>\ncsak n\u00e9kem heged\u00fcl a v\u00e9n cig\u00e1ny.<br \/>\n&#8212;Sz\u00f3l\u00f3&#8212;<br \/>\nMajd ha n\u00e9k\u00fcnk sok p\u00e9nzem lesz,<br \/>\nfel\u00fcl\u00f6k a rep\u00fcl\u0151re.<br \/>\n\u00dagy el sz\u00e1llok, mint a fecske,<br \/>\nmagasan a leveg\u0151be,<br \/>\nAmerre \u00e9n j\u00e1rok,<br \/>\nb\u00e1mul a vil\u00e1g, irigyli a sok p\u00e9nzt,<br \/>\namit k\u00f6lt\u00f6k r\u00e1d.<br \/>\n\u00c9n a sok p\u00e9nzt nem sajn\u00e1lom,<br \/>\ncsak te l\u00e9gy a pici p\u00e1rom.<br \/>\nAmerre \u00e9n j\u00e1rok,<br \/>\nb\u00e1mul a vil\u00e1g, irigyli a sok p\u00e9nzt,<br \/>\namit k\u00f6lt\u00f6k r\u00e1d.<br \/>\n\u00c9n a sok p\u00e9nzt nem sajn\u00e1lom,<br \/>\ncsak te l\u00e9gy a pici p\u00e1rom.<\/p>\n<p>Majd ha n\u00e9kem sok p\u00e9nzem lesz,<br \/>\nkimegyek az \u00fcget\u0151re.<br \/>\nFelteszem az \u00f6sszes p\u00e9nzem,<br \/>\negy sima sz\u0151r\u0171 teliv\u00e9rre.<br \/>\nHazamegyek este \u00edgy sz\u00f3l Nejem,<br \/>\nfek\u00fcdj le egy l\u00f3val, de ne \u00e9n velem.<br \/>\nJ\u00f3 sport a l\u00f3sport,de nem n\u00e9kem,<br \/>\nott hagyom a fizet\u00e9sem.<br \/>\nHazamegyek este \u00edgy sz\u00f3l a nejem,<br \/>\nfek\u00fcdj le egy l\u00f3val, de ne \u00e9n velem.<br \/>\nJ\u00f3 sport a l\u00f3sport,de nem n\u00e9kem,<br \/>\notthagyom a fizet\u00e9sem.<br \/>\n&#8212;Sz\u00f3l\u00f3&#8212;<br \/>\nHazamegyek este \u00edgy sz\u00f3l Nejem,<br \/>\nfek\u00fcdj le egy l\u00f3val, de ne \u00e9n velem.<br \/>\nJ\u00f3 sport a l\u00f3sport,de nem n\u00e9kem,<br \/>\nott hagyom a fizet\u00e9sem.<br \/>\nHazamegyek este \u00edgy sz\u00f3l a nejem,<br \/>\nfek\u00fcdj le egy l\u00f3val, de ne \u00e9n velem.<br \/>\nJ\u00f3 sport a l\u00f3sport,de nem n\u00e9kem,<br \/>\notthagyom a fizet\u00e9sem.<br \/>\nR\u00e9szeg vagyok r\u00f3zs\u00e1m, mint a csap,<br \/>\nnem aludtam h\u00e1rom \u00e9jjel, h\u00e1rom nap.<br \/>\nHazamenni sej, de nem tudok,<br \/>\nhajnalig r\u00f3zs\u00e1m n\u00e1lad maradok.<br \/>\nHazamenni sej, de nem tudok,<br \/>\nhajnalig r\u00f3zs\u00e1m rajtad maradok.<br \/>\n&#8212;Sz\u00f3l\u00f3&#8212;<br \/>\nR\u00e9szeg vagyok r\u00f3zs\u00e1m, mint a csap,<br \/>\nnem aludtam h\u00e1rom \u00e9jjel, h\u00e1rom nap.<br \/>\nHazamenni sej, de nem tudok,<br \/>\nhajnalig r\u00f3zs\u00e1m n\u00e1lad maradok.<br \/>\nHazamenni sej, de nem tudok,<br \/>\nhajnalig r\u00f3zs\u00e1m rajtad maradok.<br \/>\n&#8212;V\u00e9ge&#8212;<\/p>\n","protected":false},"featured_media":288,"template":"","meta":{"site-sidebar-layout":"default","site-content-layout":"default","ast-site-content-layout":"default","site-content-style":"default","site-sidebar-style":"default","ast-global-header-display":"","ast-banner-title-visibility":"","ast-main-header-display":"","ast-hfb-above-header-display":"","ast-hfb-below-header-display":"","ast-hfb-mobile-header-display":"","site-post-title":"","ast-breadcrumbs-content":"","ast-featured-img":"","footer-sml-layout":"","theme-transparent-header-meta":"default","adv-header-id-meta":"","stick-header-meta":"","header-above-stick-meta":"","header-main-stick-meta":"","header-below-stick-meta":"","astra-migrate-meta-layouts":"set","ast-page-background-enabled":"default","ast-page-background-meta":{"desktop":{"background-color":"var(--ast-global-color-4)","background-image":"","background-repeat":"repeat","background-position":"center center","background-size":"auto","background-attachment":"scroll","background-type":"","background-media":"","overlay-type":"","overlay-color":"","overlay-opacity":"","overlay-gradient":""},"tablet":{"background-color":"","background-image":"","background-repeat":"repeat","background-position":"center center","background-size":"auto","background-attachment":"scroll","background-type":"","background-media":"","overlay-type":"","overlay-color":"","overlay-opacity":"","overlay-gradient":""},"mobile":{"background-color":"","background-image":"","background-repeat":"repeat","background-position":"center center","background-size":"auto","background-attachment":"scroll","background-type":"","background-media":"","overlay-type":"","overlay-color":"","overlay-opacity":"","overlay-gradient":""}},"ast-content-background-meta":{"desktop":{"background-color":"var(--ast-global-color-5)","background-image":"","background-repeat":"repeat","background-position":"center center","background-size":"auto","background-attachment":"scroll","background-type":"","background-media":"","overlay-type":"","overlay-color":"","overlay-opacity":"","overlay-gradient":""},"tablet":{"background-color":"var(--ast-global-color-5)","background-image":"","background-repeat":"repeat","background-position":"center center","background-size":"auto","background-attachment":"scroll","background-type":"","background-media":"","overlay-type":"","overlay-color":"","overlay-opacity":"","overlay-gradient":""},"mobile":{"background-color":"var(--ast-global-color-5)","background-image":"","background-repeat":"repeat","background-position":"center center","background-size":"auto","background-attachment":"scroll","background-type":"","background-media":"","overlay-type":"","overlay-color":"","overlay-opacity":"","overlay-gradient":""}}},"product_cat":[48],"product_tag":[],"class_list":["post-3250","product","type-product","status-publish","has-post-thumbnail","hentry","product_cat-sunkaraoke-dalok","desktop-align-left","tablet-align-left","mobile-align-left"],"_links":{"self":[{"href":"https:\/\/www.sunkaraoke.hu\/index.php\/wp-json\/wp\/v2\/product\/3250","targetHints":{"allow":["GET"]}}],"collection":[{"href":"https:\/\/www.sunkaraoke.hu\/index.php\/wp-json\/wp\/v2\/product"}],"about":[{"href":"https:\/\/www.sunkaraoke.hu\/index.php\/wp-json\/wp\/v2\/types\/product"}],"wp:featuredmedia":[{"embeddable":true,"href":"https:\/\/www.sunkaraoke.hu\/index.php\/wp-json\/wp\/v2\/media\/288"}],"wp:attachment":[{"href":"https:\/\/www.sunkaraoke.hu\/index.php\/wp-json\/wp\/v2\/media?parent=3250"}],"wp:term":[{"taxonomy":"product_cat","embeddable":true,"href":"https:\/\/www.sunkaraoke.hu\/index.php\/wp-json\/wp\/v2\/product_cat?post=3250"},{"taxonomy":"product_tag","embeddable":true,"href":"https:\/\/www.sunkaraoke.hu\/index.php\/wp-json\/wp\/v2\/product_tag?post=3250"}],"curies":[{"name":"wp","href":"https:\/\/api.w.org\/{rel}","templated":true}]}}