{"id":3248,"date":"2022-08-08T20:46:11","date_gmt":"2022-08-08T20:46:11","guid":{"rendered":"https:\/\/www.sunkaraoke.hu\/index.php\/termek\/slager-tibo-keszulj-hozom-a-boldogsagot\/"},"modified":"2025-04-03T13:02:02","modified_gmt":"2025-04-03T13:02:02","slug":"slager-tibo-keszulj-hozom-a-boldogsagot","status":"publish","type":"product","link":"https:\/\/www.sunkaraoke.hu\/index.php\/termek\/slager-tibo-keszulj-hozom-a-boldogsagot\/","title":{"rendered":"<div class=\"wcmp-player-container product-3248\"><audio controlslist=\"nodownload\" data-product=\"3248\"  volume=\"1\"  preload=\"none\" data-lazyloading=\"none\" class=\"wcmp-player track mejs-classic\" data-duration=\"0:32\" data-estimated_duration=\"4\"><source src=\"https:\/\/www.sunkaraoke.hu\/wp-content\/uploads\/2022\/08\/Keszulj-hozom-a-boldogsagot-Tibo-demooo.mp3\" type=\"audio\/mp3\" \/><\/audio><\/div>Sl\u00e1ger Tib\u00f3 &#8211; K\u00e9sz\u00fclj hozom a boldogs\u00e1got (Original)"},"content":{"rendered":"<p><strong>03:54<\/strong> | <strong><img loading=\"lazy\" decoding=\"async\" class=\"alignnone size-full wp-image-467\" src=\"https:\/\/www.sunkaraoke.hu\/wp-content\/uploads\/2022\/07\/choir_2-copy.webp\" alt=\"\" width=\"30\" height=\"30\" \/> <\/strong><\/p>\n","protected":false},"excerpt":{"rendered":"<h6><strong>Bits\u0171r\u0171s\u00e9g: 320 kb\/s<\/strong><br \/>\n<strong>Hossz: 03:54<\/strong><br \/>\n<strong>Vok\u00e1lt tartalmaz: Nem <img loading=\"lazy\" decoding=\"async\" class=\"alignnone size-full wp-image-467\" src=\"http:\/\/www.sunkaraoke.hu\/wp-content\/uploads\/2022\/07\/choir_2-copy.png\" alt=\"\" width=\"30\" height=\"30\" \/><\/strong><strong style=\"font-size: 16px;\"><br \/>\n<\/strong><\/h6>\n<p>Sunkaraoke mp3 st\u00fadi\u00f3 \/ www.sunkaraoke.hu \/ Inf: Tel: 06 20 4275001<\/p>\n<p>&#8212;Intr\u00f3&#8212;<br \/>\nSz\u00e1z \u00e1lmatlan \u00e9jszak\u00e1n,elt\u0171n\u0151dtem \u00e9n,<br \/>\nzene n\u00e9lk\u00fcl, az \u00e9letem,<br \/>\ntal\u00e1n mit sem \u00e9r,<br \/>\nmert minden \u00e9jjel,\u00e9l a csoda,ha itt vagy,<br \/>\naz nekem, ugyanolyan j\u00f3.<br \/>\nEgy\u00fctt t\u00e1ncolunk, a csillagokkal,<br \/>\nsoha nem volt, m\u00e9g ilyen j\u00f3.<br \/>\nK\u00e9sz\u00fclj, hozom a boldogs\u00e1got,<br \/>\nde viszem,a sz\u00edvedet,<br \/>\nmire val\u00f3, ez az \u00e9let,<br \/>\nha mulatni sem lehet.<br \/>\nK\u00e9sz\u00fclj,hozom a boldogs\u00e1got,<br \/>\nde viszem,a sz\u00edvedet,<br \/>\nnekem el\u00e9g, ha mosolyod l\u00e1tom,<br \/>\nnekem el\u00e9g, ha r\u00e1mnevetsz.<br \/>\n&#8212;Sz\u00f3l\u00f3&#8212;<br \/>\nV\u00e1ndor\u00e9let,\u00e9s mag\u00e1ny,\u00e9rted v\u00e1llalom.<br \/>\nM\u00edg \u00fajra,meg \u00fajra a sz\u00edvedben,l\u00e1ngot gy\u00fajt dalom.<br \/>\nMert minden \u00e9jjel,\u00e9l a csoda, ha itt vagy,<br \/>\naz ugyanolyan j\u00f3 nek\u00fcnk.<br \/>\nEgynek \u00e1lmodott, meg minket az \u00e9jjel,<br \/>\nmi csak egy\u00fctt,l\u00e9tez\u00fcnk!<br \/>\nK\u00e9sz\u00fclj, hozom a boldogs\u00e1got,<br \/>\nde viszem,a sz\u00edvedet,<br \/>\nmire val\u00f3, ez az \u00e9let,<br \/>\nha mulatni sem lehet.<br \/>\nK\u00e9sz\u00fclj,hozom a boldogs\u00e1got,<br \/>\nde viszem,a sz\u00edvedet,<br \/>\nnekem el\u00e9g, ha mosolyod l\u00e1tom,<br \/>\nnekem el\u00e9g, ha r\u00e1mnevetsz.<br \/>\n&#8212;Sz\u00f3l\u00f3&#8212;<br \/>\nK\u00e9sz\u00fclj, hozom a boldogs\u00e1got,<br \/>\nde viszem,a sz\u00edvedet,<br \/>\nmire val\u00f3, ez az \u00e9let,<br \/>\nha mulatni sem lehet.<br \/>\nK\u00e9sz\u00fclj,hozom a boldogs\u00e1got,<br \/>\nde viszem,a sz\u00edvedet,<br \/>\nnekem el\u00e9g, ha mosolyod l\u00e1tom,<br \/>\nnekem el\u00e9g, ha r\u00e1mnevetsz.<br \/>\n&#8212;V\u00e9ge&#8212;<\/p>\n","protected":false},"featured_media":9289,"template":"","meta":{"site-sidebar-layout":"default","site-content-layout":"default","ast-site-content-layout":"default","site-content-style":"default","site-sidebar-style":"default","ast-global-header-display":"","ast-banner-title-visibility":"","ast-main-header-display":"","ast-hfb-above-header-display":"","ast-hfb-below-header-display":"","ast-hfb-mobile-header-display":"","site-post-title":"","ast-breadcrumbs-content":"","ast-featured-img":"","footer-sml-layout":"","theme-transparent-header-meta":"default","adv-header-id-meta":"","stick-header-meta":"","header-above-stick-meta":"","header-main-stick-meta":"","header-below-stick-meta":"","astra-migrate-meta-layouts":"set","ast-page-background-enabled":"default","ast-page-background-meta":{"desktop":{"background-color":"var(--ast-global-color-4)","background-image":"","background-repeat":"repeat","background-position":"center center","background-size":"auto","background-attachment":"scroll","background-type":"","background-media":"","overlay-type":"","overlay-color":"","overlay-opacity":"","overlay-gradient":""},"tablet":{"background-color":"","background-image":"","background-repeat":"repeat","background-position":"center center","background-size":"auto","background-attachment":"scroll","background-type":"","background-media":"","overlay-type":"","overlay-color":"","overlay-opacity":"","overlay-gradient":""},"mobile":{"background-color":"","background-image":"","background-repeat":"repeat","background-position":"center center","background-size":"auto","background-attachment":"scroll","background-type":"","background-media":"","overlay-type":"","overlay-color":"","overlay-opacity":"","overlay-gradient":""}},"ast-content-background-meta":{"desktop":{"background-color":"var(--ast-global-color-5)","background-image":"","background-repeat":"repeat","background-position":"center center","background-size":"auto","background-attachment":"scroll","background-type":"","background-media":"","overlay-type":"","overlay-color":"","overlay-opacity":"","overlay-gradient":""},"tablet":{"background-color":"var(--ast-global-color-5)","background-image":"","background-repeat":"repeat","background-position":"center center","background-size":"auto","background-attachment":"scroll","background-type":"","background-media":"","overlay-type":"","overlay-color":"","overlay-opacity":"","overlay-gradient":""},"mobile":{"background-color":"var(--ast-global-color-5)","background-image":"","background-repeat":"repeat","background-position":"center center","background-size":"auto","background-attachment":"scroll","background-type":"","background-media":"","overlay-type":"","overlay-color":"","overlay-opacity":"","overlay-gradient":""}}},"product_cat":[46],"product_tag":[],"class_list":["post-3248","product","type-product","status-publish","has-post-thumbnail","hentry","product_cat-eredeti-karaoke-dalok","desktop-align-left","tablet-align-left","mobile-align-left"],"_links":{"self":[{"href":"https:\/\/www.sunkaraoke.hu\/index.php\/wp-json\/wp\/v2\/product\/3248","targetHints":{"allow":["GET"]}}],"collection":[{"href":"https:\/\/www.sunkaraoke.hu\/index.php\/wp-json\/wp\/v2\/product"}],"about":[{"href":"https:\/\/www.sunkaraoke.hu\/index.php\/wp-json\/wp\/v2\/types\/product"}],"wp:featuredmedia":[{"embeddable":true,"href":"https:\/\/www.sunkaraoke.hu\/index.php\/wp-json\/wp\/v2\/media\/9289"}],"wp:attachment":[{"href":"https:\/\/www.sunkaraoke.hu\/index.php\/wp-json\/wp\/v2\/media?parent=3248"}],"wp:term":[{"taxonomy":"product_cat","embeddable":true,"href":"https:\/\/www.sunkaraoke.hu\/index.php\/wp-json\/wp\/v2\/product_cat?post=3248"},{"taxonomy":"product_tag","embeddable":true,"href":"https:\/\/www.sunkaraoke.hu\/index.php\/wp-json\/wp\/v2\/product_tag?post=3248"}],"curies":[{"name":"wp","href":"https:\/\/api.w.org\/{rel}","templated":true}]}}