{"id":3247,"date":"2022-08-08T20:46:11","date_gmt":"2022-08-08T20:46:11","guid":{"rendered":"https:\/\/www.sunkaraoke.hu\/index.php\/termek\/kovacs-kati-mit-remelsz\/"},"modified":"2025-04-07T16:13:48","modified_gmt":"2025-04-07T16:13:48","slug":"kovacs-kati-mit-remelsz","status":"publish","type":"product","link":"https:\/\/www.sunkaraoke.hu\/index.php\/termek\/kovacs-kati-mit-remelsz\/","title":{"rendered":"<div class=\"wcmp-player-container product-3247\"><audio controlslist=\"nodownload\" data-product=\"3247\"  volume=\"1\"  preload=\"none\" data-lazyloading=\"none\" class=\"wcmp-player track mejs-classic\" data-duration=\"0:34\" data-estimated_duration=\"4\"><source src=\"https:\/\/www.sunkaraoke.hu\/wp-content\/uploads\/2022\/08\/Mit-remelsz-kademoo.mp3\" type=\"audio\/mp3\" \/><\/audio><\/div>Kov\u00e1cs Kati  &#8211; Mit rem\u00e9lsz? (Tommy Edition)"},"content":{"rendered":"<p><strong>04:53<\/strong> | <strong><img loading=\"lazy\" decoding=\"async\" class=\"alignnone size-full wp-image-467\" src=\"https:\/\/www.sunkaraoke.hu\/wp-content\/uploads\/2022\/07\/choir_2-copy.webp\" alt=\"\" width=\"30\" height=\"30\" \/> <\/strong><\/p>\n","protected":false},"excerpt":{"rendered":"<h6><strong>Bits\u0171r\u0171s\u00e9g: 320kb\/s<\/strong><br \/>\n<strong>Hossz: 04:53<\/strong><br \/>\n<strong>Vok\u00e1lt tartalmaz: Nem <img loading=\"lazy\" decoding=\"async\" class=\"alignnone size-full wp-image-467\" src=\"http:\/\/www.sunkaraoke.hu\/wp-content\/uploads\/2022\/07\/choir_2-copy.png\" alt=\"\" width=\"30\" height=\"30\" \/><\/strong><strong style=\"font-size: 16px;\"><br \/>\n<\/strong><\/h6>\n<p>Sunkaraoke mp3 st\u00fadi\u00f3 \/ www.sunkaraoke.hu \/ Inf: Tel: 06 20 4275001<\/p>\n<p>A f\u00e9nyt\u0151l t\u00e1vol, t\u00fal a v\u00e1ros sz\u00e9l\u00e9n,egy elhagyott kis tarka v\u00f6lgy \u00f6l\u00e9n,<br \/>\nhol csendben \u00e9ltem, \u00e1lmodoztam, sok~sok \u00e9ven \u00e1t,\u00fatra kelek, \u00e1lmaim ut\u00e1n.<br \/>\nA j\u00f3bar\u00e1tok, r\u00e9gen messze j\u00e1rnak,\u00e9n itt maradtam, szinte egymagam.<br \/>\nMost f\u00e1j\u00f3 sz\u00edvvel, b\u00facs\u00fazom, \u00e9s k\u00f6nnyezek, tal\u00e1n,\u00fatra kelek, \u00e1lmaim ut\u00e1n.<br \/>\nMit rem\u00e9lsz, mit rem\u00e9lsz, mit rem\u00e9lsz?Mondd az \u00e9letedt\u0151l, m\u00e9gis mit rem\u00e9lsz?<br \/>\nTal\u00e1n mindent, tal\u00e1n semmit, de ha gy\u0151z a j\u00f3zan \u00e9sz,t\u00f6bbre m\u00e9sz, \u00e9s nem lesz oly neh\u00e9z!<br \/>\nEgy valaki s\u00edr, majd sajnos \u00e9rted.J\u00f3 any\u00e1d, ki nem felejt sosem.<br \/>\nDe visszaj\u00f6v\u00f6k, elviszem, egy ny\u00e1ri d\u00e9lut\u00e1n,s egy\u00fctt indulunk, az \u00e1lmaink ut\u00e1n.<br \/>\nA f\u00e9nyt\u0151l t\u00e1vol, t\u00fal a v\u00e1ros sz\u00e9l\u00e9n, egy elhagyott kis,tarka v\u00f6lgy \u00f6l\u00e9n, hol csendben \u00e9ltem, \u00e1lmodoztam,<br \/>\nsok~sok \u00e9ven \u00e1t, \u00fatra kelek, \u00e1lmaim ut\u00e1n.<br \/>\nMit rem\u00e9lsz, mit rem\u00e9lsz, mit rem\u00e9lsz?Mondd az \u00e9letedt\u0151l, m\u00e9gis mit rem\u00e9lsz?<\/p>\n<p>Tal\u00e1n mindent, tal\u00e1n semmit, de ha gy\u0151z, a j\u00f3zan \u00e9sz,<br \/>\nt\u00f6bbre m\u00e9sz, \u00e9s nem lesz, oly neh\u00e9z.<br \/>\n&#8212;Sz\u00f3l\u00f3&#8212;<br \/>\nMit rem\u00e9lsz, mit rem\u00e9lsz, mit rem\u00e9lsz.Mondd az \u00e9letedt\u0151l, m\u00e9gis mit rem\u00e9lsz?<br \/>\nTal\u00e1n mindent, tal\u00e1n semmit, de ha gy\u0151z, a j\u00f3zan \u00e9sz,t\u00f6bbre m\u00e9sz, \u00e9s nem lesz, oly neh\u00e9z.<br \/>\nMit rem\u00e9lsz, mit rem\u00e9lsz, mit rem\u00e9lsz?Mondd az \u00e9letedt\u0151l m\u00e9gis mit rem\u00e9lsz?<br \/>\nTal\u00e1n mindent, tal\u00e1n semmit, de ha gy\u0151z, a j\u00f3zan \u00e9sz,t\u00f6bbre m\u00e9sz, \u00e9s nem lesz oly neh\u00e9z!<br \/>\n&#8212;V\u00e9ge&#8212;<\/p>\n","protected":false},"featured_media":13856,"template":"","meta":{"site-sidebar-layout":"default","site-content-layout":"default","ast-site-content-layout":"default","site-content-style":"default","site-sidebar-style":"default","ast-global-header-display":"","ast-banner-title-visibility":"","ast-main-header-display":"","ast-hfb-above-header-display":"","ast-hfb-below-header-display":"","ast-hfb-mobile-header-display":"","site-post-title":"","ast-breadcrumbs-content":"","ast-featured-img":"","footer-sml-layout":"","theme-transparent-header-meta":"default","adv-header-id-meta":"","stick-header-meta":"","header-above-stick-meta":"","header-main-stick-meta":"","header-below-stick-meta":"","astra-migrate-meta-layouts":"set","ast-page-background-enabled":"default","ast-page-background-meta":{"desktop":{"background-color":"var(--ast-global-color-4)","background-image":"","background-repeat":"repeat","background-position":"center center","background-size":"auto","background-attachment":"scroll","background-type":"","background-media":"","overlay-type":"","overlay-color":"","overlay-opacity":"","overlay-gradient":""},"tablet":{"background-color":"","background-image":"","background-repeat":"repeat","background-position":"center center","background-size":"auto","background-attachment":"scroll","background-type":"","background-media":"","overlay-type":"","overlay-color":"","overlay-opacity":"","overlay-gradient":""},"mobile":{"background-color":"","background-image":"","background-repeat":"repeat","background-position":"center center","background-size":"auto","background-attachment":"scroll","background-type":"","background-media":"","overlay-type":"","overlay-color":"","overlay-opacity":"","overlay-gradient":""}},"ast-content-background-meta":{"desktop":{"background-color":"var(--ast-global-color-5)","background-image":"","background-repeat":"repeat","background-position":"center center","background-size":"auto","background-attachment":"scroll","background-type":"","background-media":"","overlay-type":"","overlay-color":"","overlay-opacity":"","overlay-gradient":""},"tablet":{"background-color":"var(--ast-global-color-5)","background-image":"","background-repeat":"repeat","background-position":"center center","background-size":"auto","background-attachment":"scroll","background-type":"","background-media":"","overlay-type":"","overlay-color":"","overlay-opacity":"","overlay-gradient":""},"mobile":{"background-color":"var(--ast-global-color-5)","background-image":"","background-repeat":"repeat","background-position":"center center","background-size":"auto","background-attachment":"scroll","background-type":"","background-media":"","overlay-type":"","overlay-color":"","overlay-opacity":"","overlay-gradient":""}}},"product_cat":[48],"product_tag":[],"class_list":["post-3247","product","type-product","status-publish","has-post-thumbnail","hentry","product_cat-sunkaraoke-dalok","desktop-align-left","tablet-align-left","mobile-align-left"],"_links":{"self":[{"href":"https:\/\/www.sunkaraoke.hu\/index.php\/wp-json\/wp\/v2\/product\/3247","targetHints":{"allow":["GET"]}}],"collection":[{"href":"https:\/\/www.sunkaraoke.hu\/index.php\/wp-json\/wp\/v2\/product"}],"about":[{"href":"https:\/\/www.sunkaraoke.hu\/index.php\/wp-json\/wp\/v2\/types\/product"}],"wp:featuredmedia":[{"embeddable":true,"href":"https:\/\/www.sunkaraoke.hu\/index.php\/wp-json\/wp\/v2\/media\/13856"}],"wp:attachment":[{"href":"https:\/\/www.sunkaraoke.hu\/index.php\/wp-json\/wp\/v2\/media?parent=3247"}],"wp:term":[{"taxonomy":"product_cat","embeddable":true,"href":"https:\/\/www.sunkaraoke.hu\/index.php\/wp-json\/wp\/v2\/product_cat?post=3247"},{"taxonomy":"product_tag","embeddable":true,"href":"https:\/\/www.sunkaraoke.hu\/index.php\/wp-json\/wp\/v2\/product_tag?post=3247"}],"curies":[{"name":"wp","href":"https:\/\/api.w.org\/{rel}","templated":true}]}}