{"id":3244,"date":"2022-08-08T20:46:11","date_gmt":"2022-08-08T20:46:11","guid":{"rendered":"https:\/\/www.sunkaraoke.hu\/index.php\/termek\/kredenc-kredenc-mix\/"},"modified":"2025-04-06T18:18:29","modified_gmt":"2025-04-06T18:18:29","slug":"kredenc-kredenc-mix","status":"publish","type":"product","link":"https:\/\/www.sunkaraoke.hu\/index.php\/termek\/kredenc-kredenc-mix\/","title":{"rendered":"<div class=\"wcmp-player-container product-3244\"><audio controlslist=\"nodownload\" data-product=\"3244\"  volume=\"1\"  preload=\"none\" data-lazyloading=\"none\" class=\"wcmp-player track mejs-classic\" data-duration=\"0:34\" data-estimated_duration=\"4\"><source src=\"https:\/\/www.sunkaraoke.hu\/wp-content\/uploads\/2022\/08\/Kredenc-mix-01_demooo.mp3\" type=\"audio\/mp3\" \/><\/audio><\/div>Kredenc &#8211; Kredenc Mix 01(Original Tommy Edition)"},"content":{"rendered":"<p><strong>04:17<\/strong> | <strong><img loading=\"lazy\" decoding=\"async\" class=\"alignnone size-full wp-image-467\" src=\"https:\/\/www.sunkaraoke.hu\/wp-content\/uploads\/2022\/07\/choir_2-copy.webp\" alt=\"\" width=\"30\" height=\"30\" \/> <\/strong><\/p>\n","protected":false},"excerpt":{"rendered":"<h6><strong>Bits\u0171r\u0171s\u00e9g: 320kb\/s<\/strong><br \/>\n<strong>Hossz: 04:17<\/strong><br \/>\n<strong>Vok\u00e1lt tartalmaz: Nem <img loading=\"lazy\" decoding=\"async\" class=\"alignnone size-full wp-image-467\" src=\"http:\/\/www.sunkaraoke.hu\/wp-content\/uploads\/2022\/07\/choir_2-copy.png\" alt=\"\" width=\"30\" height=\"30\" \/><\/strong><strong style=\"font-size: 16px;\"><br \/>\n<\/strong><\/h6>\n<p>Sunkaraoke mp3 st\u00fadi\u00f3 \/ www.sunkaraoke.hu \/ Inf: Tel: 06 20 4275001<\/p>\n<p>&#8212;Intr\u00f3&#8212;<br \/>\nFeh\u00e9r az ak\u00e1cfa, feh\u00e9r az ak\u00e1cfa vir\u00e1ga,<br \/>\nnem leszek \u00e9n senkinek a megunt bab\u00e1ja.<br \/>\nNem leszek \u00e9n senkinek a megunt bab\u00e1ja,<br \/>\nak\u00e1r milyen sz\u00e9p is, szerelmet \u00edg\u00e9r is, de hi\u00e1ba.<br \/>\nNem leszek \u00e9n senkinek a megunt bab\u00e1ja,<br \/>\nak\u00e1r milyen sz\u00e9p is, szerelmet \u00edg\u00e9r is, de hi\u00e1ba.<\/p>\n<p>Este sz\u00e1ll a fecske, este sz\u00e1ll a fecske a f\u00e9szk\u00e9re,<br \/>\n\u00e9n is este le\u00fcl\u00f6k a bab\u00e1m \u00f6l\u00e9be.<br \/>\n\u00c9n is este le\u00fcl\u00f6k a bab\u00e1m \u00f6l\u00e9be,<br \/>\nmegk\u00e9rdezem t\u0151le, szeret e vagy elhagy \u00f6r\u00f6kre.<br \/>\n\u00c9n is este le\u00fcl\u00f6k a bab\u00e1m \u00f6l\u00e9be,<br \/>\nmegk\u00e9rdezem t\u0151le, szeret-e vagy elhagy \u00f6r\u00f6kre.<br \/>\n&#8212;Sz\u00f3l\u00f3&#8212;<br \/>\nFeh\u00e9r az ak\u00e1cfa, feh\u00e9r az ak\u00e1cfa vir\u00e1ga,<br \/>\nnem leszek \u00e9n senkinek a megunt bab\u00e1ja.<br \/>\nNem leszek \u00e9n senkinek a megunt bab\u00e1ja,<br \/>\nak\u00e1r milyen sz\u00e9p is, szerelmet \u00edg\u00e9r is, de hi\u00e1ba.<br \/>\nNem leszek \u00e9n senkinek a megunt bab\u00e1ja,<br \/>\nak\u00e1r milyen sz\u00e9p is, szerelmet \u00edg\u00e9r is, de hi\u00e1ba.<br \/>\nJaj, de nagyon r\u00e9gen volt, de sok\u00e1 lesz,<br \/>\nhogy \u00e9n n\u00e9kem g\u00f6nd\u00f6r haj\u00fa bab\u00e1m lesz.<br \/>\nJaj, de nagyon r\u00e9gen volt, de sok\u00e1 lesz,<br \/>\nhogy \u00e9n n\u00e9kem g\u00f6nd\u00f6r haj\u00fa bab\u00e1m lesz.<\/p>\n<p>G\u00f6nd\u00f6r a haja, karcs\u00fa a dereka,<br \/>\nmegcs\u00f3koln\u00e1m, sej de \u0151 nem akarja.<br \/>\nG\u00f6nd\u00f6r a haja, karcs\u00fa a dereka,<br \/>\nmegcs\u00f3koln\u00e1m, sej de \u0151 nem akarja.<\/p>\n<p>Befonom az ostoromat nyolc \u00e1gra,<br \/>\nr\u00e1v\u00e1gok a kis pej lovam h\u00e1t\u00e1ra.<br \/>\nBefonom az ostoromat nyolc \u00e1gra,<br \/>\nr\u00e1v\u00e1gok a kis pej lovam h\u00e1t\u00e1ra.<\/p>\n<p>F\u00fajja a sz\u00e9l lefel\u00e9 lefel\u00e9, de lefel\u00e9,<br \/>\nkis angyalom nem igaz\u00e1n szerett\u00e9l.<br \/>\nF\u00fajja a sz\u00e9l lefel\u00e9 lefel\u00e9, de lefel\u00e9,<br \/>\nkis angyalom nem igaz\u00e1n szerett\u00e9l.<br \/>\n&#8212;Sz\u00f3l\u00f3&#8212;<br \/>\nG\u00f6nd\u00f6r a haja, karcs\u00fa a dereka,<br \/>\nmegcs\u00f3koln\u00e1m, sej de \u0151 nem akarja.<br \/>\nG\u00f6nd\u00f6r a haja, karcs\u00fa a dereka,<br \/>\nmegcs\u00f3koln\u00e1m, sej de \u0151 nem akarja.<br \/>\n&#8212;V\u00e9ge&#8212;<br \/>\nSunkaraoke mp3 st\u00fadi\u00f3<\/p>\n","protected":false},"featured_media":12585,"template":"","meta":{"site-sidebar-layout":"default","site-content-layout":"default","ast-site-content-layout":"default","site-content-style":"default","site-sidebar-style":"default","ast-global-header-display":"","ast-banner-title-visibility":"","ast-main-header-display":"","ast-hfb-above-header-display":"","ast-hfb-below-header-display":"","ast-hfb-mobile-header-display":"","site-post-title":"","ast-breadcrumbs-content":"","ast-featured-img":"","footer-sml-layout":"","theme-transparent-header-meta":"default","adv-header-id-meta":"","stick-header-meta":"","header-above-stick-meta":"","header-main-stick-meta":"","header-below-stick-meta":"","astra-migrate-meta-layouts":"set","ast-page-background-enabled":"default","ast-page-background-meta":{"desktop":{"background-color":"var(--ast-global-color-4)","background-image":"","background-repeat":"repeat","background-position":"center center","background-size":"auto","background-attachment":"scroll","background-type":"","background-media":"","overlay-type":"","overlay-color":"","overlay-opacity":"","overlay-gradient":""},"tablet":{"background-color":"","background-image":"","background-repeat":"repeat","background-position":"center center","background-size":"auto","background-attachment":"scroll","background-type":"","background-media":"","overlay-type":"","overlay-color":"","overlay-opacity":"","overlay-gradient":""},"mobile":{"background-color":"","background-image":"","background-repeat":"repeat","background-position":"center center","background-size":"auto","background-attachment":"scroll","background-type":"","background-media":"","overlay-type":"","overlay-color":"","overlay-opacity":"","overlay-gradient":""}},"ast-content-background-meta":{"desktop":{"background-color":"var(--ast-global-color-5)","background-image":"","background-repeat":"repeat","background-position":"center center","background-size":"auto","background-attachment":"scroll","background-type":"","background-media":"","overlay-type":"","overlay-color":"","overlay-opacity":"","overlay-gradient":""},"tablet":{"background-color":"var(--ast-global-color-5)","background-image":"","background-repeat":"repeat","background-position":"center center","background-size":"auto","background-attachment":"scroll","background-type":"","background-media":"","overlay-type":"","overlay-color":"","overlay-opacity":"","overlay-gradient":""},"mobile":{"background-color":"var(--ast-global-color-5)","background-image":"","background-repeat":"repeat","background-position":"center center","background-size":"auto","background-attachment":"scroll","background-type":"","background-media":"","overlay-type":"","overlay-color":"","overlay-opacity":"","overlay-gradient":""}}},"product_cat":[48],"product_tag":[],"class_list":["post-3244","product","type-product","status-publish","has-post-thumbnail","hentry","product_cat-sunkaraoke-dalok","desktop-align-left","tablet-align-left","mobile-align-left"],"_links":{"self":[{"href":"https:\/\/www.sunkaraoke.hu\/index.php\/wp-json\/wp\/v2\/product\/3244","targetHints":{"allow":["GET"]}}],"collection":[{"href":"https:\/\/www.sunkaraoke.hu\/index.php\/wp-json\/wp\/v2\/product"}],"about":[{"href":"https:\/\/www.sunkaraoke.hu\/index.php\/wp-json\/wp\/v2\/types\/product"}],"wp:featuredmedia":[{"embeddable":true,"href":"https:\/\/www.sunkaraoke.hu\/index.php\/wp-json\/wp\/v2\/media\/12585"}],"wp:attachment":[{"href":"https:\/\/www.sunkaraoke.hu\/index.php\/wp-json\/wp\/v2\/media?parent=3244"}],"wp:term":[{"taxonomy":"product_cat","embeddable":true,"href":"https:\/\/www.sunkaraoke.hu\/index.php\/wp-json\/wp\/v2\/product_cat?post=3244"},{"taxonomy":"product_tag","embeddable":true,"href":"https:\/\/www.sunkaraoke.hu\/index.php\/wp-json\/wp\/v2\/product_tag?post=3244"}],"curies":[{"name":"wp","href":"https:\/\/api.w.org\/{rel}","templated":true}]}}