{"id":20292,"date":"2026-03-28T10:10:45","date_gmt":"2026-03-28T08:10:45","guid":{"rendered":"https:\/\/www.sunkaraoke.hu\/?post_type=product&#038;p=20292"},"modified":"2026-03-28T10:12:26","modified_gmt":"2026-03-28T08:12:26","slug":"piros-bela-siralyok-sirnak-2026-new-pb-edition","status":"publish","type":"product","link":"https:\/\/www.sunkaraoke.hu\/index.php\/termek\/piros-bela-siralyok-sirnak-2026-new-pb-edition\/","title":{"rendered":"<div class=\"wcmp-player-container product-20292\"><audio controlslist=\"nodownload\" data-product=\"20292\"  volume=\"1\"  preload=\"none\" data-lazyloading=\"none\" class=\"wcmp-player track mejs-classic\" data-duration=\"0:36\" data-estimated_duration=\"4\"><source src=\"https:\/\/www.sunkaraoke.hu\/wp-content\/uploads\/2026\/03\/Siralyok-sirnak-2026.-New-PB._demoo.mp3\" type=\"audio\/mp3\" \/><\/audio><\/div>Piros B\u00e9la &#8211; Sir\u00e1lyok s\u00edrnak 2026.NEW (PB Edition)"},"content":{"rendered":"<p><b>03:16<\/b>| <strong><img loading=\"lazy\" decoding=\"async\" class=\"alignnone size-full wp-image-467\" src=\"https:\/\/www.sunkaraoke.hu\/wp-content\/uploads\/2022\/07\/choir_2-copy.webp\" alt=\"\" width=\"30\" height=\"30\" \/> <\/strong><\/p>\n","protected":false},"excerpt":{"rendered":"<h6><strong>Bits\u0171r\u0171s\u00e9g: 320kb\/s<\/strong><br \/>\n<strong>Hossz: 03:16<\/strong><br \/>\n<strong>Vok\u00e1lt tartalmaz: Nem<\/strong><strong style=\"font-size: 16px;\"><br \/>\n<\/strong><\/h6>\n<p>Sunkaraoke mp3 st\u00fadi\u00f3 \/ www.sunkaraoke.hu \/ Inf: Tel: 06 20 4275001<\/p>\n<p>&#8212;Intr\u00f3&#8212;<br \/>\nMinden ny\u00e1r ut\u00e1n, mikor m\u00e1r nincs lev\u00e9l a f\u00e1n,<br \/>\navar f\u00fcst, vagy h\u00f3pehely sz\u00e1ll nedves \u00e9jszak\u00e1n.<br \/>\nP\u00e1r\u00e1s h\u00e1ztet\u0151k k\u00f6z\u00f6tt egy f\u00e9nycs\u00edk villan \u00e1t,<br \/>\neml\u00e9kekt\u0151l megsz\u00e9d\u00fclve \u00e1llok csak tov\u00e1bb.<br \/>\nMinden r\u00e9gi v\u00e1gy olyan er\u0151vel t\u00e1mad r\u00e1m,<br \/>\nk\u00f6nnyek k\u00f6z\u00f6tt eszembe jut a tengerparti ny\u00e1r.<br \/>\nK\u00e9k tenger, felh\u0151k hol s\u00e9t\u00e1lsz velem,<br \/>\nkis kocsm\u00e1k zaj\u00e1ban suttogsz nekem.<br \/>\nLassan a kezed az arcomhoz \u00e9r,<br \/>\nsir\u00e1lyok s\u00edrnak, mint \u00e9n.<br \/>\nK\u00e9k tenger, felh\u0151k hol s\u00e9t\u00e1lsz velem,<br \/>\nkis kocsm\u00e1k zaj\u00e1ban suttogsz nekem.<br \/>\nLassan a kezed az arcomhoz \u00e9r,<br \/>\nsir\u00e1lyok s\u00edrnak, mint \u00e9n.<br \/>\nEgy aut\u00f3 j\u00f6n fel\u00e9m, l\u00e1mp\u00e1it es\u0151 mossa le,<br \/>\nk\u00e9t kezemmel intek \u00e9n , de senki nem felel.<br \/>\nAz \u00fat sz\u00e9l\u00e9n , a f\u00e1k \u00f6l\u00e9n, mint riadt \u00f3ri\u00e1s,<br \/>\na sz\u00e9l kavarja m\u00faltamat, egy lass\u00fa villan\u00e1s.<br \/>\nMi\u00e9rt volt \u00edgy szerelm\u00fcnk \u00fcnnepe,<br \/>\nelhib\u00e1ztuk \u00e9let\u00fcnket tal\u00e1n \u00f6r\u00f6kre.<br \/>\nK\u00e9k tenger, felh\u0151k most s\u00e9t\u00e1lsz velem,<br \/>\nkis kocsm\u00e1k zaj\u00e1ban suttogsz nekem.<br \/>\nLassan a kezed az arcomhoz \u00e9r,<br \/>\nsir\u00e1lyok s\u00edrnak, mint \u00e9n<br \/>\nK\u00e9k tenger, felh\u0151k hol s\u00e9t\u00e1lsz velem,<br \/>\nkis kocsm\u00e1k zaj\u00e1ban suttogsz nekem.<br \/>\nLassan a kezed az arcomhoz \u00e9r,<br \/>\nsir\u00e1lyok s\u00edrnak, mint \u00e9n.<br \/>\n&#8212;Sz\u00f3l\u00f3&#8212;<br \/>\nK\u00e9k tenger, felh\u0151k hol s\u00e9t\u00e1lsz velem,<br \/>\nkis kocsm\u00e1k zaj\u00e1ban suttogsz nekem.<br \/>\nLassan a kezed az arcomhoz \u00e9r,<br \/>\nsir\u00e1lyok s\u00edrnak, mint \u00e9n.<br \/>\nK\u00e9k tenger, felh\u0151k hol s\u00e9t\u00e1lsz velem,<br \/>\nkis kocsm\u00e1k zaj\u00e1ban suttogsz nekem.<br \/>\nLassan a kezed az arcomhoz \u00e9r,<br \/>\nsir\u00e1lyok s\u00edrnak, mint \u00e9n.<br \/>\nK\u00e9k tenger, felh\u0151k hol s\u00e9t\u00e1lsz velem,<br \/>\nkis kocsm\u00e1k zaj\u00e1ban suttogsz nekem.<br \/>\nLassan a kezed az arcomhoz \u00e9r,<br \/>\nsir\u00e1lyok s\u00edrnak, mint \u00e9n.<br \/>\n&#8212;V\u00e9ge&#8212;<\/p>\n","protected":false},"featured_media":12989,"template":"","meta":{"site-sidebar-layout":"default","site-content-layout":"default","ast-site-content-layout":"default","site-content-style":"default","site-sidebar-style":"default","ast-global-header-display":"","ast-banner-title-visibility":"","ast-main-header-display":"","ast-hfb-above-header-display":"","ast-hfb-below-header-display":"","ast-hfb-mobile-header-display":"","site-post-title":"","ast-breadcrumbs-content":"","ast-featured-img":"","footer-sml-layout":"","theme-transparent-header-meta":"default","adv-header-id-meta":"","stick-header-meta":"","header-above-stick-meta":"","header-main-stick-meta":"","header-below-stick-meta":"","astra-migrate-meta-layouts":"set","ast-page-background-enabled":"default","ast-page-background-meta":{"desktop":{"background-color":"var(--ast-global-color-4)","background-image":"","background-repeat":"repeat","background-position":"center center","background-size":"auto","background-attachment":"scroll","background-type":"","background-media":"","overlay-type":"","overlay-color":"","overlay-opacity":"","overlay-gradient":""},"tablet":{"background-color":"","background-image":"","background-repeat":"repeat","background-position":"center center","background-size":"auto","background-attachment":"scroll","background-type":"","background-media":"","overlay-type":"","overlay-color":"","overlay-opacity":"","overlay-gradient":""},"mobile":{"background-color":"","background-image":"","background-repeat":"repeat","background-position":"center center","background-size":"auto","background-attachment":"scroll","background-type":"","background-media":"","overlay-type":"","overlay-color":"","overlay-opacity":"","overlay-gradient":""}},"ast-content-background-meta":{"desktop":{"background-color":"var(--ast-global-color-5)","background-image":"","background-repeat":"repeat","background-position":"center center","background-size":"auto","background-attachment":"scroll","background-type":"","background-media":"","overlay-type":"","overlay-color":"","overlay-opacity":"","overlay-gradient":""},"tablet":{"background-color":"var(--ast-global-color-5)","background-image":"","background-repeat":"repeat","background-position":"center center","background-size":"auto","background-attachment":"scroll","background-type":"","background-media":"","overlay-type":"","overlay-color":"","overlay-opacity":"","overlay-gradient":""},"mobile":{"background-color":"var(--ast-global-color-5)","background-image":"","background-repeat":"repeat","background-position":"center center","background-size":"auto","background-attachment":"scroll","background-type":"","background-media":"","overlay-type":"","overlay-color":"","overlay-opacity":"","overlay-gradient":""}}},"product_cat":[48],"product_tag":[],"class_list":["post-20292","product","type-product","status-publish","has-post-thumbnail","hentry","product_cat-sunkaraoke-dalok","desktop-align-left","tablet-align-left","mobile-align-left"],"_links":{"self":[{"href":"https:\/\/www.sunkaraoke.hu\/index.php\/wp-json\/wp\/v2\/product\/20292","targetHints":{"allow":["GET"]}}],"collection":[{"href":"https:\/\/www.sunkaraoke.hu\/index.php\/wp-json\/wp\/v2\/product"}],"about":[{"href":"https:\/\/www.sunkaraoke.hu\/index.php\/wp-json\/wp\/v2\/types\/product"}],"wp:featuredmedia":[{"embeddable":true,"href":"https:\/\/www.sunkaraoke.hu\/index.php\/wp-json\/wp\/v2\/media\/12989"}],"wp:attachment":[{"href":"https:\/\/www.sunkaraoke.hu\/index.php\/wp-json\/wp\/v2\/media?parent=20292"}],"wp:term":[{"taxonomy":"product_cat","embeddable":true,"href":"https:\/\/www.sunkaraoke.hu\/index.php\/wp-json\/wp\/v2\/product_cat?post=20292"},{"taxonomy":"product_tag","embeddable":true,"href":"https:\/\/www.sunkaraoke.hu\/index.php\/wp-json\/wp\/v2\/product_tag?post=20292"}],"curies":[{"name":"wp","href":"https:\/\/api.w.org\/{rel}","templated":true}]}}