{"id":20283,"date":"2026-03-23T17:02:48","date_gmt":"2026-03-23T15:02:48","guid":{"rendered":"https:\/\/www.sunkaraoke.hu\/?post_type=product&#038;p=20283"},"modified":"2026-03-23T17:05:14","modified_gmt":"2026-03-23T15:05:14","slug":"balogh-bence-stefano-mix-2026-bence-edition","status":"publish","type":"product","link":"https:\/\/www.sunkaraoke.hu\/index.php\/termek\/balogh-bence-stefano-mix-2026-bence-edition\/","title":{"rendered":"<div class=\"wcmp-player-container product-20283\"><audio controlslist=\"nodownload\" data-product=\"20283\"  volume=\"1\"  preload=\"none\" data-lazyloading=\"none\" class=\"wcmp-player track mejs-classic\" data-duration=\"0:34\" data-estimated_duration=\"4\"><source src=\"https:\/\/www.sunkaraoke.hu\/wp-content\/uploads\/2026\/03\/STEFANO-MIX_dsemoo.mp3\" type=\"audio\/mp3\" \/><\/audio><\/div>Balogh Bence: Stef\u00e1n\u00f3 Mix New 2026. (Bence Edition)"},"content":{"rendered":"<p><strong>03:16<\/strong>\u00a0| <strong><img loading=\"lazy\" decoding=\"async\" class=\"alignnone size-full wp-image-467\" src=\"https:\/\/www.sunkaraoke.hu\/wp-content\/uploads\/2022\/07\/choir_2-copy.webp\" alt=\"\" width=\"30\" height=\"30\" \/> | <img decoding=\"async\" src=\"https:\/\/www.sunkaraoke.hu\/wp-content\/uploads\/2022\/07\/transzponalas.webp\" \/> \u00a0<\/strong><\/p>\n","protected":false},"excerpt":{"rendered":"<h5><strong>Bits\u0171r\u0171s\u00e9g: 320kb\/s<\/strong><br \/>\n<strong>Hossz: 03:16<\/strong><br \/>\n<strong>Vok\u00e1lt tartalmaz: Nem <img loading=\"lazy\" decoding=\"async\" class=\"alignnone size-full wp-image-467\" src=\"http:\/\/www.sunkaraoke.hu\/wp-content\/uploads\/2022\/07\/choir_2-copy.png\" alt=\"\" width=\"30\" height=\"30\" \/><\/strong><\/h5>\n<p>Sunkaraoke mp3 st\u00fadi\u00f3 \/ www.sunkaraoke.hu \/ Inf: Tel: 06 20 4275001<\/p>\n<p>&#8212;INTRO&#8212;<br \/>\nA sz\u00edvem azt hittem fagyott,<br \/>\nde l\u00e1ttam \u00e9n egy \u0151rz\u00f6tt vir\u00e1got.<br \/>\nA szemem olyat l\u00e1thatott,<br \/>\naz er\u0151m majdnem elhagyott.<br \/>\nAz illat\u00e1val b\u00f3d\u00edtott,<br \/>\na szemeivel cs\u00e1b\u00edtott.<br \/>\nAz eszem mindent eldobott,<br \/>\na sz\u00edvem mindent elmondott.<br \/>\nR\u00f3zsa kell a sz\u00edvecsk\u00e9mnek,<br \/>\nHarmat kell a lelkecsk\u00e9mnek,<br \/>\nNekem kell a szerelmecske,<br \/>\nPillants r\u00e1m k\u00f6k\u00e9nyszemecske!<br \/>\nTe vagy az a kis menyecske,<br \/>\nKit r\u00e9g v\u00e1rtam m\u00e1r sz\u00edvepedve,<br \/>\nIstenem, de sz\u00e9p ez a barna h\u00f6lgyecske.<br \/>\nR\u00f3zsa kell a sz\u00edvecsk\u00e9mnek,<br \/>\nHarmat kell a lelkecsk\u00e9mnek,<br \/>\nNekem kell a szerelmecske,<br \/>\nPillants r\u00e1m k\u00f6k\u00e9nyszemecske!<br \/>\nTe vagy az a kis menyecske,<br \/>\nKit r\u00e9g v\u00e1rtam m\u00e1r sz\u00edvepedve,<br \/>\nIstenem, de sz\u00e9p ez a barna h\u00f6lgyecske.<br \/>\n&#8212;Sz\u00f3l\u00f3&#8212;<br \/>\nL\u00e1ttam nagy zaj\u00e1ban a nagy vil\u00e1gi \u00e9letet<br \/>\nDe k\u00f6zben elvesztettem az eszemet<br \/>\nElvar\u00e1zsolt engem, de az \u00fat hov\u00e1 vezet<br \/>\nNagyra v\u00e1gy\u00f3 \u00e1lmaim ez\u00faton nem teljes\u00fcltek<br \/>\nT\u00e9ged k\u00e9rlek hol vagy Isten<br \/>\nElt\u00e9vedtem \u00e9s r\u00e1\u00e9bredtem<br \/>\nN\u00e9ked sz\u00edvem \u00e1ll a k\u00e9pben<br \/>\nD\u00edcs\u00e9rlek meg\u00edg\u00e9rem<br \/>\nAdj h\u00e1t \u00e1lmot a szememnek<br \/>\nAdj nyugalmat b\u00fas sz\u00edvemnek<br \/>\nGondoltam boldognak hitt \u00e9letemet el\u00f6led elrejthetem<br \/>\nElkezdtem szenvedni,<br \/>\nM\u00e1r \u00e9lni nem engedett<br \/>\nK\u00f6zbe sz\u00f3lt a lelki ismeret<br \/>\nKezdett minden f\u00e1jni<br \/>\n\u00c9reztem sz\u00edvem keseredett<br \/>\nSeg\u00edts\u00e9get k\u00e9rni csak az Istent\u0151l lehetett<br \/>\nT\u00e9ged k\u00e9rlek hol vagy Isten<br \/>\nElt\u00e9vedtem \u00e9s r\u00e1\u00e9bredtem<br \/>\nN\u00e9ked sz\u00edvem \u00e1ll a k\u00e9pben<br \/>\nD\u00edcs\u00e9rlek meg\u00edg\u00e9rem<br \/>\nAdj h\u00e1t \u00e1lmot a szememnek<br \/>\nAdj nyugalmat b\u00fas sz\u00edvemnek<br \/>\nGondoltam boldognak hitt \u00e9letemet el\u00f6led elrejthetem<\/p>\n","protected":false},"featured_media":14902,"template":"","meta":{"site-sidebar-layout":"default","site-content-layout":"default","ast-site-content-layout":"default","site-content-style":"default","site-sidebar-style":"default","ast-global-header-display":"","ast-banner-title-visibility":"","ast-main-header-display":"","ast-hfb-above-header-display":"","ast-hfb-below-header-display":"","ast-hfb-mobile-header-display":"","site-post-title":"","ast-breadcrumbs-content":"","ast-featured-img":"","footer-sml-layout":"","theme-transparent-header-meta":"default","adv-header-id-meta":"","stick-header-meta":"","header-above-stick-meta":"","header-main-stick-meta":"","header-below-stick-meta":"","astra-migrate-meta-layouts":"set","ast-page-background-enabled":"default","ast-page-background-meta":{"desktop":{"background-color":"var(--ast-global-color-4)","background-image":"","background-repeat":"repeat","background-position":"center center","background-size":"auto","background-attachment":"scroll","background-type":"","background-media":"","overlay-type":"","overlay-color":"","overlay-opacity":"","overlay-gradient":""},"tablet":{"background-color":"","background-image":"","background-repeat":"repeat","background-position":"center center","background-size":"auto","background-attachment":"scroll","background-type":"","background-media":"","overlay-type":"","overlay-color":"","overlay-opacity":"","overlay-gradient":""},"mobile":{"background-color":"","background-image":"","background-repeat":"repeat","background-position":"center center","background-size":"auto","background-attachment":"scroll","background-type":"","background-media":"","overlay-type":"","overlay-color":"","overlay-opacity":"","overlay-gradient":""}},"ast-content-background-meta":{"desktop":{"background-color":"var(--ast-global-color-5)","background-image":"","background-repeat":"repeat","background-position":"center center","background-size":"auto","background-attachment":"scroll","background-type":"","background-media":"","overlay-type":"","overlay-color":"","overlay-opacity":"","overlay-gradient":""},"tablet":{"background-color":"var(--ast-global-color-5)","background-image":"","background-repeat":"repeat","background-position":"center center","background-size":"auto","background-attachment":"scroll","background-type":"","background-media":"","overlay-type":"","overlay-color":"","overlay-opacity":"","overlay-gradient":""},"mobile":{"background-color":"var(--ast-global-color-5)","background-image":"","background-repeat":"repeat","background-position":"center center","background-size":"auto","background-attachment":"scroll","background-type":"","background-media":"","overlay-type":"","overlay-color":"","overlay-opacity":"","overlay-gradient":""}}},"product_cat":[89],"product_tag":[],"class_list":["post-20283","product","type-product","status-publish","has-post-thumbnail","hentry","product_cat-balog-bence","desktop-align-left","tablet-align-left","mobile-align-left"],"_links":{"self":[{"href":"https:\/\/www.sunkaraoke.hu\/index.php\/wp-json\/wp\/v2\/product\/20283","targetHints":{"allow":["GET"]}}],"collection":[{"href":"https:\/\/www.sunkaraoke.hu\/index.php\/wp-json\/wp\/v2\/product"}],"about":[{"href":"https:\/\/www.sunkaraoke.hu\/index.php\/wp-json\/wp\/v2\/types\/product"}],"wp:featuredmedia":[{"embeddable":true,"href":"https:\/\/www.sunkaraoke.hu\/index.php\/wp-json\/wp\/v2\/media\/14902"}],"wp:attachment":[{"href":"https:\/\/www.sunkaraoke.hu\/index.php\/wp-json\/wp\/v2\/media?parent=20283"}],"wp:term":[{"taxonomy":"product_cat","embeddable":true,"href":"https:\/\/www.sunkaraoke.hu\/index.php\/wp-json\/wp\/v2\/product_cat?post=20283"},{"taxonomy":"product_tag","embeddable":true,"href":"https:\/\/www.sunkaraoke.hu\/index.php\/wp-json\/wp\/v2\/product_tag?post=20283"}],"curies":[{"name":"wp","href":"https:\/\/api.w.org\/{rel}","templated":true}]}}