{"id":20273,"date":"2026-03-16T17:36:37","date_gmt":"2026-03-16T15:36:37","guid":{"rendered":"https:\/\/www.sunkaraoke.hu\/?post_type=product&#038;p=20273"},"modified":"2026-03-16T17:38:41","modified_gmt":"2026-03-16T15:38:41","slug":"parno-graszt-x-danielfy-ne-sirjal-ertem-anyam-2026-new-palika-edition","status":"publish","type":"product","link":"https:\/\/www.sunkaraoke.hu\/index.php\/termek\/parno-graszt-x-danielfy-ne-sirjal-ertem-anyam-2026-new-palika-edition\/","title":{"rendered":"<div class=\"wcmp-player-container product-20273\"><audio controlslist=\"nodownload\" data-product=\"20273\"  volume=\"1\"  preload=\"none\" data-lazyloading=\"none\" class=\"wcmp-player track mejs-classic\" data-duration=\"0:36\" data-estimated_duration=\"4\"><source src=\"https:\/\/www.sunkaraoke.hu\/wp-content\/uploads\/2026\/03\/Parno-Grast-Ne-sirjal-edesanyam_demoo.mp3\" type=\"audio\/mp3\" \/><\/audio><\/div>Parno Graszt x D\u00e1nielfy : Ne s\u00edrj\u00e1l \u00e9rtem any\u00e1m 2026. New (Palika Edition)"},"content":{"rendered":"<p><strong>03:46<\/strong>\u00a0| <strong><img loading=\"lazy\" decoding=\"async\" class=\"alignnone size-full wp-image-467\" src=\"https:\/\/www.sunkaraoke.hu\/wp-content\/uploads\/2022\/07\/choir_2-copy.webp\" alt=\"\" width=\"30\" height=\"30\" \/> <strong> | \u00a0<\/strong><\/strong><\/p>\n","protected":false},"excerpt":{"rendered":"<h5><strong>Bits\u0171r\u0171s\u00e9g: 320kb\/s<\/strong><br \/>\n<strong>Hossz: 03:46<\/strong><\/h5>\n<h5><strong>Vok\u00e1lt tartalmaz: Nem <img loading=\"lazy\" decoding=\"async\" class=\"alignnone size-full wp-image-467\" src=\"http:\/\/www.sunkaraoke.hu\/wp-content\/uploads\/2022\/07\/choir_2-copy.png\" alt=\"\" width=\"30\" height=\"30\" \/><\/strong><strong style=\"font-size: 16px;\"><br \/>\n<\/strong><\/h5>\n<p>Sunkaraoke mp3 st\u00fadi\u00f3 \/ www.sunkaraoke.hu \/ Inf: Tel: 06 20 4275001<\/p>\n<p>&#8212;Intr\u00f3&#8212;<br \/>\nA h\u00e1zunk el\u0151tt di\u00f3fa \u00e1ll,alatta n\u0151ttem fel \u00e9n,<br \/>\nany\u00e1m hangja sz\u00f3l hozz\u00e1m,szava l\u00e1gy mint az esti f\u00e9ny.<br \/>\nM\u00e1r nem sz\u00e9d\u00fcl\u00f6k el,a Hold majd \u00e1t\u00f6lel,<br \/>\na B\u00fckkben a f\u00e1k tudod,az \u00e9gig \u00e9rnek el.<br \/>\nNe s\u00edrj\u00e1l \u00e9rtem any\u00e1m,<br \/>\nm\u00e9g nem h\u0171lt ki a vacsor\u00e1m,<br \/>\nhallom a hangodat,az \u00e9g m\u00e1sik oldal\u00e1n.<br \/>\nTal\u00e1n szemed alkony\u00e1n,<br \/>\nl\u00e1tsz engem a Golgot\u00e1n,<br \/>\nde hallom a hangodat,<br \/>\nk\u00e9rlek ne n\u00e9zz \u00edgy r\u00e1m.<br \/>\nHallgass meg engem,sz\u00e9pen k\u00e9rlek<br \/>\nany\u00e1m,elteltek az \u00e9vek.<br \/>\nB\u00fa vacsor\u00e1m m\u00e1r,nem olyan sz\u00e9p, mint r\u00e9gen,<br \/>\na lelkem n\u00e9lk\u00fcled \u00e9hen.<br \/>\nKaromra venn\u00e9lek, mint egy elhagyott,meleg kab\u00e1tot az \u00fatsz\u00e9len,<br \/>\nelhagyott a boldogs\u00e1gom,m\u00e9gis valahogy t\u00fal\u00e9ltem.<br \/>\nElnehez\u00fclt\u00fcnk nincs t\u00f6bb sz\u00f3,j\u00f6het ism\u00e9t megint egy \u00e1tj\u00e1r\u00f3h\u00e1z,<br \/>\nelmenek\u00fcln\u00e9k cell\u00e1mb\u00f3l,se tudod a f\u00e1jdalom ide.<br \/>\nF\u00e9nyes a csillag fenn az \u00e9gen,<br \/>\nny\u00e1r vagyok neked a hideg t\u00e9lben.<br \/>\nLehet, hogy idegen a l\u00e1bnyomom,<br \/>\nde t\u0151led soha nem t\u00e1vozom.<br \/>\nA h\u00e1zunk el\u0151tt di\u00f3fa \u00e1ll,alatta n\u0151ttem fel \u00e9n.<br \/>\nAny\u00e1m hangja sz\u00f3l hozz\u00e1,szava l\u00e1gy mint az esti f\u00e9ny.<br \/>\nNe s\u00edrj\u00e1l \u00e9rtem any\u00e1m,<br \/>\nm\u00e9g nem h\u0171lt ki a vacsor\u00e1m,<br \/>\nhallom a hangodat,az \u00e9g m\u00e1sik oldal\u00e1n.<br \/>\nTal\u00e1n szemed alkony\u00e1n,<br \/>\nl\u00e1tsz engem a Golgot\u00e1n,<br \/>\nde hallom a hangodat,<br \/>\nk\u00e9rlek ne n\u00e9zz \u00edgy r\u00e1m.<br \/>\nNe s\u00edrj\u00e1l \u00e9rtem any\u00e1m,<br \/>\nm\u00e9g nem h\u0171lt ki a vacsor\u00e1m,<br \/>\nhallom a hangodat,az \u00e9g m\u00e1sik oldal\u00e1n.<br \/>\nTal\u00e1n szemed alkony\u00e1n,<br \/>\nl\u00e1tsz engem a Golgot\u00e1n,<br \/>\nde hallom a hangodat,<br \/>\nk\u00e9rlek ne n\u00e9zz \u00edgy r\u00e1m.<br \/>\n&#8212;V\u00e9ge&#8212;<\/p>\n","protected":false},"featured_media":12858,"template":"","meta":{"site-sidebar-layout":"default","site-content-layout":"default","ast-site-content-layout":"default","site-content-style":"default","site-sidebar-style":"default","ast-global-header-display":"","ast-banner-title-visibility":"","ast-main-header-display":"","ast-hfb-above-header-display":"","ast-hfb-below-header-display":"","ast-hfb-mobile-header-display":"","site-post-title":"","ast-breadcrumbs-content":"","ast-featured-img":"","footer-sml-layout":"","theme-transparent-header-meta":"default","adv-header-id-meta":"","stick-header-meta":"","header-above-stick-meta":"","header-main-stick-meta":"","header-below-stick-meta":"","astra-migrate-meta-layouts":"set","ast-page-background-enabled":"default","ast-page-background-meta":{"desktop":{"background-color":"var(--ast-global-color-4)","background-image":"","background-repeat":"repeat","background-position":"center center","background-size":"auto","background-attachment":"scroll","background-type":"","background-media":"","overlay-type":"","overlay-color":"","overlay-opacity":"","overlay-gradient":""},"tablet":{"background-color":"","background-image":"","background-repeat":"repeat","background-position":"center center","background-size":"auto","background-attachment":"scroll","background-type":"","background-media":"","overlay-type":"","overlay-color":"","overlay-opacity":"","overlay-gradient":""},"mobile":{"background-color":"","background-image":"","background-repeat":"repeat","background-position":"center center","background-size":"auto","background-attachment":"scroll","background-type":"","background-media":"","overlay-type":"","overlay-color":"","overlay-opacity":"","overlay-gradient":""}},"ast-content-background-meta":{"desktop":{"background-color":"var(--ast-global-color-5)","background-image":"","background-repeat":"repeat","background-position":"center center","background-size":"auto","background-attachment":"scroll","background-type":"","background-media":"","overlay-type":"","overlay-color":"","overlay-opacity":"","overlay-gradient":""},"tablet":{"background-color":"var(--ast-global-color-5)","background-image":"","background-repeat":"repeat","background-position":"center center","background-size":"auto","background-attachment":"scroll","background-type":"","background-media":"","overlay-type":"","overlay-color":"","overlay-opacity":"","overlay-gradient":""},"mobile":{"background-color":"var(--ast-global-color-5)","background-image":"","background-repeat":"repeat","background-position":"center center","background-size":"auto","background-attachment":"scroll","background-type":"","background-media":"","overlay-type":"","overlay-color":"","overlay-opacity":"","overlay-gradient":""}}},"product_cat":[48],"product_tag":[],"class_list":["post-20273","product","type-product","status-publish","has-post-thumbnail","hentry","product_cat-sunkaraoke-dalok","desktop-align-left","tablet-align-left","mobile-align-left"],"_links":{"self":[{"href":"https:\/\/www.sunkaraoke.hu\/index.php\/wp-json\/wp\/v2\/product\/20273","targetHints":{"allow":["GET"]}}],"collection":[{"href":"https:\/\/www.sunkaraoke.hu\/index.php\/wp-json\/wp\/v2\/product"}],"about":[{"href":"https:\/\/www.sunkaraoke.hu\/index.php\/wp-json\/wp\/v2\/types\/product"}],"wp:featuredmedia":[{"embeddable":true,"href":"https:\/\/www.sunkaraoke.hu\/index.php\/wp-json\/wp\/v2\/media\/12858"}],"wp:attachment":[{"href":"https:\/\/www.sunkaraoke.hu\/index.php\/wp-json\/wp\/v2\/media?parent=20273"}],"wp:term":[{"taxonomy":"product_cat","embeddable":true,"href":"https:\/\/www.sunkaraoke.hu\/index.php\/wp-json\/wp\/v2\/product_cat?post=20273"},{"taxonomy":"product_tag","embeddable":true,"href":"https:\/\/www.sunkaraoke.hu\/index.php\/wp-json\/wp\/v2\/product_tag?post=20273"}],"curies":[{"name":"wp","href":"https:\/\/api.w.org\/{rel}","templated":true}]}}