{"id":20255,"date":"2026-03-09T10:04:48","date_gmt":"2026-03-09T08:04:48","guid":{"rendered":"https:\/\/www.sunkaraoke.hu\/?post_type=product&#038;p=20255"},"modified":"2026-03-09T10:06:24","modified_gmt":"2026-03-09T08:06:24","slug":"piros-bela-hagyd-hogy-szep-legyen-2026-new","status":"publish","type":"product","link":"https:\/\/www.sunkaraoke.hu\/index.php\/termek\/piros-bela-hagyd-hogy-szep-legyen-2026-new\/","title":{"rendered":"<div class=\"wcmp-player-container product-20255\"><audio controlslist=\"nodownload\" data-product=\"20255\"  volume=\"1\"  preload=\"none\" data-lazyloading=\"none\" class=\"wcmp-player track mejs-classic\" data-duration=\"0:39\" data-estimated_duration=\"4\"><source src=\"https:\/\/www.sunkaraoke.hu\/wp-content\/uploads\/2026\/03\/Hagyd-hogy-szep-legyen-NEW_demoo.mp3\" type=\"audio\/mp3\" \/><\/audio><\/div>Piros B\u00e9la -Hagyd hogy sz\u00e9p legyen 2026.NEW"},"content":{"rendered":"<p><b>03:50<\/b>| <strong><img loading=\"lazy\" decoding=\"async\" class=\"alignnone size-full wp-image-467\" src=\"https:\/\/www.sunkaraoke.hu\/wp-content\/uploads\/2022\/07\/choir_2-copy.webp\" alt=\"\" width=\"30\" height=\"30\" \/> <\/strong><\/p>\n","protected":false},"excerpt":{"rendered":"<h6><strong>Bits\u0171r\u0171s\u00e9g: 320kb\/s<\/strong><br \/>\n<strong>Hossz: 03:50<\/strong><br \/>\n<strong>Vok\u00e1lt tartalmaz: Nem<\/strong><strong style=\"font-size: 16px;\"><br \/>\n<\/strong><\/h6>\n<p>Sunkaraoke mp3 st\u00fadi\u00f3 \/ www.sunkaraoke.hu \/ Inf: Tel: 06 20 4275001<\/p>\n<p>&#8212;Intr\u00f3&#8212;<br \/>\nKicsit gyorsan j\u00f6tt \u00e9s oly v\u00e1ratlanul,<br \/>\nid\u0151 kell m\u00edg megszokom.<br \/>\nHogy hozz\u00e1m tartozol,<br \/>\nlelkem \u00e1lma volt, mit megfejtett a sors.<br \/>\nHogy \u00e9pp most tal\u00e1ltam r\u00e1d,<br \/>\nilyen sosem v\u00e1rt csod\u00e1t.<br \/>\nJ\u00f3, hogy \u00e9rezhetem, l\u00e9tezel.<br \/>\nJ\u00f3l tudom m\u00e1r nem engedlek el<br \/>\nCsak r\u00f3lad \u00e1lmodom, hogy \u00e1t\u00f6lel karom,<br \/>\n\u00e9n elmes\u00e9lem majd,mit el kell mondanom.<br \/>\nEzer csillag most az \u00e9g,csak t\u00e9ged v\u00e1rlak r\u00e9g.<br \/>\nS ha elhiszed nekem, h\u00e1t hagyd, hogy sz\u00e9p legyen,<br \/>\nvelem ez az \u00e9j.<br \/>\nMondd mennyit \u00e9r a m\u00fal\u00f3 gondolat,<br \/>\nha csak pillanatra v\u00e1r,csak \u00e9rint s messze sz\u00e1ll.<br \/>\nDe j\u00f3l tudom most megtal\u00e1ltalak,<br \/>\n\u00e9s ha megfogod kezem, m\u00e1r el nem engedem,<br \/>\nJ\u00f3, hogy \u00e9rezhetem, l\u00e9tezel.<br \/>\nJ\u00f3l tudom m\u00e1r nem engedlek el<\/p>\n<p>Csak r\u00f3lad \u00e1lmodom, hogy \u00e1t\u00f6lel karom,<br \/>\n\u00e9n elmes\u00e9lem majd,mit el kell mondanom.<br \/>\nEzer csillag most az \u00e9g,csak t\u00e9ged v\u00e1rlak r\u00e9g.<br \/>\nS ha elhiszed nekem, h\u00e1t hagyd, hogy sz\u00e9p legyen,<br \/>\nvelem ez az \u00e9j.<br \/>\n&#8212;Sz\u00f3l\u00f3&#8212;<br \/>\nCsak r\u00f3lad \u00e1lmodom, hogy \u00e1t\u00f6lel karom,<br \/>\n\u00e9n elmes\u00e9lem majd,mit el kell mondanom.<br \/>\nEzer csillag most az \u00e9g,csak t\u00e9ged v\u00e1rlak r\u00e9g.<br \/>\nS ha elhiszed nekem, h\u00e1t hagyd, hogy sz\u00e9p legyen,<br \/>\nvelem ez az \u00e9j.<br \/>\n&#8212;V\u00e9ge&#8212;<\/p>\n","protected":false},"featured_media":12989,"template":"","meta":{"site-sidebar-layout":"default","site-content-layout":"default","ast-site-content-layout":"default","site-content-style":"default","site-sidebar-style":"default","ast-global-header-display":"","ast-banner-title-visibility":"","ast-main-header-display":"","ast-hfb-above-header-display":"","ast-hfb-below-header-display":"","ast-hfb-mobile-header-display":"","site-post-title":"","ast-breadcrumbs-content":"","ast-featured-img":"","footer-sml-layout":"","theme-transparent-header-meta":"default","adv-header-id-meta":"","stick-header-meta":"","header-above-stick-meta":"","header-main-stick-meta":"","header-below-stick-meta":"","astra-migrate-meta-layouts":"set","ast-page-background-enabled":"default","ast-page-background-meta":{"desktop":{"background-color":"var(--ast-global-color-4)","background-image":"","background-repeat":"repeat","background-position":"center center","background-size":"auto","background-attachment":"scroll","background-type":"","background-media":"","overlay-type":"","overlay-color":"","overlay-opacity":"","overlay-gradient":""},"tablet":{"background-color":"","background-image":"","background-repeat":"repeat","background-position":"center center","background-size":"auto","background-attachment":"scroll","background-type":"","background-media":"","overlay-type":"","overlay-color":"","overlay-opacity":"","overlay-gradient":""},"mobile":{"background-color":"","background-image":"","background-repeat":"repeat","background-position":"center center","background-size":"auto","background-attachment":"scroll","background-type":"","background-media":"","overlay-type":"","overlay-color":"","overlay-opacity":"","overlay-gradient":""}},"ast-content-background-meta":{"desktop":{"background-color":"var(--ast-global-color-5)","background-image":"","background-repeat":"repeat","background-position":"center center","background-size":"auto","background-attachment":"scroll","background-type":"","background-media":"","overlay-type":"","overlay-color":"","overlay-opacity":"","overlay-gradient":""},"tablet":{"background-color":"var(--ast-global-color-5)","background-image":"","background-repeat":"repeat","background-position":"center center","background-size":"auto","background-attachment":"scroll","background-type":"","background-media":"","overlay-type":"","overlay-color":"","overlay-opacity":"","overlay-gradient":""},"mobile":{"background-color":"var(--ast-global-color-5)","background-image":"","background-repeat":"repeat","background-position":"center center","background-size":"auto","background-attachment":"scroll","background-type":"","background-media":"","overlay-type":"","overlay-color":"","overlay-opacity":"","overlay-gradient":""}}},"product_cat":[48],"product_tag":[],"class_list":["post-20255","product","type-product","status-publish","has-post-thumbnail","hentry","product_cat-sunkaraoke-dalok","desktop-align-left","tablet-align-left","mobile-align-left"],"_links":{"self":[{"href":"https:\/\/www.sunkaraoke.hu\/index.php\/wp-json\/wp\/v2\/product\/20255","targetHints":{"allow":["GET"]}}],"collection":[{"href":"https:\/\/www.sunkaraoke.hu\/index.php\/wp-json\/wp\/v2\/product"}],"about":[{"href":"https:\/\/www.sunkaraoke.hu\/index.php\/wp-json\/wp\/v2\/types\/product"}],"wp:featuredmedia":[{"embeddable":true,"href":"https:\/\/www.sunkaraoke.hu\/index.php\/wp-json\/wp\/v2\/media\/12989"}],"wp:attachment":[{"href":"https:\/\/www.sunkaraoke.hu\/index.php\/wp-json\/wp\/v2\/media?parent=20255"}],"wp:term":[{"taxonomy":"product_cat","embeddable":true,"href":"https:\/\/www.sunkaraoke.hu\/index.php\/wp-json\/wp\/v2\/product_cat?post=20255"},{"taxonomy":"product_tag","embeddable":true,"href":"https:\/\/www.sunkaraoke.hu\/index.php\/wp-json\/wp\/v2\/product_tag?post=20255"}],"curies":[{"name":"wp","href":"https:\/\/api.w.org\/{rel}","templated":true}]}}