{"id":20243,"date":"2026-03-06T07:36:03","date_gmt":"2026-03-06T05:36:03","guid":{"rendered":"https:\/\/www.sunkaraoke.hu\/?post_type=product&#038;p=20243"},"modified":"2026-03-06T07:37:42","modified_gmt":"2026-03-06T05:37:42","slug":"balogh-bence-felveszem-a-kalapom-2026-bence-edition","status":"publish","type":"product","link":"https:\/\/www.sunkaraoke.hu\/index.php\/termek\/balogh-bence-felveszem-a-kalapom-2026-bence-edition\/","title":{"rendered":"<div class=\"wcmp-player-container product-20243\"><audio controlslist=\"nodownload\" data-product=\"20243\"  volume=\"1\"  preload=\"none\" data-lazyloading=\"none\" class=\"wcmp-player track mejs-classic\" data-duration=\"0:33\" data-estimated_duration=\"4\"><source src=\"https:\/\/www.sunkaraoke.hu\/wp-content\/uploads\/2026\/03\/Felveszem-a-kalapom-2026.-Bence_demo.mp3\" type=\"audio\/mp3\" \/><\/audio><\/div>Balogh Bence: Felveszem a kalapom 2026.( Bence Edition)"},"content":{"rendered":"<p><strong>03:10<\/strong>| <strong><img loading=\"lazy\" decoding=\"async\" class=\"alignnone size-full wp-image-467\" src=\"https:\/\/www.sunkaraoke.hu\/wp-content\/uploads\/2022\/07\/choir_2-copy.webp\" alt=\"\" width=\"30\" height=\"30\" \/> | <img decoding=\"async\" src=\"https:\/\/www.sunkaraoke.hu\/wp-content\/uploads\/2022\/07\/transzponalas.webp\" \/> \u00a0<\/strong><\/p>\n","protected":false},"excerpt":{"rendered":"<h5><strong>Bits\u0171r\u0171s\u00e9g: 320kb\/s<\/strong><br \/>\n<strong>Hossz: 03:10<\/strong><br \/>\n<strong>Vok\u00e1lt tartalmaz: Nem <img loading=\"lazy\" decoding=\"async\" class=\"alignnone size-full wp-image-467\" src=\"http:\/\/www.sunkaraoke.hu\/wp-content\/uploads\/2022\/07\/choir_2-copy.png\" alt=\"\" width=\"30\" height=\"30\" \/><\/strong><\/h5>\n<p>Sunkaraoke mp3 st\u00fadi\u00f3 \/ www.sunkaraoke.hu \/ Inf: Tel: 06 20 4275001<\/p>\n<p>&#8212;INTRO&#8212;<br \/>\nV\u00e1rom \u00e9n a leveleket ajn\u00e1n\u00e1n\u00e1n\u00e1<br \/>\nDe nem \u00edr akit \u00e9n szeretek \u00e1j nananan\u00e1<br \/>\nFelveszem a kalapom a sz\u00edvemet itt hagyom<br \/>\nB\u00faja baja m\u00e1r nem \u00e9rdekel<br \/>\nJobb lesz nekem egyed\u00fcl hol a cig\u00e1ny heged\u00fcl<br \/>\n\u00c9s ahol a bor Sosem fogy el<br \/>\nNananana<br \/>\n&#8212;SOLO&#8212;<br \/>\nA csillagos \u00e9g a haz\u00e1m ajnanana<br \/>\nItt \u00e9l valahol a bab\u00e1m ajn\u00e1n\u00e1n\u00e1n\u00e1<br \/>\nEz a k\u00e9t sz\u00edv messze j\u00e1r vissza t\u00f6bb\u00e9 nem tal\u00e1l<br \/>\nEgyre t\u00e1volabb m\u00e1r az a t\u0171z,<br \/>\nSz\u00edvem lelkem kiteszem oly annyira szeretem<br \/>\nDe a b\u00e1nat messzire el \u0171z<br \/>\nNananana&#8230;<br \/>\n&#8212;SOLO&#8212;<br \/>\nV\u00e1rom \u00e9n a leveleket ajn\u00e1n\u00e1n\u00e1n\u00e1<br \/>\nDe nem \u00edr akit \u00e9n szeretek \u00e1j nananan\u00e1<br \/>\nFelveszem a kalapom a sz\u00edvemet itt hagyom<br \/>\nB\u00faja baja m\u00e1r nem \u00e9rdekel<br \/>\nJobb lesz nekem egyed\u00fcl hol a cig\u00e1ny heged\u00fcl<br \/>\n\u00c9s ahol a bor Sosem fogy el<br \/>\nEz a k\u00e9t sz\u00edv messze j\u00e1r vissza t\u00f6bb\u00e9 nem tal\u00e1l<br \/>\nEgyre t\u00e1volabb m\u00e1r az a t\u0171z,<br \/>\nSz\u00edvem lelkem kiteszem oly annyira szeretem<br \/>\nDe a b\u00e1nat messzire el \u0171z<\/p>\n","protected":false},"featured_media":14902,"template":"","meta":{"site-sidebar-layout":"default","site-content-layout":"default","ast-site-content-layout":"default","site-content-style":"default","site-sidebar-style":"default","ast-global-header-display":"","ast-banner-title-visibility":"","ast-main-header-display":"","ast-hfb-above-header-display":"","ast-hfb-below-header-display":"","ast-hfb-mobile-header-display":"","site-post-title":"","ast-breadcrumbs-content":"","ast-featured-img":"","footer-sml-layout":"","theme-transparent-header-meta":"default","adv-header-id-meta":"","stick-header-meta":"","header-above-stick-meta":"","header-main-stick-meta":"","header-below-stick-meta":"","astra-migrate-meta-layouts":"set","ast-page-background-enabled":"default","ast-page-background-meta":{"desktop":{"background-color":"var(--ast-global-color-4)","background-image":"","background-repeat":"repeat","background-position":"center center","background-size":"auto","background-attachment":"scroll","background-type":"","background-media":"","overlay-type":"","overlay-color":"","overlay-opacity":"","overlay-gradient":""},"tablet":{"background-color":"","background-image":"","background-repeat":"repeat","background-position":"center center","background-size":"auto","background-attachment":"scroll","background-type":"","background-media":"","overlay-type":"","overlay-color":"","overlay-opacity":"","overlay-gradient":""},"mobile":{"background-color":"","background-image":"","background-repeat":"repeat","background-position":"center center","background-size":"auto","background-attachment":"scroll","background-type":"","background-media":"","overlay-type":"","overlay-color":"","overlay-opacity":"","overlay-gradient":""}},"ast-content-background-meta":{"desktop":{"background-color":"var(--ast-global-color-5)","background-image":"","background-repeat":"repeat","background-position":"center center","background-size":"auto","background-attachment":"scroll","background-type":"","background-media":"","overlay-type":"","overlay-color":"","overlay-opacity":"","overlay-gradient":""},"tablet":{"background-color":"var(--ast-global-color-5)","background-image":"","background-repeat":"repeat","background-position":"center center","background-size":"auto","background-attachment":"scroll","background-type":"","background-media":"","overlay-type":"","overlay-color":"","overlay-opacity":"","overlay-gradient":""},"mobile":{"background-color":"var(--ast-global-color-5)","background-image":"","background-repeat":"repeat","background-position":"center center","background-size":"auto","background-attachment":"scroll","background-type":"","background-media":"","overlay-type":"","overlay-color":"","overlay-opacity":"","overlay-gradient":""}}},"product_cat":[89],"product_tag":[],"class_list":["post-20243","product","type-product","status-publish","has-post-thumbnail","hentry","product_cat-balog-bence","desktop-align-left","tablet-align-left","mobile-align-left"],"_links":{"self":[{"href":"https:\/\/www.sunkaraoke.hu\/index.php\/wp-json\/wp\/v2\/product\/20243","targetHints":{"allow":["GET"]}}],"collection":[{"href":"https:\/\/www.sunkaraoke.hu\/index.php\/wp-json\/wp\/v2\/product"}],"about":[{"href":"https:\/\/www.sunkaraoke.hu\/index.php\/wp-json\/wp\/v2\/types\/product"}],"wp:featuredmedia":[{"embeddable":true,"href":"https:\/\/www.sunkaraoke.hu\/index.php\/wp-json\/wp\/v2\/media\/14902"}],"wp:attachment":[{"href":"https:\/\/www.sunkaraoke.hu\/index.php\/wp-json\/wp\/v2\/media?parent=20243"}],"wp:term":[{"taxonomy":"product_cat","embeddable":true,"href":"https:\/\/www.sunkaraoke.hu\/index.php\/wp-json\/wp\/v2\/product_cat?post=20243"},{"taxonomy":"product_tag","embeddable":true,"href":"https:\/\/www.sunkaraoke.hu\/index.php\/wp-json\/wp\/v2\/product_tag?post=20243"}],"curies":[{"name":"wp","href":"https:\/\/api.w.org\/{rel}","templated":true}]}}