{"id":20240,"date":"2026-03-06T07:33:48","date_gmt":"2026-03-06T05:33:48","guid":{"rendered":"https:\/\/www.sunkaraoke.hu\/?post_type=product&#038;p=20240"},"modified":"2026-03-06T07:35:26","modified_gmt":"2026-03-06T05:35:26","slug":"balogh-bence-siralyok-sirnak-2026-bence-edition","status":"publish","type":"product","link":"https:\/\/www.sunkaraoke.hu\/index.php\/termek\/balogh-bence-siralyok-sirnak-2026-bence-edition\/","title":{"rendered":"<div class=\"wcmp-player-container product-20240\"><audio controlslist=\"nodownload\" data-product=\"20240\"  volume=\"1\"  preload=\"none\" data-lazyloading=\"none\" class=\"wcmp-player track mejs-classic\" data-duration=\"0:38\" data-estimated_duration=\"4\"><source src=\"https:\/\/www.sunkaraoke.hu\/wp-content\/uploads\/2026\/03\/Siralyok-sirnak-2026.-Bence_demoo.mp3\" type=\"audio\/mp3\" \/><\/audio><\/div>Balogh Bence: Sir\u00e1lyok s\u00edrnak 2026.( Bence Edition)"},"content":{"rendered":"<p><strong>03:30<\/strong>| <strong><img loading=\"lazy\" decoding=\"async\" class=\"alignnone size-full wp-image-467\" src=\"https:\/\/www.sunkaraoke.hu\/wp-content\/uploads\/2022\/07\/choir_2-copy.webp\" alt=\"\" width=\"30\" height=\"30\" \/> | <img decoding=\"async\" src=\"https:\/\/www.sunkaraoke.hu\/wp-content\/uploads\/2022\/07\/transzponalas.webp\" \/> \u00a0<\/strong><\/p>\n","protected":false},"excerpt":{"rendered":"<h5><strong>Bits\u0171r\u0171s\u00e9g: 320kb\/s<\/strong><br \/>\n<strong>Hossz: 03:30<\/strong><br \/>\n<strong>Vok\u00e1lt tartalmaz: Nem <img loading=\"lazy\" decoding=\"async\" class=\"alignnone size-full wp-image-467\" src=\"http:\/\/www.sunkaraoke.hu\/wp-content\/uploads\/2022\/07\/choir_2-copy.png\" alt=\"\" width=\"30\" height=\"30\" \/><\/strong><\/h5>\n<p>Sunkaraoke mp3 st\u00fadi\u00f3 \/ www.sunkaraoke.hu \/ Inf: Tel: 06 20 4275001<\/p>\n<p>&#8212;INTRO&#8212;<br \/>\nMinden ny\u00e1r ut\u00e1n, mikor m\u00e1r nincs lev\u00e9l a f\u00e1n,<br \/>\nAvar, f\u00fcst vagy h\u00f3pehely sz\u00e1ll nedves \u00e9jszak\u00e1n.<br \/>\nP\u00e1r\u00e1s h\u00e1ztet\u0151k k\u00f6z\u00f6tt egy f\u00e9nycs\u00edk villan \u00e1t,<br \/>\nEml\u00e9kekt\u0151l megsz\u00e9d\u00fclve \u00e1llok csak tov\u00e1bb.<br \/>\nMinden r\u00e9gi v\u00e1gy er\u0151vel t\u00e1mad r\u00e1nk,<br \/>\nK\u00f6nnyek k\u00f6z\u00f6tt eszembe jut a tengerparti ny\u00e1r.<br \/>\nK\u00e9k tenger, felh\u0151k k\u00f6zt s\u00e9t\u00e1lsz velem,<br \/>\nKis kocsm\u00e1k zaj\u00e1ban suttogsz nekem.<br \/>\nLassan a kezed az arcomhoz \u00e9r,<br \/>\nSir\u00e1lyok s\u00edrnak, mint \u00e9n.<br \/>\nEgy aut\u00f3 j\u00f6n fel\u00e9m, l\u00e1mp\u00e1it es\u0151 mossa le,<br \/>\nK\u00e9t kezemmel intek \u00e9n, de senki nem felel.<br \/>\nAz \u00fat sz\u00e9l\u00e9n, a f\u00e1k \u00f6l\u00e9n, mint riadt \u00f3ri\u00e1s,<br \/>\nA sz\u00e9l kavarja m\u00faltamat, egy lass\u00fa villan\u00e1s.<br \/>\nMi\u00e9rt m\u00falt \u00edgy szerelm\u00fcnk \u00fcnnepe,<br \/>\nElhib\u00e1ztuk \u00e9let\u00fcnket, tal\u00e1n \u00f6r\u00f6kre!<br \/>\nK\u00e9k tenger, felh\u0151k k\u00f6zt s\u00e9t\u00e1lsz velem,<br \/>\nKis kocsm\u00e1k zaj\u00e1ban suttogsz nekem.<br \/>\nLassan a kezed az arcomhoz \u00e9r,<br \/>\nSir\u00e1lyok s\u00edrnak, mint \u00e9n.<br \/>\n&#8212;SOLO&#8212;<br \/>\nK\u00e9k tenger, felh\u0151k k\u00f6zt s\u00e9t\u00e1lsz velem,<br \/>\nKis kocsm\u00e1k zaj\u00e1ban suttogsz nekem.<br \/>\nLassan a kezed az arcomhoz \u00e9r,<br \/>\nSir\u00e1lyok s\u00edrnak, mint \u00e9n.<br \/>\nK\u00e9k tenger, felh\u0151k k\u00f6zt s\u00e9t\u00e1lsz velem,<br \/>\nKis kocsm\u00e1k zaj\u00e1ban suttogsz nekem.<br \/>\nLassan a kezed az arcomhoz \u00e9r,<br \/>\nSir\u00e1lyok s\u00edrnak, mint \u00e9n.<\/p>\n","protected":false},"featured_media":14902,"template":"","meta":{"site-sidebar-layout":"default","site-content-layout":"default","ast-site-content-layout":"default","site-content-style":"default","site-sidebar-style":"default","ast-global-header-display":"","ast-banner-title-visibility":"","ast-main-header-display":"","ast-hfb-above-header-display":"","ast-hfb-below-header-display":"","ast-hfb-mobile-header-display":"","site-post-title":"","ast-breadcrumbs-content":"","ast-featured-img":"","footer-sml-layout":"","theme-transparent-header-meta":"default","adv-header-id-meta":"","stick-header-meta":"","header-above-stick-meta":"","header-main-stick-meta":"","header-below-stick-meta":"","astra-migrate-meta-layouts":"set","ast-page-background-enabled":"default","ast-page-background-meta":{"desktop":{"background-color":"var(--ast-global-color-4)","background-image":"","background-repeat":"repeat","background-position":"center center","background-size":"auto","background-attachment":"scroll","background-type":"","background-media":"","overlay-type":"","overlay-color":"","overlay-opacity":"","overlay-gradient":""},"tablet":{"background-color":"","background-image":"","background-repeat":"repeat","background-position":"center center","background-size":"auto","background-attachment":"scroll","background-type":"","background-media":"","overlay-type":"","overlay-color":"","overlay-opacity":"","overlay-gradient":""},"mobile":{"background-color":"","background-image":"","background-repeat":"repeat","background-position":"center center","background-size":"auto","background-attachment":"scroll","background-type":"","background-media":"","overlay-type":"","overlay-color":"","overlay-opacity":"","overlay-gradient":""}},"ast-content-background-meta":{"desktop":{"background-color":"var(--ast-global-color-5)","background-image":"","background-repeat":"repeat","background-position":"center center","background-size":"auto","background-attachment":"scroll","background-type":"","background-media":"","overlay-type":"","overlay-color":"","overlay-opacity":"","overlay-gradient":""},"tablet":{"background-color":"var(--ast-global-color-5)","background-image":"","background-repeat":"repeat","background-position":"center center","background-size":"auto","background-attachment":"scroll","background-type":"","background-media":"","overlay-type":"","overlay-color":"","overlay-opacity":"","overlay-gradient":""},"mobile":{"background-color":"var(--ast-global-color-5)","background-image":"","background-repeat":"repeat","background-position":"center center","background-size":"auto","background-attachment":"scroll","background-type":"","background-media":"","overlay-type":"","overlay-color":"","overlay-opacity":"","overlay-gradient":""}}},"product_cat":[89],"product_tag":[],"class_list":["post-20240","product","type-product","status-publish","has-post-thumbnail","hentry","product_cat-balog-bence","desktop-align-left","tablet-align-left","mobile-align-left"],"_links":{"self":[{"href":"https:\/\/www.sunkaraoke.hu\/index.php\/wp-json\/wp\/v2\/product\/20240","targetHints":{"allow":["GET"]}}],"collection":[{"href":"https:\/\/www.sunkaraoke.hu\/index.php\/wp-json\/wp\/v2\/product"}],"about":[{"href":"https:\/\/www.sunkaraoke.hu\/index.php\/wp-json\/wp\/v2\/types\/product"}],"wp:featuredmedia":[{"embeddable":true,"href":"https:\/\/www.sunkaraoke.hu\/index.php\/wp-json\/wp\/v2\/media\/14902"}],"wp:attachment":[{"href":"https:\/\/www.sunkaraoke.hu\/index.php\/wp-json\/wp\/v2\/media?parent=20240"}],"wp:term":[{"taxonomy":"product_cat","embeddable":true,"href":"https:\/\/www.sunkaraoke.hu\/index.php\/wp-json\/wp\/v2\/product_cat?post=20240"},{"taxonomy":"product_tag","embeddable":true,"href":"https:\/\/www.sunkaraoke.hu\/index.php\/wp-json\/wp\/v2\/product_tag?post=20240"}],"curies":[{"name":"wp","href":"https:\/\/api.w.org\/{rel}","templated":true}]}}