{"id":20213,"date":"2026-02-18T08:59:24","date_gmt":"2026-02-18T06:59:24","guid":{"rendered":"https:\/\/www.sunkaraoke.hu\/?post_type=product&#038;p=20213"},"modified":"2026-02-18T09:05:11","modified_gmt":"2026-02-18T07:05:11","slug":"balogh-bence-bodi-mix-2026-bence-edition","status":"publish","type":"product","link":"https:\/\/www.sunkaraoke.hu\/index.php\/termek\/balogh-bence-bodi-mix-2026-bence-edition\/","title":{"rendered":"<div class=\"wcmp-player-container product-20213\"><audio controlslist=\"nodownload\" data-product=\"20213\"  volume=\"1\"  preload=\"none\" data-lazyloading=\"none\" class=\"wcmp-player track mejs-classic\" data-duration=\"0:32\" data-estimated_duration=\"4\"><source src=\"https:\/\/www.sunkaraoke.hu\/wp-content\/uploads\/2026\/02\/Bodi-Mix-2026.-Balogh-Bence-Edit_demo.mp3\" type=\"audio\/mp3\" \/><\/audio><\/div>Balogh Bence: B\u00f3di Mix 2026. (Bence Edition)"},"content":{"rendered":"<p><strong>03:12<\/strong>\u00a0| <strong><img loading=\"lazy\" decoding=\"async\" class=\"alignnone size-full wp-image-467\" src=\"https:\/\/www.sunkaraoke.hu\/wp-content\/uploads\/2022\/07\/choir_2-copy.webp\" alt=\"\" width=\"30\" height=\"30\" \/> | <img decoding=\"async\" src=\"https:\/\/www.sunkaraoke.hu\/wp-content\/uploads\/2022\/07\/transzponalas.webp\" \/> \u00a0<\/strong><\/p>\n","protected":false},"excerpt":{"rendered":"<h5><strong>Bits\u0171r\u0171s\u00e9g: 320kb\/s<\/strong><br \/>\n<strong>Hossz: 03:12<\/strong><br \/>\n<strong>Vok\u00e1lt tartalmaz: Nem <img loading=\"lazy\" decoding=\"async\" class=\"alignnone size-full wp-image-467\" src=\"http:\/\/www.sunkaraoke.hu\/wp-content\/uploads\/2022\/07\/choir_2-copy.png\" alt=\"\" width=\"30\" height=\"30\" \/><\/strong><\/h5>\n<p>Sunkaraoke mp3 st\u00fadi\u00f3 \/ www.sunkaraoke.hu \/ Inf: Tel: 06 20 4275001<\/p>\n<p>&#8212;INTR\u00d3&#8212;<br \/>\nDr\u00e1ga Isten sz\u00e9pen k\u00e9rlek<br \/>\nAranyes\u0151 hulljon n\u00e9kem<br \/>\nAranyes\u0151 a vir\u00e1gos r\u00e9ten.<br \/>\nAranyes\u0151 a sz\u00e9p kis h\u00e1zra<br \/>\nAranyes\u0151 a csal\u00e1domra<br \/>\nJaj, ha meghalok.<br \/>\nAranyes\u0151 a sz\u00e9p kis h\u00e1zra<br \/>\nAranyes\u0151 a csal\u00e1domra<br \/>\nJaj, temera.<br \/>\nAzt hiszitek j\u00f3 kedvem van<br \/>\nPedig a sz\u00edvem gy\u00e1szba van<br \/>\nPedig a sz\u00edvem gy\u00e1szba van<br \/>\nJaj. gy\u00e1szba is lesz, am\u00edg \u00e9lek<br \/>\nM\u00edg a s\u00edrba le nem tesznek<br \/>\nJaj, \u00e9n meghalok.<br \/>\nGy\u00e1szba is lesz, am\u00edg \u00e9lek<br \/>\nM\u00edg a s\u00edrba le nem tesznek<br \/>\nJaj, ha meghalok.<br \/>\n&#8212;Sz\u00f3l\u00f3&#8212;<br \/>\nEzekn\u00e9l a cig\u00e1nyokn\u00e1l buli van<br \/>\nF\u0151leg amikor a Balogh Bence itt van<br \/>\nEzekn\u00e9l a cig\u00e1nyokn\u00e1l buli van<br \/>\nF\u0151leg amikor a Balogh Bence itt van<br \/>\nCsin\u00e1ld testv\u00e9r az \u00e9leted kihaszn\u00e1lod<br \/>\nF\u0151leg amikor a testv\u00e9rekkel mulatok<br \/>\nEzekn\u00e9l a cig\u00e1nyokn\u00e1l buli van<br \/>\nHalld az \u00fctemet, \u00e9s \u00e9rezzed am\u00edg van<br \/>\nEzekn\u00e9l a cig\u00e1nyokn\u00e1l buli van<br \/>\nHalld az \u00fctemet, \u00e9s \u00e9rezzed am\u00edg van<br \/>\n&#8212;V\u00e9ge&#8212;<\/p>\n<p>&nbsp;<\/p>\n","protected":false},"featured_media":14902,"template":"","meta":{"site-sidebar-layout":"default","site-content-layout":"default","ast-site-content-layout":"default","site-content-style":"default","site-sidebar-style":"default","ast-global-header-display":"","ast-banner-title-visibility":"","ast-main-header-display":"","ast-hfb-above-header-display":"","ast-hfb-below-header-display":"","ast-hfb-mobile-header-display":"","site-post-title":"","ast-breadcrumbs-content":"","ast-featured-img":"","footer-sml-layout":"","theme-transparent-header-meta":"default","adv-header-id-meta":"","stick-header-meta":"","header-above-stick-meta":"","header-main-stick-meta":"","header-below-stick-meta":"","astra-migrate-meta-layouts":"set","ast-page-background-enabled":"default","ast-page-background-meta":{"desktop":{"background-color":"var(--ast-global-color-4)","background-image":"","background-repeat":"repeat","background-position":"center center","background-size":"auto","background-attachment":"scroll","background-type":"","background-media":"","overlay-type":"","overlay-color":"","overlay-opacity":"","overlay-gradient":""},"tablet":{"background-color":"","background-image":"","background-repeat":"repeat","background-position":"center center","background-size":"auto","background-attachment":"scroll","background-type":"","background-media":"","overlay-type":"","overlay-color":"","overlay-opacity":"","overlay-gradient":""},"mobile":{"background-color":"","background-image":"","background-repeat":"repeat","background-position":"center center","background-size":"auto","background-attachment":"scroll","background-type":"","background-media":"","overlay-type":"","overlay-color":"","overlay-opacity":"","overlay-gradient":""}},"ast-content-background-meta":{"desktop":{"background-color":"var(--ast-global-color-5)","background-image":"","background-repeat":"repeat","background-position":"center center","background-size":"auto","background-attachment":"scroll","background-type":"","background-media":"","overlay-type":"","overlay-color":"","overlay-opacity":"","overlay-gradient":""},"tablet":{"background-color":"var(--ast-global-color-5)","background-image":"","background-repeat":"repeat","background-position":"center center","background-size":"auto","background-attachment":"scroll","background-type":"","background-media":"","overlay-type":"","overlay-color":"","overlay-opacity":"","overlay-gradient":""},"mobile":{"background-color":"var(--ast-global-color-5)","background-image":"","background-repeat":"repeat","background-position":"center center","background-size":"auto","background-attachment":"scroll","background-type":"","background-media":"","overlay-type":"","overlay-color":"","overlay-opacity":"","overlay-gradient":""}}},"product_cat":[89],"product_tag":[],"class_list":["post-20213","product","type-product","status-publish","has-post-thumbnail","hentry","product_cat-balog-bence","desktop-align-left","tablet-align-left","mobile-align-left"],"_links":{"self":[{"href":"https:\/\/www.sunkaraoke.hu\/index.php\/wp-json\/wp\/v2\/product\/20213","targetHints":{"allow":["GET"]}}],"collection":[{"href":"https:\/\/www.sunkaraoke.hu\/index.php\/wp-json\/wp\/v2\/product"}],"about":[{"href":"https:\/\/www.sunkaraoke.hu\/index.php\/wp-json\/wp\/v2\/types\/product"}],"wp:featuredmedia":[{"embeddable":true,"href":"https:\/\/www.sunkaraoke.hu\/index.php\/wp-json\/wp\/v2\/media\/14902"}],"wp:attachment":[{"href":"https:\/\/www.sunkaraoke.hu\/index.php\/wp-json\/wp\/v2\/media?parent=20213"}],"wp:term":[{"taxonomy":"product_cat","embeddable":true,"href":"https:\/\/www.sunkaraoke.hu\/index.php\/wp-json\/wp\/v2\/product_cat?post=20213"},{"taxonomy":"product_tag","embeddable":true,"href":"https:\/\/www.sunkaraoke.hu\/index.php\/wp-json\/wp\/v2\/product_tag?post=20213"}],"curies":[{"name":"wp","href":"https:\/\/api.w.org\/{rel}","templated":true}]}}