{"id":20177,"date":"2026-01-30T07:56:54","date_gmt":"2026-01-30T05:56:54","guid":{"rendered":"https:\/\/www.sunkaraoke.hu\/?post_type=product&#038;p=20177"},"modified":"2026-01-30T07:58:54","modified_gmt":"2026-01-30T05:58:54","slug":"balogh-bence-legjobb-baratom-bence-edition","status":"publish","type":"product","link":"https:\/\/www.sunkaraoke.hu\/index.php\/termek\/balogh-bence-legjobb-baratom-bence-edition\/","title":{"rendered":"<div class=\"wcmp-player-container product-20177\"><audio controlslist=\"nodownload\" data-product=\"20177\"  volume=\"1\"  preload=\"none\" data-lazyloading=\"none\" class=\"wcmp-player track mejs-classic\" data-duration=\"0:31\" data-estimated_duration=\"4\"><source src=\"https:\/\/www.sunkaraoke.hu\/wp-content\/uploads\/2026\/01\/Legjobb-baratom-Bence-.demoo_.mp3\" type=\"audio\/mp3\" \/><\/audio><\/div>Balogh Bence: Legjobb bar\u00e1tom ( Bence Edition)"},"content":{"rendered":"<p><strong>02:41<\/strong>\u00a0| <strong><img loading=\"lazy\" decoding=\"async\" class=\"alignnone size-full wp-image-467\" src=\"https:\/\/www.sunkaraoke.hu\/wp-content\/uploads\/2022\/07\/choir_2-copy.webp\" alt=\"\" width=\"30\" height=\"30\" \/> | <img decoding=\"async\" src=\"https:\/\/www.sunkaraoke.hu\/wp-content\/uploads\/2022\/07\/transzponalas.webp\" \/> \u00a0<\/strong><\/p>\n","protected":false},"excerpt":{"rendered":"<h5><strong>Bits\u0171r\u0171s\u00e9g: 320kb\/s<\/strong><br \/>\n<strong>Hossz: 02:41<\/strong><br \/>\n<strong>Vok\u00e1lt tartalmaz: Nem <img loading=\"lazy\" decoding=\"async\" class=\"alignnone size-full wp-image-467\" src=\"http:\/\/www.sunkaraoke.hu\/wp-content\/uploads\/2022\/07\/choir_2-copy.png\" alt=\"\" width=\"30\" height=\"30\" \/><\/strong><\/h5>\n<p>Sunkaraoke mp3 st\u00fadi\u00f3 \/ www.sunkaraoke.hu \/ Inf: Tel: 06 20 4275001<\/p>\n<p>&#8212;INTRO&#8212;<br \/>\nT\u00fal gyorsan mennek az \u00e9vek el,<br \/>\nDe engem m\u00e1r \u00fagysem ez \u00e9rdekel,<br \/>\nOkosabb lettem \u00e9s bel\u00e1tom,<br \/>\nTe vagy a legjobb bar\u00e1tom.<br \/>\nMeg\u00e9lt\u00fcnk egy\u00fctt 100 csod\u00e1t,<br \/>\nRem\u00e9lj\u00fck az \u00e9let megbocs\u00e1t,<br \/>\nOkosabb lettem \u00e9s bel\u00e1tom,<br \/>\nTe vagy a legjobb bar\u00e1tom.<br \/>\nAkkor is megmondod az igazat, ha elvesztem az eszem,<br \/>\nHa nem l\u00e1tok a s\u00f6t\u00e9tben, te vezeted a kezem.<br \/>\n\u00dagy v\u00e1lt\u00e1l a bar\u00e1tomm\u00e1, hogy \u00e9szre sem vettem,<br \/>\nGondolkod\u00e1s n\u00e9lk\u00fcl v\u00e1god mi j\u00e1r a fejemben.<br \/>\nNem ismered a nemet, hogyha k\u00e9rek,<br \/>\nSoha nem hazudsz nekem, \u00e9s soha nem vagy \u00e9rdek.<br \/>\nAz els\u0151 lenn\u00e9l aki fel\u00e1ldozn\u00e1 mag\u00e1t,<br \/>\nErre nem k\u00e9pes egy haver, csak az igazi bar\u00e1t.<br \/>\nT\u00fal gyorsan mennek az \u00e9vek el,<br \/>\nDe engem m\u00e1r \u00fagysem ez \u00e9rdekel,<br \/>\nOkosabb lettem \u00e9s bel\u00e1tom,<br \/>\nTe vagy a legjobb bar\u00e1tom.<br \/>\nMeg\u00e9lt\u00fcnk egy\u00fctt 100 csod\u00e1t,<br \/>\nRem\u00e9lj\u00fck az \u00e9let megbocs\u00e1t,<br \/>\nOkosabb lettem \u00e9s bel\u00e1tom,<br \/>\nTe vagy a legjobb bar\u00e1tom.<br \/>\nMennyi k\u00f6z\u00f6s eml\u00e9k, neh\u00e9z err\u0151l mes\u00e9lni.<br \/>\nTudjuk \u00fagyis, aki nem volt ott, ezt nem \u00e9rti.<br \/>\nSzerencs\u00e9sek vagyunk, volt p\u00e1r \u00e9v\u00fcnk meg\u00e9lni,<br \/>\nHa valami b\u00e1nt n\u00e9ha, te vagy az ki meg\u00e9rzi.<br \/>\nVoltak neh\u00e9z napok, s\u00edrtunk egym\u00e1s v\u00e1ll\u00e1n,<br \/>\nTudod minden titkomat, mi nem futunk el gy\u00e1v\u00e1n,<br \/>\nNem keserg\u00fcnk a m\u00falton, nincs p\u00e1nik ha g\u00e1z van,<br \/>\nNem verj\u00fck \u00e1t egym\u00e1st, \u00e9s nem hagyjuk a p\u00e1cban.<br \/>\nT\u00fal gyorsan mennek az \u00e9vek el,<br \/>\nDe engem m\u00e1r \u00fagysem ez \u00e9rdekel,<br \/>\nOkosabb lettem \u00e9s bel\u00e1tom,<br \/>\nTe vagy a legjobb bar\u00e1tom.<br \/>\nMeg\u00e9lt\u00fcnk egy\u00fctt 100 csod\u00e1t,<br \/>\nRem\u00e9lj\u00fck az \u00e9let megbocs\u00e1t,<br \/>\nOkosabb lettem \u00e9s bel\u00e1tom,<br \/>\nTe vagy a legjobb bar\u00e1tom.<br \/>\nT\u00fal gyorsan mennek az \u00e9vek el,<br \/>\nDe engem m\u00e1r \u00fagysem ez \u00e9rdekel,<br \/>\nOkosabb lettem \u00e9s bel\u00e1tom,<br \/>\nTe vagy a legjobb bar\u00e1tom.<br \/>\nMeg\u00e9lt\u00fcnk egy\u00fctt 100 csod\u00e1t,<br \/>\nRem\u00e9lj\u00fck az \u00e9let megbocs\u00e1t,<br \/>\nOkosabb lettem \u00e9s bel\u00e1tom,<br \/>\nTe vagy a legjobb bar\u00e1tom.<\/p>\n","protected":false},"featured_media":14902,"template":"","meta":{"site-sidebar-layout":"default","site-content-layout":"default","ast-site-content-layout":"default","site-content-style":"default","site-sidebar-style":"default","ast-global-header-display":"","ast-banner-title-visibility":"","ast-main-header-display":"","ast-hfb-above-header-display":"","ast-hfb-below-header-display":"","ast-hfb-mobile-header-display":"","site-post-title":"","ast-breadcrumbs-content":"","ast-featured-img":"","footer-sml-layout":"","theme-transparent-header-meta":"default","adv-header-id-meta":"","stick-header-meta":"","header-above-stick-meta":"","header-main-stick-meta":"","header-below-stick-meta":"","astra-migrate-meta-layouts":"set","ast-page-background-enabled":"default","ast-page-background-meta":{"desktop":{"background-color":"var(--ast-global-color-4)","background-image":"","background-repeat":"repeat","background-position":"center center","background-size":"auto","background-attachment":"scroll","background-type":"","background-media":"","overlay-type":"","overlay-color":"","overlay-opacity":"","overlay-gradient":""},"tablet":{"background-color":"","background-image":"","background-repeat":"repeat","background-position":"center center","background-size":"auto","background-attachment":"scroll","background-type":"","background-media":"","overlay-type":"","overlay-color":"","overlay-opacity":"","overlay-gradient":""},"mobile":{"background-color":"","background-image":"","background-repeat":"repeat","background-position":"center center","background-size":"auto","background-attachment":"scroll","background-type":"","background-media":"","overlay-type":"","overlay-color":"","overlay-opacity":"","overlay-gradient":""}},"ast-content-background-meta":{"desktop":{"background-color":"var(--ast-global-color-5)","background-image":"","background-repeat":"repeat","background-position":"center center","background-size":"auto","background-attachment":"scroll","background-type":"","background-media":"","overlay-type":"","overlay-color":"","overlay-opacity":"","overlay-gradient":""},"tablet":{"background-color":"var(--ast-global-color-5)","background-image":"","background-repeat":"repeat","background-position":"center center","background-size":"auto","background-attachment":"scroll","background-type":"","background-media":"","overlay-type":"","overlay-color":"","overlay-opacity":"","overlay-gradient":""},"mobile":{"background-color":"var(--ast-global-color-5)","background-image":"","background-repeat":"repeat","background-position":"center center","background-size":"auto","background-attachment":"scroll","background-type":"","background-media":"","overlay-type":"","overlay-color":"","overlay-opacity":"","overlay-gradient":""}}},"product_cat":[89],"product_tag":[],"class_list":["post-20177","product","type-product","status-publish","has-post-thumbnail","hentry","product_cat-balog-bence","desktop-align-left","tablet-align-left","mobile-align-left"],"_links":{"self":[{"href":"https:\/\/www.sunkaraoke.hu\/index.php\/wp-json\/wp\/v2\/product\/20177","targetHints":{"allow":["GET"]}}],"collection":[{"href":"https:\/\/www.sunkaraoke.hu\/index.php\/wp-json\/wp\/v2\/product"}],"about":[{"href":"https:\/\/www.sunkaraoke.hu\/index.php\/wp-json\/wp\/v2\/types\/product"}],"wp:featuredmedia":[{"embeddable":true,"href":"https:\/\/www.sunkaraoke.hu\/index.php\/wp-json\/wp\/v2\/media\/14902"}],"wp:attachment":[{"href":"https:\/\/www.sunkaraoke.hu\/index.php\/wp-json\/wp\/v2\/media?parent=20177"}],"wp:term":[{"taxonomy":"product_cat","embeddable":true,"href":"https:\/\/www.sunkaraoke.hu\/index.php\/wp-json\/wp\/v2\/product_cat?post=20177"},{"taxonomy":"product_tag","embeddable":true,"href":"https:\/\/www.sunkaraoke.hu\/index.php\/wp-json\/wp\/v2\/product_tag?post=20177"}],"curies":[{"name":"wp","href":"https:\/\/api.w.org\/{rel}","templated":true}]}}