{"id":20154,"date":"2026-01-09T13:46:56","date_gmt":"2026-01-09T11:46:56","guid":{"rendered":"https:\/\/www.sunkaraoke.hu\/?post_type=product&#038;p=20154"},"modified":"2026-01-09T13:49:08","modified_gmt":"2026-01-09T11:49:08","slug":"csore-bela-nezem-a-szoknyadat-2026-new-bence-edition","status":"publish","type":"product","link":"https:\/\/www.sunkaraoke.hu\/index.php\/termek\/csore-bela-nezem-a-szoknyadat-2026-new-bence-edition\/","title":{"rendered":"<div class=\"wcmp-player-container product-20154\"><audio controlslist=\"nodownload\" data-product=\"20154\"  volume=\"1\"  preload=\"none\" data-lazyloading=\"none\" class=\"wcmp-player track mejs-classic\" data-duration=\"0:36\" data-estimated_duration=\"4\"><source src=\"https:\/\/www.sunkaraoke.hu\/wp-content\/uploads\/2026\/01\/Nezem-a-szoknyad-Csore-2026.-New-demoo.mp3\" type=\"audio\/mp3\" \/><\/audio><\/div>Cs\u00f3r\u00e9 B\u00e9la &#8211; N\u00e9zem a szokny\u00e1dat 2026. New (Bence Edition)"},"content":{"rendered":"<p><strong>02:45<\/strong>\/ <strong><img loading=\"lazy\" decoding=\"async\" class=\"alignnone size-full wp-image-467\" src=\"https:\/\/www.sunkaraoke.hu\/wp-content\/uploads\/2022\/07\/choir_2-copy.webp\" alt=\"\" width=\"30\" height=\"30\" \/> \/\u00a0\u00a0<\/strong><\/p>\n","protected":false},"excerpt":{"rendered":"<h5><strong>Bits\u0171r\u0171s\u00e9g: 320kb\/s<\/strong><\/h5>\n<h5><strong>Hossz: 02:45<\/strong><br \/>\n<strong>Vok\u00e1lt tartalmaz: Nem<\/strong><\/h5>\n<p>Sunkaraoke mp3 st\u00fadi\u00f3 \/ www.sunkaraoke.hu \/ Inf: Tel: 06 20 4275001<\/p>\n<p>&#8212;Intr\u00f3&#8212;<br \/>\n\u00c9n szeretlek t\u00e9ged,de te nem szeretsz engem.<br \/>\nMegszakad a sz\u00edvem, \u00e9s te nem figyelsz r\u00e1m!<br \/>\nNem figyelsz r\u00e1m.<br \/>\nN\u00e9zem a szokny\u00e1d, oly szorosan r\u00e1dsimul.<br \/>\nN\u00e9zem az arcod, mely vissza n\u00e9z oly vadul!<br \/>\n\u00c9n szeretlek t\u00e9ged,de te nem szeretsz engem.<br \/>\nMegszakad a sz\u00edvem, \u00e9s te nem figyelsz r\u00e1m!<br \/>\nNem figyelsz r\u00e1m.<br \/>\nN\u00e9zem a szokny\u00e1d, oly szorosan r\u00e1dsimul.<br \/>\nN\u00e9zem az arcod, mely vissza n\u00e9z oly vadul!<br \/>\nSz\u00edvem t\u0171zben \u00e9g, szemem k\u00f6nnyben \u00e1zik<br \/>\nNem vagy az eny\u00e9m, de szeretlek \u00e9n!<br \/>\n\u00c9n szeretlek t\u00e9ged,de te nem szeretsz engem.<br \/>\nMegszakad a sz\u00edvem, \u00e9s te nem figyelsz r\u00e1m!<br \/>\nNem figyelsz r\u00e1m.<br \/>\nN\u00e9zem a szokny\u00e1d, oly szorosan r\u00e1dsimul.<br \/>\nN\u00e9zem az arcod, mely vissza n\u00e9z oly vadul!<br \/>\n\u00c9n szeretlek t\u00e9ged,de te nem szeretsz engem.<br \/>\nMegszakad a sz\u00edvem, \u00e9s te nem figyelsz r\u00e1m!<br \/>\nNem figyelsz r\u00e1m.<br \/>\nN\u00e9zem a szokny\u00e1d, oly szorosan r\u00e1dsimul.<br \/>\nN\u00e9zem az arcod, mely vissza n\u00e9z oly vadul!<br \/>\n&#8212;Sz\u00f3l\u00f3&#8212;<br \/>\n\u00c9n szeretlek t\u00e9ged,de te nem szeretsz engem.<br \/>\nMegszakad a sz\u00edvem, \u00e9s te nem figyelsz r\u00e1m!<br \/>\nNem figyelsz r\u00e1m.<br \/>\nN\u00e9zem a szokny\u00e1d, oly szorosan r\u00e1dsimul.<br \/>\nN\u00e9zem az arcod, mely vissza n\u00e9z oly vadul!<br \/>\n&#8212;V\u00e9ge&#8212;<\/p>\n","protected":false},"featured_media":8991,"template":"","meta":{"site-sidebar-layout":"default","site-content-layout":"default","ast-site-content-layout":"default","site-content-style":"default","site-sidebar-style":"default","ast-global-header-display":"","ast-banner-title-visibility":"","ast-main-header-display":"","ast-hfb-above-header-display":"","ast-hfb-below-header-display":"","ast-hfb-mobile-header-display":"","site-post-title":"","ast-breadcrumbs-content":"","ast-featured-img":"","footer-sml-layout":"","theme-transparent-header-meta":"default","adv-header-id-meta":"","stick-header-meta":"","header-above-stick-meta":"","header-main-stick-meta":"","header-below-stick-meta":"","astra-migrate-meta-layouts":"set","ast-page-background-enabled":"default","ast-page-background-meta":{"desktop":{"background-color":"var(--ast-global-color-4)","background-image":"","background-repeat":"repeat","background-position":"center center","background-size":"auto","background-attachment":"scroll","background-type":"","background-media":"","overlay-type":"","overlay-color":"","overlay-opacity":"","overlay-gradient":""},"tablet":{"background-color":"","background-image":"","background-repeat":"repeat","background-position":"center center","background-size":"auto","background-attachment":"scroll","background-type":"","background-media":"","overlay-type":"","overlay-color":"","overlay-opacity":"","overlay-gradient":""},"mobile":{"background-color":"","background-image":"","background-repeat":"repeat","background-position":"center center","background-size":"auto","background-attachment":"scroll","background-type":"","background-media":"","overlay-type":"","overlay-color":"","overlay-opacity":"","overlay-gradient":""}},"ast-content-background-meta":{"desktop":{"background-color":"var(--ast-global-color-5)","background-image":"","background-repeat":"repeat","background-position":"center center","background-size":"auto","background-attachment":"scroll","background-type":"","background-media":"","overlay-type":"","overlay-color":"","overlay-opacity":"","overlay-gradient":""},"tablet":{"background-color":"var(--ast-global-color-5)","background-image":"","background-repeat":"repeat","background-position":"center center","background-size":"auto","background-attachment":"scroll","background-type":"","background-media":"","overlay-type":"","overlay-color":"","overlay-opacity":"","overlay-gradient":""},"mobile":{"background-color":"var(--ast-global-color-5)","background-image":"","background-repeat":"repeat","background-position":"center center","background-size":"auto","background-attachment":"scroll","background-type":"","background-media":"","overlay-type":"","overlay-color":"","overlay-opacity":"","overlay-gradient":""}}},"product_cat":[48],"product_tag":[],"class_list":["post-20154","product","type-product","status-publish","has-post-thumbnail","hentry","product_cat-sunkaraoke-dalok","desktop-align-left","tablet-align-left","mobile-align-left"],"_links":{"self":[{"href":"https:\/\/www.sunkaraoke.hu\/index.php\/wp-json\/wp\/v2\/product\/20154","targetHints":{"allow":["GET"]}}],"collection":[{"href":"https:\/\/www.sunkaraoke.hu\/index.php\/wp-json\/wp\/v2\/product"}],"about":[{"href":"https:\/\/www.sunkaraoke.hu\/index.php\/wp-json\/wp\/v2\/types\/product"}],"wp:featuredmedia":[{"embeddable":true,"href":"https:\/\/www.sunkaraoke.hu\/index.php\/wp-json\/wp\/v2\/media\/8991"}],"wp:attachment":[{"href":"https:\/\/www.sunkaraoke.hu\/index.php\/wp-json\/wp\/v2\/media?parent=20154"}],"wp:term":[{"taxonomy":"product_cat","embeddable":true,"href":"https:\/\/www.sunkaraoke.hu\/index.php\/wp-json\/wp\/v2\/product_cat?post=20154"},{"taxonomy":"product_tag","embeddable":true,"href":"https:\/\/www.sunkaraoke.hu\/index.php\/wp-json\/wp\/v2\/product_tag?post=20154"}],"curies":[{"name":"wp","href":"https:\/\/api.w.org\/{rel}","templated":true}]}}