{"id":20100,"date":"2025-12-17T08:12:25","date_gmt":"2025-12-17T06:12:25","guid":{"rendered":"https:\/\/www.sunkaraoke.hu\/?post_type=product&#038;p=20100"},"modified":"2025-12-17T08:13:47","modified_gmt":"2025-12-17T06:13:47","slug":"bitto-duo-x-baba-nem-igaz-nem-igaz-2025-new-pb-edition","status":"publish","type":"product","link":"https:\/\/www.sunkaraoke.hu\/index.php\/termek\/bitto-duo-x-baba-nem-igaz-nem-igaz-2025-new-pb-edition\/","title":{"rendered":"<div class=\"wcmp-player-container product-20100\"><audio controlslist=\"nodownload\" data-product=\"20100\"  volume=\"1\"  preload=\"none\" data-lazyloading=\"none\" class=\"wcmp-player track mejs-classic\" data-duration=\"0:33\" data-estimated_duration=\"4\"><source src=\"https:\/\/www.sunkaraoke.hu\/wp-content\/uploads\/2025\/12\/Nem-igaz-nem-igaz-2025.-New-Bitto-PB._demoo.mp3\" type=\"audio\/mp3\" \/><\/audio><\/div>Bitt\u00f3 Du\u00f3 X Baba &#8211; Nem igaz, nem igaz 2025. NEW ( PB Edition)"},"content":{"rendered":"<p><strong>03:31<\/strong>| <strong><img loading=\"lazy\" decoding=\"async\" class=\"alignnone size-full wp-image-467\" src=\"https:\/\/www.sunkaraoke.hu\/wp-content\/uploads\/2022\/07\/choir_2-copy.webp\" alt=\"\" width=\"30\" height=\"30\" \/> <\/strong><\/p>\n","protected":false},"excerpt":{"rendered":"<h6><strong>Bits\u0171r\u0171s\u00e9g: 320kb\/s<\/strong><\/h6>\n<h6><strong>Hossza: 03:31<\/strong><\/h6>\n<h6><strong>Vok\u00e1l: Nem<\/strong><\/h6>\n<p>Sunkaraoke mp3 st\u00fadi\u00f3 \/ www.sunkaraoke.hu \/ Inf: Tel: 06 20 4275001<\/p>\n<p>&#8212;Intr\u00f3&#8212;<br \/>\nHallod-e hogy mit besz\u00e9lnek r\u00f3lunk,<br \/>\nazt mondj\u00e1k hogy nem szeretsz te m\u00e1r.<br \/>\nSuttogj\u00e1k hogy \u00e9jszak\u00e1kba j\u00e1rk\u00e1lsz,<br \/>\nhogy v\u00e9djelek meg \u00edgy sz\u00e9p bab\u00e1m.<br \/>\nA bizalom olyan mint a vadvir\u00e1g,<br \/>\nk\u00edv\u00fclr\u0151l gy\u00f6ny\u00f6r\u0171 m\u00e9gsem ny\u00falsz hozz\u00e1.<br \/>\n\u00c9s ha egyszer megsz\u00farja a kezedet,<br \/>\na lelkedben is t\u00fal m\u00e9ly sebet ejt.<br \/>\nNem igaz. nem igaz semmi nem igaz,<br \/>\nesk\u00fcsz\u00f6m az \u00e9letemre semmi nem igaz,<br \/>\nNem igaz, nem igaz,arcukon a grimasz,<br \/>\ncsak megpr\u00f3b\u00e1lnak \u00e1tv\u00e1gni.<br \/>\nNem igaz, nem igaz semmi nem igaz,<br \/>\nesk\u00fcsz\u00f6m az \u00e9letemre, semmi nem igaz,<br \/>\nNem igaz, nem igaz,arcukon a grimasz,<br \/>\ncsak megpr\u00f3b\u00e1lnak \u00e1tv\u00e1gni.<br \/>\nHallottam hogy lett egy \u00faj bar\u00e1tod,<br \/>\n\u00fagy hallom hogy boldog vagy te m\u00e1r.<br \/>\nNem k\u00edv\u00e1nok semmi m\u00e1st \u00e9n n\u00e9ked,<br \/>\nl\u00e9gy boldog mind\u00f6r\u00f6kk\u00e9 bab\u00e1m<br \/>\nSzeretem a szeretem a sz\u00e9p sz\u00f3t,<br \/>\nsz\u00e9pnek l\u00e1tod-e m\u00e9g ami r\u00e9g volt.<br \/>\nB\u00edzom benne hogy a sz\u00edved szeret m\u00e9g,<br \/>\n\u00e9s ha k\u00e9rdeznek csak ennyit mondan\u00e9k.<br \/>\nNem igaz. nem igaz semmi nem igaz,<br \/>\nesk\u00fcsz\u00f6m az \u00e9letemre semmi nem igaz,<br \/>\nNem igaz nem igaz,arcukon a grimasz,<br \/>\ncsak megpr\u00f3b\u00e1lnak \u00e1tv\u00e1gni.<br \/>\nNem igaz. nem igaz semmi nem igaz,<br \/>\nesk\u00fcsz\u00f6m az \u00e9letemre semmi nem igaz,<br \/>\nNem igaz nem igaz,arcukon a grimasz,<br \/>\ncsak megpr\u00f3b\u00e1lnak \u00e1tv\u00e1gni.<br \/>\n&#8212;Sz\u00f3l\u00f3&#8212;<br \/>\nHallod-e hogy mit besz\u00e9lnek r\u00f3lunk,<br \/>\nazt mondj\u00e1k hogy nem szeretsz te m\u00e1r.<br \/>\nSuttogj\u00e1k hogy \u00e9jszak\u00e1kba j\u00e1rk\u00e1lsz,<br \/>\nhogy v\u00e9djelek meg \u00edgy sz\u00e9p bab\u00e1m.<br \/>\nA bizalom olyan mint a vadvir\u00e1g,<br \/>\nk\u00edv\u00fclr\u0151l gy\u00f6ny\u00f6r\u0171 m\u00e9gsem ny\u00falsz hozz\u00e1.<br \/>\n\u00c9s ha egyszer megsz\u00farja a kezedet,<br \/>\na lelkedben is t\u00fal m\u00e9ly sebet ejt.<br \/>\nNem igaz. nem igaz semmi nem igaz,<br \/>\nesk\u00fcsz\u00f6m az \u00e9letemre semmi nem igaz,<br \/>\nNem igaz, nem igaz,arcukon a grimasz,<br \/>\ncsak megpr\u00f3b\u00e1lnak \u00e1tv\u00e1gni.<br \/>\nNem igaz, nem igaz semmi nem igaz,<br \/>\nesk\u00fcsz\u00f6m az \u00e9letemre, semmi nem igaz,<br \/>\nNem igaz, nem igaz,arcukon a grimasz,<br \/>\ncsak megpr\u00f3b\u00e1lnak \u00e1tv\u00e1gni.<br \/>\n&#8212;V\u00e9ge&#8212;<\/p>\n","protected":false},"featured_media":14762,"template":"","meta":{"site-sidebar-layout":"default","site-content-layout":"default","ast-site-content-layout":"default","site-content-style":"default","site-sidebar-style":"default","ast-global-header-display":"","ast-banner-title-visibility":"","ast-main-header-display":"","ast-hfb-above-header-display":"","ast-hfb-below-header-display":"","ast-hfb-mobile-header-display":"","site-post-title":"","ast-breadcrumbs-content":"","ast-featured-img":"","footer-sml-layout":"","theme-transparent-header-meta":"default","adv-header-id-meta":"","stick-header-meta":"","header-above-stick-meta":"","header-main-stick-meta":"","header-below-stick-meta":"","astra-migrate-meta-layouts":"set","ast-page-background-enabled":"default","ast-page-background-meta":{"desktop":{"background-color":"var(--ast-global-color-4)","background-image":"","background-repeat":"repeat","background-position":"center center","background-size":"auto","background-attachment":"scroll","background-type":"","background-media":"","overlay-type":"","overlay-color":"","overlay-opacity":"","overlay-gradient":""},"tablet":{"background-color":"","background-image":"","background-repeat":"repeat","background-position":"center center","background-size":"auto","background-attachment":"scroll","background-type":"","background-media":"","overlay-type":"","overlay-color":"","overlay-opacity":"","overlay-gradient":""},"mobile":{"background-color":"","background-image":"","background-repeat":"repeat","background-position":"center center","background-size":"auto","background-attachment":"scroll","background-type":"","background-media":"","overlay-type":"","overlay-color":"","overlay-opacity":"","overlay-gradient":""}},"ast-content-background-meta":{"desktop":{"background-color":"var(--ast-global-color-5)","background-image":"","background-repeat":"repeat","background-position":"center center","background-size":"auto","background-attachment":"scroll","background-type":"","background-media":"","overlay-type":"","overlay-color":"","overlay-opacity":"","overlay-gradient":""},"tablet":{"background-color":"var(--ast-global-color-5)","background-image":"","background-repeat":"repeat","background-position":"center center","background-size":"auto","background-attachment":"scroll","background-type":"","background-media":"","overlay-type":"","overlay-color":"","overlay-opacity":"","overlay-gradient":""},"mobile":{"background-color":"var(--ast-global-color-5)","background-image":"","background-repeat":"repeat","background-position":"center center","background-size":"auto","background-attachment":"scroll","background-type":"","background-media":"","overlay-type":"","overlay-color":"","overlay-opacity":"","overlay-gradient":""}}},"product_cat":[48],"product_tag":[],"class_list":["post-20100","product","type-product","status-publish","has-post-thumbnail","hentry","product_cat-sunkaraoke-dalok","desktop-align-left","tablet-align-left","mobile-align-left"],"_links":{"self":[{"href":"https:\/\/www.sunkaraoke.hu\/index.php\/wp-json\/wp\/v2\/product\/20100","targetHints":{"allow":["GET"]}}],"collection":[{"href":"https:\/\/www.sunkaraoke.hu\/index.php\/wp-json\/wp\/v2\/product"}],"about":[{"href":"https:\/\/www.sunkaraoke.hu\/index.php\/wp-json\/wp\/v2\/types\/product"}],"wp:featuredmedia":[{"embeddable":true,"href":"https:\/\/www.sunkaraoke.hu\/index.php\/wp-json\/wp\/v2\/media\/14762"}],"wp:attachment":[{"href":"https:\/\/www.sunkaraoke.hu\/index.php\/wp-json\/wp\/v2\/media?parent=20100"}],"wp:term":[{"taxonomy":"product_cat","embeddable":true,"href":"https:\/\/www.sunkaraoke.hu\/index.php\/wp-json\/wp\/v2\/product_cat?post=20100"},{"taxonomy":"product_tag","embeddable":true,"href":"https:\/\/www.sunkaraoke.hu\/index.php\/wp-json\/wp\/v2\/product_tag?post=20100"}],"curies":[{"name":"wp","href":"https:\/\/api.w.org\/{rel}","templated":true}]}}