{"id":20085,"date":"2025-12-11T13:36:45","date_gmt":"2025-12-11T11:36:45","guid":{"rendered":"https:\/\/www.sunkaraoke.hu\/?post_type=product&#038;p=20085"},"modified":"2025-12-11T13:38:08","modified_gmt":"2025-12-11T11:38:08","slug":"dondi-duo-csinibaba-2025-new-pb-edition","status":"publish","type":"product","link":"https:\/\/www.sunkaraoke.hu\/index.php\/termek\/dondi-duo-csinibaba-2025-new-pb-edition\/","title":{"rendered":"<div class=\"wcmp-player-container product-20085\"><audio controlslist=\"nodownload\" data-product=\"20085\"  volume=\"1\"  preload=\"none\" data-lazyloading=\"none\" class=\"wcmp-player track mejs-classic\" data-duration=\"0:35\" data-estimated_duration=\"4\"><source src=\"https:\/\/www.sunkaraoke.hu\/wp-content\/uploads\/2025\/12\/Csinibaba-2025.NEW-PB.-demoo.mp3\" type=\"audio\/mp3\" \/><\/audio><\/div>D\u00f6ndi Du\u00f3 : Csinibaba 2025. NEW (PB Edition)"},"content":{"rendered":"<p><strong>02:50 \/<\/strong>\u00a0<strong><img loading=\"lazy\" decoding=\"async\" class=\"alignnone size-full wp-image-467\" src=\"https:\/\/www.sunkaraoke.hu\/wp-content\/uploads\/2022\/07\/choir_2-copy.webp\" alt=\"\" width=\"30\" height=\"30\" \/> \/\u00a0<\/strong><\/p>\n","protected":false},"excerpt":{"rendered":"<h5>Bits\u0171r\u0171s\u00e9g: 320kb\/s<\/h5>\n<h5>Hossz: 02:50<\/h5>\n<h5>Vok\u00e1l: Nem <img loading=\"lazy\" decoding=\"async\" class=\"alignnone size-full wp-image-467\" src=\"http:\/\/www.sunkaraoke.hu\/wp-content\/uploads\/2022\/07\/choir_2-copy.png\" alt=\"\" width=\"30\" height=\"30\" \/><\/h5>\n<p>Sunkaraoke mp3 st\u00fadi\u00f3 \/ www.sunkaraoke.hu \/ Inf: Tel: 06 20 4275001<\/p>\n<p>&#8212;Intr\u00f3&#8212;<br \/>\nElj\u00f6tt az \u00e9jszaka, megy\u00fcnk a buliba,<br \/>\nj\u00f3l ki\u00f6lt\u00f6z\u00f6k majd neked.<br \/>\nMegl\u00e1tom a szemed, a gy\u00f6ny\u00f6r\u0171 szemed,<br \/>\njaj \u00fagy t\u00e1ncoln\u00e9k \u00e9n veled!<br \/>\nOlyan csini az \u00e9n bab\u00e1m, a legszebbik kisl\u00e1ny,<br \/>\n\u0151 az eg\u00e9sz vil\u00e1gon.<br \/>\nHa megl\u00e1tom a szem\u00e9t a gy\u00f6ny\u00f6r\u0171 szem\u00e9t,<br \/>\nneki ellen\u00e1llni nem tudok!<br \/>\n\u00d3h csini, csinibaba, mi\u00e9nk a ma \u00e9jszaka,<br \/>\nreggelig nem megy\u00fcnk m\u00e9g haza.<br \/>\n\u00d3h csini, csinibaba, sz\u00edvemnek kir\u00e1lya,<br \/>\nte vagy az \u00e1lmaim asszonya!<br \/>\n\u00d3h csini, csinibaba, mi\u00e9nk a ma \u00e9jszaka,<br \/>\nreggelig nem megy\u00fcnk m\u00e9g haza.<br \/>\n\u00d3h csini, csinibaba, olyan sz\u00e9p a mosolya,<br \/>\nte vagy az \u00e1lmaim asszonya!<br \/>\n&#8212;Sz\u00f3l\u00f3&#8212;<br \/>\nElj\u00f6tt az \u00e9jszaka, megy\u00fcnk a buliba,<br \/>\nj\u00f3l ki\u00f6lt\u00f6z\u00f6k majd neked.<br \/>\nMegl\u00e1tom a szemed, a gy\u00f6ny\u00f6r\u0171 szemed,<br \/>\njaj \u00fagy t\u00e1ncoln\u00e9k \u00e9n veled!<br \/>\nOlyan csini az \u00e9n bab\u00e1m, a legszebbik kisl\u00e1ny,<br \/>\n\u0151 az eg\u00e9sz vil\u00e1gon.<br \/>\nHa megl\u00e1tom a szem\u00e9t a gy\u00f6ny\u00f6r\u0171 szem\u00e9t,<br \/>\nneki ellen\u00e1llni nem tudok!<br \/>\n\u00d3h csini, csinibaba, mi\u00e9nk a ma \u00e9jszaka,<br \/>\nreggelig nem megy\u00fcnk m\u00e9g haza.<br \/>\n\u00d3h csini, csinibaba, sz\u00edvemnek kir\u00e1lya,<br \/>\nte vagy az \u00e1lmaim asszonya!<br \/>\n\u00d3h csini, csinibaba, mi\u00e9nk a ma \u00e9jszaka,<br \/>\nreggelig nem megy\u00fcnk m\u00e9g haza.<br \/>\n\u00d3h csini, csinibaba, olyan sz\u00e9p a mosolya,<br \/>\nte vagy az \u00e1lmaim asszonya!<br \/>\n\u00d3h csini, csinibaba, mi\u00e9nk a ma \u00e9jszaka,<br \/>\nreggelig nem megy\u00fcnk m\u00e9g haza.<br \/>\n\u00d3h csini, csinibaba, sz\u00edvemnek kir\u00e1lya,<br \/>\nte vagy az \u00e1lmaim asszonya!<br \/>\n\u00d3h csini, csinibaba, mi\u00e9nk a ma \u00e9jszaka,<br \/>\nreggelig nem megy\u00fcnk m\u00e9g haza.<br \/>\n\u00d3h csini, csinibaba, olyan sz\u00e9p a mosolya,<br \/>\nte vagy az \u00e1lmaim asszonya!<br \/>\n\u00d3h csini, csinibaba\u2026<br \/>\n&#8212;V\u00e9ge&#8212;<\/p>\n","protected":false},"featured_media":12239,"template":"","meta":{"site-sidebar-layout":"default","site-content-layout":"default","ast-site-content-layout":"default","site-content-style":"default","site-sidebar-style":"default","ast-global-header-display":"","ast-banner-title-visibility":"","ast-main-header-display":"","ast-hfb-above-header-display":"","ast-hfb-below-header-display":"","ast-hfb-mobile-header-display":"","site-post-title":"","ast-breadcrumbs-content":"","ast-featured-img":"","footer-sml-layout":"","theme-transparent-header-meta":"default","adv-header-id-meta":"","stick-header-meta":"","header-above-stick-meta":"","header-main-stick-meta":"","header-below-stick-meta":"","astra-migrate-meta-layouts":"set","ast-page-background-enabled":"default","ast-page-background-meta":{"desktop":{"background-color":"var(--ast-global-color-4)","background-image":"","background-repeat":"repeat","background-position":"center center","background-size":"auto","background-attachment":"scroll","background-type":"","background-media":"","overlay-type":"","overlay-color":"","overlay-opacity":"","overlay-gradient":""},"tablet":{"background-color":"","background-image":"","background-repeat":"repeat","background-position":"center center","background-size":"auto","background-attachment":"scroll","background-type":"","background-media":"","overlay-type":"","overlay-color":"","overlay-opacity":"","overlay-gradient":""},"mobile":{"background-color":"","background-image":"","background-repeat":"repeat","background-position":"center center","background-size":"auto","background-attachment":"scroll","background-type":"","background-media":"","overlay-type":"","overlay-color":"","overlay-opacity":"","overlay-gradient":""}},"ast-content-background-meta":{"desktop":{"background-color":"var(--ast-global-color-5)","background-image":"","background-repeat":"repeat","background-position":"center center","background-size":"auto","background-attachment":"scroll","background-type":"","background-media":"","overlay-type":"","overlay-color":"","overlay-opacity":"","overlay-gradient":""},"tablet":{"background-color":"var(--ast-global-color-5)","background-image":"","background-repeat":"repeat","background-position":"center center","background-size":"auto","background-attachment":"scroll","background-type":"","background-media":"","overlay-type":"","overlay-color":"","overlay-opacity":"","overlay-gradient":""},"mobile":{"background-color":"var(--ast-global-color-5)","background-image":"","background-repeat":"repeat","background-position":"center center","background-size":"auto","background-attachment":"scroll","background-type":"","background-media":"","overlay-type":"","overlay-color":"","overlay-opacity":"","overlay-gradient":""}}},"product_cat":[48],"product_tag":[],"class_list":["post-20085","product","type-product","status-publish","has-post-thumbnail","hentry","product_cat-sunkaraoke-dalok","desktop-align-left","tablet-align-left","mobile-align-left"],"_links":{"self":[{"href":"https:\/\/www.sunkaraoke.hu\/index.php\/wp-json\/wp\/v2\/product\/20085","targetHints":{"allow":["GET"]}}],"collection":[{"href":"https:\/\/www.sunkaraoke.hu\/index.php\/wp-json\/wp\/v2\/product"}],"about":[{"href":"https:\/\/www.sunkaraoke.hu\/index.php\/wp-json\/wp\/v2\/types\/product"}],"wp:featuredmedia":[{"embeddable":true,"href":"https:\/\/www.sunkaraoke.hu\/index.php\/wp-json\/wp\/v2\/media\/12239"}],"wp:attachment":[{"href":"https:\/\/www.sunkaraoke.hu\/index.php\/wp-json\/wp\/v2\/media?parent=20085"}],"wp:term":[{"taxonomy":"product_cat","embeddable":true,"href":"https:\/\/www.sunkaraoke.hu\/index.php\/wp-json\/wp\/v2\/product_cat?post=20085"},{"taxonomy":"product_tag","embeddable":true,"href":"https:\/\/www.sunkaraoke.hu\/index.php\/wp-json\/wp\/v2\/product_tag?post=20085"}],"curies":[{"name":"wp","href":"https:\/\/api.w.org\/{rel}","templated":true}]}}