{"id":20057,"date":"2025-12-01T14:21:34","date_gmt":"2025-12-01T12:21:34","guid":{"rendered":"https:\/\/www.sunkaraoke.hu\/?post_type=product&#038;p=20057"},"modified":"2025-12-01T14:26:07","modified_gmt":"2025-12-01T12:26:07","slug":"bitto-duo-x-baba-ejszaka-2025-new-pb-latino-edition","status":"publish","type":"product","link":"https:\/\/www.sunkaraoke.hu\/index.php\/termek\/bitto-duo-x-baba-ejszaka-2025-new-pb-latino-edition\/","title":{"rendered":"<div class=\"wcmp-player-container product-20057\"><audio controlslist=\"nodownload\" data-product=\"20057\"  volume=\"1\"  preload=\"none\" data-lazyloading=\"none\" class=\"wcmp-player track mejs-classic\" data-duration=\"0:43\" data-estimated_duration=\"5\"><source src=\"https:\/\/www.sunkaraoke.hu\/wp-content\/uploads\/2025\/12\/Bitto-Duo-x-Baba-2025-Ejszaka_demo.mp3\" type=\"audio\/mp3\" \/><\/audio><\/div>Bitt\u00f3 Du\u00f3 X Baba -\u00c9jszaka 2025. NEW ( PB Latin Edition)"},"content":{"rendered":"<p><strong>03:50<\/strong>| <strong><img loading=\"lazy\" decoding=\"async\" class=\"alignnone size-full wp-image-467\" src=\"https:\/\/www.sunkaraoke.hu\/wp-content\/uploads\/2022\/07\/choir_2-copy.webp\" alt=\"\" width=\"30\" height=\"30\" \/> <\/strong><\/p>\n","protected":false},"excerpt":{"rendered":"<h6><strong>Bits\u0171r\u0171s\u00e9g: 320kb\/s<\/strong><\/h6>\n<h6><strong>Hossza: 03:50<\/strong><\/h6>\n<h6><strong>Vok\u00e1l: Nem<\/strong><\/h6>\n<p>Sunkaraoke mp3 st\u00fadi\u00f3 \/ www.sunkaraoke.hu \/ Inf: Tel: 06 20 4275001<\/p>\n<p>&#8212;Intr\u00f3&#8212;<br \/>\nFelh\u00edvtam a Cardit, hossz\u00fa callin\u2019<br \/>\nKezembe Bacardi, I like to party.<br \/>\nDe bepezseg a ker\u00fclet, amikor bulizom az utc\u00e1n.,Bab\u00e1m.<br \/>\nA kezemben a, hossz\u00fa marlbi Fuck the money,<br \/>\na mamacita shawty,tiszta naughty,<br \/>\nde nem k\u00e9rek m\u00e1st, csak hogy m\u00e9g egyszer b\u00fajj hozz\u00e1m,<br \/>\nDe csak egy \u00e9jszak\u00e1ra,l\u00e9gy velem,<br \/>\nreggelig tart\u00f3 forr\u00f3 \u00e9rzelem,<br \/>\negyed\u00fcl te vagy olyan sz\u00e9p nekem,<br \/>\naki sz\u00edv\u00e9\u00e9rt \u00e9n mindenem odaadn\u00e1m.<br \/>\nNeki a szerelem a l\u00e9telem,tudom, a sz\u00edv\u00e9ben a f\u00e9lelem,<br \/>\nde rem\u00e9lem, mag\u00e1t megk\u00e9rhetem,adjon m\u00e9g egy \u00e9jszak\u00e1t.<br \/>\nZsebemben a cash,kiteszem a bodyd\u00e9rt,<br \/>\namazon a szeme meg a pussy, amit be\u00edg\u00e9r.<br \/>\n\u0150 egy teliv\u00e9r,,szeme tengeri k\u00e9k,<br \/>\nb\u00e1r tudhatn\u00e1m, mi\u00e9rt pangok r\u00e1<br \/>\nAnnyira szeretem, feszes a teen hoe,<br \/>\nwe know Deshi papa DOGG, csiri\u00f3&#8230;<br \/>\nb\u00e1r adhatn\u00e9k m\u00e9g t\u00f6bbet a szavakn\u00e1l.<br \/>\nDe sok a duma, hol van a puma,<br \/>\njajj de ned\u0171s ez a l\u00e1ny, tuti, benne van a duna,<br \/>\nmindig k\u00e9reti mag\u00e1t, pedig ott van az ura,b\u00e1rcsak maradhatn\u00e1l.<br \/>\nDe csak egy \u00e9jszak\u00e1ra,l\u00e9gy velem,<br \/>\nreggelig tart\u00f3 forr\u00f3 \u00e9rzelem,<br \/>\negyed\u00fcl te vagy olyan sz\u00e9p nekem,<br \/>\naki sz\u00edv\u00e9\u00e9rt \u00e9n mindenem odaadn\u00e1m.<br \/>\nNeki a szerelem a l\u00e9telem,tudom, a sz\u00edv\u00e9ben a f\u00e9lelem,<br \/>\nde rem\u00e9lem, mag\u00e1t megk\u00e9rhetem,adjon m\u00e9g egy \u00e9jszak\u00e1t.<br \/>\n&#8212;Sz\u00f3l\u00f3&#8212;<br \/>\nFelh\u00edvtam a Cardit, hossz\u00fa callin\u2019<br \/>\nKezembe Bacardi, I like to party.<br \/>\nDe bepezseg a ker\u00fclet, amikor bulizom az utc\u00e1n.,Bab\u00e1m.<br \/>\nA kezemben a, hossz\u00fa marlbi Fuck the money,<br \/>\na mamacita shawty,tiszta naughty,<br \/>\nde nem k\u00e9rek m\u00e1st, csak hogy m\u00e9g egyszer b\u00fajj hozz\u00e1m,<br \/>\nDe csak egy \u00e9jszak\u00e1ra,l\u00e9gy velem,<br \/>\nreggelig tart\u00f3 forr\u00f3 \u00e9rzelem,<br \/>\negyed\u00fcl te vagy olyan sz\u00e9p nekem,<br \/>\naki sz\u00edv\u00e9\u00e9rt \u00e9n mindenem odaadn\u00e1m.<br \/>\nNeki a szerelem a l\u00e9telem,tudom, a sz\u00edv\u00e9ben a f\u00e9lelem,<br \/>\nde rem\u00e9lem, mag\u00e1t megk\u00e9rhetem,adjon m\u00e9g egy \u00e9jszak\u00e1t.<br \/>\nZsebemben a cash,kiteszem a bodyd\u00e9rt,<br \/>\namazon a szeme meg a pussy, amit be\u00edg\u00e9r.<br \/>\n\u0150 egy teliv\u00e9r,,szeme tengeri k\u00e9k,<br \/>\nb\u00e1r tudhatn\u00e1m, mi\u00e9rt pangok r\u00e1<br \/>\nAnnyira szeretem, feszes a teen hoe,<br \/>\nwe know Deshi papa DOGG, csiri\u00f3&#8230;<br \/>\nb\u00e1r adhatn\u00e9k m\u00e9g t\u00f6bbet a szavakn\u00e1l.<br \/>\nDe sok a duma, hol van a puma,<br \/>\njajj de ned\u0171s ez a l\u00e1ny, tuti, benne van a duna,<br \/>\nmindig k\u00e9reti mag\u00e1t, pedig ott van az ura,b\u00e1rcsak maradhatn\u00e1l.<br \/>\nDe csak egy \u00e9jszak\u00e1ra,l\u00e9gy velem,<br \/>\nreggelig tart\u00f3 forr\u00f3 \u00e9rzelem,<br \/>\negyed\u00fcl te vagy olyan sz\u00e9p nekem,<br \/>\naki sz\u00edv\u00e9\u00e9rt \u00e9n mindenem odaadn\u00e1m.<br \/>\nNeki a szerelem a l\u00e9telem,tudom, a sz\u00edv\u00e9ben a f\u00e9lelem,<br \/>\nde rem\u00e9lem, mag\u00e1t megk\u00e9rhetem,adjon m\u00e9g egy \u00e9jszak\u00e1t.<\/p>\n","protected":false},"featured_media":14762,"template":"","meta":{"site-sidebar-layout":"default","site-content-layout":"default","ast-site-content-layout":"default","site-content-style":"default","site-sidebar-style":"default","ast-global-header-display":"","ast-banner-title-visibility":"","ast-main-header-display":"","ast-hfb-above-header-display":"","ast-hfb-below-header-display":"","ast-hfb-mobile-header-display":"","site-post-title":"","ast-breadcrumbs-content":"","ast-featured-img":"","footer-sml-layout":"","theme-transparent-header-meta":"default","adv-header-id-meta":"","stick-header-meta":"","header-above-stick-meta":"","header-main-stick-meta":"","header-below-stick-meta":"","astra-migrate-meta-layouts":"set","ast-page-background-enabled":"default","ast-page-background-meta":{"desktop":{"background-color":"var(--ast-global-color-4)","background-image":"","background-repeat":"repeat","background-position":"center center","background-size":"auto","background-attachment":"scroll","background-type":"","background-media":"","overlay-type":"","overlay-color":"","overlay-opacity":"","overlay-gradient":""},"tablet":{"background-color":"","background-image":"","background-repeat":"repeat","background-position":"center center","background-size":"auto","background-attachment":"scroll","background-type":"","background-media":"","overlay-type":"","overlay-color":"","overlay-opacity":"","overlay-gradient":""},"mobile":{"background-color":"","background-image":"","background-repeat":"repeat","background-position":"center center","background-size":"auto","background-attachment":"scroll","background-type":"","background-media":"","overlay-type":"","overlay-color":"","overlay-opacity":"","overlay-gradient":""}},"ast-content-background-meta":{"desktop":{"background-color":"var(--ast-global-color-5)","background-image":"","background-repeat":"repeat","background-position":"center center","background-size":"auto","background-attachment":"scroll","background-type":"","background-media":"","overlay-type":"","overlay-color":"","overlay-opacity":"","overlay-gradient":""},"tablet":{"background-color":"var(--ast-global-color-5)","background-image":"","background-repeat":"repeat","background-position":"center center","background-size":"auto","background-attachment":"scroll","background-type":"","background-media":"","overlay-type":"","overlay-color":"","overlay-opacity":"","overlay-gradient":""},"mobile":{"background-color":"var(--ast-global-color-5)","background-image":"","background-repeat":"repeat","background-position":"center center","background-size":"auto","background-attachment":"scroll","background-type":"","background-media":"","overlay-type":"","overlay-color":"","overlay-opacity":"","overlay-gradient":""}}},"product_cat":[48],"product_tag":[],"class_list":["post-20057","product","type-product","status-publish","has-post-thumbnail","hentry","product_cat-sunkaraoke-dalok","desktop-align-left","tablet-align-left","mobile-align-left"],"_links":{"self":[{"href":"https:\/\/www.sunkaraoke.hu\/index.php\/wp-json\/wp\/v2\/product\/20057","targetHints":{"allow":["GET"]}}],"collection":[{"href":"https:\/\/www.sunkaraoke.hu\/index.php\/wp-json\/wp\/v2\/product"}],"about":[{"href":"https:\/\/www.sunkaraoke.hu\/index.php\/wp-json\/wp\/v2\/types\/product"}],"wp:featuredmedia":[{"embeddable":true,"href":"https:\/\/www.sunkaraoke.hu\/index.php\/wp-json\/wp\/v2\/media\/14762"}],"wp:attachment":[{"href":"https:\/\/www.sunkaraoke.hu\/index.php\/wp-json\/wp\/v2\/media?parent=20057"}],"wp:term":[{"taxonomy":"product_cat","embeddable":true,"href":"https:\/\/www.sunkaraoke.hu\/index.php\/wp-json\/wp\/v2\/product_cat?post=20057"},{"taxonomy":"product_tag","embeddable":true,"href":"https:\/\/www.sunkaraoke.hu\/index.php\/wp-json\/wp\/v2\/product_tag?post=20057"}],"curies":[{"name":"wp","href":"https:\/\/api.w.org\/{rel}","templated":true}]}}