{"id":20019,"date":"2025-11-16T19:05:51","date_gmt":"2025-11-16T17:05:51","guid":{"rendered":"https:\/\/www.sunkaraoke.hu\/?post_type=product&#038;p=20019"},"modified":"2025-11-16T19:07:28","modified_gmt":"2025-11-16T17:07:28","slug":"piros-bela-ropog-a-tuz","status":"publish","type":"product","link":"https:\/\/www.sunkaraoke.hu\/index.php\/termek\/piros-bela-ropog-a-tuz\/","title":{"rendered":"<div class=\"wcmp-player-container product-20019\"><audio controlslist=\"nodownload\" data-product=\"20019\"  volume=\"1\"  preload=\"none\" data-lazyloading=\"none\" class=\"wcmp-player track mejs-classic\" data-duration=\"0:34\" data-estimated_duration=\"4\"><source src=\"https:\/\/www.sunkaraoke.hu\/wp-content\/uploads\/2025\/11\/Ropog-a-tuz-_demo-1.mp3\" type=\"audio\/mp3\" \/><\/audio><\/div>Piros B\u00e9la -Ropog a t\u0171z"},"content":{"rendered":"<p><b>02:47<\/b>| <strong><img loading=\"lazy\" decoding=\"async\" class=\"alignnone size-full wp-image-467\" src=\"https:\/\/www.sunkaraoke.hu\/wp-content\/uploads\/2022\/07\/choir_2-copy.webp\" alt=\"\" width=\"30\" height=\"30\" \/> <\/strong><\/p>\n","protected":false},"excerpt":{"rendered":"<h6><strong>Bits\u0171r\u0171s\u00e9g: 320kb\/s<\/strong><br \/>\n<strong>Hossz: 02:47<\/strong><br \/>\n<strong>Vok\u00e1lt tartalmaz: Nem<\/strong><strong style=\"font-size: 16px;\"><br \/>\n<\/strong><\/h6>\n<p>Sunkaraoke mp3 st\u00fadi\u00f3 \/ www.sunkaraoke.hu \/ Inf: Tel: 06 20 4275001<\/p>\n<p>&#8212;Intr\u00f3&#8212;<br \/>\nCsendes est\u00e9k j\u00f6ttek,<br \/>\ns\u00e1r levelet sz\u00f3rt az \u00e9j,<br \/>\nbennem m\u00e9gis l\u00e1nggal \u00e9g a ny\u00e1r,<br \/>\nfel\u00e9bredt egy halott szenved\u00e9ly.<br \/>\nM\u00e1r nem hittem a csillagoknak,<br \/>\nsem a k\u00e9kben, a fejem felett,<br \/>\nelz\u00e1rtam a f\u00e9nyt, a lelkemben,<br \/>\ncsak a mag\u00e1ny maradt velem.<br \/>\nDe most, ropog a t\u0171z,<br \/>\nhozz\u00e1d b\u00fajok, te v\u00e1llamra hajtod a fejed,<br \/>\ns ez a csendes var\u00e1zslat, a s\u00f6t\u00e9tben itt marad veled.<br \/>\n\u00c9s most Ropog a t\u0171z,<br \/>\ns \u00e9n n\u00e9m\u00e1n \u0151rz\u00f6m, ezt a pillanat-zen\u00e9t,<br \/>\nmert most el\u0151sz\u00f6r \u00e9rzem,<br \/>\na sz\u00edvem m\u00e1r, benned \u00e9l.<br \/>\nNeh\u00e9z p\u00e1ra a v\u00e1llamon,<br \/>\na sz\u00e9l karol \u00e1t csendesen,<br \/>\n\u00fagy j\u00f6tt\u00e9l mint egy var\u00e1zslat,<br \/>\ns r\u00e9st tal\u00e1lt\u00e1l szunnyad\u00f3 lelkemen.<br \/>\nCsillagok t\u00e1ncoltak szemedben,<br \/>\nszikr\u00e1ja \u00fagy lobbantott l\u00e1ngra,<br \/>\naz\u00f3ta minden nap eggy\u00e9 v\u00e1lok veled,<br \/>\n\u00e9s n\u00e9zek,e v\u00e9gtelen csod\u00e1ra.<br \/>\nDe most, ropog a t\u0171z,<br \/>\nhozz\u00e1d b\u00fajok, te v\u00e1llamra hajtod a fejed,<br \/>\ns ez a csendes var\u00e1zslat,a s\u00f6t\u00e9tben itt marad veled.<br \/>\n\u00c9s most Ropog a t\u0171z,<br \/>\ns \u00e9n n\u00e9m\u00e1n \u0151rz\u00f6m, ezt a pillanat-zen\u00e9t,<br \/>\nmert most el\u0151sz\u00f6r \u00e9rzem, a sz\u00edvem m\u00e1r, benned \u00e9l.<br \/>\n&#8212;Sz\u00f3l\u00f3&#8212;<br \/>\nDe most, ropog a t\u0171z,<br \/>\nhozz\u00e1d b\u00fajok, te v\u00e1llamra hajtod a fejed,<br \/>\ns ez a csendes var\u00e1zslat,a s\u00f6t\u00e9tben itt marad veled.<br \/>\n\u00c9s most Ropog a t\u0171z,s \u00e9n n\u00e9m\u00e1n \u0151rz\u00f6m,<br \/>\nezt a pillanat-zen\u00e9t,<br \/>\nmert most el\u0151sz\u00f6r \u00e9rzem,<br \/>\na sz\u00edvem v\u00e9gleg,hazat\u00e9r<br \/>\n&#8212;V\u00e9ge&#8212;<\/p>\n","protected":false},"featured_media":12989,"template":"","meta":{"site-sidebar-layout":"default","site-content-layout":"default","ast-site-content-layout":"default","site-content-style":"default","site-sidebar-style":"default","ast-global-header-display":"","ast-banner-title-visibility":"","ast-main-header-display":"","ast-hfb-above-header-display":"","ast-hfb-below-header-display":"","ast-hfb-mobile-header-display":"","site-post-title":"","ast-breadcrumbs-content":"","ast-featured-img":"","footer-sml-layout":"","theme-transparent-header-meta":"default","adv-header-id-meta":"","stick-header-meta":"","header-above-stick-meta":"","header-main-stick-meta":"","header-below-stick-meta":"","astra-migrate-meta-layouts":"set","ast-page-background-enabled":"default","ast-page-background-meta":{"desktop":{"background-color":"var(--ast-global-color-4)","background-image":"","background-repeat":"repeat","background-position":"center center","background-size":"auto","background-attachment":"scroll","background-type":"","background-media":"","overlay-type":"","overlay-color":"","overlay-opacity":"","overlay-gradient":""},"tablet":{"background-color":"","background-image":"","background-repeat":"repeat","background-position":"center center","background-size":"auto","background-attachment":"scroll","background-type":"","background-media":"","overlay-type":"","overlay-color":"","overlay-opacity":"","overlay-gradient":""},"mobile":{"background-color":"","background-image":"","background-repeat":"repeat","background-position":"center center","background-size":"auto","background-attachment":"scroll","background-type":"","background-media":"","overlay-type":"","overlay-color":"","overlay-opacity":"","overlay-gradient":""}},"ast-content-background-meta":{"desktop":{"background-color":"var(--ast-global-color-5)","background-image":"","background-repeat":"repeat","background-position":"center center","background-size":"auto","background-attachment":"scroll","background-type":"","background-media":"","overlay-type":"","overlay-color":"","overlay-opacity":"","overlay-gradient":""},"tablet":{"background-color":"var(--ast-global-color-5)","background-image":"","background-repeat":"repeat","background-position":"center center","background-size":"auto","background-attachment":"scroll","background-type":"","background-media":"","overlay-type":"","overlay-color":"","overlay-opacity":"","overlay-gradient":""},"mobile":{"background-color":"var(--ast-global-color-5)","background-image":"","background-repeat":"repeat","background-position":"center center","background-size":"auto","background-attachment":"scroll","background-type":"","background-media":"","overlay-type":"","overlay-color":"","overlay-opacity":"","overlay-gradient":""}}},"product_cat":[48],"product_tag":[],"class_list":["post-20019","product","type-product","status-publish","has-post-thumbnail","hentry","product_cat-sunkaraoke-dalok","desktop-align-left","tablet-align-left","mobile-align-left"],"_links":{"self":[{"href":"https:\/\/www.sunkaraoke.hu\/index.php\/wp-json\/wp\/v2\/product\/20019","targetHints":{"allow":["GET"]}}],"collection":[{"href":"https:\/\/www.sunkaraoke.hu\/index.php\/wp-json\/wp\/v2\/product"}],"about":[{"href":"https:\/\/www.sunkaraoke.hu\/index.php\/wp-json\/wp\/v2\/types\/product"}],"wp:featuredmedia":[{"embeddable":true,"href":"https:\/\/www.sunkaraoke.hu\/index.php\/wp-json\/wp\/v2\/media\/12989"}],"wp:attachment":[{"href":"https:\/\/www.sunkaraoke.hu\/index.php\/wp-json\/wp\/v2\/media?parent=20019"}],"wp:term":[{"taxonomy":"product_cat","embeddable":true,"href":"https:\/\/www.sunkaraoke.hu\/index.php\/wp-json\/wp\/v2\/product_cat?post=20019"},{"taxonomy":"product_tag","embeddable":true,"href":"https:\/\/www.sunkaraoke.hu\/index.php\/wp-json\/wp\/v2\/product_tag?post=20019"}],"curies":[{"name":"wp","href":"https:\/\/api.w.org\/{rel}","templated":true}]}}