{"id":20009,"date":"2025-11-15T06:28:33","date_gmt":"2025-11-15T04:28:33","guid":{"rendered":"https:\/\/www.sunkaraoke.hu\/?post_type=product&#038;p=20009"},"modified":"2025-11-15T06:31:24","modified_gmt":"2025-11-15T04:31:24","slug":"pinter-bela-unnep-lett-ujra-pb-edition-copy","status":"publish","type":"product","link":"https:\/\/www.sunkaraoke.hu\/index.php\/termek\/pinter-bela-unnep-lett-ujra-pb-edition-copy\/","title":{"rendered":"<div class=\"wcmp-player-container product-20009\"><audio controlslist=\"nodownload\" data-product=\"20009\"  volume=\"1\"  preload=\"none\" data-lazyloading=\"none\" class=\"wcmp-player track mejs-classic\" data-duration=\"0:43\" data-estimated_duration=\"5\"><source src=\"https:\/\/www.sunkaraoke.hu\/wp-content\/uploads\/2025\/11\/Pinter-Bela-Unnep-lett-ujra-demoo.mp3\" type=\"audio\/mp3\" \/><\/audio><\/div>Pint\u00e9r B\u00e9la: \u00dcnnep lett \u00fajra( PB Edition)"},"content":{"rendered":"<p><strong>03:35<\/strong>| <strong><img loading=\"lazy\" decoding=\"async\" class=\"alignnone size-full wp-image-467\" src=\"https:\/\/www.sunkaraoke.hu\/wp-content\/uploads\/2022\/07\/choir_2-copy.webp\" alt=\"\" width=\"30\" height=\"30\" \/> | <img decoding=\"async\" src=\"https:\/\/www.sunkaraoke.hu\/wp-content\/uploads\/2022\/07\/transzponalas.webp\" \/> \u00a0<\/strong><\/p>\n","protected":false},"excerpt":{"rendered":"<h5><strong>Bits\u0171r\u0171s\u00e9g: 320kb\/<\/strong><br \/>\n<strong>Hossz: 03:35<\/strong><br \/>\n<strong>Vok\u00e1lt tartalmaz: Nem <img loading=\"lazy\" decoding=\"async\" class=\"alignnone size-full wp-image-467\" src=\"http:\/\/www.sunkaraoke.hu\/wp-content\/uploads\/2022\/07\/choir_2-copy.png\" alt=\"\" width=\"30\" height=\"30\" \/><\/strong><\/h5>\n<p>Sunkaraoke mp3 st\u00fadi\u00f3 \/ www.sunkaraoke.hu \/ Inf: Tel: 06 20 4275001<\/p>\n<p>&#8212;Intr\u00f3&#8212;<br \/>\n\u00c9pp j\u00f3kor j\u00f6tt \u00fcnnep,<br \/>\np\u00e1r napra \u00e9n is elt\u0171ntem,<br \/>\nminden probl\u00e9m\u00e1m,a sz\u0151nyeg alatt m\u00e1r.<br \/>\nPr\u00f3b\u00e1lom elfeledni, j\u00f3 m\u00e9lyre eltemetni,<br \/>\nde a sz\u00edvben ott lapul,kimondatlanul.<br \/>\n\u00dcnnep lett \u00fajra,s a sz\u00edv az \u00fagy b\u00fajna,<br \/>\nk\u00e1r, hogy csak k\u00e9t napunk van r\u00e1,<br \/>\nez egy \u00e1lomvil\u00e1g.<br \/>\nDe fel kell \u00e9bredni, r\u00e1 j\u00f6nni, hogy k\u00e9sz, ennyi,<br \/>\nholnap minden, megy tov\u00e1bb.<br \/>\n&#8212;Sz\u00f3l\u00f3&#8212;<br \/>\nMint t\u00e9li h\u00f3es\u00e9sben, az utc\u00e1k h\u00f3feh\u00e9rben,<br \/>\nsz\u00e9pen csillog\u00f3,b\u00e1rsony takar\u00f3,<br \/>\nde alatta sz\u00fcrke minden,<br \/>\npont \u00fagy, mint benn a sz\u00edvben.<br \/>\nTe kinek mondod el,<br \/>\nha senki nem figyel.<br \/>\n\u00dcnnep lett \u00fajra,s a sz\u00edv az \u00fagy b\u00fajna,<br \/>\nk\u00e1r, hogy csak k\u00e9t napunk van r\u00e1,<br \/>\nez egy ilyen vil\u00e1g.<br \/>\nDe fel kell \u00e9bredni, r\u00e1 j\u00f6nni, hogy k\u00e9sz, ennyi,<br \/>\nholnap minden megy tov\u00e1bb.<br \/>\nMit adjak a sz\u00edvemnek, ha \u00e9hes,<br \/>\nfolyton v\u00e1gyik r\u00e1.<br \/>\nMit adjak, ha mindig szomjazom,<br \/>\na szavad \u00fagy inn\u00e1.<br \/>\nOtt \u00e1ll, \u00e9s azt a vonatot v\u00e1rja,<br \/>\nami elment m\u00e1r.<br \/>\n\u00dcres az \u00e1llom\u00e1s&#8230;.<br \/>\n\u00dcres az \u00e1llom\u00e1s&#8230;.<br \/>\n\u00dcnnep lett \u00fajra,s a sz\u00edv az \u00fagy b\u00fajna,<br \/>\nk\u00e1r, hogy csak k\u00e9t napunk van r\u00e1,<br \/>\nez egy \u00e1lomvil\u00e1g.<br \/>\nDe fel kell \u00e9bredni,r\u00e1 j\u00f6nni, hogy k\u00e9sz, ennyi,<br \/>\nholnap minden megy tov\u00e1bb.(\u00d3hh, \u00f3h\u2026)<br \/>\n\u00dcnnep lett \u00fajra,s a sz\u00edv az \u00fagy b\u00fajna,<br \/>\nk\u00e1r, hogy csak k\u00e9t napunk van r\u00e1,<br \/>\nez egy ilyen vil\u00e1g.<br \/>\nDe fel kell \u00e9bredni,r\u00e1 j\u00f6nni, hogy k\u00e9sz, ennyi,<br \/>\nholnap minden megy tov\u00e1bb.<br \/>\n&#8212;V\u00e9ge&#8212;<\/p>\n","protected":false},"featured_media":14535,"template":"","meta":{"site-sidebar-layout":"default","site-content-layout":"default","ast-site-content-layout":"default","site-content-style":"default","site-sidebar-style":"default","ast-global-header-display":"","ast-banner-title-visibility":"","ast-main-header-display":"","ast-hfb-above-header-display":"","ast-hfb-below-header-display":"","ast-hfb-mobile-header-display":"","site-post-title":"","ast-breadcrumbs-content":"","ast-featured-img":"","footer-sml-layout":"","theme-transparent-header-meta":"default","adv-header-id-meta":"","stick-header-meta":"","header-above-stick-meta":"","header-main-stick-meta":"","header-below-stick-meta":"","astra-migrate-meta-layouts":"set","ast-page-background-enabled":"default","ast-page-background-meta":{"desktop":{"background-color":"var(--ast-global-color-4)","background-image":"","background-repeat":"repeat","background-position":"center center","background-size":"auto","background-attachment":"scroll","background-type":"","background-media":"","overlay-type":"","overlay-color":"","overlay-opacity":"","overlay-gradient":""},"tablet":{"background-color":"","background-image":"","background-repeat":"repeat","background-position":"center center","background-size":"auto","background-attachment":"scroll","background-type":"","background-media":"","overlay-type":"","overlay-color":"","overlay-opacity":"","overlay-gradient":""},"mobile":{"background-color":"","background-image":"","background-repeat":"repeat","background-position":"center center","background-size":"auto","background-attachment":"scroll","background-type":"","background-media":"","overlay-type":"","overlay-color":"","overlay-opacity":"","overlay-gradient":""}},"ast-content-background-meta":{"desktop":{"background-color":"var(--ast-global-color-5)","background-image":"","background-repeat":"repeat","background-position":"center center","background-size":"auto","background-attachment":"scroll","background-type":"","background-media":"","overlay-type":"","overlay-color":"","overlay-opacity":"","overlay-gradient":""},"tablet":{"background-color":"var(--ast-global-color-5)","background-image":"","background-repeat":"repeat","background-position":"center center","background-size":"auto","background-attachment":"scroll","background-type":"","background-media":"","overlay-type":"","overlay-color":"","overlay-opacity":"","overlay-gradient":""},"mobile":{"background-color":"var(--ast-global-color-5)","background-image":"","background-repeat":"repeat","background-position":"center center","background-size":"auto","background-attachment":"scroll","background-type":"","background-media":"","overlay-type":"","overlay-color":"","overlay-opacity":"","overlay-gradient":""}}},"product_cat":[48],"product_tag":[],"class_list":["post-20009","product","type-product","status-publish","has-post-thumbnail","hentry","product_cat-sunkaraoke-dalok","desktop-align-left","tablet-align-left","mobile-align-left"],"_links":{"self":[{"href":"https:\/\/www.sunkaraoke.hu\/index.php\/wp-json\/wp\/v2\/product\/20009","targetHints":{"allow":["GET"]}}],"collection":[{"href":"https:\/\/www.sunkaraoke.hu\/index.php\/wp-json\/wp\/v2\/product"}],"about":[{"href":"https:\/\/www.sunkaraoke.hu\/index.php\/wp-json\/wp\/v2\/types\/product"}],"wp:featuredmedia":[{"embeddable":true,"href":"https:\/\/www.sunkaraoke.hu\/index.php\/wp-json\/wp\/v2\/media\/14535"}],"wp:attachment":[{"href":"https:\/\/www.sunkaraoke.hu\/index.php\/wp-json\/wp\/v2\/media?parent=20009"}],"wp:term":[{"taxonomy":"product_cat","embeddable":true,"href":"https:\/\/www.sunkaraoke.hu\/index.php\/wp-json\/wp\/v2\/product_cat?post=20009"},{"taxonomy":"product_tag","embeddable":true,"href":"https:\/\/www.sunkaraoke.hu\/index.php\/wp-json\/wp\/v2\/product_tag?post=20009"}],"curies":[{"name":"wp","href":"https:\/\/api.w.org\/{rel}","templated":true}]}}