{"id":19957,"date":"2025-10-29T10:32:01","date_gmt":"2025-10-29T08:32:01","guid":{"rendered":"https:\/\/www.sunkaraoke.hu\/?post_type=product&#038;p=19957"},"modified":"2025-10-29T10:33:21","modified_gmt":"2025-10-29T08:33:21","slug":"korda-gyorgy-repter-2025-new-pb-edition","status":"publish","type":"product","link":"https:\/\/www.sunkaraoke.hu\/index.php\/termek\/korda-gyorgy-repter-2025-new-pb-edition\/","title":{"rendered":"<div class=\"wcmp-player-container product-19957\"><audio controlslist=\"nodownload\" data-product=\"19957\"  volume=\"1\"  preload=\"none\" data-lazyloading=\"none\" class=\"wcmp-player track mejs-classic\" data-duration=\"0:34\" data-estimated_duration=\"4\"><source src=\"https:\/\/www.sunkaraoke.hu\/wp-content\/uploads\/2025\/10\/Repter-2025.-New-Voc._demo.mp3\" type=\"audio\/mp3\" \/><\/audio><\/div>Korda Gy\u00f6rgy &#8211; Rept\u00e9r 2025. NEW ( PB Edition)"},"content":{"rendered":"<p><strong>03:33<\/strong>\u00a0\/\u00a0<strong><img loading=\"lazy\" decoding=\"async\" class=\"alignnone size-full wp-image-467\" src=\"https:\/\/www.sunkaraoke.hu\/wp-content\/uploads\/2022\/07\/choir_2-copy.webp\" alt=\"\" width=\"30\" height=\"30\" \/> \/ -2 \/<\/strong><\/p>\n","protected":false},"excerpt":{"rendered":"<h5><strong>Bits\u0171r\u0171s\u00e9g: 320kb\/s<\/strong><br \/>\n<strong>Hossz: 03:31<\/strong><br \/>\n<strong>Vok\u00e1lt tartalmaz: Nem <img loading=\"lazy\" decoding=\"async\" class=\"alignnone size-full wp-image-467\" src=\"http:\/\/www.sunkaraoke.hu\/wp-content\/uploads\/2022\/07\/choir_2-copy.png\" alt=\"\" width=\"30\" height=\"30\" \/><\/strong><\/h5>\n<h5><strong>Transzp:-2<\/strong><\/h5>\n<p>Sunkaraoke mp3 st\u00fadi\u00f3 \/ www.sunkaraoke.hu \/ Inf: Tel: 06 20 4275001<\/p>\n<p>&#8212;Intr\u00f3&#8212;<br \/>\nEz a f\u00f6ld a senki f\u00f6ldje, \u00e1lland\u00f3 lak\u00f3ja nincs,<br \/>\nnem k\u00f6t itt senkit, semmi n\u00e9pszok\u00e1s.<br \/>\nDivatos itt minden st\u00edlus, halkan sz\u00f3l a j\u00f3 zene,<br \/>\nezernyi nyelven, sz\u00f3l egy vallom\u00e1s.<br \/>\nT\u00e1vozik \u00e9s \u00e9rkezik, itt mindenf\u00e9le ember,<br \/>\negyre sz\u00e1ll a sok, sok g\u00e9pmad\u00e1r.<br \/>\nRept\u00e9r,lobog a sz\u00e9lben a sz\u00e9lzs\u00e1k,villognak egyre a l\u00e1mp\u00e1k,<br \/>\nrep\u00fclni h\u00edv a magas \u00e9g.<br \/>\nRept\u00e9r ,lobog a sz\u00e9lben a sz\u00e9lzs\u00e1k,villognak egyre a l\u00e1mp\u00e1k.<br \/>\nrep\u00fclni mindig szeretn\u00e9k.<br \/>\n&#8212;Sz\u00f3l\u00f3&#8212;<br \/>\nK\u00f6r\u00fcl\u00f6ttem furcsa arcok,f\u00fcrge l\u00e9pt\u0171 emberek,<br \/>\na hangos bemond\u00f3 h\u00edv, egy portug\u00e1lt.<br \/>\nB\u00facs\u00fazik egy sz\u0151ke kisl\u00e1ny,ki tudja hogy merre megy,<br \/>\negy szak\u00e1llas n\u00e9met, csekket p\u00e9nzre v\u00e1lt.<br \/>\nT\u00e1vozik \u00e9s \u00e9rkezik, itt mindenf\u00e9le ember,<br \/>\negyre sz\u00e1ll a sok sok, g\u00e9pmad\u00e1r.<br \/>\nRept\u00e9r,lobog a sz\u00e9lben a sz\u00e9lzs\u00e1k.<br \/>\nVillognak egyre a l\u00e1mp\u00e1k,rep\u00fclni h\u00edv a magas \u00e9g.<br \/>\nRept\u00e9r ,lobog a sz\u00e9lben a sz\u00e9lzs\u00e1k.<br \/>\nVillognak egyre a l\u00e1mp\u00e1k.Rep\u00fclni mindig szeretn\u00e9k.<br \/>\nRept\u00e9r,v\u00e1rnak a g\u00e9pek ma is r\u00e1m.villognak egyre a l\u00e1mp\u00e1k,<br \/>\nrep\u00fclni h\u00edv a magas \u00e9g.<br \/>\nRept\u00e9r ,lobog a sz\u00e9lben a sz\u00e9lzs\u00e1k.<br \/>\nVillognak egyre a l\u00e1mp\u00e1k.Rep\u00fclni mindig szeretn\u00e9k.<br \/>\n&#8212;V\u00e9ge&#8212;<\/p>\n","protected":false},"featured_media":8824,"template":"","meta":{"site-sidebar-layout":"default","site-content-layout":"default","ast-site-content-layout":"default","site-content-style":"default","site-sidebar-style":"default","ast-global-header-display":"","ast-banner-title-visibility":"","ast-main-header-display":"","ast-hfb-above-header-display":"","ast-hfb-below-header-display":"","ast-hfb-mobile-header-display":"","site-post-title":"","ast-breadcrumbs-content":"","ast-featured-img":"","footer-sml-layout":"","theme-transparent-header-meta":"default","adv-header-id-meta":"","stick-header-meta":"","header-above-stick-meta":"","header-main-stick-meta":"","header-below-stick-meta":"","astra-migrate-meta-layouts":"set","ast-page-background-enabled":"default","ast-page-background-meta":{"desktop":{"background-color":"var(--ast-global-color-4)","background-image":"","background-repeat":"repeat","background-position":"center center","background-size":"auto","background-attachment":"scroll","background-type":"","background-media":"","overlay-type":"","overlay-color":"","overlay-opacity":"","overlay-gradient":""},"tablet":{"background-color":"","background-image":"","background-repeat":"repeat","background-position":"center center","background-size":"auto","background-attachment":"scroll","background-type":"","background-media":"","overlay-type":"","overlay-color":"","overlay-opacity":"","overlay-gradient":""},"mobile":{"background-color":"","background-image":"","background-repeat":"repeat","background-position":"center center","background-size":"auto","background-attachment":"scroll","background-type":"","background-media":"","overlay-type":"","overlay-color":"","overlay-opacity":"","overlay-gradient":""}},"ast-content-background-meta":{"desktop":{"background-color":"var(--ast-global-color-5)","background-image":"","background-repeat":"repeat","background-position":"center center","background-size":"auto","background-attachment":"scroll","background-type":"","background-media":"","overlay-type":"","overlay-color":"","overlay-opacity":"","overlay-gradient":""},"tablet":{"background-color":"var(--ast-global-color-5)","background-image":"","background-repeat":"repeat","background-position":"center center","background-size":"auto","background-attachment":"scroll","background-type":"","background-media":"","overlay-type":"","overlay-color":"","overlay-opacity":"","overlay-gradient":""},"mobile":{"background-color":"var(--ast-global-color-5)","background-image":"","background-repeat":"repeat","background-position":"center center","background-size":"auto","background-attachment":"scroll","background-type":"","background-media":"","overlay-type":"","overlay-color":"","overlay-opacity":"","overlay-gradient":""}}},"product_cat":[48],"product_tag":[],"class_list":["post-19957","product","type-product","status-publish","has-post-thumbnail","hentry","product_cat-sunkaraoke-dalok","desktop-align-left","tablet-align-left","mobile-align-left"],"_links":{"self":[{"href":"https:\/\/www.sunkaraoke.hu\/index.php\/wp-json\/wp\/v2\/product\/19957","targetHints":{"allow":["GET"]}}],"collection":[{"href":"https:\/\/www.sunkaraoke.hu\/index.php\/wp-json\/wp\/v2\/product"}],"about":[{"href":"https:\/\/www.sunkaraoke.hu\/index.php\/wp-json\/wp\/v2\/types\/product"}],"wp:featuredmedia":[{"embeddable":true,"href":"https:\/\/www.sunkaraoke.hu\/index.php\/wp-json\/wp\/v2\/media\/8824"}],"wp:attachment":[{"href":"https:\/\/www.sunkaraoke.hu\/index.php\/wp-json\/wp\/v2\/media?parent=19957"}],"wp:term":[{"taxonomy":"product_cat","embeddable":true,"href":"https:\/\/www.sunkaraoke.hu\/index.php\/wp-json\/wp\/v2\/product_cat?post=19957"},{"taxonomy":"product_tag","embeddable":true,"href":"https:\/\/www.sunkaraoke.hu\/index.php\/wp-json\/wp\/v2\/product_tag?post=19957"}],"curies":[{"name":"wp","href":"https:\/\/api.w.org\/{rel}","templated":true}]}}